{"id":32984,"date":"2024-11-30T14:20:07","date_gmt":"2024-11-30T13:20:07","guid":{"rendered":"https:\/\/swigift.ch\/?post_type=product&#038;p=32984"},"modified":"2025-10-03T11:46:55","modified_gmt":"2025-10-03T09:46:55","slug":"inx-reality-centre-realite-virtuelle-bon-cadeau-suisse-boite-cadeau-personnalisee-cadeau-suisse-experience","status":"publish","type":"product","link":"https:\/\/swigift.ch\/fr\/produit\/inx-reality-centre-realite-virtuelle-bon-cadeau-suisse-boite-cadeau-personnalisee-cadeau-suisse-experience\/","title":{"rendered":"INX Reality (R\u00e9alit\u00e9 virtuelle)"},"content":{"rendered":"<p><strong>Bon cadeau suisse exp\u00e9rience INX Reality (Centre de r\u00e9alit\u00e9 virtuelle)\u00a0 (Canton du Jura et Berne)<\/strong><\/p>\n<p class=\"\">\u00cates-vous en qu\u00eate d&rsquo;un cadeau suisse original qui permettra de vivre une exp\u00e9rience unique ?<\/p>\n<p class=\"\">INX Reality est un centre de <strong>r\u00e9alit\u00e9 virtuelle<\/strong> o\u00f9 la collaboration en \u00e9quipe est essentielle pour r\u00e9soudre des \u00e9nigmes, d\u00e9nicher des indices et r\u00e9ussir \u00e0 s&rsquo;\u00e9chapper avant la fin du temps imparti.<\/p>\n<p class=\"\">Avec plusieurs <strong>sc\u00e9narios au choix,<\/strong> chacun offrant un d\u00e9fi unique, les Escape Games en VR promettent une exp\u00e9rience <strong>inoubliable<\/strong>. Si vous souhaitez offrir des sensations fortes, les exp\u00e9riences de gaming VR sont id\u00e9ales !<\/p>\n<p class=\"\">En famille, entre amis ou entre coll\u00e8gues, INX Reality permet de vivre des <strong>aventures palpitantes<\/strong> dans des mondes virtuels.<\/p>\n<p>Une id\u00e9e bon cadeau parfaite offrir une exp\u00e9rience inoubliable !<\/p>\n<ul>\n<li><strong>Avec un bon cadeau, le destinataire a la possibilit\u00e9 de choisir parmi<\/strong> :\n<ul>\n<li><strong>Escape Game VR<\/strong> : Escapes virtuelles adapt\u00e9es \u00e0 tous d\u00e8s 10 ans. Plus de 20 Escape Rooms VR diff\u00e9rentes. (ex: 45 CHF\/p dur\u00e9e max 60min )<\/li>\n<li><strong>Gaming VR<\/strong> : Jeu de tir multi-joueur dynamique et immersif qui fera vibrer tous les passionn\u00e9s d&rsquo;action (ex: 45 CHF\/p dur\u00e9e 45min )<\/li>\n<\/ul>\n<\/li>\n<li><strong>Les bons sont utilisables :<\/strong>\n<ul>\n<li>Sur place<\/li>\n<\/ul>\n<\/li>\n<li><strong>Dur\u00e9e de validit\u00e9<\/strong>:\n<ul>\n<li>1 an<\/li>\n<\/ul>\n<\/li>\n<li><strong>Important<\/strong>\n<ul>\n<li>Les bons cadeaux sont valables dans toutes les succursales. (actuellement : Del\u00e9mont (JU) et Bienne (BE))<\/li>\n<li>Les bons cadeaux ne sont pas cumulables avec d&rsquo;autres r\u00e9ductions<\/li>\n<\/ul>\n<\/li>\n<\/ul>\n<p>&nbsp;<\/p>\n<p><a href=\"https:\/\/swigift.ch\/contact\/\">Une demande sp\u00e9ciale ? Contactez-nous ici \ud83d\ude42<\/a><\/p>\n<p>&nbsp;<\/p>\n<p>INX Reality\u00a0 Del\u00e9mont<br \/>\n<span class=\"wixui-rich-text__text\">Rue Saint-Georges 6<\/span><br \/>\n2800 Del\u00e9mont<\/p>\n<p>INX Reality Biel-Bienne<br \/>\n<span class=\"wixui-rich-text__text\">Rue de Morat 7a<\/span><br \/>\n2502 Biel-Bienne<\/p>\n<p>&nbsp;<\/p>\n<p><a href=\"https:\/\/www.inxreality.ch\/fr\/\" target=\"_blank\" rel=\"noopener\">Lien du site<\/a><\/p>\n<p>&nbsp;<\/p>\n<h4><strong>Swigift, le cadeau suisse personnalis\u00e9, rapide et sur-mesure<\/strong><\/h4>\n<p>Swigift vous propose un coffret cadeau suisse contenant un <strong>bon cadeau valeur de votre choix<\/strong>, par exemple pour vivre une exp\u00e9rience avec <strong>INX Reality (centre de r\u00e9alit\u00e9 virtuelle), <\/strong>mais pas seulement !<\/p>\n<p>Une fois le bon cadeau suisse choisi, s\u00e9lectionnez une <strong>couleur d&rsquo;enveloppe<\/strong>, qui sera pour<strong> la carte cadeau<\/strong> que vous cr\u00e9erez \u00e0 l&rsquo;\u00e9tape suivante.<\/p>\n<p>Une fois dans le panier de commande, indiquez date de livraison et adresse d&rsquo;exp\u00e9dition suisse. <strong>Livraison rapide en 24h<\/strong> en commandant du lundi au vendredi avant 16h00 (sous conditions).<\/p>\n<p>Le destinataire recevra une bo\u00eete cadeau d\u2019exp\u00e9dition cachant de belles surprises d\u00e8s son ouverture ! Les cadeaux que vous avez choisis et cr\u00e9\u00e9s, accompagn\u00e9s d&rsquo;un support en bois pour la carte, seront <strong>soigneusement dispos\u00e9s<\/strong>.<\/p>\n<p>Le destinataire pourra exposer la<strong> carte cadeau<\/strong> et <strong>profiter du superbe bon cadeau suisse<\/strong> que vous avez choisi.<\/p>\n<p>Swigift, le cadeau suisse id\u00e9al <strong>pour toutes les occasions<\/strong>.<\/p>\n<p>&nbsp;<\/p>\n<h4><strong>Pour quelles occasions<\/strong><\/h4>\n<p>Toutes les occasions, que vous ayez besoin d&rsquo;un cadeau d&rsquo;anniversaire, cadeau de mariage, cadeau de naissance, cadeau de r\u00e9ussite, cadeau de retraite, cadeau f\u00eate de fin d&rsquo;ann\u00e9e ou uniquement envie de faire plaisir !<\/p>\n<p>Peu importe que vous voyagiez, soyez en d\u00e9placement, que vous r\u00e9sidiez en tant qu&rsquo;expatri\u00e9 suisse en qu\u00eate d&rsquo;une id\u00e9e cadeau suisse, ou que vous \u00eates simplement loin d\u2019un proche, <strong>Swigift saura r\u00e9pondre \u00e0 vos besoins<\/strong> !<\/p>\n<p>Moderne et intuitif, Swigift se d\u00e9marque par son offre compl\u00e8te, imaginative et \u00e9motionnelle, qui nous simplifie la vie.<\/p>\n<p>&nbsp;<\/p>\n<p><a href=\"https:\/\/swigift.ch\/faq\/\">J&rsquo;aimerais consulter la page FAQ \ud83d\ude42<\/a><\/p>\n<p>&nbsp;<\/p>\n<p>Boites cadeaux personnalis\u00e9es Bon cadeau suisse INX Reality (centre de r\u00e9alit\u00e9 virtuelle)<\/p>\n<p>Boites cadeaux suisses personnalis\u00e9es Swigift, id\u00e9e cadeau pour un Suisse.<\/p>\n<p>Cadeau suisse exp\u00e9rience, envoy\u00e9 \u00e0 distance<\/p>\n<p>Les CGV font foi<\/p>\n","protected":false},"excerpt":{"rendered":"<p>Un bon cadeau qui permettra au destinataire de vivre des aventures palpitantes dans des mondes virtuels, une exp\u00e9rience unique.<\/p>\n","protected":false},"featured_media":33027,"comment_status":"open","ping_status":"closed","template":"","meta":[],"product_brand":[],"product_cat":[19,31,25,36],"product_tag":[],"class_list":{"0":"post-32984","1":"product","2":"type-product","3":"status-publish","4":"has-post-thumbnail","6":"product_cat-autres","7":"product_cat-divertissement","8":"product_cat-sport-loisirs","9":"product_cat-tous","10":"product_shipping_class-swigift-1-boite-complete","12":"first","13":"instock","14":"purchasable","15":"product-type-variable"},"yoast_head":"<!-- This site is optimized with the Yoast SEO plugin v26.9 - https:\/\/yoast.com\/product\/yoast-seo-wordpress\/ -->\n<title>Cadeau suisse exp\u00e9rience - Swigift - INX Reality (R\u00e9alit\u00e9 virtuelle)<\/title>\n<meta name=\"description\" content=\"La solution cadeau parfaite : bo\u00eete cadeau suisse avec bon cadeau et carte de v\u0153ux, livr\u00e9e rapidement et personnalis\u00e9e avec soin. Cadeau suisse exp\u00e9rience\" \/>\n<meta name=\"robots\" content=\"index, follow, max-snippet:-1, max-image-preview:large, max-video-preview:-1\" \/>\n<link rel=\"canonical\" href=\"https:\/\/swigift.ch\/fr\/produit\/inx-reality-centre-realite-virtuelle-bon-cadeau-suisse-boite-cadeau-personnalisee-cadeau-suisse-experience\/\" \/>\n<meta property=\"og:locale\" content=\"fr_FR\" \/>\n<meta property=\"og:type\" content=\"article\" \/>\n<meta property=\"og:title\" content=\"Cadeau suisse exp\u00e9rience - Swigift - INX Reality (R\u00e9alit\u00e9 virtuelle)\" \/>\n<meta property=\"og:description\" content=\"La solution cadeau parfaite : bo\u00eete cadeau suisse avec bon cadeau et carte de v\u0153ux, livr\u00e9e rapidement et personnalis\u00e9e avec soin. Cadeau suisse exp\u00e9rience\" \/>\n<meta property=\"og:url\" content=\"https:\/\/swigift.ch\/fr\/produit\/inx-reality-centre-realite-virtuelle-bon-cadeau-suisse-boite-cadeau-personnalisee-cadeau-suisse-experience\/\" \/>\n<meta property=\"og:site_name\" content=\"Swigift\" \/>\n<meta property=\"article:publisher\" content=\"https:\/\/www.facebook.com\/people\/Swigift\/61558610159800\/\" \/>\n<meta property=\"article:modified_time\" content=\"2025-10-03T09:46:55+00:00\" \/>\n<meta property=\"og:image\" content=\"https:\/\/swigift.ch\/wp-content\/uploads\/2024\/06\/LG-4.png\" \/>\n\t<meta property=\"og:image:width\" content=\"1080\" \/>\n\t<meta property=\"og:image:height\" content=\"1080\" \/>\n\t<meta property=\"og:image:type\" content=\"image\/png\" \/>\n<meta name=\"twitter:card\" content=\"summary_large_image\" \/>\n<meta name=\"twitter:label1\" content=\"Dur\u00e9e de lecture estim\u00e9e\" \/>\n\t<meta name=\"twitter:data1\" content=\"3 minutes\" \/>\n<script type=\"application\/ld+json\" class=\"yoast-schema-graph\">{\"@context\":\"https:\/\/schema.org\",\"@graph\":[{\"@type\":\"WebPage\",\"@id\":\"https:\/\/swigift.ch\/fr\/produit\/inx-reality-centre-realite-virtuelle-bon-cadeau-suisse-boite-cadeau-personnalisee-cadeau-suisse-experience\/\",\"url\":\"https:\/\/swigift.ch\/fr\/produit\/inx-reality-centre-realite-virtuelle-bon-cadeau-suisse-boite-cadeau-personnalisee-cadeau-suisse-experience\/\",\"name\":\"Cadeau suisse exp\u00e9rience - Swigift - INX Reality (R\u00e9alit\u00e9 virtuelle)\",\"isPartOf\":{\"@id\":\"https:\/\/swigift.ch\/fr\/#website\"},\"primaryImageOfPage\":{\"@id\":\"https:\/\/swigift.ch\/fr\/produit\/inx-reality-centre-realite-virtuelle-bon-cadeau-suisse-boite-cadeau-personnalisee-cadeau-suisse-experience\/#primaryimage\"},\"image\":{\"@id\":\"https:\/\/swigift.ch\/fr\/produit\/inx-reality-centre-realite-virtuelle-bon-cadeau-suisse-boite-cadeau-personnalisee-cadeau-suisse-experience\/#primaryimage\"},\"thumbnailUrl\":\"https:\/\/swigift.ch\/wp-content\/uploads\/2024\/11\/Bon-cadeau-realite-virtuelle-_-gift-swigift-gutschein.png\",\"datePublished\":\"2024-11-30T13:20:07+00:00\",\"dateModified\":\"2025-10-03T09:46:55+00:00\",\"description\":\"La solution cadeau parfaite : bo\u00eete cadeau suisse avec bon cadeau et carte de v\u0153ux, livr\u00e9e rapidement et personnalis\u00e9e avec soin. Cadeau suisse exp\u00e9rience\",\"breadcrumb\":{\"@id\":\"https:\/\/swigift.ch\/fr\/produit\/inx-reality-centre-realite-virtuelle-bon-cadeau-suisse-boite-cadeau-personnalisee-cadeau-suisse-experience\/#breadcrumb\"},\"inLanguage\":\"fr-FR\",\"potentialAction\":[{\"@type\":\"ReadAction\",\"target\":[\"https:\/\/swigift.ch\/fr\/produit\/inx-reality-centre-realite-virtuelle-bon-cadeau-suisse-boite-cadeau-personnalisee-cadeau-suisse-experience\/\"]}]},{\"@type\":\"ImageObject\",\"inLanguage\":\"fr-FR\",\"@id\":\"https:\/\/swigift.ch\/fr\/produit\/inx-reality-centre-realite-virtuelle-bon-cadeau-suisse-boite-cadeau-personnalisee-cadeau-suisse-experience\/#primaryimage\",\"url\":\"https:\/\/swigift.ch\/wp-content\/uploads\/2024\/11\/Bon-cadeau-realite-virtuelle-_-gift-swigift-gutschein.png\",\"contentUrl\":\"https:\/\/swigift.ch\/wp-content\/uploads\/2024\/11\/Bon-cadeau-realite-virtuelle-_-gift-swigift-gutschein.png\",\"width\":1500,\"height\":1500,\"caption\":\"Bon cadeau realit\u00e9 virtuelle _ gift swigift - gutschein - Cadeau suisse exp\u00e9rience\"},{\"@type\":\"BreadcrumbList\",\"@id\":\"https:\/\/swigift.ch\/fr\/produit\/inx-reality-centre-realite-virtuelle-bon-cadeau-suisse-boite-cadeau-personnalisee-cadeau-suisse-experience\/#breadcrumb\",\"itemListElement\":[{\"@type\":\"ListItem\",\"position\":1,\"name\":\"Accueil\",\"item\":\"https:\/\/swigift.ch\/fr\/\"},{\"@type\":\"ListItem\",\"position\":2,\"name\":\"Boutique\",\"item\":\"https:\/\/swigift.ch\/boutique-cadeau-suisse-contenu-personnalise\/\"},{\"@type\":\"ListItem\",\"position\":3,\"name\":\"INX Reality (R\u00e9alit\u00e9 virtuelle)\"}]},{\"@type\":\"WebSite\",\"@id\":\"https:\/\/swigift.ch\/fr\/#website\",\"url\":\"https:\/\/swigift.ch\/fr\/\",\"name\":\"Swigift\",\"description\":\"Id\u00e9e cadeau personnalis\u00e9\",\"publisher\":{\"@id\":\"https:\/\/swigift.ch\/fr\/#organization\"},\"potentialAction\":[{\"@type\":\"SearchAction\",\"target\":{\"@type\":\"EntryPoint\",\"urlTemplate\":\"https:\/\/swigift.ch\/fr\/?s={search_term_string}\"},\"query-input\":{\"@type\":\"PropertyValueSpecification\",\"valueRequired\":true,\"valueName\":\"search_term_string\"}}],\"inLanguage\":\"fr-FR\"},{\"@type\":\"Organization\",\"@id\":\"https:\/\/swigift.ch\/fr\/#organization\",\"name\":\"Id\u00e9e cadeau originale suisse, une boite contenant un bon cadeau local, une carte de voeux personnalis\u00e9e et plus encore\",\"alternateName\":\"Boites cadeaux personnalis\u00e9es avec bon cadeau commerces Suisse et carte de voeux personnalis\u00e9e, livraison rapide en Suisse.\",\"url\":\"https:\/\/swigift.ch\/fr\/\",\"logo\":{\"@type\":\"ImageObject\",\"inLanguage\":\"fr-FR\",\"@id\":\"https:\/\/swigift.ch\/fr\/#\/schema\/logo\/image\/\",\"url\":\"https:\/\/swigift.ch\/wp-content\/uploads\/2024\/02\/swigift-logo-carte.png\",\"contentUrl\":\"https:\/\/swigift.ch\/wp-content\/uploads\/2024\/02\/swigift-logo-carte.png\",\"width\":300,\"height\":412,\"caption\":\"Id\u00e9e cadeau originale suisse, une boite contenant un bon cadeau local, une carte de voeux personnalis\u00e9e et plus encore\"},\"image\":{\"@id\":\"https:\/\/swigift.ch\/fr\/#\/schema\/logo\/image\/\"},\"sameAs\":[\"https:\/\/www.facebook.com\/people\/Swigift\/61558610159800\/\",\"https:\/\/www.instagram.com\/swigift.ch\/\",\"https:\/\/www.linkedin.com\/company\/swigift\/\"]}]}<\/script>\n<!-- \/ Yoast SEO plugin. -->","yoast_head_json":{"title":"Cadeau suisse exp\u00e9rience - Swigift - INX Reality (R\u00e9alit\u00e9 virtuelle)","description":"La solution cadeau parfaite : bo\u00eete cadeau suisse avec bon cadeau et carte de v\u0153ux, livr\u00e9e rapidement et personnalis\u00e9e avec soin. Cadeau suisse exp\u00e9rience","robots":{"index":"index","follow":"follow","max-snippet":"max-snippet:-1","max-image-preview":"max-image-preview:large","max-video-preview":"max-video-preview:-1"},"canonical":"https:\/\/swigift.ch\/fr\/produit\/inx-reality-centre-realite-virtuelle-bon-cadeau-suisse-boite-cadeau-personnalisee-cadeau-suisse-experience\/","og_locale":"fr_FR","og_type":"article","og_title":"Cadeau suisse exp\u00e9rience - Swigift - INX Reality (R\u00e9alit\u00e9 virtuelle)","og_description":"La solution cadeau parfaite : bo\u00eete cadeau suisse avec bon cadeau et carte de v\u0153ux, livr\u00e9e rapidement et personnalis\u00e9e avec soin. Cadeau suisse exp\u00e9rience","og_url":"https:\/\/swigift.ch\/fr\/produit\/inx-reality-centre-realite-virtuelle-bon-cadeau-suisse-boite-cadeau-personnalisee-cadeau-suisse-experience\/","og_site_name":"Swigift","article_publisher":"https:\/\/www.facebook.com\/people\/Swigift\/61558610159800\/","article_modified_time":"2025-10-03T09:46:55+00:00","og_image":[{"width":1080,"height":1080,"url":"https:\/\/swigift.ch\/wp-content\/uploads\/2024\/06\/LG-4.png","type":"image\/png"}],"twitter_card":"summary_large_image","twitter_misc":{"Dur\u00e9e de lecture estim\u00e9e":"3 minutes"},"schema":{"@context":"https:\/\/schema.org","@graph":[{"@type":"WebPage","@id":"https:\/\/swigift.ch\/fr\/produit\/inx-reality-centre-realite-virtuelle-bon-cadeau-suisse-boite-cadeau-personnalisee-cadeau-suisse-experience\/","url":"https:\/\/swigift.ch\/fr\/produit\/inx-reality-centre-realite-virtuelle-bon-cadeau-suisse-boite-cadeau-personnalisee-cadeau-suisse-experience\/","name":"Cadeau suisse exp\u00e9rience - Swigift - INX Reality (R\u00e9alit\u00e9 virtuelle)","isPartOf":{"@id":"https:\/\/swigift.ch\/fr\/#website"},"primaryImageOfPage":{"@id":"https:\/\/swigift.ch\/fr\/produit\/inx-reality-centre-realite-virtuelle-bon-cadeau-suisse-boite-cadeau-personnalisee-cadeau-suisse-experience\/#primaryimage"},"image":{"@id":"https:\/\/swigift.ch\/fr\/produit\/inx-reality-centre-realite-virtuelle-bon-cadeau-suisse-boite-cadeau-personnalisee-cadeau-suisse-experience\/#primaryimage"},"thumbnailUrl":"https:\/\/swigift.ch\/wp-content\/uploads\/2024\/11\/Bon-cadeau-realite-virtuelle-_-gift-swigift-gutschein.png","datePublished":"2024-11-30T13:20:07+00:00","dateModified":"2025-10-03T09:46:55+00:00","description":"La solution cadeau parfaite : bo\u00eete cadeau suisse avec bon cadeau et carte de v\u0153ux, livr\u00e9e rapidement et personnalis\u00e9e avec soin. Cadeau suisse exp\u00e9rience","breadcrumb":{"@id":"https:\/\/swigift.ch\/fr\/produit\/inx-reality-centre-realite-virtuelle-bon-cadeau-suisse-boite-cadeau-personnalisee-cadeau-suisse-experience\/#breadcrumb"},"inLanguage":"fr-FR","potentialAction":[{"@type":"ReadAction","target":["https:\/\/swigift.ch\/fr\/produit\/inx-reality-centre-realite-virtuelle-bon-cadeau-suisse-boite-cadeau-personnalisee-cadeau-suisse-experience\/"]}]},{"@type":"ImageObject","inLanguage":"fr-FR","@id":"https:\/\/swigift.ch\/fr\/produit\/inx-reality-centre-realite-virtuelle-bon-cadeau-suisse-boite-cadeau-personnalisee-cadeau-suisse-experience\/#primaryimage","url":"https:\/\/swigift.ch\/wp-content\/uploads\/2024\/11\/Bon-cadeau-realite-virtuelle-_-gift-swigift-gutschein.png","contentUrl":"https:\/\/swigift.ch\/wp-content\/uploads\/2024\/11\/Bon-cadeau-realite-virtuelle-_-gift-swigift-gutschein.png","width":1500,"height":1500,"caption":"Bon cadeau realit\u00e9 virtuelle _ gift swigift - gutschein - Cadeau suisse exp\u00e9rience"},{"@type":"BreadcrumbList","@id":"https:\/\/swigift.ch\/fr\/produit\/inx-reality-centre-realite-virtuelle-bon-cadeau-suisse-boite-cadeau-personnalisee-cadeau-suisse-experience\/#breadcrumb","itemListElement":[{"@type":"ListItem","position":1,"name":"Accueil","item":"https:\/\/swigift.ch\/fr\/"},{"@type":"ListItem","position":2,"name":"Boutique","item":"https:\/\/swigift.ch\/boutique-cadeau-suisse-contenu-personnalise\/"},{"@type":"ListItem","position":3,"name":"INX Reality (R\u00e9alit\u00e9 virtuelle)"}]},{"@type":"WebSite","@id":"https:\/\/swigift.ch\/fr\/#website","url":"https:\/\/swigift.ch\/fr\/","name":"Swigift","description":"Id\u00e9e cadeau personnalis\u00e9","publisher":{"@id":"https:\/\/swigift.ch\/fr\/#organization"},"potentialAction":[{"@type":"SearchAction","target":{"@type":"EntryPoint","urlTemplate":"https:\/\/swigift.ch\/fr\/?s={search_term_string}"},"query-input":{"@type":"PropertyValueSpecification","valueRequired":true,"valueName":"search_term_string"}}],"inLanguage":"fr-FR"},{"@type":"Organization","@id":"https:\/\/swigift.ch\/fr\/#organization","name":"Id\u00e9e cadeau originale suisse, une boite contenant un bon cadeau local, une carte de voeux personnalis\u00e9e et plus encore","alternateName":"Boites cadeaux personnalis\u00e9es avec bon cadeau commerces Suisse et carte de voeux personnalis\u00e9e, livraison rapide en Suisse.","url":"https:\/\/swigift.ch\/fr\/","logo":{"@type":"ImageObject","inLanguage":"fr-FR","@id":"https:\/\/swigift.ch\/fr\/#\/schema\/logo\/image\/","url":"https:\/\/swigift.ch\/wp-content\/uploads\/2024\/02\/swigift-logo-carte.png","contentUrl":"https:\/\/swigift.ch\/wp-content\/uploads\/2024\/02\/swigift-logo-carte.png","width":300,"height":412,"caption":"Id\u00e9e cadeau originale suisse, une boite contenant un bon cadeau local, une carte de voeux personnalis\u00e9e et plus encore"},"image":{"@id":"https:\/\/swigift.ch\/fr\/#\/schema\/logo\/image\/"},"sameAs":["https:\/\/www.facebook.com\/people\/Swigift\/61558610159800\/","https:\/\/www.instagram.com\/swigift.ch\/","https:\/\/www.linkedin.com\/company\/swigift\/"]}]}},"_links":{"self":[{"href":"https:\/\/swigift.ch\/fr\/wp-json\/wp\/v2\/product\/32984","targetHints":{"allow":["GET"]}}],"collection":[{"href":"https:\/\/swigift.ch\/fr\/wp-json\/wp\/v2\/product"}],"about":[{"href":"https:\/\/swigift.ch\/fr\/wp-json\/wp\/v2\/types\/product"}],"replies":[{"embeddable":true,"href":"https:\/\/swigift.ch\/fr\/wp-json\/wp\/v2\/comments?post=32984"}],"version-history":[{"count":0,"href":"https:\/\/swigift.ch\/fr\/wp-json\/wp\/v2\/product\/32984\/revisions"}],"wp:featuredmedia":[{"embeddable":true,"href":"https:\/\/swigift.ch\/fr\/wp-json\/wp\/v2\/media\/33027"}],"wp:attachment":[{"href":"https:\/\/swigift.ch\/fr\/wp-json\/wp\/v2\/media?parent=32984"}],"wp:term":[{"taxonomy":"product_brand","embeddable":true,"href":"https:\/\/swigift.ch\/fr\/wp-json\/wp\/v2\/product_brand?post=32984"},{"taxonomy":"product_cat","embeddable":true,"href":"https:\/\/swigift.ch\/fr\/wp-json\/wp\/v2\/product_cat?post=32984"},{"taxonomy":"product_tag","embeddable":true,"href":"https:\/\/swigift.ch\/fr\/wp-json\/wp\/v2\/product_tag?post=32984"}],"curies":[{"name":"wp","href":"https:\/\/api.w.org\/{rel}","templated":true}]}}