{"id":32853,"date":"2024-11-21T12:55:38","date_gmt":"2024-11-21T11:55:38","guid":{"rendered":"https:\/\/swigift.ch\/?post_type=product&#038;p=32853"},"modified":"2026-04-02T09:10:40","modified_gmt":"2026-04-02T07:10:40","slug":"spa-nuitee-alleau-turquoise-ju-bon-cadeau-suisse-boite-cadeau-personnalisee-wellness","status":"publish","type":"product","link":"https:\/\/swigift.ch\/fr\/produit\/spa-nuitee-alleau-turquoise-ju-bon-cadeau-suisse-boite-cadeau-personnalisee-wellness\/","title":{"rendered":"All&rsquo;eau Turquoise Spa-Nuit\u00e9e (JU)"},"content":{"rendered":"<p><strong>Bon cadeau suisse local wellness-spa et nuit\u00e9e, All&rsquo;eau Turquoise (Canton du Jura)<\/strong><\/p>\n<p><span class=\"OYPEnA font-feature-liga-off font-feature-clig-off font-feature-calt-off text-decoration-none text-strikethrough-none\">\u00cates-vous \u00e0 la recherche d&rsquo;un joli cadeau suisse local qui vous permettra de faire d\u00e9couvrir un wellness-spa, proposant \u00e9galement des nuit\u00e9es ?<\/span><\/p>\n<p>All&rsquo;eau Turquoise, c&rsquo;est un paradis o\u00f9 chaque d\u00e9tail a \u00e9t\u00e9 pens\u00e9 pour offrir une <strong>exp\u00e9rience unique et revitalisante<\/strong>.<\/p>\n<p>Offrez l&rsquo;occasion de vivre une <strong>magnifique escapade<\/strong> o\u00f9 le bien-\u00eatre et la d\u00e9tente s&rsquo;harmonisent parfaitement. Hammam, sauna bio \u00e0 pierre chaudes, sauna infrarouge, bain froid, jacuzzi, fitness et salle de repos. Offert durant le spa : eau, th\u00e9 et chocolats<\/p>\n<p><span class=\"OYPEnA font-feature-liga-off font-feature-clig-off font-feature-calt-off text-decoration-none text-strikethrough-none\">All&rsquo;eau Turquoise dispose \u00e9galement deux <strong>chambres d&rsquo;h\u00f4tes<\/strong>, chacune poss\u00e8de sa salle de bain ind\u00e9pendante<\/span>. Les chambres sont magnifiquement d\u00e9cor\u00e9es, garantissant un confort optimal<\/p>\n<p>Une id\u00e9e bon cadeau parfaite offrir des instants de d\u00e9tentes.<\/p>\n<ul>\n<li><strong>Avec un bon cadeau, le destinataire a la possibilit\u00e9 de choisir parmi<\/strong> :\n<ul>\n<li>Acc\u00e8s au spa (ex: 40 CHF\/p dur\u00e9e 2h30)<\/li>\n<li>Privatisation du spa (ex: 150 CHF dur\u00e9e 2h30)<\/li>\n<li>Nuit\u00e9e chambre Amazonite ou Cornaline (ex : 190 CHF sans spa \/ 230 CHF avec spa)<\/li>\n<\/ul>\n<\/li>\n<li><strong>Les bons sont utilisables :<\/strong>\n<ul>\n<li>Commande par mail ou t\u00e9l\u00e9phone<\/li>\n<\/ul>\n<\/li>\n<li><strong>Dur\u00e9e de validit\u00e9<\/strong>:\n<ul>\n<li>5 ans<\/li>\n<\/ul>\n<\/li>\n<li><strong>Important<\/strong>\n<ul>\n<li>Bons valables pour Wellness spa et Chambres d&rsquo;h\u00f4tes<\/li>\n<\/ul>\n<\/li>\n<\/ul>\n<p>&nbsp;<\/p>\n<p><a href=\"https:\/\/swigift.ch\/contact\/\">Une demande sp\u00e9ciale ? Contactez-nous ici \ud83d\ude42<\/a><\/p>\n<p>&nbsp;<\/p>\n<p>All&rsquo;eau turquoise<br \/>\n<span class=\"wixui-rich-text__text\">Champs Saint-Martin 15<\/span><br \/>\n2942 Alle JU<\/p>\n<p><a href=\"https:\/\/www.alleauturquoise.ch\/\" target=\"_blank\" rel=\"noopener\">Lien du site<\/a><\/p>\n<p>&nbsp;<\/p>\n<h4><strong>Swigift, le cadeau personnalis\u00e9, rapide et sur-mesure<\/strong><\/h4>\n<p>Swigift vous propose un coffret cadeau suisse local contenant un <strong>bon cadeau valeur de votre choix<\/strong>, par exemple de <strong>All&rsquo;eau Turquoise <\/strong>pour profiter du wellness ou autre, mais pas seulement !<\/p>\n<p>Une fois le bon cadeau suisse choisi, s\u00e9lectionnez une <strong>couleur d&rsquo;enveloppe<\/strong>, qui sera pour<strong> la carte cadeau<\/strong> que vous cr\u00e9erez \u00e0 l&rsquo;\u00e9tape suivante.<\/p>\n<p>Une fois dans le panier de commande, indiquez date de livraison et adresse d&rsquo;exp\u00e9dition suisse. <strong>Livraison rapide en 24h<\/strong> en commandant du lundi au vendredi avant 16h00 (sous conditions).<\/p>\n<p>Le destinataire recevra une bo\u00eete cadeau d\u2019exp\u00e9dition cachant de belles surprises d\u00e8s son ouverture ! Les cadeaux que vous avez choisis et cr\u00e9\u00e9s, accompagn\u00e9s d&rsquo;un support en bois pour la carte, seront <strong>soigneusement dispos\u00e9s<\/strong>.<\/p>\n<p>Le destinataire pourra exposer la<strong> carte cadeau<\/strong> et <strong>profiter du superbe bon cadeau suisse<\/strong> que vous avez choisi.<\/p>\n<p>Swigift, le cadeau suisse id\u00e9al <strong>pour toutes les occasions<\/strong>.<\/p>\n<p>&nbsp;<\/p>\n<h4><strong>Pour quelles occasions<\/strong><\/h4>\n<p>Toutes les occasions, que vous ayez besoin d&rsquo;un cadeau d&rsquo;anniversaire, cadeau de mariage, cadeau de naissance, cadeau de r\u00e9ussite, cadeau de retraite, cadeau f\u00eate de fin d&rsquo;ann\u00e9e ou uniquement envie de faire plaisir !<\/p>\n<p>Peu importe que vous voyagiez, soyez en d\u00e9placement, que vous r\u00e9sidiez en tant qu&rsquo;expatri\u00e9 suisse en qu\u00eate d&rsquo;une id\u00e9e cadeau suisse, ou que vous \u00eates simplement loin d\u2019un proche, <strong>Swigift saura r\u00e9pondre \u00e0 vos besoins<\/strong> !<\/p>\n<p>Moderne et intuitif, Swigift se d\u00e9marque par son offre compl\u00e8te, imaginative et \u00e9motionnelle, qui nous simplifie la vie.<\/p>\n<p>&nbsp;<\/p>\n<p><a href=\"https:\/\/swigift.ch\/faq\/\">J&rsquo;aimerais consulter la page FAQ \ud83d\ude42<\/a><\/p>\n<p>&nbsp;<\/p>\n<p>Boites cadeaux personnalis\u00e9es Bon cadeau suisse All&rsquo;eau Turquoise<\/p>\n<p>Boites cadeaux suisses personnalis\u00e9es Swigift, id\u00e9e cadeau pour un Suisse.<\/p>\n<p>Cadeau suisse local wellness, envoy\u00e9 \u00e0 distance<\/p>\n<p>Les CGV font foi<\/p>\n","protected":false},"excerpt":{"rendered":"<p>Offrez un bon cadeau qui permettra au destinataire de choisir l&rsquo;exp\u00e9rience de d\u00e9tente qui lui correspond le mieux !<\/p>\n","protected":false},"featured_media":32866,"comment_status":"open","ping_status":"closed","template":"","meta":[],"product_brand":[],"product_cat":[19,30,26,36],"product_tag":[],"class_list":{"0":"post-32853","1":"product","2":"type-product","3":"status-publish","4":"has-post-thumbnail","6":"product_cat-autres","7":"product_cat-beaute-et-bien-etre","8":"product_cat-nuitee","9":"product_cat-tous","10":"product_shipping_class-swigift-1-boite-complete","12":"first","13":"instock","14":"purchasable","15":"product-type-variable"},"yoast_head":"<!-- This site is optimized with the Yoast SEO plugin v26.9 - https:\/\/yoast.com\/product\/yoast-seo-wordpress\/ -->\n<title>Cadeau suisse local wellness - Swigift - All&#039;eau Turquoise Spa-Nuit\u00e9e (JU)<\/title>\n<meta name=\"description\" content=\"Cr\u00e9ez un cadeau inoubliable : bo\u00eete cadeau suisse, bon cadeau et carte de v\u0153ux personnalis\u00e9e, livr\u00e9s avec rapidit\u00e9 et style. Cadeau suisse local wellness\" \/>\n<meta name=\"robots\" content=\"index, follow, max-snippet:-1, max-image-preview:large, max-video-preview:-1\" \/>\n<link rel=\"canonical\" href=\"https:\/\/swigift.ch\/fr\/produit\/spa-nuitee-alleau-turquoise-ju-bon-cadeau-suisse-boite-cadeau-personnalisee-wellness\/\" \/>\n<meta property=\"og:locale\" content=\"fr_FR\" \/>\n<meta property=\"og:type\" content=\"article\" \/>\n<meta property=\"og:title\" content=\"Cadeau suisse local wellness - Swigift - All&#039;eau Turquoise Spa-Nuit\u00e9e (JU)\" \/>\n<meta property=\"og:description\" content=\"Cr\u00e9ez un cadeau inoubliable : bo\u00eete cadeau suisse, bon cadeau et carte de v\u0153ux personnalis\u00e9e, livr\u00e9s avec rapidit\u00e9 et style. Cadeau suisse local wellness\" \/>\n<meta property=\"og:url\" content=\"https:\/\/swigift.ch\/fr\/produit\/spa-nuitee-alleau-turquoise-ju-bon-cadeau-suisse-boite-cadeau-personnalisee-wellness\/\" \/>\n<meta property=\"og:site_name\" content=\"Swigift\" \/>\n<meta property=\"article:publisher\" content=\"https:\/\/www.facebook.com\/people\/Swigift\/61558610159800\/\" \/>\n<meta property=\"article:modified_time\" content=\"2026-04-02T07:10:40+00:00\" \/>\n<meta property=\"og:image\" content=\"https:\/\/swigift.ch\/wp-content\/uploads\/2024\/06\/LG-4.png\" \/>\n\t<meta property=\"og:image:width\" content=\"1080\" \/>\n\t<meta property=\"og:image:height\" content=\"1080\" \/>\n\t<meta property=\"og:image:type\" content=\"image\/png\" \/>\n<meta name=\"twitter:card\" content=\"summary_large_image\" \/>\n<meta name=\"twitter:label1\" content=\"Dur\u00e9e de lecture estim\u00e9e\" \/>\n\t<meta name=\"twitter:data1\" content=\"3 minutes\" \/>\n<script type=\"application\/ld+json\" class=\"yoast-schema-graph\">{\"@context\":\"https:\/\/schema.org\",\"@graph\":[{\"@type\":\"WebPage\",\"@id\":\"https:\/\/swigift.ch\/fr\/produit\/spa-nuitee-alleau-turquoise-ju-bon-cadeau-suisse-boite-cadeau-personnalisee-wellness\/\",\"url\":\"https:\/\/swigift.ch\/fr\/produit\/spa-nuitee-alleau-turquoise-ju-bon-cadeau-suisse-boite-cadeau-personnalisee-wellness\/\",\"name\":\"Cadeau suisse local wellness - Swigift - All'eau Turquoise Spa-Nuit\u00e9e (JU)\",\"isPartOf\":{\"@id\":\"https:\/\/swigift.ch\/fr\/#website\"},\"primaryImageOfPage\":{\"@id\":\"https:\/\/swigift.ch\/fr\/produit\/spa-nuitee-alleau-turquoise-ju-bon-cadeau-suisse-boite-cadeau-personnalisee-wellness\/#primaryimage\"},\"image\":{\"@id\":\"https:\/\/swigift.ch\/fr\/produit\/spa-nuitee-alleau-turquoise-ju-bon-cadeau-suisse-boite-cadeau-personnalisee-wellness\/#primaryimage\"},\"thumbnailUrl\":\"https:\/\/swigift.ch\/wp-content\/uploads\/2024\/11\/Bon-cadeau-Swigift-Alleau-Turquoise.png\",\"datePublished\":\"2024-11-21T11:55:38+00:00\",\"dateModified\":\"2026-04-02T07:10:40+00:00\",\"description\":\"Cr\u00e9ez un cadeau inoubliable : bo\u00eete cadeau suisse, bon cadeau et carte de v\u0153ux personnalis\u00e9e, livr\u00e9s avec rapidit\u00e9 et style. Cadeau suisse local wellness\",\"breadcrumb\":{\"@id\":\"https:\/\/swigift.ch\/fr\/produit\/spa-nuitee-alleau-turquoise-ju-bon-cadeau-suisse-boite-cadeau-personnalisee-wellness\/#breadcrumb\"},\"inLanguage\":\"fr-FR\",\"potentialAction\":[{\"@type\":\"ReadAction\",\"target\":[\"https:\/\/swigift.ch\/fr\/produit\/spa-nuitee-alleau-turquoise-ju-bon-cadeau-suisse-boite-cadeau-personnalisee-wellness\/\"]}]},{\"@type\":\"ImageObject\",\"inLanguage\":\"fr-FR\",\"@id\":\"https:\/\/swigift.ch\/fr\/produit\/spa-nuitee-alleau-turquoise-ju-bon-cadeau-suisse-boite-cadeau-personnalisee-wellness\/#primaryimage\",\"url\":\"https:\/\/swigift.ch\/wp-content\/uploads\/2024\/11\/Bon-cadeau-Swigift-Alleau-Turquoise.png\",\"contentUrl\":\"https:\/\/swigift.ch\/wp-content\/uploads\/2024\/11\/Bon-cadeau-Swigift-Alleau-Turquoise.png\",\"width\":1500,\"height\":1500,\"caption\":\"une salle de repose\"},{\"@type\":\"BreadcrumbList\",\"@id\":\"https:\/\/swigift.ch\/fr\/produit\/spa-nuitee-alleau-turquoise-ju-bon-cadeau-suisse-boite-cadeau-personnalisee-wellness\/#breadcrumb\",\"itemListElement\":[{\"@type\":\"ListItem\",\"position\":1,\"name\":\"Accueil\",\"item\":\"https:\/\/swigift.ch\/fr\/\"},{\"@type\":\"ListItem\",\"position\":2,\"name\":\"Boutique\",\"item\":\"https:\/\/swigift.ch\/boutique-cadeau-suisse-contenu-personnalise\/\"},{\"@type\":\"ListItem\",\"position\":3,\"name\":\"All&rsquo;eau Turquoise Spa-Nuit\u00e9e (JU)\"}]},{\"@type\":\"WebSite\",\"@id\":\"https:\/\/swigift.ch\/fr\/#website\",\"url\":\"https:\/\/swigift.ch\/fr\/\",\"name\":\"Swigift\",\"description\":\"Id\u00e9e cadeau personnalis\u00e9\",\"publisher\":{\"@id\":\"https:\/\/swigift.ch\/fr\/#organization\"},\"potentialAction\":[{\"@type\":\"SearchAction\",\"target\":{\"@type\":\"EntryPoint\",\"urlTemplate\":\"https:\/\/swigift.ch\/fr\/?s={search_term_string}\"},\"query-input\":{\"@type\":\"PropertyValueSpecification\",\"valueRequired\":true,\"valueName\":\"search_term_string\"}}],\"inLanguage\":\"fr-FR\"},{\"@type\":\"Organization\",\"@id\":\"https:\/\/swigift.ch\/fr\/#organization\",\"name\":\"Id\u00e9e cadeau originale suisse, une boite contenant un bon cadeau local, une carte de voeux personnalis\u00e9e et plus encore\",\"alternateName\":\"Boites cadeaux personnalis\u00e9es avec bon cadeau commerces Suisse et carte de voeux personnalis\u00e9e, livraison rapide en Suisse.\",\"url\":\"https:\/\/swigift.ch\/fr\/\",\"logo\":{\"@type\":\"ImageObject\",\"inLanguage\":\"fr-FR\",\"@id\":\"https:\/\/swigift.ch\/fr\/#\/schema\/logo\/image\/\",\"url\":\"https:\/\/swigift.ch\/wp-content\/uploads\/2024\/02\/swigift-logo-carte.png\",\"contentUrl\":\"https:\/\/swigift.ch\/wp-content\/uploads\/2024\/02\/swigift-logo-carte.png\",\"width\":300,\"height\":412,\"caption\":\"Id\u00e9e cadeau originale suisse, une boite contenant un bon cadeau local, une carte de voeux personnalis\u00e9e et plus encore\"},\"image\":{\"@id\":\"https:\/\/swigift.ch\/fr\/#\/schema\/logo\/image\/\"},\"sameAs\":[\"https:\/\/www.facebook.com\/people\/Swigift\/61558610159800\/\",\"https:\/\/www.instagram.com\/swigift.ch\/\",\"https:\/\/www.linkedin.com\/company\/swigift\/\"]}]}<\/script>\n<!-- \/ Yoast SEO plugin. -->","yoast_head_json":{"title":"Cadeau suisse local wellness - Swigift - All'eau Turquoise Spa-Nuit\u00e9e (JU)","description":"Cr\u00e9ez un cadeau inoubliable : bo\u00eete cadeau suisse, bon cadeau et carte de v\u0153ux personnalis\u00e9e, livr\u00e9s avec rapidit\u00e9 et style. Cadeau suisse local wellness","robots":{"index":"index","follow":"follow","max-snippet":"max-snippet:-1","max-image-preview":"max-image-preview:large","max-video-preview":"max-video-preview:-1"},"canonical":"https:\/\/swigift.ch\/fr\/produit\/spa-nuitee-alleau-turquoise-ju-bon-cadeau-suisse-boite-cadeau-personnalisee-wellness\/","og_locale":"fr_FR","og_type":"article","og_title":"Cadeau suisse local wellness - Swigift - All'eau Turquoise Spa-Nuit\u00e9e (JU)","og_description":"Cr\u00e9ez un cadeau inoubliable : bo\u00eete cadeau suisse, bon cadeau et carte de v\u0153ux personnalis\u00e9e, livr\u00e9s avec rapidit\u00e9 et style. Cadeau suisse local wellness","og_url":"https:\/\/swigift.ch\/fr\/produit\/spa-nuitee-alleau-turquoise-ju-bon-cadeau-suisse-boite-cadeau-personnalisee-wellness\/","og_site_name":"Swigift","article_publisher":"https:\/\/www.facebook.com\/people\/Swigift\/61558610159800\/","article_modified_time":"2026-04-02T07:10:40+00:00","og_image":[{"width":1080,"height":1080,"url":"https:\/\/swigift.ch\/wp-content\/uploads\/2024\/06\/LG-4.png","type":"image\/png"}],"twitter_card":"summary_large_image","twitter_misc":{"Dur\u00e9e de lecture estim\u00e9e":"3 minutes"},"schema":{"@context":"https:\/\/schema.org","@graph":[{"@type":"WebPage","@id":"https:\/\/swigift.ch\/fr\/produit\/spa-nuitee-alleau-turquoise-ju-bon-cadeau-suisse-boite-cadeau-personnalisee-wellness\/","url":"https:\/\/swigift.ch\/fr\/produit\/spa-nuitee-alleau-turquoise-ju-bon-cadeau-suisse-boite-cadeau-personnalisee-wellness\/","name":"Cadeau suisse local wellness - Swigift - All'eau Turquoise Spa-Nuit\u00e9e (JU)","isPartOf":{"@id":"https:\/\/swigift.ch\/fr\/#website"},"primaryImageOfPage":{"@id":"https:\/\/swigift.ch\/fr\/produit\/spa-nuitee-alleau-turquoise-ju-bon-cadeau-suisse-boite-cadeau-personnalisee-wellness\/#primaryimage"},"image":{"@id":"https:\/\/swigift.ch\/fr\/produit\/spa-nuitee-alleau-turquoise-ju-bon-cadeau-suisse-boite-cadeau-personnalisee-wellness\/#primaryimage"},"thumbnailUrl":"https:\/\/swigift.ch\/wp-content\/uploads\/2024\/11\/Bon-cadeau-Swigift-Alleau-Turquoise.png","datePublished":"2024-11-21T11:55:38+00:00","dateModified":"2026-04-02T07:10:40+00:00","description":"Cr\u00e9ez un cadeau inoubliable : bo\u00eete cadeau suisse, bon cadeau et carte de v\u0153ux personnalis\u00e9e, livr\u00e9s avec rapidit\u00e9 et style. Cadeau suisse local wellness","breadcrumb":{"@id":"https:\/\/swigift.ch\/fr\/produit\/spa-nuitee-alleau-turquoise-ju-bon-cadeau-suisse-boite-cadeau-personnalisee-wellness\/#breadcrumb"},"inLanguage":"fr-FR","potentialAction":[{"@type":"ReadAction","target":["https:\/\/swigift.ch\/fr\/produit\/spa-nuitee-alleau-turquoise-ju-bon-cadeau-suisse-boite-cadeau-personnalisee-wellness\/"]}]},{"@type":"ImageObject","inLanguage":"fr-FR","@id":"https:\/\/swigift.ch\/fr\/produit\/spa-nuitee-alleau-turquoise-ju-bon-cadeau-suisse-boite-cadeau-personnalisee-wellness\/#primaryimage","url":"https:\/\/swigift.ch\/wp-content\/uploads\/2024\/11\/Bon-cadeau-Swigift-Alleau-Turquoise.png","contentUrl":"https:\/\/swigift.ch\/wp-content\/uploads\/2024\/11\/Bon-cadeau-Swigift-Alleau-Turquoise.png","width":1500,"height":1500,"caption":"une salle de repose"},{"@type":"BreadcrumbList","@id":"https:\/\/swigift.ch\/fr\/produit\/spa-nuitee-alleau-turquoise-ju-bon-cadeau-suisse-boite-cadeau-personnalisee-wellness\/#breadcrumb","itemListElement":[{"@type":"ListItem","position":1,"name":"Accueil","item":"https:\/\/swigift.ch\/fr\/"},{"@type":"ListItem","position":2,"name":"Boutique","item":"https:\/\/swigift.ch\/boutique-cadeau-suisse-contenu-personnalise\/"},{"@type":"ListItem","position":3,"name":"All&rsquo;eau Turquoise Spa-Nuit\u00e9e (JU)"}]},{"@type":"WebSite","@id":"https:\/\/swigift.ch\/fr\/#website","url":"https:\/\/swigift.ch\/fr\/","name":"Swigift","description":"Id\u00e9e cadeau personnalis\u00e9","publisher":{"@id":"https:\/\/swigift.ch\/fr\/#organization"},"potentialAction":[{"@type":"SearchAction","target":{"@type":"EntryPoint","urlTemplate":"https:\/\/swigift.ch\/fr\/?s={search_term_string}"},"query-input":{"@type":"PropertyValueSpecification","valueRequired":true,"valueName":"search_term_string"}}],"inLanguage":"fr-FR"},{"@type":"Organization","@id":"https:\/\/swigift.ch\/fr\/#organization","name":"Id\u00e9e cadeau originale suisse, une boite contenant un bon cadeau local, une carte de voeux personnalis\u00e9e et plus encore","alternateName":"Boites cadeaux personnalis\u00e9es avec bon cadeau commerces Suisse et carte de voeux personnalis\u00e9e, livraison rapide en Suisse.","url":"https:\/\/swigift.ch\/fr\/","logo":{"@type":"ImageObject","inLanguage":"fr-FR","@id":"https:\/\/swigift.ch\/fr\/#\/schema\/logo\/image\/","url":"https:\/\/swigift.ch\/wp-content\/uploads\/2024\/02\/swigift-logo-carte.png","contentUrl":"https:\/\/swigift.ch\/wp-content\/uploads\/2024\/02\/swigift-logo-carte.png","width":300,"height":412,"caption":"Id\u00e9e cadeau originale suisse, une boite contenant un bon cadeau local, une carte de voeux personnalis\u00e9e et plus encore"},"image":{"@id":"https:\/\/swigift.ch\/fr\/#\/schema\/logo\/image\/"},"sameAs":["https:\/\/www.facebook.com\/people\/Swigift\/61558610159800\/","https:\/\/www.instagram.com\/swigift.ch\/","https:\/\/www.linkedin.com\/company\/swigift\/"]}]}},"_links":{"self":[{"href":"https:\/\/swigift.ch\/fr\/wp-json\/wp\/v2\/product\/32853","targetHints":{"allow":["GET"]}}],"collection":[{"href":"https:\/\/swigift.ch\/fr\/wp-json\/wp\/v2\/product"}],"about":[{"href":"https:\/\/swigift.ch\/fr\/wp-json\/wp\/v2\/types\/product"}],"replies":[{"embeddable":true,"href":"https:\/\/swigift.ch\/fr\/wp-json\/wp\/v2\/comments?post=32853"}],"version-history":[{"count":2,"href":"https:\/\/swigift.ch\/fr\/wp-json\/wp\/v2\/product\/32853\/revisions"}],"predecessor-version":[{"id":40107,"href":"https:\/\/swigift.ch\/fr\/wp-json\/wp\/v2\/product\/32853\/revisions\/40107"}],"wp:featuredmedia":[{"embeddable":true,"href":"https:\/\/swigift.ch\/fr\/wp-json\/wp\/v2\/media\/32866"}],"wp:attachment":[{"href":"https:\/\/swigift.ch\/fr\/wp-json\/wp\/v2\/media?parent=32853"}],"wp:term":[{"taxonomy":"product_brand","embeddable":true,"href":"https:\/\/swigift.ch\/fr\/wp-json\/wp\/v2\/product_brand?post=32853"},{"taxonomy":"product_cat","embeddable":true,"href":"https:\/\/swigift.ch\/fr\/wp-json\/wp\/v2\/product_cat?post=32853"},{"taxonomy":"product_tag","embeddable":true,"href":"https:\/\/swigift.ch\/fr\/wp-json\/wp\/v2\/product_tag?post=32853"}],"curies":[{"name":"wp","href":"https:\/\/api.w.org\/{rel}","templated":true}]}}