{"id":30829,"date":"2024-05-24T15:07:05","date_gmt":"2024-05-24T13:07:05","guid":{"rendered":"https:\/\/swigift.ch\/?post_type=product&#038;p=30829"},"modified":"2026-04-15T04:54:24","modified_gmt":"2026-04-15T02:54:24","slug":"brasserie-tonnebiere-bon-cadeau-suisse-boite-cadeau-personnalisee-cadeau-suisse-local-artisanal","status":"publish","type":"product","link":"https:\/\/swigift.ch\/fr\/produit\/brasserie-tonnebiere-bon-cadeau-suisse-boite-cadeau-personnalisee-cadeau-suisse-local-artisanal\/","title":{"rendered":"Brasserie Tonnebi\u00e8re (JU)"},"content":{"rendered":"<h4><strong>Bon cadeau \u00e0 la Brasserie Tonnebi\u00e8re (Canton du Jura)<\/strong><\/h4>\n<p><span class=\"OYPEnA font-feature-liga-off font-feature-clig-off font-feature-calt-off text-decoration-none text-strikethrough-none\">\u00cates-vous \u00e0 la recherche d&rsquo;une id\u00e9e de cadeau suisse, quelque chose d&rsquo;original, artisanal et de local, d&rsquo;une brasserie jurassienne par exemple ?<\/span><\/p>\n<p>La Brasserie Tonnebi\u00e8re se trouve dans la petite <strong>cit\u00e9 m\u00e9di\u00e9vale<\/strong> de St-Ursanne.<\/p>\n<p>Brass\u00e9e \u00e0 ses d\u00e9buts dans une cave, la <strong>bi\u00e8re<\/strong> a aujourd\u2019hui la chance de pouvoir se d\u00e9velopper dans un b\u00e2timent centenaire enti\u00e8rement r\u00e9nov\u00e9, o\u00f9 les cuves de fermentation ont vue sur le c\u00e9l\u00e8bre viaduc de la ville historique.<\/p>\n<p>La gamme standard compos\u00e9e de huit diff\u00e9rentes bi\u00e8res, pour la plupart riches en houblon, est compl\u00e9t\u00e9e au gr\u00e9 des envies et des saisons par des <strong>brassins passagers<\/strong> aux influences diverses et vari\u00e9es.<\/p>\n<p>Un bon cadeau id\u00e9al pour les amateurs de bonne bi\u00e8re artisanale !<\/p>\n<ul>\n<li><strong>Avec un bon cadeau, le destinataire peut se faire plaisir en choisissant parmi :<\/strong>\n<ul>\n<li>Une vari\u00e9t\u00e9 de bi\u00e8res savoureuses provenant de l&rsquo;ensemble de l&rsquo;assortiment de la brasserie ! (Exemples de prix par bouteille de 33 cl : entre 4.00 et 5.00 CHF)<\/li>\n<li>Services propos\u00e9s par la brasserie (location, etc.)<\/li>\n<\/ul>\n<\/li>\n<li><strong>Les bons sont utilisables : <\/strong>\n<ul>\n<li>Contact par e-mail ou sur place<\/li>\n<\/ul>\n<\/li>\n<li><strong>Dur\u00e9e de validit\u00e9 <\/strong>:\n<ul>\n<li>5 ans<\/li>\n<\/ul>\n<\/li>\n<\/ul>\n<p>&nbsp;<\/p>\n<p><a href=\"https:\/\/swigift.ch\/contact\/\">Une demande sp\u00e9ciale ? Contactez-nous ici\u00a0<img decoding=\"async\" class=\"emoji\" role=\"img\" draggable=\"false\" src=\"https:\/\/s.w.org\/images\/core\/emoji\/15.0.3\/svg\/1f642.svg\" alt=\"\ud83d\ude42\" \/><\/a><\/p>\n<p>&nbsp;<\/p>\n<p>Brasserie Tonnebi\u00e8re<br \/>\nRoute des Rangiers 56<br \/>\n2882 St-Ursanne<\/p>\n<p><a href=\"https:\/\/www.tonnebiere.ch\/\" target=\"_blank\" rel=\"noopener\">Lien du site<\/a><\/p>\n<p>&nbsp;<\/p>\n<h4><strong>Swigift, le cadeau suisse personnalis\u00e9, rapide et sur-mesure<\/strong><\/h4>\n<p>Swigift vous propose un coffret cadeau suisse contenant un <strong>bon cadeau valeur de votre choix<\/strong>, par exemple un bon cadeau local et artisanal de la <strong>Brasserie Tonnebi\u00e8re<\/strong>, mais pas seulement !<\/p>\n<p>Une fois le bon cadeau suisse choisi, s\u00e9lectionnez une <strong>couleur d&rsquo;enveloppe<\/strong>, qui sera pour<strong> la carte cadeau<\/strong> que vous cr\u00e9erez \u00e0 l&rsquo;\u00e9tape suivante.<\/p>\n<p>Une fois dans le panier de commande, indiquez date de livraison et adresse d&rsquo;exp\u00e9dition suisse. <strong>Livraison rapide en 24h<\/strong> en commandant du lundi au vendredi avant 16h00 (sous conditions).<\/p>\n<p>Le destinataire recevra une bo\u00eete cadeau d\u2019exp\u00e9dition cachant de belles surprises d\u00e8s son ouverture ! Les cadeaux que vous avez choisis et cr\u00e9\u00e9s, accompagn\u00e9s d&rsquo;un support en bois pour la carte, seront <strong>soigneusement dispos\u00e9s<\/strong>.<\/p>\n<p>Le destinataire pourra exposer la<strong> carte cadeau<\/strong> et <strong>profiter du superbe bon cadeau suisse<\/strong> que vous avez choisi.<\/p>\n<p>Swigift, le cadeau suisse id\u00e9al <strong>pour toutes les occasions<\/strong>.<\/p>\n<p>&nbsp;<\/p>\n<h4><strong>Pour quelles occasions<\/strong><\/h4>\n<p>Toutes les occasions, que vous ayez besoin d&rsquo;un cadeau d&rsquo;anniversaire, cadeau de mariage, cadeau de naissance, cadeau de r\u00e9ussite, cadeau de retraite, cadeau f\u00eate de fin d&rsquo;ann\u00e9e ou uniquement envie de faire plaisir !<\/p>\n<p>Peu importe que vous voyagiez, soyez en d\u00e9placement, que vous r\u00e9sidiez en tant qu&rsquo;expatri\u00e9 suisse en qu\u00eate d&rsquo;une id\u00e9e cadeau suisse, ou que vous \u00eates simplement loin d\u2019un proche, <strong>Swigift saura r\u00e9pondre \u00e0 vos besoins<\/strong> !<\/p>\n<p>Moderne et intuitif, Swigift se d\u00e9marque par son offre compl\u00e8te, imaginative et \u00e9motionnelle, qui nous simplifie la vie.<\/p>\n<p>&nbsp;<\/p>\n<p><a href=\"https:\/\/swigift.ch\/faq\/\">J&rsquo;aimerais consulter la page FAQ \ud83d\ude42<\/a><\/p>\n<p>&nbsp;<\/p>\n<p>Boites cadeaux personnalis\u00e9es Bon cadeau suisse Brasserie Tonnebi\u00e8re.<\/p>\n<p>Boites cadeaux suisses personnalis\u00e9es Swigift, id\u00e9e cadeau pour un Suisse.<\/p>\n<p>Cadeau suisse local artisanal, envoy\u00e9 \u00e0 distance.<\/p>\n<p>Les CGV font foi.<\/p>\n","protected":false},"excerpt":{"rendered":"<p>Un bon cadeau id\u00e9al pour les passionn\u00e9s de bi\u00e8re.<\/p>\n","protected":false},"featured_media":32550,"comment_status":"open","ping_status":"closed","template":"","meta":[],"product_brand":[],"product_cat":[27,36],"product_tag":[],"class_list":{"0":"post-30829","1":"product","2":"type-product","3":"status-publish","4":"has-post-thumbnail","6":"product_cat-boire-et-manger","7":"product_cat-tous","8":"product_shipping_class-swigift-1-boite-complete","10":"first","11":"instock","12":"purchasable","13":"product-type-variable"},"yoast_head":"<!-- This site is optimized with the Yoast SEO plugin v26.9 - https:\/\/yoast.com\/product\/yoast-seo-wordpress\/ -->\n<title>Cadeau suisse local artisanal - Swigift - Brasserie Tonnebi\u00e8re (JU)<\/title>\n<meta name=\"description\" content=\"Un cadeau suisse sur mesure : bo\u00eete cadeau personnalis\u00e9e, bon cadeau et carte de v\u0153ux avec enveloppe au choix, livr\u00e9s express. Cadeau suisse local artisanal\" \/>\n<meta name=\"robots\" content=\"index, follow, max-snippet:-1, max-image-preview:large, max-video-preview:-1\" \/>\n<link rel=\"canonical\" href=\"https:\/\/swigift.ch\/fr\/produit\/brasserie-tonnebiere-bon-cadeau-suisse-boite-cadeau-personnalisee-cadeau-suisse-local-artisanal\/\" \/>\n<meta property=\"og:locale\" content=\"fr_FR\" \/>\n<meta property=\"og:type\" content=\"article\" \/>\n<meta property=\"og:title\" content=\"Cadeau suisse local artisanal - Swigift - Brasserie Tonnebi\u00e8re (JU)\" \/>\n<meta property=\"og:description\" content=\"Un cadeau suisse sur mesure : bo\u00eete cadeau personnalis\u00e9e, bon cadeau et carte de v\u0153ux avec enveloppe au choix, livr\u00e9s express. Cadeau suisse local artisanal\" \/>\n<meta property=\"og:url\" content=\"https:\/\/swigift.ch\/fr\/produit\/brasserie-tonnebiere-bon-cadeau-suisse-boite-cadeau-personnalisee-cadeau-suisse-local-artisanal\/\" \/>\n<meta property=\"og:site_name\" content=\"Swigift\" \/>\n<meta property=\"article:publisher\" content=\"https:\/\/www.facebook.com\/people\/Swigift\/61558610159800\/\" \/>\n<meta property=\"article:modified_time\" content=\"2026-04-15T02:54:24+00:00\" \/>\n<meta property=\"og:image\" content=\"https:\/\/swigift.ch\/wp-content\/uploads\/2024\/05\/tonnebiere-6.png\" \/>\n\t<meta property=\"og:image:width\" content=\"1080\" \/>\n\t<meta property=\"og:image:height\" content=\"1080\" \/>\n\t<meta property=\"og:image:type\" content=\"image\/png\" \/>\n<meta name=\"twitter:card\" content=\"summary_large_image\" \/>\n<meta name=\"twitter:label1\" content=\"Dur\u00e9e de lecture estim\u00e9e\" \/>\n\t<meta name=\"twitter:data1\" content=\"3 minutes\" \/>\n<script type=\"application\/ld+json\" class=\"yoast-schema-graph\">{\"@context\":\"https:\/\/schema.org\",\"@graph\":[{\"@type\":\"WebPage\",\"@id\":\"https:\/\/swigift.ch\/fr\/produit\/brasserie-tonnebiere-bon-cadeau-suisse-boite-cadeau-personnalisee-cadeau-suisse-local-artisanal\/\",\"url\":\"https:\/\/swigift.ch\/fr\/produit\/brasserie-tonnebiere-bon-cadeau-suisse-boite-cadeau-personnalisee-cadeau-suisse-local-artisanal\/\",\"name\":\"Cadeau suisse local artisanal - Swigift - Brasserie Tonnebi\u00e8re (JU)\",\"isPartOf\":{\"@id\":\"https:\/\/swigift.ch\/fr\/#website\"},\"primaryImageOfPage\":{\"@id\":\"https:\/\/swigift.ch\/fr\/produit\/brasserie-tonnebiere-bon-cadeau-suisse-boite-cadeau-personnalisee-cadeau-suisse-local-artisanal\/#primaryimage\"},\"image\":{\"@id\":\"https:\/\/swigift.ch\/fr\/produit\/brasserie-tonnebiere-bon-cadeau-suisse-boite-cadeau-personnalisee-cadeau-suisse-local-artisanal\/#primaryimage\"},\"thumbnailUrl\":\"https:\/\/swigift.ch\/wp-content\/uploads\/2024\/05\/07-tonnebiere.png\",\"datePublished\":\"2024-05-24T13:07:05+00:00\",\"dateModified\":\"2026-04-15T02:54:24+00:00\",\"description\":\"Un cadeau suisse sur mesure : bo\u00eete cadeau personnalis\u00e9e, bon cadeau et carte de v\u0153ux avec enveloppe au choix, livr\u00e9s express. Cadeau suisse local artisanal\",\"breadcrumb\":{\"@id\":\"https:\/\/swigift.ch\/fr\/produit\/brasserie-tonnebiere-bon-cadeau-suisse-boite-cadeau-personnalisee-cadeau-suisse-local-artisanal\/#breadcrumb\"},\"inLanguage\":\"fr-FR\",\"potentialAction\":[{\"@type\":\"ReadAction\",\"target\":[\"https:\/\/swigift.ch\/fr\/produit\/brasserie-tonnebiere-bon-cadeau-suisse-boite-cadeau-personnalisee-cadeau-suisse-local-artisanal\/\"]}]},{\"@type\":\"ImageObject\",\"inLanguage\":\"fr-FR\",\"@id\":\"https:\/\/swigift.ch\/fr\/produit\/brasserie-tonnebiere-bon-cadeau-suisse-boite-cadeau-personnalisee-cadeau-suisse-local-artisanal\/#primaryimage\",\"url\":\"https:\/\/swigift.ch\/wp-content\/uploads\/2024\/05\/07-tonnebiere.png\",\"contentUrl\":\"https:\/\/swigift.ch\/wp-content\/uploads\/2024\/05\/07-tonnebiere.png\",\"width\":1500,\"height\":1500,\"caption\":\"Swigift- Bon cadeau - La Tonnebi\u00e8re - Bi\u00e8re - livraison rapide suisse\"},{\"@type\":\"BreadcrumbList\",\"@id\":\"https:\/\/swigift.ch\/fr\/produit\/brasserie-tonnebiere-bon-cadeau-suisse-boite-cadeau-personnalisee-cadeau-suisse-local-artisanal\/#breadcrumb\",\"itemListElement\":[{\"@type\":\"ListItem\",\"position\":1,\"name\":\"Accueil\",\"item\":\"https:\/\/swigift.ch\/fr\/\"},{\"@type\":\"ListItem\",\"position\":2,\"name\":\"Boutique\",\"item\":\"https:\/\/swigift.ch\/boutique-cadeau-suisse-contenu-personnalise\/\"},{\"@type\":\"ListItem\",\"position\":3,\"name\":\"Brasserie Tonnebi\u00e8re (JU)\"}]},{\"@type\":\"WebSite\",\"@id\":\"https:\/\/swigift.ch\/fr\/#website\",\"url\":\"https:\/\/swigift.ch\/fr\/\",\"name\":\"Swigift\",\"description\":\"Id\u00e9e cadeau personnalis\u00e9\",\"publisher\":{\"@id\":\"https:\/\/swigift.ch\/fr\/#organization\"},\"potentialAction\":[{\"@type\":\"SearchAction\",\"target\":{\"@type\":\"EntryPoint\",\"urlTemplate\":\"https:\/\/swigift.ch\/fr\/?s={search_term_string}\"},\"query-input\":{\"@type\":\"PropertyValueSpecification\",\"valueRequired\":true,\"valueName\":\"search_term_string\"}}],\"inLanguage\":\"fr-FR\"},{\"@type\":\"Organization\",\"@id\":\"https:\/\/swigift.ch\/fr\/#organization\",\"name\":\"Id\u00e9e cadeau originale suisse, une boite contenant un bon cadeau local, une carte de voeux personnalis\u00e9e et plus encore\",\"alternateName\":\"Boites cadeaux personnalis\u00e9es avec bon cadeau commerces Suisse et carte de voeux personnalis\u00e9e, livraison rapide en Suisse.\",\"url\":\"https:\/\/swigift.ch\/fr\/\",\"logo\":{\"@type\":\"ImageObject\",\"inLanguage\":\"fr-FR\",\"@id\":\"https:\/\/swigift.ch\/fr\/#\/schema\/logo\/image\/\",\"url\":\"https:\/\/swigift.ch\/wp-content\/uploads\/2024\/02\/swigift-logo-carte.png\",\"contentUrl\":\"https:\/\/swigift.ch\/wp-content\/uploads\/2024\/02\/swigift-logo-carte.png\",\"width\":300,\"height\":412,\"caption\":\"Id\u00e9e cadeau originale suisse, une boite contenant un bon cadeau local, une carte de voeux personnalis\u00e9e et plus encore\"},\"image\":{\"@id\":\"https:\/\/swigift.ch\/fr\/#\/schema\/logo\/image\/\"},\"sameAs\":[\"https:\/\/www.facebook.com\/people\/Swigift\/61558610159800\/\",\"https:\/\/www.instagram.com\/swigift.ch\/\",\"https:\/\/www.linkedin.com\/company\/swigift\/\"]}]}<\/script>\n<!-- \/ Yoast SEO plugin. -->","yoast_head_json":{"title":"Cadeau suisse local artisanal - Swigift - Brasserie Tonnebi\u00e8re (JU)","description":"Un cadeau suisse sur mesure : bo\u00eete cadeau personnalis\u00e9e, bon cadeau et carte de v\u0153ux avec enveloppe au choix, livr\u00e9s express. Cadeau suisse local artisanal","robots":{"index":"index","follow":"follow","max-snippet":"max-snippet:-1","max-image-preview":"max-image-preview:large","max-video-preview":"max-video-preview:-1"},"canonical":"https:\/\/swigift.ch\/fr\/produit\/brasserie-tonnebiere-bon-cadeau-suisse-boite-cadeau-personnalisee-cadeau-suisse-local-artisanal\/","og_locale":"fr_FR","og_type":"article","og_title":"Cadeau suisse local artisanal - Swigift - Brasserie Tonnebi\u00e8re (JU)","og_description":"Un cadeau suisse sur mesure : bo\u00eete cadeau personnalis\u00e9e, bon cadeau et carte de v\u0153ux avec enveloppe au choix, livr\u00e9s express. Cadeau suisse local artisanal","og_url":"https:\/\/swigift.ch\/fr\/produit\/brasserie-tonnebiere-bon-cadeau-suisse-boite-cadeau-personnalisee-cadeau-suisse-local-artisanal\/","og_site_name":"Swigift","article_publisher":"https:\/\/www.facebook.com\/people\/Swigift\/61558610159800\/","article_modified_time":"2026-04-15T02:54:24+00:00","og_image":[{"width":1080,"height":1080,"url":"https:\/\/swigift.ch\/wp-content\/uploads\/2024\/05\/tonnebiere-6.png","type":"image\/png"}],"twitter_card":"summary_large_image","twitter_misc":{"Dur\u00e9e de lecture estim\u00e9e":"3 minutes"},"schema":{"@context":"https:\/\/schema.org","@graph":[{"@type":"WebPage","@id":"https:\/\/swigift.ch\/fr\/produit\/brasserie-tonnebiere-bon-cadeau-suisse-boite-cadeau-personnalisee-cadeau-suisse-local-artisanal\/","url":"https:\/\/swigift.ch\/fr\/produit\/brasserie-tonnebiere-bon-cadeau-suisse-boite-cadeau-personnalisee-cadeau-suisse-local-artisanal\/","name":"Cadeau suisse local artisanal - Swigift - Brasserie Tonnebi\u00e8re (JU)","isPartOf":{"@id":"https:\/\/swigift.ch\/fr\/#website"},"primaryImageOfPage":{"@id":"https:\/\/swigift.ch\/fr\/produit\/brasserie-tonnebiere-bon-cadeau-suisse-boite-cadeau-personnalisee-cadeau-suisse-local-artisanal\/#primaryimage"},"image":{"@id":"https:\/\/swigift.ch\/fr\/produit\/brasserie-tonnebiere-bon-cadeau-suisse-boite-cadeau-personnalisee-cadeau-suisse-local-artisanal\/#primaryimage"},"thumbnailUrl":"https:\/\/swigift.ch\/wp-content\/uploads\/2024\/05\/07-tonnebiere.png","datePublished":"2024-05-24T13:07:05+00:00","dateModified":"2026-04-15T02:54:24+00:00","description":"Un cadeau suisse sur mesure : bo\u00eete cadeau personnalis\u00e9e, bon cadeau et carte de v\u0153ux avec enveloppe au choix, livr\u00e9s express. Cadeau suisse local artisanal","breadcrumb":{"@id":"https:\/\/swigift.ch\/fr\/produit\/brasserie-tonnebiere-bon-cadeau-suisse-boite-cadeau-personnalisee-cadeau-suisse-local-artisanal\/#breadcrumb"},"inLanguage":"fr-FR","potentialAction":[{"@type":"ReadAction","target":["https:\/\/swigift.ch\/fr\/produit\/brasserie-tonnebiere-bon-cadeau-suisse-boite-cadeau-personnalisee-cadeau-suisse-local-artisanal\/"]}]},{"@type":"ImageObject","inLanguage":"fr-FR","@id":"https:\/\/swigift.ch\/fr\/produit\/brasserie-tonnebiere-bon-cadeau-suisse-boite-cadeau-personnalisee-cadeau-suisse-local-artisanal\/#primaryimage","url":"https:\/\/swigift.ch\/wp-content\/uploads\/2024\/05\/07-tonnebiere.png","contentUrl":"https:\/\/swigift.ch\/wp-content\/uploads\/2024\/05\/07-tonnebiere.png","width":1500,"height":1500,"caption":"Swigift- Bon cadeau - La Tonnebi\u00e8re - Bi\u00e8re - livraison rapide suisse"},{"@type":"BreadcrumbList","@id":"https:\/\/swigift.ch\/fr\/produit\/brasserie-tonnebiere-bon-cadeau-suisse-boite-cadeau-personnalisee-cadeau-suisse-local-artisanal\/#breadcrumb","itemListElement":[{"@type":"ListItem","position":1,"name":"Accueil","item":"https:\/\/swigift.ch\/fr\/"},{"@type":"ListItem","position":2,"name":"Boutique","item":"https:\/\/swigift.ch\/boutique-cadeau-suisse-contenu-personnalise\/"},{"@type":"ListItem","position":3,"name":"Brasserie Tonnebi\u00e8re (JU)"}]},{"@type":"WebSite","@id":"https:\/\/swigift.ch\/fr\/#website","url":"https:\/\/swigift.ch\/fr\/","name":"Swigift","description":"Id\u00e9e cadeau personnalis\u00e9","publisher":{"@id":"https:\/\/swigift.ch\/fr\/#organization"},"potentialAction":[{"@type":"SearchAction","target":{"@type":"EntryPoint","urlTemplate":"https:\/\/swigift.ch\/fr\/?s={search_term_string}"},"query-input":{"@type":"PropertyValueSpecification","valueRequired":true,"valueName":"search_term_string"}}],"inLanguage":"fr-FR"},{"@type":"Organization","@id":"https:\/\/swigift.ch\/fr\/#organization","name":"Id\u00e9e cadeau originale suisse, une boite contenant un bon cadeau local, une carte de voeux personnalis\u00e9e et plus encore","alternateName":"Boites cadeaux personnalis\u00e9es avec bon cadeau commerces Suisse et carte de voeux personnalis\u00e9e, livraison rapide en Suisse.","url":"https:\/\/swigift.ch\/fr\/","logo":{"@type":"ImageObject","inLanguage":"fr-FR","@id":"https:\/\/swigift.ch\/fr\/#\/schema\/logo\/image\/","url":"https:\/\/swigift.ch\/wp-content\/uploads\/2024\/02\/swigift-logo-carte.png","contentUrl":"https:\/\/swigift.ch\/wp-content\/uploads\/2024\/02\/swigift-logo-carte.png","width":300,"height":412,"caption":"Id\u00e9e cadeau originale suisse, une boite contenant un bon cadeau local, une carte de voeux personnalis\u00e9e et plus encore"},"image":{"@id":"https:\/\/swigift.ch\/fr\/#\/schema\/logo\/image\/"},"sameAs":["https:\/\/www.facebook.com\/people\/Swigift\/61558610159800\/","https:\/\/www.instagram.com\/swigift.ch\/","https:\/\/www.linkedin.com\/company\/swigift\/"]}]}},"_links":{"self":[{"href":"https:\/\/swigift.ch\/fr\/wp-json\/wp\/v2\/product\/30829","targetHints":{"allow":["GET"]}}],"collection":[{"href":"https:\/\/swigift.ch\/fr\/wp-json\/wp\/v2\/product"}],"about":[{"href":"https:\/\/swigift.ch\/fr\/wp-json\/wp\/v2\/types\/product"}],"replies":[{"embeddable":true,"href":"https:\/\/swigift.ch\/fr\/wp-json\/wp\/v2\/comments?post=30829"}],"version-history":[{"count":0,"href":"https:\/\/swigift.ch\/fr\/wp-json\/wp\/v2\/product\/30829\/revisions"}],"wp:featuredmedia":[{"embeddable":true,"href":"https:\/\/swigift.ch\/fr\/wp-json\/wp\/v2\/media\/32550"}],"wp:attachment":[{"href":"https:\/\/swigift.ch\/fr\/wp-json\/wp\/v2\/media?parent=30829"}],"wp:term":[{"taxonomy":"product_brand","embeddable":true,"href":"https:\/\/swigift.ch\/fr\/wp-json\/wp\/v2\/product_brand?post=30829"},{"taxonomy":"product_cat","embeddable":true,"href":"https:\/\/swigift.ch\/fr\/wp-json\/wp\/v2\/product_cat?post=30829"},{"taxonomy":"product_tag","embeddable":true,"href":"https:\/\/swigift.ch\/fr\/wp-json\/wp\/v2\/product_tag?post=30829"}],"curies":[{"name":"wp","href":"https:\/\/api.w.org\/{rel}","templated":true}]}}