{"id":30351,"date":"2024-05-15T20:52:55","date_gmt":"2024-05-15T18:52:55","guid":{"rendered":"https:\/\/swigift.ch\/?post_type=product&#038;p=30351"},"modified":"2025-10-03T11:45:29","modified_gmt":"2025-10-03T09:45:29","slug":"institut-pause-douceur-bon-cadeau-suisse-soins-boite-cadeau-personnalisee","status":"publish","type":"product","link":"https:\/\/swigift.ch\/fr\/produit\/institut-pause-douceur-bon-cadeau-suisse-soins-boite-cadeau-personnalisee\/","title":{"rendered":"Institut Pause Douceur (FR)"},"content":{"rendered":"<h4><strong>Bon cadeau \u00e0 l\u2019Institut Pause Douceur (Canton de Fribourg)<\/strong><\/h4>\n<p><span class=\"OYPEnA font-feature-liga-off font-feature-clig-off font-feature-calt-off text-decoration-none text-strikethrough-none\">\u00cates-vous \u00e0 la recherche d&rsquo;un joli cadeau suisse dans le domaine des soins et de la beaut\u00e9 ?<\/span><\/p>\n<p>L\u2019Institut Pause Douceur, c\u2019est <strong>prendre soin de soi<\/strong>, avec des produits biologiques et professionnels afin de respecter sa peau et son \u00eatre dans son ensemble ainsi que son environnement !<\/p>\n<p>Des soins du visage apaisants et cibl\u00e9s, des soins du corps et tout ce qu\u2019il faut pour <strong>satisfaire<\/strong> toutes les pr\u00e9f\u00e9rences.<\/p>\n<p>Un bon cadeau id\u00e9al pour offrir un moment de bien-\u00eatre.<\/p>\n<ul>\n<li><strong>Avec un bon cadeau, le destinataire a la possibilit\u00e9 de choisir parmi :<\/strong>\n<ul>\n<li>Les diff\u00e9rentes prestations propos\u00e9es par l&rsquo;institut<\/li>\n<\/ul>\n<\/li>\n<li><strong>Les bons sont utilisables : <\/strong>\n<ul>\n<li>Sur place<\/li>\n<\/ul>\n<\/li>\n<li><strong>Dur\u00e9e de validit\u00e9 <\/strong>:\n<ul>\n<li>1 an<\/li>\n<\/ul>\n<\/li>\n<\/ul>\n<p>&nbsp;<\/p>\n<p><a href=\"https:\/\/swigift.ch\/faq\/\">Une demande sp\u00e9ciale ? Contactez-nous ici \ud83d\ude42<\/a><\/p>\n<p>&nbsp;<\/p>\n<p>Institut Pause Douceur<br \/>\nGrand-Rue 57<br \/>\n1700 Fribourg<\/p>\n<p><a href=\"https:\/\/institut-pause-douceur.ch\/\" target=\"_blank\" rel=\"noopener\">Lien du site<\/a><\/p>\n<p>&nbsp;<\/p>\n<h4><strong>Swigift, le cadeau suisse personnalis\u00e9, rapide et sur-mesure<\/strong><\/h4>\n<p>Swigift vous propose un coffret cadeau suisse contenant un <strong>bon cadeau valeur de votre choix<\/strong>, par exemple un bon cadeau suisse dans le milieu des soins, avec l\u2019<strong>Institut Pause Douceur (FR), <\/strong>mais pas seulement !<\/p>\n<p>Une fois le bon cadeau suisse choisi, s\u00e9lectionnez une <strong>couleur d&rsquo;enveloppe<\/strong>, qui sera pour<strong> la carte cadeau<\/strong> que vous cr\u00e9erez \u00e0 l&rsquo;\u00e9tape suivante.<\/p>\n<p>Une fois dans le panier de commande, indiquez date de livraison et adresse d&rsquo;exp\u00e9dition suisse. <strong>Livraison rapide en 24h<\/strong> en commandant du lundi au vendredi avant 16h00 (sous conditions).<\/p>\n<p>Le destinataire recevra une bo\u00eete cadeau d\u2019exp\u00e9dition cachant de belles surprises d\u00e8s son ouverture ! Les cadeaux que vous avez choisis et cr\u00e9\u00e9s, accompagn\u00e9s d&rsquo;un support en bois pour la carte, seront <strong>soigneusement dispos\u00e9s<\/strong>.<\/p>\n<p>Le destinataire pourra exposer la<strong> carte cadeau<\/strong> et <strong>profiter du superbe bon cadeau suisse<\/strong> que vous avez choisi.<\/p>\n<p>Swigift, le cadeau suisse id\u00e9al <strong>pour toutes les occasions<\/strong>.<\/p>\n<p>&nbsp;<\/p>\n<h4><strong>Pour quelles occasions<\/strong><\/h4>\n<p>Toutes les occasions, que vous ayez besoin d&rsquo;un cadeau d&rsquo;anniversaire, cadeau de mariage, cadeau de naissance, cadeau de r\u00e9ussite, cadeau de retraite, cadeau f\u00eate de fin d&rsquo;ann\u00e9e ou uniquement envie de faire plaisir !<\/p>\n<p>Peu importe que vous voyagiez, soyez en d\u00e9placement, que vous r\u00e9sidiez en tant qu&rsquo;expatri\u00e9 suisse en qu\u00eate d&rsquo;une id\u00e9e cadeau suisse, ou que vous \u00eates simplement loin d\u2019un proche, <strong>Swigift saura r\u00e9pondre \u00e0 vos besoins<\/strong> !<\/p>\n<p>Moderne et intuitif, Swigift se d\u00e9marque par son offre compl\u00e8te, imaginative et \u00e9motionnelle, qui nous simplifie la vie.<\/p>\n<p>&nbsp;<\/p>\n<p><a href=\"https:\/\/swigift.ch\/faq\/\">J\u2019aimerais consulter la page FAQ\u00a0<img decoding=\"async\" class=\"emoji\" role=\"img\" draggable=\"false\" src=\"https:\/\/s.w.org\/images\/core\/emoji\/15.0.3\/svg\/1f642.svg\" alt=\"\ud83d\ude42\" \/><\/a><\/p>\n<p>&nbsp;<\/p>\n<p>Boites cadeaux personnalis\u00e9es Bon cadeau suisse Institut Pause Douceur (FR)<\/p>\n<p>Boites cadeaux suisses personnalis\u00e9es Swigift, id\u00e9e cadeau pour un Suisse.<\/p>\n<p>Bon Cadeau Suisse Soins, envoy\u00e9 \u00e0 distance.<\/p>\n<p>Les CGV font foi.<\/p>\n","protected":false},"excerpt":{"rendered":"<p>Un bon cadeau id\u00e9al pour offrir un moment de bien-\u00eatre.<\/p>\n","protected":false},"featured_media":32526,"comment_status":"open","ping_status":"closed","template":"","meta":[],"product_brand":[],"product_cat":[30,36],"product_tag":[],"class_list":{"0":"post-30351","1":"product","2":"type-product","3":"status-publish","4":"has-post-thumbnail","6":"product_cat-beaute-et-bien-etre","7":"product_cat-tous","8":"product_shipping_class-swigift-1-boite-complete","10":"first","11":"instock","12":"purchasable","13":"product-type-variable"},"yoast_head":"<!-- This site is optimized with the Yoast SEO plugin v26.9 - https:\/\/yoast.com\/product\/yoast-seo-wordpress\/ -->\n<title>Bon Cadeau Suisse Soins - Swigift Institut Pause Douceur (FR)<\/title>\n<meta name=\"description\" content=\"La bo\u00eete cadeau suisse parfaite avec bon cadeau et carte de v\u0153ux personnalis\u00e9e, livr\u00e9e rapidement pour faire plaisir instantan\u00e9ment.\" \/>\n<meta name=\"robots\" content=\"index, follow, max-snippet:-1, max-image-preview:large, max-video-preview:-1\" \/>\n<link rel=\"canonical\" href=\"https:\/\/swigift.ch\/fr\/produit\/institut-pause-douceur-bon-cadeau-suisse-soins-boite-cadeau-personnalisee\/\" \/>\n<meta property=\"og:locale\" content=\"fr_FR\" \/>\n<meta property=\"og:type\" content=\"article\" \/>\n<meta property=\"og:title\" content=\"Bon Cadeau Suisse Soins - Swigift Institut Pause Douceur (FR)\" \/>\n<meta property=\"og:description\" content=\"La bo\u00eete cadeau suisse parfaite avec bon cadeau et carte de v\u0153ux personnalis\u00e9e, livr\u00e9e rapidement pour faire plaisir instantan\u00e9ment.\" \/>\n<meta property=\"og:url\" content=\"https:\/\/swigift.ch\/fr\/produit\/institut-pause-douceur-bon-cadeau-suisse-soins-boite-cadeau-personnalisee\/\" \/>\n<meta property=\"og:site_name\" content=\"Swigift\" \/>\n<meta property=\"article:publisher\" content=\"https:\/\/www.facebook.com\/people\/Swigift\/61558610159800\/\" \/>\n<meta property=\"article:modified_time\" content=\"2025-10-03T09:45:29+00:00\" \/>\n<meta property=\"og:image\" content=\"https:\/\/swigift.ch\/wp-content\/uploads\/2024\/05\/3-3.png\" \/>\n\t<meta property=\"og:image:width\" content=\"1080\" \/>\n\t<meta property=\"og:image:height\" content=\"1080\" \/>\n\t<meta property=\"og:image:type\" content=\"image\/png\" \/>\n<meta name=\"twitter:card\" content=\"summary_large_image\" \/>\n<meta name=\"twitter:label1\" content=\"Dur\u00e9e de lecture estim\u00e9e\" \/>\n\t<meta name=\"twitter:data1\" content=\"3 minutes\" \/>\n<script type=\"application\/ld+json\" class=\"yoast-schema-graph\">{\"@context\":\"https:\/\/schema.org\",\"@graph\":[{\"@type\":\"WebPage\",\"@id\":\"https:\/\/swigift.ch\/fr\/produit\/institut-pause-douceur-bon-cadeau-suisse-soins-boite-cadeau-personnalisee\/\",\"url\":\"https:\/\/swigift.ch\/fr\/produit\/institut-pause-douceur-bon-cadeau-suisse-soins-boite-cadeau-personnalisee\/\",\"name\":\"Bon Cadeau Suisse Soins - Swigift Institut Pause Douceur (FR)\",\"isPartOf\":{\"@id\":\"https:\/\/swigift.ch\/fr\/#website\"},\"primaryImageOfPage\":{\"@id\":\"https:\/\/swigift.ch\/fr\/produit\/institut-pause-douceur-bon-cadeau-suisse-soins-boite-cadeau-personnalisee\/#primaryimage\"},\"image\":{\"@id\":\"https:\/\/swigift.ch\/fr\/produit\/institut-pause-douceur-bon-cadeau-suisse-soins-boite-cadeau-personnalisee\/#primaryimage\"},\"thumbnailUrl\":\"https:\/\/swigift.ch\/wp-content\/uploads\/2024\/05\/16-institut-pause-douceur.png\",\"datePublished\":\"2024-05-15T18:52:55+00:00\",\"dateModified\":\"2025-10-03T09:45:29+00:00\",\"description\":\"La bo\u00eete cadeau suisse parfaite avec bon cadeau et carte de v\u0153ux personnalis\u00e9e, livr\u00e9e rapidement pour faire plaisir instantan\u00e9ment.\",\"breadcrumb\":{\"@id\":\"https:\/\/swigift.ch\/fr\/produit\/institut-pause-douceur-bon-cadeau-suisse-soins-boite-cadeau-personnalisee\/#breadcrumb\"},\"inLanguage\":\"fr-FR\",\"potentialAction\":[{\"@type\":\"ReadAction\",\"target\":[\"https:\/\/swigift.ch\/fr\/produit\/institut-pause-douceur-bon-cadeau-suisse-soins-boite-cadeau-personnalisee\/\"]}]},{\"@type\":\"ImageObject\",\"inLanguage\":\"fr-FR\",\"@id\":\"https:\/\/swigift.ch\/fr\/produit\/institut-pause-douceur-bon-cadeau-suisse-soins-boite-cadeau-personnalisee\/#primaryimage\",\"url\":\"https:\/\/swigift.ch\/wp-content\/uploads\/2024\/05\/16-institut-pause-douceur.png\",\"contentUrl\":\"https:\/\/swigift.ch\/wp-content\/uploads\/2024\/05\/16-institut-pause-douceur.png\",\"width\":1500,\"height\":1500,\"caption\":\"Swigift- Bon cadeau - Institut Pause Douceur - Soins - Livraison rapide - Bon cadeau suisse soins\"},{\"@type\":\"BreadcrumbList\",\"@id\":\"https:\/\/swigift.ch\/fr\/produit\/institut-pause-douceur-bon-cadeau-suisse-soins-boite-cadeau-personnalisee\/#breadcrumb\",\"itemListElement\":[{\"@type\":\"ListItem\",\"position\":1,\"name\":\"Accueil\",\"item\":\"https:\/\/swigift.ch\/fr\/\"},{\"@type\":\"ListItem\",\"position\":2,\"name\":\"Boutique\",\"item\":\"https:\/\/swigift.ch\/boutique-cadeau-suisse-contenu-personnalise\/\"},{\"@type\":\"ListItem\",\"position\":3,\"name\":\"Institut Pause Douceur (FR)\"}]},{\"@type\":\"WebSite\",\"@id\":\"https:\/\/swigift.ch\/fr\/#website\",\"url\":\"https:\/\/swigift.ch\/fr\/\",\"name\":\"Swigift\",\"description\":\"Id\u00e9e cadeau personnalis\u00e9\",\"publisher\":{\"@id\":\"https:\/\/swigift.ch\/fr\/#organization\"},\"potentialAction\":[{\"@type\":\"SearchAction\",\"target\":{\"@type\":\"EntryPoint\",\"urlTemplate\":\"https:\/\/swigift.ch\/fr\/?s={search_term_string}\"},\"query-input\":{\"@type\":\"PropertyValueSpecification\",\"valueRequired\":true,\"valueName\":\"search_term_string\"}}],\"inLanguage\":\"fr-FR\"},{\"@type\":\"Organization\",\"@id\":\"https:\/\/swigift.ch\/fr\/#organization\",\"name\":\"Id\u00e9e cadeau originale suisse, une boite contenant un bon cadeau local, une carte de voeux personnalis\u00e9e et plus encore\",\"alternateName\":\"Boites cadeaux personnalis\u00e9es avec bon cadeau commerces Suisse et carte de voeux personnalis\u00e9e, livraison rapide en Suisse.\",\"url\":\"https:\/\/swigift.ch\/fr\/\",\"logo\":{\"@type\":\"ImageObject\",\"inLanguage\":\"fr-FR\",\"@id\":\"https:\/\/swigift.ch\/fr\/#\/schema\/logo\/image\/\",\"url\":\"https:\/\/swigift.ch\/wp-content\/uploads\/2024\/02\/swigift-logo-carte.png\",\"contentUrl\":\"https:\/\/swigift.ch\/wp-content\/uploads\/2024\/02\/swigift-logo-carte.png\",\"width\":300,\"height\":412,\"caption\":\"Id\u00e9e cadeau originale suisse, une boite contenant un bon cadeau local, une carte de voeux personnalis\u00e9e et plus encore\"},\"image\":{\"@id\":\"https:\/\/swigift.ch\/fr\/#\/schema\/logo\/image\/\"},\"sameAs\":[\"https:\/\/www.facebook.com\/people\/Swigift\/61558610159800\/\",\"https:\/\/www.instagram.com\/swigift.ch\/\",\"https:\/\/www.linkedin.com\/company\/swigift\/\"]}]}<\/script>\n<!-- \/ Yoast SEO plugin. -->","yoast_head_json":{"title":"Bon Cadeau Suisse Soins - Swigift Institut Pause Douceur (FR)","description":"La bo\u00eete cadeau suisse parfaite avec bon cadeau et carte de v\u0153ux personnalis\u00e9e, livr\u00e9e rapidement pour faire plaisir instantan\u00e9ment.","robots":{"index":"index","follow":"follow","max-snippet":"max-snippet:-1","max-image-preview":"max-image-preview:large","max-video-preview":"max-video-preview:-1"},"canonical":"https:\/\/swigift.ch\/fr\/produit\/institut-pause-douceur-bon-cadeau-suisse-soins-boite-cadeau-personnalisee\/","og_locale":"fr_FR","og_type":"article","og_title":"Bon Cadeau Suisse Soins - Swigift Institut Pause Douceur (FR)","og_description":"La bo\u00eete cadeau suisse parfaite avec bon cadeau et carte de v\u0153ux personnalis\u00e9e, livr\u00e9e rapidement pour faire plaisir instantan\u00e9ment.","og_url":"https:\/\/swigift.ch\/fr\/produit\/institut-pause-douceur-bon-cadeau-suisse-soins-boite-cadeau-personnalisee\/","og_site_name":"Swigift","article_publisher":"https:\/\/www.facebook.com\/people\/Swigift\/61558610159800\/","article_modified_time":"2025-10-03T09:45:29+00:00","og_image":[{"width":1080,"height":1080,"url":"https:\/\/swigift.ch\/wp-content\/uploads\/2024\/05\/3-3.png","type":"image\/png"}],"twitter_card":"summary_large_image","twitter_misc":{"Dur\u00e9e de lecture estim\u00e9e":"3 minutes"},"schema":{"@context":"https:\/\/schema.org","@graph":[{"@type":"WebPage","@id":"https:\/\/swigift.ch\/fr\/produit\/institut-pause-douceur-bon-cadeau-suisse-soins-boite-cadeau-personnalisee\/","url":"https:\/\/swigift.ch\/fr\/produit\/institut-pause-douceur-bon-cadeau-suisse-soins-boite-cadeau-personnalisee\/","name":"Bon Cadeau Suisse Soins - Swigift Institut Pause Douceur (FR)","isPartOf":{"@id":"https:\/\/swigift.ch\/fr\/#website"},"primaryImageOfPage":{"@id":"https:\/\/swigift.ch\/fr\/produit\/institut-pause-douceur-bon-cadeau-suisse-soins-boite-cadeau-personnalisee\/#primaryimage"},"image":{"@id":"https:\/\/swigift.ch\/fr\/produit\/institut-pause-douceur-bon-cadeau-suisse-soins-boite-cadeau-personnalisee\/#primaryimage"},"thumbnailUrl":"https:\/\/swigift.ch\/wp-content\/uploads\/2024\/05\/16-institut-pause-douceur.png","datePublished":"2024-05-15T18:52:55+00:00","dateModified":"2025-10-03T09:45:29+00:00","description":"La bo\u00eete cadeau suisse parfaite avec bon cadeau et carte de v\u0153ux personnalis\u00e9e, livr\u00e9e rapidement pour faire plaisir instantan\u00e9ment.","breadcrumb":{"@id":"https:\/\/swigift.ch\/fr\/produit\/institut-pause-douceur-bon-cadeau-suisse-soins-boite-cadeau-personnalisee\/#breadcrumb"},"inLanguage":"fr-FR","potentialAction":[{"@type":"ReadAction","target":["https:\/\/swigift.ch\/fr\/produit\/institut-pause-douceur-bon-cadeau-suisse-soins-boite-cadeau-personnalisee\/"]}]},{"@type":"ImageObject","inLanguage":"fr-FR","@id":"https:\/\/swigift.ch\/fr\/produit\/institut-pause-douceur-bon-cadeau-suisse-soins-boite-cadeau-personnalisee\/#primaryimage","url":"https:\/\/swigift.ch\/wp-content\/uploads\/2024\/05\/16-institut-pause-douceur.png","contentUrl":"https:\/\/swigift.ch\/wp-content\/uploads\/2024\/05\/16-institut-pause-douceur.png","width":1500,"height":1500,"caption":"Swigift- Bon cadeau - Institut Pause Douceur - Soins - Livraison rapide - Bon cadeau suisse soins"},{"@type":"BreadcrumbList","@id":"https:\/\/swigift.ch\/fr\/produit\/institut-pause-douceur-bon-cadeau-suisse-soins-boite-cadeau-personnalisee\/#breadcrumb","itemListElement":[{"@type":"ListItem","position":1,"name":"Accueil","item":"https:\/\/swigift.ch\/fr\/"},{"@type":"ListItem","position":2,"name":"Boutique","item":"https:\/\/swigift.ch\/boutique-cadeau-suisse-contenu-personnalise\/"},{"@type":"ListItem","position":3,"name":"Institut Pause Douceur (FR)"}]},{"@type":"WebSite","@id":"https:\/\/swigift.ch\/fr\/#website","url":"https:\/\/swigift.ch\/fr\/","name":"Swigift","description":"Id\u00e9e cadeau personnalis\u00e9","publisher":{"@id":"https:\/\/swigift.ch\/fr\/#organization"},"potentialAction":[{"@type":"SearchAction","target":{"@type":"EntryPoint","urlTemplate":"https:\/\/swigift.ch\/fr\/?s={search_term_string}"},"query-input":{"@type":"PropertyValueSpecification","valueRequired":true,"valueName":"search_term_string"}}],"inLanguage":"fr-FR"},{"@type":"Organization","@id":"https:\/\/swigift.ch\/fr\/#organization","name":"Id\u00e9e cadeau originale suisse, une boite contenant un bon cadeau local, une carte de voeux personnalis\u00e9e et plus encore","alternateName":"Boites cadeaux personnalis\u00e9es avec bon cadeau commerces Suisse et carte de voeux personnalis\u00e9e, livraison rapide en Suisse.","url":"https:\/\/swigift.ch\/fr\/","logo":{"@type":"ImageObject","inLanguage":"fr-FR","@id":"https:\/\/swigift.ch\/fr\/#\/schema\/logo\/image\/","url":"https:\/\/swigift.ch\/wp-content\/uploads\/2024\/02\/swigift-logo-carte.png","contentUrl":"https:\/\/swigift.ch\/wp-content\/uploads\/2024\/02\/swigift-logo-carte.png","width":300,"height":412,"caption":"Id\u00e9e cadeau originale suisse, une boite contenant un bon cadeau local, une carte de voeux personnalis\u00e9e et plus encore"},"image":{"@id":"https:\/\/swigift.ch\/fr\/#\/schema\/logo\/image\/"},"sameAs":["https:\/\/www.facebook.com\/people\/Swigift\/61558610159800\/","https:\/\/www.instagram.com\/swigift.ch\/","https:\/\/www.linkedin.com\/company\/swigift\/"]}]}},"_links":{"self":[{"href":"https:\/\/swigift.ch\/fr\/wp-json\/wp\/v2\/product\/30351","targetHints":{"allow":["GET"]}}],"collection":[{"href":"https:\/\/swigift.ch\/fr\/wp-json\/wp\/v2\/product"}],"about":[{"href":"https:\/\/swigift.ch\/fr\/wp-json\/wp\/v2\/types\/product"}],"replies":[{"embeddable":true,"href":"https:\/\/swigift.ch\/fr\/wp-json\/wp\/v2\/comments?post=30351"}],"version-history":[{"count":0,"href":"https:\/\/swigift.ch\/fr\/wp-json\/wp\/v2\/product\/30351\/revisions"}],"wp:featuredmedia":[{"embeddable":true,"href":"https:\/\/swigift.ch\/fr\/wp-json\/wp\/v2\/media\/32526"}],"wp:attachment":[{"href":"https:\/\/swigift.ch\/fr\/wp-json\/wp\/v2\/media?parent=30351"}],"wp:term":[{"taxonomy":"product_brand","embeddable":true,"href":"https:\/\/swigift.ch\/fr\/wp-json\/wp\/v2\/product_brand?post=30351"},{"taxonomy":"product_cat","embeddable":true,"href":"https:\/\/swigift.ch\/fr\/wp-json\/wp\/v2\/product_cat?post=30351"},{"taxonomy":"product_tag","embeddable":true,"href":"https:\/\/swigift.ch\/fr\/wp-json\/wp\/v2\/product_tag?post=30351"}],"curies":[{"name":"wp","href":"https:\/\/api.w.org\/{rel}","templated":true}]}}