{"id":30291,"date":"2024-05-15T16:41:50","date_gmt":"2024-05-15T14:41:50","guid":{"rendered":"https:\/\/swigift.ch\/?post_type=product&#038;p=30291"},"modified":"2025-10-03T11:45:11","modified_gmt":"2025-10-03T09:45:11","slug":"latelier-oenoludique-idees-cadeaux-bon-cadeau-suisse-boite-cadeau-original-personnalise-oenologie","status":"publish","type":"product","link":"https:\/\/swigift.ch\/fr\/produit\/latelier-oenoludique-idees-cadeaux-bon-cadeau-suisse-boite-cadeau-original-personnalise-oenologie\/","title":{"rendered":"L&rsquo;Atelier Oeno&rsquo;ludique (VD)"},"content":{"rendered":"<h4><strong>Bon cadeau \u00e0 L&rsquo;ATELIER Oeno&rsquo;ludique (Canton de Vaud)<\/strong><\/h4>\n<p>\u00cates-vous en qu\u00eate d&rsquo;un cadeau suisse original et m\u00e9morable, tel que des cours d&rsquo;oenologie pr\u00e9sent\u00e9s de mani\u00e8re ludique ?<\/p>\n<p>L&rsquo;Atelier Oeno&rsquo;ludique se distingue par son <strong>approche novatrice<\/strong>, en proposant des ateliers d&rsquo;\u0153nologie afin de s\u2019initier au monde du vin de fa\u00e7on originale, et avec des vins 100% suisses de haute qualit\u00e9.<\/p>\n<p>Utiliser <strong>ses sens<\/strong> en d\u00e9gustation, d\u00e9mystifier le vin, apprendre \u00e0 en parler et \u00e0 l&rsquo;appr\u00e9cier sans faire de grands po\u00e8mes.<\/p>\n<p>Les m\u00e9thodes propos\u00e9es par L&rsquo;Atelier Oeno&rsquo;ludique : le jeu et la convivialit\u00e9 ! <strong>D\u00e9couverte<\/strong> et initiation, balade \u00e0 Lavaux, visite de cave interactive, cr\u00e9a \u2018mill\u00e9sime, etc., les ateliers s&rsquo;adaptent \u00e0 tous les niveaux.<\/p>\n<p>Un bon cadeau id\u00e9al pour tous les passionn\u00e9s de vin souhaitant explorer l&rsquo;\u0153nologie de mani\u00e8re originale.<\/p>\n<ul>\n<li><strong>Avec un bon cadeau, le destinataire a la possibilit\u00e9 de choisir parmi :<\/strong>\n<ul>\n<li>Atelier d\u00e9couverte et initiation (90 chf)<\/li>\n<li>Balade Oeno&rsquo;ludique (60 chf)<\/li>\n<li>Cr\u00e9a&rsquo;mill\u00e9sime (90 chf)<\/li>\n<li>Visite de cave interactive (40 chf)<\/li>\n<li>D\u00e9gustations de chasselas et de vins blanc (45 chf)<\/li>\n<\/ul>\n<\/li>\n<li><strong>Les bons sont utilisables : <\/strong>\n<ul>\n<li>Commande en ligne ou par e-mail<\/li>\n<\/ul>\n<\/li>\n<li><strong>Dur\u00e9e de validit\u00e9 <\/strong>:\n<ul>\n<li>2 ans<\/li>\n<\/ul>\n<\/li>\n<li><strong>Important\u00a0<\/strong>:\n<ul>\n<li>Valable pour tous les cours publics propos\u00e9s.<\/li>\n<\/ul>\n<\/li>\n<\/ul>\n<p>&nbsp;<\/p>\n<p><a href=\"https:\/\/swigift.ch\/faq\/\">Une demande sp\u00e9ciale ? Contactez-nous ici \ud83d\ude42<\/a><\/p>\n<p>&nbsp;<\/p>\n<p>L&rsquo;Atelier Oeno&rsquo;ludique<br \/>\nRue Davel 3<br \/>\n1097 Riex ( Lavaux )<\/p>\n<p><a href=\"https:\/\/www.atelier-oenoludique.ch\/\" target=\"_blank\" rel=\"noopener\">Lien du site<\/a><\/p>\n<p>&nbsp;<\/p>\n<h4><strong>Swigift, le cadeau suisse personnalis\u00e9, rapide et sur-mesure<\/strong><\/h4>\n<p>Swigift vous propose un coffret cadeau suisse contenant un <strong>bon cadeau valeur de votre choix<\/strong>, par exemple pour un bon cadeau suisse original d&rsquo;oenologie, avec <strong>l&rsquo;Atelier Oeno&rsquo;ludique, <\/strong>mais pas seulement !<\/p>\n<p>Une fois le bon cadeau suisse choisi, s\u00e9lectionnez une <strong>couleur d&rsquo;enveloppe<\/strong>, qui sera pour<strong> la carte cadeau<\/strong> que vous cr\u00e9erez \u00e0 l&rsquo;\u00e9tape suivante.<\/p>\n<p>Une fois dans le panier de commande, indiquez date de livraison et adresse d&rsquo;exp\u00e9dition suisse. <strong>Livraison rapide en 24h<\/strong> en commandant du lundi au vendredi avant 16h00 (sous conditions).<\/p>\n<p>Le destinataire recevra une bo\u00eete cadeau d\u2019exp\u00e9dition cachant de belles surprises d\u00e8s son ouverture ! Les cadeaux que vous avez choisis et cr\u00e9\u00e9s, accompagn\u00e9s d&rsquo;un support en bois pour la carte, seront <strong>soigneusement dispos\u00e9s<\/strong>.<\/p>\n<p>Le destinataire pourra exposer la<strong> carte cadeau<\/strong> et <strong>profiter du superbe bon cadeau suisse<\/strong> que vous avez choisi.<\/p>\n<p>Swigift, le cadeau suisse id\u00e9al <strong>pour toutes les occasions<\/strong>.<\/p>\n<p>&nbsp;<\/p>\n<h4><strong>Pour quelles occasions<\/strong><\/h4>\n<p>Toutes les occasions, que vous ayez besoin d&rsquo;un cadeau d&rsquo;anniversaire, cadeau de mariage, cadeau de naissance, cadeau de r\u00e9ussite, cadeau de retraite, cadeau f\u00eate de fin d&rsquo;ann\u00e9e ou uniquement envie de faire plaisir !<\/p>\n<p>Peu importe que vous voyagiez, soyez en d\u00e9placement, que vous r\u00e9sidiez en tant qu&rsquo;expatri\u00e9 suisse en qu\u00eate d&rsquo;une id\u00e9e cadeau suisse, ou que vous \u00eates simplement loin d\u2019un proche, <strong>Swigift saura r\u00e9pondre \u00e0 vos besoins<\/strong> !<\/p>\n<p>Moderne et intuitif, Swigift se d\u00e9marque par son offre compl\u00e8te, imaginative et \u00e9motionnelle, qui nous simplifie la vie.<\/p>\n<p>&nbsp;<\/p>\n<p><a href=\"https:\/\/swigift.ch\/faq\/\">J\u2019aimerais consulter la page FAQ\u00a0<img decoding=\"async\" class=\"emoji\" role=\"img\" draggable=\"false\" src=\"https:\/\/s.w.org\/images\/core\/emoji\/15.0.3\/svg\/1f642.svg\" alt=\"\ud83d\ude42\" \/><\/a><\/p>\n<p>&nbsp;<\/p>\n<p>Boites cadeaux personnalis\u00e9es Bon cadeau suisse l&rsquo;Atelier Oeno&rsquo;ludique.<\/p>\n<p>Boites cadeaux suisses personnalis\u00e9es Swigift, id\u00e9e cadeau pour un Suisse.<\/p>\n<p>Cadeau suisse original oenologie, envoy\u00e9 \u00e0 distance.<\/p>\n<p>Les CGV font foi.<\/p>\n","protected":false},"excerpt":{"rendered":"<p>Un bon cadeau id\u00e9al pour toute personnes souhaitant explorer l&rsquo;\u0153nologie de mani\u00e8re originale.<\/p>\n","protected":false},"featured_media":32957,"comment_status":"open","ping_status":"closed","template":"","meta":[],"product_brand":[],"product_cat":[27,31,36],"product_tag":[],"class_list":{"0":"post-30291","1":"product","2":"type-product","3":"status-publish","4":"has-post-thumbnail","6":"product_cat-boire-et-manger","7":"product_cat-divertissement","8":"product_cat-tous","9":"product_shipping_class-swigift-1-boite-complete","11":"first","12":"instock","13":"purchasable","14":"product-type-variable"},"yoast_head":"<!-- This site is optimized with the Yoast SEO plugin v26.9 - https:\/\/yoast.com\/product\/yoast-seo-wordpress\/ -->\n<title>Cadeau suisse original oenologie - Swigift - L&#039;Atelier Oeno&#039;ludique (VD)<\/title>\n<meta name=\"description\" content=\"Une bo\u00eete cadeau suisse sur mesure avec bon cadeau et carte de v\u0153ux personnalis\u00e9e, livr\u00e9e rapidement. Un bon cadeau suisse original au th\u00e8me de l&#039;\u0153nologie\" \/>\n<meta name=\"robots\" content=\"index, follow, max-snippet:-1, max-image-preview:large, max-video-preview:-1\" \/>\n<link rel=\"canonical\" href=\"https:\/\/swigift.ch\/fr\/produit\/latelier-oenoludique-idees-cadeaux-bon-cadeau-suisse-boite-cadeau-original-personnalise-oenologie\/\" \/>\n<meta property=\"og:locale\" content=\"fr_FR\" \/>\n<meta property=\"og:type\" content=\"article\" \/>\n<meta property=\"og:title\" content=\"Cadeau suisse original oenologie - Swigift - L&#039;Atelier Oeno&#039;ludique (VD)\" \/>\n<meta property=\"og:description\" content=\"Une bo\u00eete cadeau suisse sur mesure avec bon cadeau et carte de v\u0153ux personnalis\u00e9e, livr\u00e9e rapidement. Un bon cadeau suisse original au th\u00e8me de l&#039;\u0153nologie\" \/>\n<meta property=\"og:url\" content=\"https:\/\/swigift.ch\/fr\/produit\/latelier-oenoludique-idees-cadeaux-bon-cadeau-suisse-boite-cadeau-original-personnalise-oenologie\/\" \/>\n<meta property=\"og:site_name\" content=\"Swigift\" \/>\n<meta property=\"article:publisher\" content=\"https:\/\/www.facebook.com\/people\/Swigift\/61558610159800\/\" \/>\n<meta property=\"article:modified_time\" content=\"2025-10-03T09:45:11+00:00\" \/>\n<meta property=\"og:image\" content=\"https:\/\/swigift.ch\/wp-content\/uploads\/2024\/05\/5-1-1024x1024.png\" \/>\n\t<meta property=\"og:image:width\" content=\"1024\" \/>\n\t<meta property=\"og:image:height\" content=\"1024\" \/>\n\t<meta property=\"og:image:type\" content=\"image\/png\" \/>\n<meta name=\"twitter:card\" content=\"summary_large_image\" \/>\n<meta name=\"twitter:label1\" content=\"Dur\u00e9e de lecture estim\u00e9e\" \/>\n\t<meta name=\"twitter:data1\" content=\"3 minutes\" \/>\n<script type=\"application\/ld+json\" class=\"yoast-schema-graph\">{\"@context\":\"https:\/\/schema.org\",\"@graph\":[{\"@type\":\"WebPage\",\"@id\":\"https:\/\/swigift.ch\/fr\/produit\/latelier-oenoludique-idees-cadeaux-bon-cadeau-suisse-boite-cadeau-original-personnalise-oenologie\/\",\"url\":\"https:\/\/swigift.ch\/fr\/produit\/latelier-oenoludique-idees-cadeaux-bon-cadeau-suisse-boite-cadeau-original-personnalise-oenologie\/\",\"name\":\"Cadeau suisse original oenologie - Swigift - L'Atelier Oeno'ludique (VD)\",\"isPartOf\":{\"@id\":\"https:\/\/swigift.ch\/fr\/#website\"},\"primaryImageOfPage\":{\"@id\":\"https:\/\/swigift.ch\/fr\/produit\/latelier-oenoludique-idees-cadeaux-bon-cadeau-suisse-boite-cadeau-original-personnalise-oenologie\/#primaryimage\"},\"image\":{\"@id\":\"https:\/\/swigift.ch\/fr\/produit\/latelier-oenoludique-idees-cadeaux-bon-cadeau-suisse-boite-cadeau-original-personnalise-oenologie\/#primaryimage\"},\"thumbnailUrl\":\"https:\/\/swigift.ch\/wp-content\/uploads\/2024\/05\/13-atelier-oenoludique-1.png\",\"datePublished\":\"2024-05-15T14:41:50+00:00\",\"dateModified\":\"2025-10-03T09:45:11+00:00\",\"description\":\"Une bo\u00eete cadeau suisse sur mesure avec bon cadeau et carte de v\u0153ux personnalis\u00e9e, livr\u00e9e rapidement. Un bon cadeau suisse original au th\u00e8me de l'\u0153nologie\",\"breadcrumb\":{\"@id\":\"https:\/\/swigift.ch\/fr\/produit\/latelier-oenoludique-idees-cadeaux-bon-cadeau-suisse-boite-cadeau-original-personnalise-oenologie\/#breadcrumb\"},\"inLanguage\":\"fr-FR\",\"potentialAction\":[{\"@type\":\"ReadAction\",\"target\":[\"https:\/\/swigift.ch\/fr\/produit\/latelier-oenoludique-idees-cadeaux-bon-cadeau-suisse-boite-cadeau-original-personnalise-oenologie\/\"]}]},{\"@type\":\"ImageObject\",\"inLanguage\":\"fr-FR\",\"@id\":\"https:\/\/swigift.ch\/fr\/produit\/latelier-oenoludique-idees-cadeaux-bon-cadeau-suisse-boite-cadeau-original-personnalise-oenologie\/#primaryimage\",\"url\":\"https:\/\/swigift.ch\/wp-content\/uploads\/2024\/05\/13-atelier-oenoludique-1.png\",\"contentUrl\":\"https:\/\/swigift.ch\/wp-content\/uploads\/2024\/05\/13-atelier-oenoludique-1.png\",\"width\":1500,\"height\":1500,\"caption\":\"Swigift- Bon cadeau - Atelier Oeno'ludique - Cadeau original Suisse - livraison rapide\"},{\"@type\":\"BreadcrumbList\",\"@id\":\"https:\/\/swigift.ch\/fr\/produit\/latelier-oenoludique-idees-cadeaux-bon-cadeau-suisse-boite-cadeau-original-personnalise-oenologie\/#breadcrumb\",\"itemListElement\":[{\"@type\":\"ListItem\",\"position\":1,\"name\":\"Accueil\",\"item\":\"https:\/\/swigift.ch\/fr\/\"},{\"@type\":\"ListItem\",\"position\":2,\"name\":\"Boutique\",\"item\":\"https:\/\/swigift.ch\/boutique-cadeau-suisse-contenu-personnalise\/\"},{\"@type\":\"ListItem\",\"position\":3,\"name\":\"L&rsquo;Atelier Oeno&rsquo;ludique (VD)\"}]},{\"@type\":\"WebSite\",\"@id\":\"https:\/\/swigift.ch\/fr\/#website\",\"url\":\"https:\/\/swigift.ch\/fr\/\",\"name\":\"Swigift\",\"description\":\"Id\u00e9e cadeau personnalis\u00e9\",\"publisher\":{\"@id\":\"https:\/\/swigift.ch\/fr\/#organization\"},\"potentialAction\":[{\"@type\":\"SearchAction\",\"target\":{\"@type\":\"EntryPoint\",\"urlTemplate\":\"https:\/\/swigift.ch\/fr\/?s={search_term_string}\"},\"query-input\":{\"@type\":\"PropertyValueSpecification\",\"valueRequired\":true,\"valueName\":\"search_term_string\"}}],\"inLanguage\":\"fr-FR\"},{\"@type\":\"Organization\",\"@id\":\"https:\/\/swigift.ch\/fr\/#organization\",\"name\":\"Id\u00e9e cadeau originale suisse, une boite contenant un bon cadeau local, une carte de voeux personnalis\u00e9e et plus encore\",\"alternateName\":\"Boites cadeaux personnalis\u00e9es avec bon cadeau commerces Suisse et carte de voeux personnalis\u00e9e, livraison rapide en Suisse.\",\"url\":\"https:\/\/swigift.ch\/fr\/\",\"logo\":{\"@type\":\"ImageObject\",\"inLanguage\":\"fr-FR\",\"@id\":\"https:\/\/swigift.ch\/fr\/#\/schema\/logo\/image\/\",\"url\":\"https:\/\/swigift.ch\/wp-content\/uploads\/2024\/02\/swigift-logo-carte.png\",\"contentUrl\":\"https:\/\/swigift.ch\/wp-content\/uploads\/2024\/02\/swigift-logo-carte.png\",\"width\":300,\"height\":412,\"caption\":\"Id\u00e9e cadeau originale suisse, une boite contenant un bon cadeau local, une carte de voeux personnalis\u00e9e et plus encore\"},\"image\":{\"@id\":\"https:\/\/swigift.ch\/fr\/#\/schema\/logo\/image\/\"},\"sameAs\":[\"https:\/\/www.facebook.com\/people\/Swigift\/61558610159800\/\",\"https:\/\/www.instagram.com\/swigift.ch\/\",\"https:\/\/www.linkedin.com\/company\/swigift\/\"]}]}<\/script>\n<!-- \/ Yoast SEO plugin. -->","yoast_head_json":{"title":"Cadeau suisse original oenologie - Swigift - L'Atelier Oeno'ludique (VD)","description":"Une bo\u00eete cadeau suisse sur mesure avec bon cadeau et carte de v\u0153ux personnalis\u00e9e, livr\u00e9e rapidement. Un bon cadeau suisse original au th\u00e8me de l'\u0153nologie","robots":{"index":"index","follow":"follow","max-snippet":"max-snippet:-1","max-image-preview":"max-image-preview:large","max-video-preview":"max-video-preview:-1"},"canonical":"https:\/\/swigift.ch\/fr\/produit\/latelier-oenoludique-idees-cadeaux-bon-cadeau-suisse-boite-cadeau-original-personnalise-oenologie\/","og_locale":"fr_FR","og_type":"article","og_title":"Cadeau suisse original oenologie - Swigift - L'Atelier Oeno'ludique (VD)","og_description":"Une bo\u00eete cadeau suisse sur mesure avec bon cadeau et carte de v\u0153ux personnalis\u00e9e, livr\u00e9e rapidement. Un bon cadeau suisse original au th\u00e8me de l'\u0153nologie","og_url":"https:\/\/swigift.ch\/fr\/produit\/latelier-oenoludique-idees-cadeaux-bon-cadeau-suisse-boite-cadeau-original-personnalise-oenologie\/","og_site_name":"Swigift","article_publisher":"https:\/\/www.facebook.com\/people\/Swigift\/61558610159800\/","article_modified_time":"2025-10-03T09:45:11+00:00","og_image":[{"width":1024,"height":1024,"url":"https:\/\/swigift.ch\/wp-content\/uploads\/2024\/05\/5-1-1024x1024.png","type":"image\/png"}],"twitter_card":"summary_large_image","twitter_misc":{"Dur\u00e9e de lecture estim\u00e9e":"3 minutes"},"schema":{"@context":"https:\/\/schema.org","@graph":[{"@type":"WebPage","@id":"https:\/\/swigift.ch\/fr\/produit\/latelier-oenoludique-idees-cadeaux-bon-cadeau-suisse-boite-cadeau-original-personnalise-oenologie\/","url":"https:\/\/swigift.ch\/fr\/produit\/latelier-oenoludique-idees-cadeaux-bon-cadeau-suisse-boite-cadeau-original-personnalise-oenologie\/","name":"Cadeau suisse original oenologie - Swigift - L'Atelier Oeno'ludique (VD)","isPartOf":{"@id":"https:\/\/swigift.ch\/fr\/#website"},"primaryImageOfPage":{"@id":"https:\/\/swigift.ch\/fr\/produit\/latelier-oenoludique-idees-cadeaux-bon-cadeau-suisse-boite-cadeau-original-personnalise-oenologie\/#primaryimage"},"image":{"@id":"https:\/\/swigift.ch\/fr\/produit\/latelier-oenoludique-idees-cadeaux-bon-cadeau-suisse-boite-cadeau-original-personnalise-oenologie\/#primaryimage"},"thumbnailUrl":"https:\/\/swigift.ch\/wp-content\/uploads\/2024\/05\/13-atelier-oenoludique-1.png","datePublished":"2024-05-15T14:41:50+00:00","dateModified":"2025-10-03T09:45:11+00:00","description":"Une bo\u00eete cadeau suisse sur mesure avec bon cadeau et carte de v\u0153ux personnalis\u00e9e, livr\u00e9e rapidement. Un bon cadeau suisse original au th\u00e8me de l'\u0153nologie","breadcrumb":{"@id":"https:\/\/swigift.ch\/fr\/produit\/latelier-oenoludique-idees-cadeaux-bon-cadeau-suisse-boite-cadeau-original-personnalise-oenologie\/#breadcrumb"},"inLanguage":"fr-FR","potentialAction":[{"@type":"ReadAction","target":["https:\/\/swigift.ch\/fr\/produit\/latelier-oenoludique-idees-cadeaux-bon-cadeau-suisse-boite-cadeau-original-personnalise-oenologie\/"]}]},{"@type":"ImageObject","inLanguage":"fr-FR","@id":"https:\/\/swigift.ch\/fr\/produit\/latelier-oenoludique-idees-cadeaux-bon-cadeau-suisse-boite-cadeau-original-personnalise-oenologie\/#primaryimage","url":"https:\/\/swigift.ch\/wp-content\/uploads\/2024\/05\/13-atelier-oenoludique-1.png","contentUrl":"https:\/\/swigift.ch\/wp-content\/uploads\/2024\/05\/13-atelier-oenoludique-1.png","width":1500,"height":1500,"caption":"Swigift- Bon cadeau - Atelier Oeno'ludique - Cadeau original Suisse - livraison rapide"},{"@type":"BreadcrumbList","@id":"https:\/\/swigift.ch\/fr\/produit\/latelier-oenoludique-idees-cadeaux-bon-cadeau-suisse-boite-cadeau-original-personnalise-oenologie\/#breadcrumb","itemListElement":[{"@type":"ListItem","position":1,"name":"Accueil","item":"https:\/\/swigift.ch\/fr\/"},{"@type":"ListItem","position":2,"name":"Boutique","item":"https:\/\/swigift.ch\/boutique-cadeau-suisse-contenu-personnalise\/"},{"@type":"ListItem","position":3,"name":"L&rsquo;Atelier Oeno&rsquo;ludique (VD)"}]},{"@type":"WebSite","@id":"https:\/\/swigift.ch\/fr\/#website","url":"https:\/\/swigift.ch\/fr\/","name":"Swigift","description":"Id\u00e9e cadeau personnalis\u00e9","publisher":{"@id":"https:\/\/swigift.ch\/fr\/#organization"},"potentialAction":[{"@type":"SearchAction","target":{"@type":"EntryPoint","urlTemplate":"https:\/\/swigift.ch\/fr\/?s={search_term_string}"},"query-input":{"@type":"PropertyValueSpecification","valueRequired":true,"valueName":"search_term_string"}}],"inLanguage":"fr-FR"},{"@type":"Organization","@id":"https:\/\/swigift.ch\/fr\/#organization","name":"Id\u00e9e cadeau originale suisse, une boite contenant un bon cadeau local, une carte de voeux personnalis\u00e9e et plus encore","alternateName":"Boites cadeaux personnalis\u00e9es avec bon cadeau commerces Suisse et carte de voeux personnalis\u00e9e, livraison rapide en Suisse.","url":"https:\/\/swigift.ch\/fr\/","logo":{"@type":"ImageObject","inLanguage":"fr-FR","@id":"https:\/\/swigift.ch\/fr\/#\/schema\/logo\/image\/","url":"https:\/\/swigift.ch\/wp-content\/uploads\/2024\/02\/swigift-logo-carte.png","contentUrl":"https:\/\/swigift.ch\/wp-content\/uploads\/2024\/02\/swigift-logo-carte.png","width":300,"height":412,"caption":"Id\u00e9e cadeau originale suisse, une boite contenant un bon cadeau local, une carte de voeux personnalis\u00e9e et plus encore"},"image":{"@id":"https:\/\/swigift.ch\/fr\/#\/schema\/logo\/image\/"},"sameAs":["https:\/\/www.facebook.com\/people\/Swigift\/61558610159800\/","https:\/\/www.instagram.com\/swigift.ch\/","https:\/\/www.linkedin.com\/company\/swigift\/"]}]}},"_links":{"self":[{"href":"https:\/\/swigift.ch\/fr\/wp-json\/wp\/v2\/product\/30291","targetHints":{"allow":["GET"]}}],"collection":[{"href":"https:\/\/swigift.ch\/fr\/wp-json\/wp\/v2\/product"}],"about":[{"href":"https:\/\/swigift.ch\/fr\/wp-json\/wp\/v2\/types\/product"}],"replies":[{"embeddable":true,"href":"https:\/\/swigift.ch\/fr\/wp-json\/wp\/v2\/comments?post=30291"}],"version-history":[{"count":0,"href":"https:\/\/swigift.ch\/fr\/wp-json\/wp\/v2\/product\/30291\/revisions"}],"wp:featuredmedia":[{"embeddable":true,"href":"https:\/\/swigift.ch\/fr\/wp-json\/wp\/v2\/media\/32957"}],"wp:attachment":[{"href":"https:\/\/swigift.ch\/fr\/wp-json\/wp\/v2\/media?parent=30291"}],"wp:term":[{"taxonomy":"product_brand","embeddable":true,"href":"https:\/\/swigift.ch\/fr\/wp-json\/wp\/v2\/product_brand?post=30291"},{"taxonomy":"product_cat","embeddable":true,"href":"https:\/\/swigift.ch\/fr\/wp-json\/wp\/v2\/product_cat?post=30291"},{"taxonomy":"product_tag","embeddable":true,"href":"https:\/\/swigift.ch\/fr\/wp-json\/wp\/v2\/product_tag?post=30291"}],"curies":[{"name":"wp","href":"https:\/\/api.w.org\/{rel}","templated":true}]}}