{"id":30188,"date":"2024-05-14T16:43:12","date_gmt":"2024-05-14T14:43:12","guid":{"rendered":"https:\/\/swigift.ch\/?post_type=product&#038;p=30188"},"modified":"2025-11-20T10:27:42","modified_gmt":"2025-11-20T09:27:42","slug":"jura-decouverte-idee-cadeau-nature-boite-bon-cadeau-suisse-original-ecologique-carte-cadeau-personnalisee","status":"publish","type":"product","link":"https:\/\/swigift.ch\/fr\/produit\/jura-decouverte-idee-cadeau-nature-boite-bon-cadeau-suisse-original-ecologique-carte-cadeau-personnalisee\/","title":{"rendered":"Sac D\u00e9couverte (JU)"},"content":{"rendered":"<h4><strong>Bon cadeau pour la location d&rsquo;un Sac D\u00e9couverte (Canton du Jura)<\/strong><\/h4>\n<p><span class=\"OYPEnA font-feature-liga-off font-feature-clig-off font-feature-calt-off text-decoration-none text-strikethrough-none\">\u00cates-vous \u00e0 la recherche d&rsquo;un cadeau suisse qui soit \u00e0 la fois original, \u00e9cologique et respectueux de l&rsquo;environnement ?<\/span><\/p>\n<p>L&rsquo;\u00e9quipe de Jura D\u00e9couverte Nature met \u00e0 disposition la location de super sacs \u00e0 dos \u00ab\u00a0<strong>SAC D\u00c9COUVERTE<\/strong>\u00a0\u00bb avec <strong>diverses th\u00e9matiques<\/strong>, offrant des activit\u00e9s ludiques ou gourmandes.<\/p>\n<p>Des itin\u00e9raires vari\u00e9s pour explorer des endroits magiques de la r\u00e9gion du Jura et alentours, garantissant ainsi des <strong>moments inoubliables<\/strong> en famille, en couple, entre amis ou entre coll\u00e8gues.<\/p>\n<p>Gr\u00e2ce \u00e0 un bon cadeau, le destinataire pourra choisir de louer le sac d\u00e9couverte qui lui convient le mieux parmi les th\u00e9matiques propos\u00e9es.<\/p>\n<p>Un bon cadeau parfait pour les amateurs de nature et d&rsquo;aventure locale !<\/p>\n<ul>\n<li><strong>Avec un bon cadeau, le destinataire peut choisir de louer le sac de son choix parmi :<\/strong>\n<ul>\n<li>Sac Fondue ou Sac ap\u00e9ro <em>(prix : 25chf\/adulte &#8211; 12chf\/enfant)\u00a0<\/em><\/li>\n<li>Sac Brunch <em>(prix : 35chf\/adulte &#8211; 22chf\/enfant)<\/em><\/li>\n<li>Sac jeux ou Sac feu &amp; Pop Corn <em>(prix unique de 50chf)<\/em><\/li>\n<\/ul>\n<\/li>\n<li><strong>Info + <\/strong>: Chaque sac propose plusieurs itin\u00e9raires au choix (sportif, familial ou adapt\u00e9 aux poussettes), qui varient en fonction des points de d\u00e9part propos\u00e9s selon le th\u00e8me du sac.<\/li>\n<li><strong>Les bons sont utilisables : <\/strong>contact par e-mail<\/li>\n<li><strong>Dur\u00e9e de validit\u00e9 <\/strong>: ATTENTION, les bons sont utilisables jusqu&rsquo;au\u00a0 31.12.2026\n<p data-end=\"371\" data-start=\"258\">Nous souhaitons vous informer que notre partenaire a r\u00e9cemment d\u00e9cid\u00e9 de mettre fin \u00e0 l\u2019offre\u00a0<b data-end=\"370\" data-start=\"352\">Sac D\u00e9couverte<\/b>. Cette option ne sera plus propos\u00e9e dans la soci\u00e9t\u00e9.<\/p>\n<p data-end=\"507\" data-start=\"373\"><b data-end=\"507\" data-start=\"373\">Les bons cadeaux pourront toutefois \u00eatre utilis\u00e9s<u> jusqu&rsquo;au\u00a0 31.12.2026.<\/u><\/b><\/p>\n<\/li>\n<\/ul>\n<p>&nbsp;<\/p>\n<p><a href=\"https:\/\/swigift.ch\/contact\/\">Une demande sp\u00e9ciale ? Contactez-nous ici\u00a0<img decoding=\"async\" class=\"emoji\" role=\"img\" draggable=\"false\" src=\"https:\/\/s.w.org\/images\/core\/emoji\/15.0.3\/svg\/1f642.svg\" alt=\"\ud83d\ude42\" \/><\/a><\/p>\n<p>&nbsp;<\/p>\n<p>Jura D\u00e9couverte Nature<br \/>\n2802 Develier<\/p>\n<p><a href=\"https:\/\/www.sacdecouverte.ch\/fr\/index.html\" target=\"_blank\" rel=\"noopener\">Lien du site<\/a><\/p>\n<p>&nbsp;<\/p>\n<h4><strong>Swigift, le cadeau suisse per<\/strong><strong>sonnalis\u00e9, rapide et sur-mesure<\/strong><\/h4>\n<p>Swigift vous propose un coffret cadeau suisse contenant un <strong>bon cadeau valeur de votre choix<\/strong>, par exemple un bon <strong>cadeau suisse original et \u00e9cologique<\/strong> avec la <strong>location de Sac D\u00e9couverte<\/strong>, mais pas seulement !<\/p>\n<p>Une fois le bon cadeau suisse choisi, s\u00e9lectionnez une <strong>couleur d&rsquo;enveloppe<\/strong>, qui sera pour<strong> la carte cadeau<\/strong> que vous cr\u00e9erez \u00e0 l&rsquo;\u00e9tape suivante.<\/p>\n<p>Une fois dans le panier de commande, indiquez date de livraison et adresse d&rsquo;exp\u00e9dition suisse. <strong>Livraison rapide en 24h<\/strong> en commandant du lundi au vendredi avant 16h00 (sous conditions).<\/p>\n<p>Le destinataire recevra une bo\u00eete cadeau d\u2019exp\u00e9dition cachant de belles surprises d\u00e8s son ouverture ! Les cadeaux que vous avez choisis et cr\u00e9\u00e9s, accompagn\u00e9s d&rsquo;un support en bois pour la carte, seront <strong>soigneusement dispos\u00e9s<\/strong>.<\/p>\n<p>Le destinataire pourra exposer la<strong> carte cadeau<\/strong> et <strong>profiter du superbe bon cadeau suisse<\/strong> que vous avez choisi.<\/p>\n<p>Swigift, le cadeau suisse id\u00e9al <strong>pour toutes les occasions<\/strong>.<\/p>\n<p>&nbsp;<\/p>\n<h4><strong>Pour quelles occasions<\/strong><\/h4>\n<p>Toutes les occasions, que vous ayez besoin d&rsquo;un cadeau d&rsquo;anniversaire, cadeau de mariage, cadeau de naissance, cadeau de r\u00e9ussite, cadeau de retraite, cadeau f\u00eate de fin d&rsquo;ann\u00e9e ou uniquement envie de faire plaisir !<\/p>\n<p>Peu importe que vous voyagiez, soyez en d\u00e9placement, que vous r\u00e9sidiez en tant qu&rsquo;expatri\u00e9 suisse en qu\u00eate d&rsquo;une id\u00e9e cadeau suisse, ou que vous \u00eates simplement loin d\u2019un proche, <strong>Swigift saura r\u00e9pondre \u00e0 vos besoins<\/strong> !<\/p>\n<p>Moderne et intuitif, Swigift se d\u00e9marque par son offre compl\u00e8te, imaginative et \u00e9motionnelle, qui nous simplifie la vie.<\/p>\n<p>&nbsp;<\/p>\n<p><a href=\"https:\/\/swigift.ch\/faq\/\">J\u2019aimerais consulter la page FAQ\u00a0<img decoding=\"async\" class=\"emoji\" role=\"img\" draggable=\"false\" src=\"https:\/\/s.w.org\/images\/core\/emoji\/15.0.3\/svg\/1f642.svg\" alt=\"\ud83d\ude42\" \/><\/a><\/p>\n<p>&nbsp;<\/p>\n<p>Boites cadeaux personnalis\u00e9es Bon cadeau suisse Sac D\u00e9couverte.<\/p>\n<p>Boites cadeaux suisses personnalis\u00e9es Swigift, id\u00e9e cadeau pour un Suisse.<\/p>\n<p>Cadeau suisse original \u00e9cologique envoy\u00e9 \u00e0 distance.<\/p>\n<p>Les CGV font foi.<\/p>\n<p>&nbsp;<\/p>\n<p>&nbsp;<\/p>\n","protected":false},"excerpt":{"rendered":"<p>Un bon cadeau id\u00e9al pour les amateurs d\u2019activit\u00e9s ludiques ou gourmandes.<\/p>\n<p><strong>\u26a0\ufe0f Les bons cadeaux sont utilisables jusqu\u2019au 31.12.2026.<\/strong><\/p>\n","protected":false},"featured_media":32975,"comment_status":"open","ping_status":"closed","template":"","meta":[],"product_brand":[],"product_cat":[27,31,25,36],"product_tag":[],"class_list":{"0":"post-30188","1":"product","2":"type-product","3":"status-publish","4":"has-post-thumbnail","6":"product_cat-boire-et-manger","7":"product_cat-divertissement","8":"product_cat-sport-loisirs","9":"product_cat-tous","10":"product_shipping_class-swigift-1-boite-complete","12":"first","13":"instock","14":"purchasable","15":"product-type-variable"},"yoast_head":"<!-- This site is optimized with the Yoast SEO plugin v26.9 - https:\/\/yoast.com\/product\/yoast-seo-wordpress\/ -->\n<title>Cadeau suisse original \u00e9cologique - Sac D\u00e9couverte (JU)<\/title>\n<meta name=\"description\" content=\"Personnalisez votre cadeau suisse : une bo\u00eete cadeau avec bon cadeau et carte de v\u0153ux, livr\u00e9e avec rapidit\u00e9 et soin. Cadeau suisse original \u00e9cologique\" \/>\n<meta name=\"robots\" content=\"index, follow, max-snippet:-1, max-image-preview:large, max-video-preview:-1\" \/>\n<link rel=\"canonical\" href=\"https:\/\/swigift.ch\/fr\/produit\/jura-decouverte-idee-cadeau-nature-boite-bon-cadeau-suisse-original-ecologique-carte-cadeau-personnalisee\/\" \/>\n<meta property=\"og:locale\" content=\"fr_FR\" \/>\n<meta property=\"og:type\" content=\"article\" \/>\n<meta property=\"og:title\" content=\"Cadeau suisse original \u00e9cologique - Sac D\u00e9couverte (JU)\" \/>\n<meta property=\"og:description\" content=\"Personnalisez votre cadeau suisse : une bo\u00eete cadeau avec bon cadeau et carte de v\u0153ux, livr\u00e9e avec rapidit\u00e9 et soin. Cadeau suisse original \u00e9cologique\" \/>\n<meta property=\"og:url\" content=\"https:\/\/swigift.ch\/fr\/produit\/jura-decouverte-idee-cadeau-nature-boite-bon-cadeau-suisse-original-ecologique-carte-cadeau-personnalisee\/\" \/>\n<meta property=\"og:site_name\" content=\"Swigift\" \/>\n<meta property=\"article:publisher\" content=\"https:\/\/www.facebook.com\/people\/Swigift\/61558610159800\/\" \/>\n<meta property=\"article:modified_time\" content=\"2025-11-20T09:27:42+00:00\" \/>\n<meta property=\"og:image\" content=\"https:\/\/swigift.ch\/wp-content\/uploads\/2024\/05\/289337527_160158113227055_5506304918729264467_n.jpeg\" \/>\n\t<meta property=\"og:image:width\" content=\"480\" \/>\n\t<meta property=\"og:image:height\" content=\"480\" \/>\n\t<meta property=\"og:image:type\" content=\"image\/jpeg\" \/>\n<meta name=\"twitter:card\" content=\"summary_large_image\" \/>\n<meta name=\"twitter:label1\" content=\"Dur\u00e9e de lecture estim\u00e9e\" \/>\n\t<meta name=\"twitter:data1\" content=\"4 minutes\" \/>\n<script type=\"application\/ld+json\" class=\"yoast-schema-graph\">{\"@context\":\"https:\/\/schema.org\",\"@graph\":[{\"@type\":\"WebPage\",\"@id\":\"https:\/\/swigift.ch\/fr\/produit\/jura-decouverte-idee-cadeau-nature-boite-bon-cadeau-suisse-original-ecologique-carte-cadeau-personnalisee\/\",\"url\":\"https:\/\/swigift.ch\/fr\/produit\/jura-decouverte-idee-cadeau-nature-boite-bon-cadeau-suisse-original-ecologique-carte-cadeau-personnalisee\/\",\"name\":\"Cadeau suisse original \u00e9cologique - Sac D\u00e9couverte (JU)\",\"isPartOf\":{\"@id\":\"https:\/\/swigift.ch\/fr\/#website\"},\"primaryImageOfPage\":{\"@id\":\"https:\/\/swigift.ch\/fr\/produit\/jura-decouverte-idee-cadeau-nature-boite-bon-cadeau-suisse-original-ecologique-carte-cadeau-personnalisee\/#primaryimage\"},\"image\":{\"@id\":\"https:\/\/swigift.ch\/fr\/produit\/jura-decouverte-idee-cadeau-nature-boite-bon-cadeau-suisse-original-ecologique-carte-cadeau-personnalisee\/#primaryimage\"},\"thumbnailUrl\":\"https:\/\/swigift.ch\/wp-content\/uploads\/2024\/05\/08-jura-decouverte-1.png\",\"datePublished\":\"2024-05-14T14:43:12+00:00\",\"dateModified\":\"2025-11-20T09:27:42+00:00\",\"description\":\"Personnalisez votre cadeau suisse : une bo\u00eete cadeau avec bon cadeau et carte de v\u0153ux, livr\u00e9e avec rapidit\u00e9 et soin. Cadeau suisse original \u00e9cologique\",\"breadcrumb\":{\"@id\":\"https:\/\/swigift.ch\/fr\/produit\/jura-decouverte-idee-cadeau-nature-boite-bon-cadeau-suisse-original-ecologique-carte-cadeau-personnalisee\/#breadcrumb\"},\"inLanguage\":\"fr-FR\",\"potentialAction\":[{\"@type\":\"ReadAction\",\"target\":[\"https:\/\/swigift.ch\/fr\/produit\/jura-decouverte-idee-cadeau-nature-boite-bon-cadeau-suisse-original-ecologique-carte-cadeau-personnalisee\/\"]}]},{\"@type\":\"ImageObject\",\"inLanguage\":\"fr-FR\",\"@id\":\"https:\/\/swigift.ch\/fr\/produit\/jura-decouverte-idee-cadeau-nature-boite-bon-cadeau-suisse-original-ecologique-carte-cadeau-personnalisee\/#primaryimage\",\"url\":\"https:\/\/swigift.ch\/wp-content\/uploads\/2024\/05\/08-jura-decouverte-1.png\",\"contentUrl\":\"https:\/\/swigift.ch\/wp-content\/uploads\/2024\/05\/08-jura-decouverte-1.png\",\"width\":1500,\"height\":1500,\"caption\":\"Swigift- Bon cadeau - Sac D\u00e9couverte - Livraison rapide - Cadeau original - id\u00e9e cadeau \u00e9cologique - ecological gift idea - \u00f6kologische Geschenkidee\"},{\"@type\":\"BreadcrumbList\",\"@id\":\"https:\/\/swigift.ch\/fr\/produit\/jura-decouverte-idee-cadeau-nature-boite-bon-cadeau-suisse-original-ecologique-carte-cadeau-personnalisee\/#breadcrumb\",\"itemListElement\":[{\"@type\":\"ListItem\",\"position\":1,\"name\":\"Accueil\",\"item\":\"https:\/\/swigift.ch\/fr\/\"},{\"@type\":\"ListItem\",\"position\":2,\"name\":\"Boutique\",\"item\":\"https:\/\/swigift.ch\/boutique-cadeau-suisse-contenu-personnalise\/\"},{\"@type\":\"ListItem\",\"position\":3,\"name\":\"Sac D\u00e9couverte (JU)\"}]},{\"@type\":\"WebSite\",\"@id\":\"https:\/\/swigift.ch\/fr\/#website\",\"url\":\"https:\/\/swigift.ch\/fr\/\",\"name\":\"Swigift\",\"description\":\"Id\u00e9e cadeau personnalis\u00e9\",\"publisher\":{\"@id\":\"https:\/\/swigift.ch\/fr\/#organization\"},\"potentialAction\":[{\"@type\":\"SearchAction\",\"target\":{\"@type\":\"EntryPoint\",\"urlTemplate\":\"https:\/\/swigift.ch\/fr\/?s={search_term_string}\"},\"query-input\":{\"@type\":\"PropertyValueSpecification\",\"valueRequired\":true,\"valueName\":\"search_term_string\"}}],\"inLanguage\":\"fr-FR\"},{\"@type\":\"Organization\",\"@id\":\"https:\/\/swigift.ch\/fr\/#organization\",\"name\":\"Id\u00e9e cadeau originale suisse, une boite contenant un bon cadeau local, une carte de voeux personnalis\u00e9e et plus encore\",\"alternateName\":\"Boites cadeaux personnalis\u00e9es avec bon cadeau commerces Suisse et carte de voeux personnalis\u00e9e, livraison rapide en Suisse.\",\"url\":\"https:\/\/swigift.ch\/fr\/\",\"logo\":{\"@type\":\"ImageObject\",\"inLanguage\":\"fr-FR\",\"@id\":\"https:\/\/swigift.ch\/fr\/#\/schema\/logo\/image\/\",\"url\":\"https:\/\/swigift.ch\/wp-content\/uploads\/2024\/02\/swigift-logo-carte.png\",\"contentUrl\":\"https:\/\/swigift.ch\/wp-content\/uploads\/2024\/02\/swigift-logo-carte.png\",\"width\":300,\"height\":412,\"caption\":\"Id\u00e9e cadeau originale suisse, une boite contenant un bon cadeau local, une carte de voeux personnalis\u00e9e et plus encore\"},\"image\":{\"@id\":\"https:\/\/swigift.ch\/fr\/#\/schema\/logo\/image\/\"},\"sameAs\":[\"https:\/\/www.facebook.com\/people\/Swigift\/61558610159800\/\",\"https:\/\/www.instagram.com\/swigift.ch\/\",\"https:\/\/www.linkedin.com\/company\/swigift\/\"]}]}<\/script>\n<!-- \/ Yoast SEO plugin. -->","yoast_head_json":{"title":"Cadeau suisse original \u00e9cologique - Sac D\u00e9couverte (JU)","description":"Personnalisez votre cadeau suisse : une bo\u00eete cadeau avec bon cadeau et carte de v\u0153ux, livr\u00e9e avec rapidit\u00e9 et soin. Cadeau suisse original \u00e9cologique","robots":{"index":"index","follow":"follow","max-snippet":"max-snippet:-1","max-image-preview":"max-image-preview:large","max-video-preview":"max-video-preview:-1"},"canonical":"https:\/\/swigift.ch\/fr\/produit\/jura-decouverte-idee-cadeau-nature-boite-bon-cadeau-suisse-original-ecologique-carte-cadeau-personnalisee\/","og_locale":"fr_FR","og_type":"article","og_title":"Cadeau suisse original \u00e9cologique - Sac D\u00e9couverte (JU)","og_description":"Personnalisez votre cadeau suisse : une bo\u00eete cadeau avec bon cadeau et carte de v\u0153ux, livr\u00e9e avec rapidit\u00e9 et soin. Cadeau suisse original \u00e9cologique","og_url":"https:\/\/swigift.ch\/fr\/produit\/jura-decouverte-idee-cadeau-nature-boite-bon-cadeau-suisse-original-ecologique-carte-cadeau-personnalisee\/","og_site_name":"Swigift","article_publisher":"https:\/\/www.facebook.com\/people\/Swigift\/61558610159800\/","article_modified_time":"2025-11-20T09:27:42+00:00","og_image":[{"width":480,"height":480,"url":"https:\/\/swigift.ch\/wp-content\/uploads\/2024\/05\/289337527_160158113227055_5506304918729264467_n.jpeg","type":"image\/jpeg"}],"twitter_card":"summary_large_image","twitter_misc":{"Dur\u00e9e de lecture estim\u00e9e":"4 minutes"},"schema":{"@context":"https:\/\/schema.org","@graph":[{"@type":"WebPage","@id":"https:\/\/swigift.ch\/fr\/produit\/jura-decouverte-idee-cadeau-nature-boite-bon-cadeau-suisse-original-ecologique-carte-cadeau-personnalisee\/","url":"https:\/\/swigift.ch\/fr\/produit\/jura-decouverte-idee-cadeau-nature-boite-bon-cadeau-suisse-original-ecologique-carte-cadeau-personnalisee\/","name":"Cadeau suisse original \u00e9cologique - Sac D\u00e9couverte (JU)","isPartOf":{"@id":"https:\/\/swigift.ch\/fr\/#website"},"primaryImageOfPage":{"@id":"https:\/\/swigift.ch\/fr\/produit\/jura-decouverte-idee-cadeau-nature-boite-bon-cadeau-suisse-original-ecologique-carte-cadeau-personnalisee\/#primaryimage"},"image":{"@id":"https:\/\/swigift.ch\/fr\/produit\/jura-decouverte-idee-cadeau-nature-boite-bon-cadeau-suisse-original-ecologique-carte-cadeau-personnalisee\/#primaryimage"},"thumbnailUrl":"https:\/\/swigift.ch\/wp-content\/uploads\/2024\/05\/08-jura-decouverte-1.png","datePublished":"2024-05-14T14:43:12+00:00","dateModified":"2025-11-20T09:27:42+00:00","description":"Personnalisez votre cadeau suisse : une bo\u00eete cadeau avec bon cadeau et carte de v\u0153ux, livr\u00e9e avec rapidit\u00e9 et soin. Cadeau suisse original \u00e9cologique","breadcrumb":{"@id":"https:\/\/swigift.ch\/fr\/produit\/jura-decouverte-idee-cadeau-nature-boite-bon-cadeau-suisse-original-ecologique-carte-cadeau-personnalisee\/#breadcrumb"},"inLanguage":"fr-FR","potentialAction":[{"@type":"ReadAction","target":["https:\/\/swigift.ch\/fr\/produit\/jura-decouverte-idee-cadeau-nature-boite-bon-cadeau-suisse-original-ecologique-carte-cadeau-personnalisee\/"]}]},{"@type":"ImageObject","inLanguage":"fr-FR","@id":"https:\/\/swigift.ch\/fr\/produit\/jura-decouverte-idee-cadeau-nature-boite-bon-cadeau-suisse-original-ecologique-carte-cadeau-personnalisee\/#primaryimage","url":"https:\/\/swigift.ch\/wp-content\/uploads\/2024\/05\/08-jura-decouverte-1.png","contentUrl":"https:\/\/swigift.ch\/wp-content\/uploads\/2024\/05\/08-jura-decouverte-1.png","width":1500,"height":1500,"caption":"Swigift- Bon cadeau - Sac D\u00e9couverte - Livraison rapide - Cadeau original - id\u00e9e cadeau \u00e9cologique - ecological gift idea - \u00f6kologische Geschenkidee"},{"@type":"BreadcrumbList","@id":"https:\/\/swigift.ch\/fr\/produit\/jura-decouverte-idee-cadeau-nature-boite-bon-cadeau-suisse-original-ecologique-carte-cadeau-personnalisee\/#breadcrumb","itemListElement":[{"@type":"ListItem","position":1,"name":"Accueil","item":"https:\/\/swigift.ch\/fr\/"},{"@type":"ListItem","position":2,"name":"Boutique","item":"https:\/\/swigift.ch\/boutique-cadeau-suisse-contenu-personnalise\/"},{"@type":"ListItem","position":3,"name":"Sac D\u00e9couverte (JU)"}]},{"@type":"WebSite","@id":"https:\/\/swigift.ch\/fr\/#website","url":"https:\/\/swigift.ch\/fr\/","name":"Swigift","description":"Id\u00e9e cadeau personnalis\u00e9","publisher":{"@id":"https:\/\/swigift.ch\/fr\/#organization"},"potentialAction":[{"@type":"SearchAction","target":{"@type":"EntryPoint","urlTemplate":"https:\/\/swigift.ch\/fr\/?s={search_term_string}"},"query-input":{"@type":"PropertyValueSpecification","valueRequired":true,"valueName":"search_term_string"}}],"inLanguage":"fr-FR"},{"@type":"Organization","@id":"https:\/\/swigift.ch\/fr\/#organization","name":"Id\u00e9e cadeau originale suisse, une boite contenant un bon cadeau local, une carte de voeux personnalis\u00e9e et plus encore","alternateName":"Boites cadeaux personnalis\u00e9es avec bon cadeau commerces Suisse et carte de voeux personnalis\u00e9e, livraison rapide en Suisse.","url":"https:\/\/swigift.ch\/fr\/","logo":{"@type":"ImageObject","inLanguage":"fr-FR","@id":"https:\/\/swigift.ch\/fr\/#\/schema\/logo\/image\/","url":"https:\/\/swigift.ch\/wp-content\/uploads\/2024\/02\/swigift-logo-carte.png","contentUrl":"https:\/\/swigift.ch\/wp-content\/uploads\/2024\/02\/swigift-logo-carte.png","width":300,"height":412,"caption":"Id\u00e9e cadeau originale suisse, une boite contenant un bon cadeau local, une carte de voeux personnalis\u00e9e et plus encore"},"image":{"@id":"https:\/\/swigift.ch\/fr\/#\/schema\/logo\/image\/"},"sameAs":["https:\/\/www.facebook.com\/people\/Swigift\/61558610159800\/","https:\/\/www.instagram.com\/swigift.ch\/","https:\/\/www.linkedin.com\/company\/swigift\/"]}]}},"_links":{"self":[{"href":"https:\/\/swigift.ch\/fr\/wp-json\/wp\/v2\/product\/30188","targetHints":{"allow":["GET"]}}],"collection":[{"href":"https:\/\/swigift.ch\/fr\/wp-json\/wp\/v2\/product"}],"about":[{"href":"https:\/\/swigift.ch\/fr\/wp-json\/wp\/v2\/types\/product"}],"replies":[{"embeddable":true,"href":"https:\/\/swigift.ch\/fr\/wp-json\/wp\/v2\/comments?post=30188"}],"version-history":[{"count":2,"href":"https:\/\/swigift.ch\/fr\/wp-json\/wp\/v2\/product\/30188\/revisions"}],"predecessor-version":[{"id":39792,"href":"https:\/\/swigift.ch\/fr\/wp-json\/wp\/v2\/product\/30188\/revisions\/39792"}],"wp:featuredmedia":[{"embeddable":true,"href":"https:\/\/swigift.ch\/fr\/wp-json\/wp\/v2\/media\/32975"}],"wp:attachment":[{"href":"https:\/\/swigift.ch\/fr\/wp-json\/wp\/v2\/media?parent=30188"}],"wp:term":[{"taxonomy":"product_brand","embeddable":true,"href":"https:\/\/swigift.ch\/fr\/wp-json\/wp\/v2\/product_brand?post=30188"},{"taxonomy":"product_cat","embeddable":true,"href":"https:\/\/swigift.ch\/fr\/wp-json\/wp\/v2\/product_cat?post=30188"},{"taxonomy":"product_tag","embeddable":true,"href":"https:\/\/swigift.ch\/fr\/wp-json\/wp\/v2\/product_tag?post=30188"}],"curies":[{"name":"wp","href":"https:\/\/api.w.org\/{rel}","templated":true}]}}