{"id":30095,"date":"2024-05-14T14:37:03","date_gmt":"2024-05-14T12:37:03","guid":{"rendered":"https:\/\/swigift.ch\/?post_type=product&#038;p=30095"},"modified":"2025-10-03T11:44:24","modified_gmt":"2025-10-03T09:44:24","slug":"the-factory-escape-game-bon-cadeau-suisse-boite-cadeau-personnalise-suisse-idee-cadeau-original-loisirs","status":"publish","type":"product","link":"https:\/\/swigift.ch\/fr\/produit\/the-factory-escape-game-bon-cadeau-suisse-boite-cadeau-personnalise-suisse-idee-cadeau-original-loisirs\/","title":{"rendered":"The Factory Escape Game (JU)"},"content":{"rendered":"<h4><strong>Bon cadeau \u00e0 The Factory Escape Game (Canton du Jura) <\/strong><\/h4>\n<p>\u00cates-vous en qu\u00eate d&rsquo;un cadeau suisse original qui permettra de d\u00e9couvrir des loisirs et des activit\u00e9s locales ?<\/p>\n<p>Avec The Factory Escape Game, offrez la possibilit\u00e9 de vivre des <strong>moments inoubliables<\/strong> tout au long de l&rsquo;ann\u00e9e.<\/p>\n<p>Que le bon soit destin\u00e9 \u00e0 une famille, des coll\u00e8gues ou des amis, The Factory Escape Game propose des <strong>univers originaux et immersifs<\/strong> o\u00f9 la r\u00e9flexion et la coh\u00e9sion d&rsquo;\u00e9quipe seront essentielles \u00e0 la r\u00e9ussite.<\/p>\n<p>C&rsquo;est le bon cadeau id\u00e9al pour les passionn\u00e9s de jeux d&rsquo;\u00e9vasion, d&rsquo;\u00e9nigmes ou de quiz.<\/p>\n<ul>\n<li><strong>Avec un bon cadeau, le destinataire a la possibilit\u00e9 de choisir parmi :<\/strong>\n<ul>\n<li>Quatre salles d&rsquo;\u00e9vasion (exemple : 50 CHF\/p (pour 2 joueurs)).<\/li>\n<li>Des coffres magiques captivants les amateurs de r\u00e9flexion collective.\u00a0 (exemple : 45 CHF\/p (pour 2 joueurs)).<\/li>\n<li>Rival Quiz Jura, une salle immersive proposant des milliers de questions sur divers th\u00e8mes.\u00a0(exemple : 35 CHF\/p\u00a0 (de 4-5 joueurs)).<\/li>\n<\/ul>\n<\/li>\n<li><strong>Les bons sont utilisables :<\/strong>\n<ul>\n<li>Contact par e-mail ou sur place<\/li>\n<\/ul>\n<\/li>\n<li><strong>Dur\u00e9e de validit\u00e9<\/strong>\u00a0:\n<ul>\n<li>1 an<\/li>\n<\/ul>\n<\/li>\n<li><strong>Important<\/strong> :\n<ul>\n<li>Les prix varient selon le nombres de joueurs.<\/li>\n<\/ul>\n<\/li>\n<\/ul>\n<p>&nbsp;<\/p>\n<p><a href=\"https:\/\/swigift.ch\/contact\/\">Une demande sp\u00e9ciale ? Contactez-nous ici\u00a0<img decoding=\"async\" class=\"emoji\" role=\"img\" draggable=\"false\" src=\"https:\/\/s.w.org\/images\/core\/emoji\/15.0.3\/svg\/1f642.svg\" alt=\"\ud83d\ude42\" \/><\/a><\/p>\n<p>&nbsp;<\/p>\n<p>The Factory Escape Game<br \/>\nRue Saint-Maurice 10<br \/>\n2852 Court\u00e9telle<\/p>\n<p><a href=\"https:\/\/escapefactory.ch\/\" target=\"_blank\" rel=\"noopener\">Lien du site<\/a><\/p>\n<p>&nbsp;<\/p>\n<h4><strong>Swigift, le cadeau suisse personnalis\u00e9, rapide et sur-mesure<\/strong><\/h4>\n<p>Swigift vous propose un coffret cadeau suisse contenant un <strong>bon cadeau valeur de votre choix<\/strong>, envoy\u00e9 \u00e0 distance. Par exemple un bon cadeau suisse original de loisirs chez <strong>The Factory Escape Game<\/strong>, mais pas seulement !<\/p>\n<p>Une fois le bon cadeau suisse choisi, s\u00e9lectionnez une <strong>couleur d&rsquo;enveloppe<\/strong>, qui sera pour<strong> la carte cadeau<\/strong> que vous cr\u00e9erez \u00e0 l&rsquo;\u00e9tape suivante.<\/p>\n<p>Une fois dans le panier de commande, indiquez date de livraison et adresse d&rsquo;exp\u00e9dition suisse. <strong>Livraison rapide en 24h<\/strong> en commandant du lundi au vendredi avant 16h00 (sous conditions).<\/p>\n<p>Le destinataire recevra une bo\u00eete cadeau d\u2019exp\u00e9dition cachant de belles surprises d\u00e8s son ouverture ! Les cadeaux que vous avez choisis et cr\u00e9\u00e9s, accompagn\u00e9s d&rsquo;un support en bois pour la carte, seront <strong>soigneusement dispos\u00e9s<\/strong>.<\/p>\n<p>Le destinataire pourra exposer la<strong> carte cadeau<\/strong> et <strong>profiter du superbe bon cadeau suisse<\/strong> que vous avez choisi.<\/p>\n<p>Swigift, le cadeau suisse id\u00e9al <strong>pour toutes les occasions<\/strong>.<\/p>\n<p>&nbsp;<\/p>\n<h4><strong>Pour quelles occasions<\/strong><\/h4>\n<p>Toutes les occasions, que vous ayez besoin d&rsquo;un cadeau d&rsquo;anniversaire, cadeau de mariage, cadeau de naissance, cadeau de r\u00e9ussite, cadeau de retraite, cadeau f\u00eate de fin d&rsquo;ann\u00e9e ou uniquement envie de faire plaisir !<\/p>\n<p><span class=\"oypena\">Peu importe que vous voyagiez, soyez en d\u00e9placement, que vous r\u00e9sidiez en tant qu&rsquo;expatri\u00e9 suisse en qu\u00eate d&rsquo;une id\u00e9e cadeau suisse, ou que vous \u00eates simplement loin d\u2019un proche, <\/span><strong>Swigift saura r\u00e9pondre \u00e0 vos besoins<\/strong><span class=\"oypena\"> !<\/span><\/p>\n<p>Moderne et intuitif, Swigift se d\u00e9marque par son offre compl\u00e8te, imaginative et \u00e9motionnelle, qui nous simplifie la vie.<\/p>\n<p>&nbsp;<\/p>\n<p><a href=\"https:\/\/swigift.ch\/faq\/\">J\u2019aimerais consulter la page FAQ\u00a0<img decoding=\"async\" class=\"emoji\" role=\"img\" draggable=\"false\" src=\"https:\/\/s.w.org\/images\/core\/emoji\/15.0.3\/svg\/1f642.svg\" alt=\"\ud83d\ude42\" \/><\/a><\/p>\n<p>&nbsp;<\/p>\n<p>Boites cadeaux personnalis\u00e9es Bon cadeau suisse The Factory Escape Game.<\/p>\n<p>Boites cadeaux suisses personnalis\u00e9es Swigift, id\u00e9e cadeau pour un Suisse.<\/p>\n<p>Cadeau suisse original loisirs envoy\u00e9 \u00e0 distance.<\/p>\n<p>Les CGV font foi.<\/p>\n","protected":false},"excerpt":{"rendered":"<p>Un bon cadeau parfait pour les passionn\u00e9s de jeux d&rsquo;\u00e9vasion, d&rsquo;\u00e9nigmes ou de quiz\u00a0!<\/p>\n","protected":false},"featured_media":32547,"comment_status":"open","ping_status":"closed","template":"","meta":[],"product_brand":[],"product_cat":[31,25,36],"product_tag":[108,109],"class_list":{"0":"post-30095","1":"product","2":"type-product","3":"status-publish","4":"has-post-thumbnail","6":"product_cat-divertissement","7":"product_cat-sport-loisirs","8":"product_cat-tous","9":"product_tag-contact-par-e-mail","10":"product_tag-sur-place","11":"product_shipping_class-swigift-1-boite-complete","13":"first","14":"instock","15":"purchasable","16":"product-type-variable"},"yoast_head":"<!-- This site is optimized with the Yoast SEO plugin v26.9 - https:\/\/yoast.com\/product\/yoast-seo-wordpress\/ -->\n<title>Cadeau suisse original loisirs - The Factory Escape Game (JU)<\/title>\n<meta name=\"description\" content=\"La bo\u00eete cadeau suisse id\u00e9ale : bon cadeau et carte de v\u0153ux personnalis\u00e9e, livr\u00e9e rapidement avec votre choix d&#039;enveloppe. Un cadeau suisse original loisirs\" \/>\n<meta name=\"robots\" content=\"index, follow, max-snippet:-1, max-image-preview:large, max-video-preview:-1\" \/>\n<link rel=\"canonical\" href=\"https:\/\/swigift.ch\/fr\/produit\/the-factory-escape-game-bon-cadeau-suisse-boite-cadeau-personnalise-suisse-idee-cadeau-original-loisirs\/\" \/>\n<meta property=\"og:locale\" content=\"fr_FR\" \/>\n<meta property=\"og:type\" content=\"article\" \/>\n<meta property=\"og:title\" content=\"Cadeau suisse original loisirs - The Factory Escape Game (JU)\" \/>\n<meta property=\"og:description\" content=\"La bo\u00eete cadeau suisse id\u00e9ale : bon cadeau et carte de v\u0153ux personnalis\u00e9e, livr\u00e9e rapidement avec votre choix d&#039;enveloppe. Un cadeau suisse original loisirs\" \/>\n<meta property=\"og:url\" content=\"https:\/\/swigift.ch\/fr\/produit\/the-factory-escape-game-bon-cadeau-suisse-boite-cadeau-personnalise-suisse-idee-cadeau-original-loisirs\/\" \/>\n<meta property=\"og:site_name\" content=\"Swigift\" \/>\n<meta property=\"article:publisher\" content=\"https:\/\/www.facebook.com\/people\/Swigift\/61558610159800\/\" \/>\n<meta property=\"article:modified_time\" content=\"2025-10-03T09:44:24+00:00\" \/>\n<meta property=\"og:image\" content=\"https:\/\/swigift.ch\/wp-content\/uploads\/2024\/05\/chambre.png\" \/>\n\t<meta property=\"og:image:width\" content=\"591\" \/>\n\t<meta property=\"og:image:height\" content=\"416\" \/>\n\t<meta property=\"og:image:type\" content=\"image\/png\" \/>\n<meta name=\"twitter:card\" content=\"summary_large_image\" \/>\n<meta name=\"twitter:label1\" content=\"Dur\u00e9e de lecture estim\u00e9e\" \/>\n\t<meta name=\"twitter:data1\" content=\"4 minutes\" \/>\n<script type=\"application\/ld+json\" class=\"yoast-schema-graph\">{\"@context\":\"https:\/\/schema.org\",\"@graph\":[{\"@type\":\"WebPage\",\"@id\":\"https:\/\/swigift.ch\/fr\/produit\/the-factory-escape-game-bon-cadeau-suisse-boite-cadeau-personnalise-suisse-idee-cadeau-original-loisirs\/\",\"url\":\"https:\/\/swigift.ch\/fr\/produit\/the-factory-escape-game-bon-cadeau-suisse-boite-cadeau-personnalise-suisse-idee-cadeau-original-loisirs\/\",\"name\":\"Cadeau suisse original loisirs - The Factory Escape Game (JU)\",\"isPartOf\":{\"@id\":\"https:\/\/swigift.ch\/fr\/#website\"},\"primaryImageOfPage\":{\"@id\":\"https:\/\/swigift.ch\/fr\/produit\/the-factory-escape-game-bon-cadeau-suisse-boite-cadeau-personnalise-suisse-idee-cadeau-original-loisirs\/#primaryimage\"},\"image\":{\"@id\":\"https:\/\/swigift.ch\/fr\/produit\/the-factory-escape-game-bon-cadeau-suisse-boite-cadeau-personnalise-suisse-idee-cadeau-original-loisirs\/#primaryimage\"},\"thumbnailUrl\":\"https:\/\/swigift.ch\/wp-content\/uploads\/2024\/05\/06-factory-escape.png\",\"datePublished\":\"2024-05-14T12:37:03+00:00\",\"dateModified\":\"2025-10-03T09:44:24+00:00\",\"description\":\"La bo\u00eete cadeau suisse id\u00e9ale : bon cadeau et carte de v\u0153ux personnalis\u00e9e, livr\u00e9e rapidement avec votre choix d'enveloppe. Un cadeau suisse original loisirs\",\"breadcrumb\":{\"@id\":\"https:\/\/swigift.ch\/fr\/produit\/the-factory-escape-game-bon-cadeau-suisse-boite-cadeau-personnalise-suisse-idee-cadeau-original-loisirs\/#breadcrumb\"},\"inLanguage\":\"fr-FR\",\"potentialAction\":[{\"@type\":\"ReadAction\",\"target\":[\"https:\/\/swigift.ch\/fr\/produit\/the-factory-escape-game-bon-cadeau-suisse-boite-cadeau-personnalise-suisse-idee-cadeau-original-loisirs\/\"]}]},{\"@type\":\"ImageObject\",\"inLanguage\":\"fr-FR\",\"@id\":\"https:\/\/swigift.ch\/fr\/produit\/the-factory-escape-game-bon-cadeau-suisse-boite-cadeau-personnalise-suisse-idee-cadeau-original-loisirs\/#primaryimage\",\"url\":\"https:\/\/swigift.ch\/wp-content\/uploads\/2024\/05\/06-factory-escape.png\",\"contentUrl\":\"https:\/\/swigift.ch\/wp-content\/uploads\/2024\/05\/06-factory-escape.png\",\"width\":1500,\"height\":1500,\"caption\":\"Swigift- Bon cadeau - The Factory Escape Game - Livraison rapide - Cadeau suisse original loisirs\"},{\"@type\":\"BreadcrumbList\",\"@id\":\"https:\/\/swigift.ch\/fr\/produit\/the-factory-escape-game-bon-cadeau-suisse-boite-cadeau-personnalise-suisse-idee-cadeau-original-loisirs\/#breadcrumb\",\"itemListElement\":[{\"@type\":\"ListItem\",\"position\":1,\"name\":\"Accueil\",\"item\":\"https:\/\/swigift.ch\/fr\/\"},{\"@type\":\"ListItem\",\"position\":2,\"name\":\"Boutique\",\"item\":\"https:\/\/swigift.ch\/boutique-cadeau-suisse-contenu-personnalise\/\"},{\"@type\":\"ListItem\",\"position\":3,\"name\":\"The Factory Escape Game (JU)\"}]},{\"@type\":\"WebSite\",\"@id\":\"https:\/\/swigift.ch\/fr\/#website\",\"url\":\"https:\/\/swigift.ch\/fr\/\",\"name\":\"Swigift\",\"description\":\"Id\u00e9e cadeau personnalis\u00e9\",\"publisher\":{\"@id\":\"https:\/\/swigift.ch\/fr\/#organization\"},\"potentialAction\":[{\"@type\":\"SearchAction\",\"target\":{\"@type\":\"EntryPoint\",\"urlTemplate\":\"https:\/\/swigift.ch\/fr\/?s={search_term_string}\"},\"query-input\":{\"@type\":\"PropertyValueSpecification\",\"valueRequired\":true,\"valueName\":\"search_term_string\"}}],\"inLanguage\":\"fr-FR\"},{\"@type\":\"Organization\",\"@id\":\"https:\/\/swigift.ch\/fr\/#organization\",\"name\":\"Id\u00e9e cadeau originale suisse, une boite contenant un bon cadeau local, une carte de voeux personnalis\u00e9e et plus encore\",\"alternateName\":\"Boites cadeaux personnalis\u00e9es avec bon cadeau commerces Suisse et carte de voeux personnalis\u00e9e, livraison rapide en Suisse.\",\"url\":\"https:\/\/swigift.ch\/fr\/\",\"logo\":{\"@type\":\"ImageObject\",\"inLanguage\":\"fr-FR\",\"@id\":\"https:\/\/swigift.ch\/fr\/#\/schema\/logo\/image\/\",\"url\":\"https:\/\/swigift.ch\/wp-content\/uploads\/2024\/02\/swigift-logo-carte.png\",\"contentUrl\":\"https:\/\/swigift.ch\/wp-content\/uploads\/2024\/02\/swigift-logo-carte.png\",\"width\":300,\"height\":412,\"caption\":\"Id\u00e9e cadeau originale suisse, une boite contenant un bon cadeau local, une carte de voeux personnalis\u00e9e et plus encore\"},\"image\":{\"@id\":\"https:\/\/swigift.ch\/fr\/#\/schema\/logo\/image\/\"},\"sameAs\":[\"https:\/\/www.facebook.com\/people\/Swigift\/61558610159800\/\",\"https:\/\/www.instagram.com\/swigift.ch\/\",\"https:\/\/www.linkedin.com\/company\/swigift\/\"]}]}<\/script>\n<!-- \/ Yoast SEO plugin. -->","yoast_head_json":{"title":"Cadeau suisse original loisirs - The Factory Escape Game (JU)","description":"La bo\u00eete cadeau suisse id\u00e9ale : bon cadeau et carte de v\u0153ux personnalis\u00e9e, livr\u00e9e rapidement avec votre choix d'enveloppe. Un cadeau suisse original loisirs","robots":{"index":"index","follow":"follow","max-snippet":"max-snippet:-1","max-image-preview":"max-image-preview:large","max-video-preview":"max-video-preview:-1"},"canonical":"https:\/\/swigift.ch\/fr\/produit\/the-factory-escape-game-bon-cadeau-suisse-boite-cadeau-personnalise-suisse-idee-cadeau-original-loisirs\/","og_locale":"fr_FR","og_type":"article","og_title":"Cadeau suisse original loisirs - The Factory Escape Game (JU)","og_description":"La bo\u00eete cadeau suisse id\u00e9ale : bon cadeau et carte de v\u0153ux personnalis\u00e9e, livr\u00e9e rapidement avec votre choix d'enveloppe. Un cadeau suisse original loisirs","og_url":"https:\/\/swigift.ch\/fr\/produit\/the-factory-escape-game-bon-cadeau-suisse-boite-cadeau-personnalise-suisse-idee-cadeau-original-loisirs\/","og_site_name":"Swigift","article_publisher":"https:\/\/www.facebook.com\/people\/Swigift\/61558610159800\/","article_modified_time":"2025-10-03T09:44:24+00:00","og_image":[{"width":591,"height":416,"url":"https:\/\/swigift.ch\/wp-content\/uploads\/2024\/05\/chambre.png","type":"image\/png"}],"twitter_card":"summary_large_image","twitter_misc":{"Dur\u00e9e de lecture estim\u00e9e":"4 minutes"},"schema":{"@context":"https:\/\/schema.org","@graph":[{"@type":"WebPage","@id":"https:\/\/swigift.ch\/fr\/produit\/the-factory-escape-game-bon-cadeau-suisse-boite-cadeau-personnalise-suisse-idee-cadeau-original-loisirs\/","url":"https:\/\/swigift.ch\/fr\/produit\/the-factory-escape-game-bon-cadeau-suisse-boite-cadeau-personnalise-suisse-idee-cadeau-original-loisirs\/","name":"Cadeau suisse original loisirs - The Factory Escape Game (JU)","isPartOf":{"@id":"https:\/\/swigift.ch\/fr\/#website"},"primaryImageOfPage":{"@id":"https:\/\/swigift.ch\/fr\/produit\/the-factory-escape-game-bon-cadeau-suisse-boite-cadeau-personnalise-suisse-idee-cadeau-original-loisirs\/#primaryimage"},"image":{"@id":"https:\/\/swigift.ch\/fr\/produit\/the-factory-escape-game-bon-cadeau-suisse-boite-cadeau-personnalise-suisse-idee-cadeau-original-loisirs\/#primaryimage"},"thumbnailUrl":"https:\/\/swigift.ch\/wp-content\/uploads\/2024\/05\/06-factory-escape.png","datePublished":"2024-05-14T12:37:03+00:00","dateModified":"2025-10-03T09:44:24+00:00","description":"La bo\u00eete cadeau suisse id\u00e9ale : bon cadeau et carte de v\u0153ux personnalis\u00e9e, livr\u00e9e rapidement avec votre choix d'enveloppe. Un cadeau suisse original loisirs","breadcrumb":{"@id":"https:\/\/swigift.ch\/fr\/produit\/the-factory-escape-game-bon-cadeau-suisse-boite-cadeau-personnalise-suisse-idee-cadeau-original-loisirs\/#breadcrumb"},"inLanguage":"fr-FR","potentialAction":[{"@type":"ReadAction","target":["https:\/\/swigift.ch\/fr\/produit\/the-factory-escape-game-bon-cadeau-suisse-boite-cadeau-personnalise-suisse-idee-cadeau-original-loisirs\/"]}]},{"@type":"ImageObject","inLanguage":"fr-FR","@id":"https:\/\/swigift.ch\/fr\/produit\/the-factory-escape-game-bon-cadeau-suisse-boite-cadeau-personnalise-suisse-idee-cadeau-original-loisirs\/#primaryimage","url":"https:\/\/swigift.ch\/wp-content\/uploads\/2024\/05\/06-factory-escape.png","contentUrl":"https:\/\/swigift.ch\/wp-content\/uploads\/2024\/05\/06-factory-escape.png","width":1500,"height":1500,"caption":"Swigift- Bon cadeau - The Factory Escape Game - Livraison rapide - Cadeau suisse original loisirs"},{"@type":"BreadcrumbList","@id":"https:\/\/swigift.ch\/fr\/produit\/the-factory-escape-game-bon-cadeau-suisse-boite-cadeau-personnalise-suisse-idee-cadeau-original-loisirs\/#breadcrumb","itemListElement":[{"@type":"ListItem","position":1,"name":"Accueil","item":"https:\/\/swigift.ch\/fr\/"},{"@type":"ListItem","position":2,"name":"Boutique","item":"https:\/\/swigift.ch\/boutique-cadeau-suisse-contenu-personnalise\/"},{"@type":"ListItem","position":3,"name":"The Factory Escape Game (JU)"}]},{"@type":"WebSite","@id":"https:\/\/swigift.ch\/fr\/#website","url":"https:\/\/swigift.ch\/fr\/","name":"Swigift","description":"Id\u00e9e cadeau personnalis\u00e9","publisher":{"@id":"https:\/\/swigift.ch\/fr\/#organization"},"potentialAction":[{"@type":"SearchAction","target":{"@type":"EntryPoint","urlTemplate":"https:\/\/swigift.ch\/fr\/?s={search_term_string}"},"query-input":{"@type":"PropertyValueSpecification","valueRequired":true,"valueName":"search_term_string"}}],"inLanguage":"fr-FR"},{"@type":"Organization","@id":"https:\/\/swigift.ch\/fr\/#organization","name":"Id\u00e9e cadeau originale suisse, une boite contenant un bon cadeau local, une carte de voeux personnalis\u00e9e et plus encore","alternateName":"Boites cadeaux personnalis\u00e9es avec bon cadeau commerces Suisse et carte de voeux personnalis\u00e9e, livraison rapide en Suisse.","url":"https:\/\/swigift.ch\/fr\/","logo":{"@type":"ImageObject","inLanguage":"fr-FR","@id":"https:\/\/swigift.ch\/fr\/#\/schema\/logo\/image\/","url":"https:\/\/swigift.ch\/wp-content\/uploads\/2024\/02\/swigift-logo-carte.png","contentUrl":"https:\/\/swigift.ch\/wp-content\/uploads\/2024\/02\/swigift-logo-carte.png","width":300,"height":412,"caption":"Id\u00e9e cadeau originale suisse, une boite contenant un bon cadeau local, une carte de voeux personnalis\u00e9e et plus encore"},"image":{"@id":"https:\/\/swigift.ch\/fr\/#\/schema\/logo\/image\/"},"sameAs":["https:\/\/www.facebook.com\/people\/Swigift\/61558610159800\/","https:\/\/www.instagram.com\/swigift.ch\/","https:\/\/www.linkedin.com\/company\/swigift\/"]}]}},"_links":{"self":[{"href":"https:\/\/swigift.ch\/fr\/wp-json\/wp\/v2\/product\/30095","targetHints":{"allow":["GET"]}}],"collection":[{"href":"https:\/\/swigift.ch\/fr\/wp-json\/wp\/v2\/product"}],"about":[{"href":"https:\/\/swigift.ch\/fr\/wp-json\/wp\/v2\/types\/product"}],"replies":[{"embeddable":true,"href":"https:\/\/swigift.ch\/fr\/wp-json\/wp\/v2\/comments?post=30095"}],"version-history":[{"count":0,"href":"https:\/\/swigift.ch\/fr\/wp-json\/wp\/v2\/product\/30095\/revisions"}],"wp:featuredmedia":[{"embeddable":true,"href":"https:\/\/swigift.ch\/fr\/wp-json\/wp\/v2\/media\/32547"}],"wp:attachment":[{"href":"https:\/\/swigift.ch\/fr\/wp-json\/wp\/v2\/media?parent=30095"}],"wp:term":[{"taxonomy":"product_brand","embeddable":true,"href":"https:\/\/swigift.ch\/fr\/wp-json\/wp\/v2\/product_brand?post=30095"},{"taxonomy":"product_cat","embeddable":true,"href":"https:\/\/swigift.ch\/fr\/wp-json\/wp\/v2\/product_cat?post=30095"},{"taxonomy":"product_tag","embeddable":true,"href":"https:\/\/swigift.ch\/fr\/wp-json\/wp\/v2\/product_tag?post=30095"}],"curies":[{"name":"wp","href":"https:\/\/api.w.org\/{rel}","templated":true}]}}