{"id":28860,"date":"2023-03-27T18:21:03","date_gmt":"2023-03-27T16:21:03","guid":{"rendered":"https:\/\/swigift.ch\/mon-compte\/"},"modified":"2025-10-22T09:51:12","modified_gmt":"2025-10-22T07:51:12","slug":"mon-compte","status":"publish","type":"page","link":"https:\/\/swigift.ch\/fr\/mon-compte\/","title":{"rendered":"Mon compte"},"content":{"rendered":"\t\t<div data-elementor-type=\"wp-page\" data-elementor-id=\"28860\" class=\"elementor elementor-28860\" data-elementor-post-type=\"page\">\n\t\t\t\t\t\t<section class=\"elementor-section elementor-top-section elementor-element elementor-element-b36c7d8 elementor-section-boxed elementor-section-height-default elementor-section-height-default\" data-id=\"b36c7d8\" data-element_type=\"section\" data-e-type=\"section\">\n\t\t\t\t\t\t<div class=\"elementor-container elementor-column-gap-default\">\n\t\t\t\t\t<div class=\"elementor-column elementor-col-100 elementor-top-column elementor-element elementor-element-564c3713\" data-id=\"564c3713\" data-element_type=\"column\" data-e-type=\"column\">\n\t\t\t<div class=\"elementor-widget-wrap elementor-element-populated\">\n\t\t\t\t\t\t<div class=\"elementor-element elementor-element-3f4270f elementor-widget elementor-widget-heading\" data-id=\"3f4270f\" data-element_type=\"widget\" data-e-type=\"widget\" data-widget_type=\"heading.default\">\n\t\t\t\t<div class=\"elementor-widget-container\">\n\t\t\t\t\t<h2 class=\"elementor-heading-title elementor-size-default\">Mon compte<\/h2>\t\t\t\t<\/div>\n\t\t\t\t<\/div>\n\t\t\t\t<div class=\"elementor-element elementor-element-4454c3d elementor-hidden-mobile elementor-widget elementor-widget-text-editor\" data-id=\"4454c3d\" data-element_type=\"widget\" data-e-type=\"widget\" data-widget_type=\"text-editor.default\">\n\t\t\t\t<div class=\"elementor-widget-container\">\n\t\t\t\t\t\t\t\t\t<p>Bienvenue dans votre tableau de bord! Naviguez entre les diff\u00e9rents onglets pour retrouver vos designs, vos informations de compte, vos commandes, etc.<\/p>\t\t\t\t\t\t\t\t<\/div>\n\t\t\t\t<\/div>\n\t\t\t\t<div class=\"elementor-element elementor-element-efd83d4 e-my-account-tabs-vertical elementor-widget elementor-widget-woocommerce-my-account\" data-id=\"efd83d4\" data-element_type=\"widget\" data-e-type=\"widget\" data-widget_type=\"woocommerce-my-account.default\">\n\t\t\t\t<div class=\"elementor-widget-container\">\n\t\t\t\t\t<div class=\"e-my-account-tab e-my-account-tab__ \">\t\t\t<div class=\"woocommerce\"><\/div>\t\t<\/div>\n\t\t\t\t\t\t<\/div>\n\t\t\t\t<\/div>\n\t\t\t\t\t<\/div>\n\t\t<\/div>\n\t\t\t\t\t<\/div>\n\t\t<\/section>\n\t\t\t\t<section class=\"elementor-section elementor-top-section elementor-element elementor-element-abfe399 elementor-section-boxed elementor-section-height-default elementor-section-height-default\" data-id=\"abfe399\" data-element_type=\"section\" data-e-type=\"section\">\n\t\t\t\t\t\t<div class=\"elementor-container elementor-column-gap-default\">\n\t\t\t\t\t<div class=\"elementor-column elementor-col-100 elementor-top-column elementor-element elementor-element-42eaad4\" data-id=\"42eaad4\" data-element_type=\"column\" data-e-type=\"column\">\n\t\t\t<div class=\"elementor-widget-wrap elementor-element-populated\">\n\t\t\t\t\t\t<section class=\"elementor-section elementor-inner-section elementor-element elementor-element-c274a05 elementor-section-boxed elementor-section-height-default elementor-section-height-default\" data-id=\"c274a05\" data-element_type=\"section\" data-e-type=\"section\">\n\t\t\t\t\t\t<div class=\"elementor-container elementor-column-gap-default\">\n\t\t\t\t\t<div class=\"elementor-column elementor-col-50 elementor-inner-column elementor-element elementor-element-8b5b724\" data-id=\"8b5b724\" data-element_type=\"column\" data-e-type=\"column\">\n\t\t\t<div class=\"elementor-widget-wrap elementor-element-populated\">\n\t\t\t\t\t\t<div class=\"elementor-element elementor-element-499bb6f elementor-align-center elementor-widget elementor-widget-shopengine-account-logout\" data-id=\"499bb6f\" data-element_type=\"widget\" data-e-type=\"widget\" data-widget_type=\"shopengine-account-logout.default\">\n\t\t\t\t<div class=\"elementor-widget-container\">\n\t\t\t\t\t<div class=\"shopengine shopengine-widget\"><\/div>\t\t\t\t<\/div>\n\t\t\t\t<\/div>\n\t\t\t\t\t<\/div>\n\t\t<\/div>\n\t\t\t\t<div class=\"elementor-column elementor-col-50 elementor-inner-column elementor-element elementor-element-79896ff elementor-hidden-desktop elementor-hidden-tablet elementor-hidden-mobile\" data-id=\"79896ff\" data-element_type=\"column\" data-e-type=\"column\">\n\t\t\t<div class=\"elementor-widget-wrap elementor-element-populated\">\n\t\t\t\t\t\t<div class=\"elementor-element elementor-element-a8b8cc2 elementor-widget elementor-widget-heading\" data-id=\"a8b8cc2\" data-element_type=\"widget\" data-e-type=\"widget\" data-widget_type=\"heading.default\">\n\t\t\t\t<div class=\"elementor-widget-container\">\n\t\t\t\t\t<h2 class=\"elementor-heading-title elementor-size-default\"><img decoding=\"async\" role=\"img\" class=\"emoji\" alt=\"\u2b07\ufe0f\" src=\"https:\/\/s.w.org\/images\/core\/emoji\/15.0.3\/svg\/2b07.svg\"> R\u00e9initialiser votre mot de passe<\/h2>\t\t\t\t<\/div>\n\t\t\t\t<\/div>\n\t\t\t\t<div class=\"elementor-element elementor-element-1075378 elementor-widget elementor-widget-shopengine-account-form-lost-password\" data-id=\"1075378\" data-element_type=\"widget\" data-e-type=\"widget\" data-widget_type=\"shopengine-account-form-lost-password.default\">\n\t\t\t\t<div class=\"elementor-widget-container\">\n\t\t\t\t\t<div class=\"shopengine shopengine-widget\"><\/div>\t\t\t\t<\/div>\n\t\t\t\t<\/div>\n\t\t\t\t<div class=\"elementor-element elementor-element-b92a520 elementor-widget elementor-widget-text-editor\" data-id=\"b92a520\" data-element_type=\"widget\" data-e-type=\"widget\" data-widget_type=\"text-editor.default\">\n\t\t\t\t<div class=\"elementor-widget-container\">\n\t\t\t\t\t\t\t\t\t<p>Vous recevrez un mail avec un lien de r\u00e9initialisation.<\/p>\t\t\t\t\t\t\t\t<\/div>\n\t\t\t\t<\/div>\n\t\t\t\t\t<\/div>\n\t\t<\/div>\n\t\t\t\t\t<\/div>\n\t\t<\/section>\n\t\t\t\t\t<\/div>\n\t\t<\/div>\n\t\t\t\t\t<\/div>\n\t\t<\/section>\n\t\t\t\t<\/div>\n\t\t","protected":false},"excerpt":{"rendered":"<p>Mon compte Bienvenue dans votre tableau de bord! Naviguez entre les diff\u00e9rents onglets pour retrouver vos designs, vos informations de compte, vos commandes, etc. Tableau de bord Commandes T\u00e9l\u00e9chargements Adresses Moyens de paiement D\u00e9tails du compte Liste de souhaits D\u00e9connexion Bonjour Caroline Varin (vous n\u2019\u00eates pas Caroline Varin\u00a0? D\u00e9connexion) \u00c0 partir du tableau de bord [&hellip;]<\/p>\n","protected":false},"author":1,"featured_media":0,"parent":0,"menu_order":0,"comment_status":"closed","ping_status":"closed","template":"","meta":{"footnotes":""},"class_list":["post-28860","page","type-page","status-publish","hentry"],"yoast_head":"<!-- This site is optimized with the Yoast SEO plugin v26.9 - https:\/\/yoast.com\/product\/yoast-seo-wordpress\/ -->\n<title>Mon compte - Swigift Boites cadeaux - bon cadeau et carte cadeau personnalis\u00e9e - livraison rapide Suisse<\/title>\n<meta name=\"description\" content=\"Boites cadeaux livr\u00e9es rapidement en Suisse, contenant un bon cadeau de votre choix, une carte de voeux personnalis\u00e9e et enveloppe \u00e0 choix !\" \/>\n<meta name=\"robots\" content=\"noindex, nofollow\" \/>\n<meta property=\"og:locale\" content=\"fr_FR\" \/>\n<meta property=\"og:type\" content=\"article\" \/>\n<meta property=\"og:title\" content=\"Mon compte - Swigift Boites cadeaux - bon cadeau et carte cadeau personnalis\u00e9e - livraison rapide Suisse\" \/>\n<meta property=\"og:description\" content=\"Boites cadeaux livr\u00e9es rapidement en Suisse, contenant un bon cadeau de votre choix, une carte de voeux personnalis\u00e9e et enveloppe \u00e0 choix !\" \/>\n<meta property=\"og:url\" content=\"https:\/\/swigift.ch\/fr\/mon-compte\/\" \/>\n<meta property=\"og:site_name\" content=\"Swigift\" \/>\n<meta property=\"article:publisher\" content=\"https:\/\/www.facebook.com\/people\/Swigift\/61558610159800\/\" \/>\n<meta property=\"article:modified_time\" content=\"2025-10-22T07:51:12+00:00\" \/>\n<meta property=\"og:image\" content=\"https:\/\/s.w.org\/images\/core\/emoji\/15.0.3\/svg\/2b07.svg\" \/>\n<meta name=\"twitter:card\" content=\"summary_large_image\" \/>\n<meta name=\"twitter:label1\" content=\"Dur\u00e9e de lecture estim\u00e9e\" \/>\n\t<meta name=\"twitter:data1\" content=\"2 minutes\" \/>\n<script type=\"application\/ld+json\" class=\"yoast-schema-graph\">{\"@context\":\"https:\/\/schema.org\",\"@graph\":[{\"@type\":\"WebPage\",\"@id\":\"https:\/\/swigift.ch\/fr\/mon-compte\/\",\"url\":\"https:\/\/swigift.ch\/fr\/mon-compte\/\",\"name\":\"Mon compte - Swigift Boites cadeaux - bon cadeau et carte cadeau personnalis\u00e9e - livraison rapide Suisse\",\"isPartOf\":{\"@id\":\"https:\/\/swigift.ch\/fr\/#website\"},\"primaryImageOfPage\":{\"@id\":\"https:\/\/swigift.ch\/fr\/mon-compte\/#primaryimage\"},\"image\":{\"@id\":\"https:\/\/swigift.ch\/fr\/mon-compte\/#primaryimage\"},\"thumbnailUrl\":\"https:\/\/s.w.org\/images\/core\/emoji\/15.0.3\/svg\/2b07.svg\",\"datePublished\":\"2023-03-27T16:21:03+00:00\",\"dateModified\":\"2025-10-22T07:51:12+00:00\",\"description\":\"Boites cadeaux livr\u00e9es rapidement en Suisse, contenant un bon cadeau de votre choix, une carte de voeux personnalis\u00e9e et enveloppe \u00e0 choix !\",\"breadcrumb\":{\"@id\":\"https:\/\/swigift.ch\/fr\/mon-compte\/#breadcrumb\"},\"inLanguage\":\"fr-FR\",\"potentialAction\":[{\"@type\":\"ReadAction\",\"target\":[\"https:\/\/swigift.ch\/fr\/mon-compte\/\"]}]},{\"@type\":\"ImageObject\",\"inLanguage\":\"fr-FR\",\"@id\":\"https:\/\/swigift.ch\/fr\/mon-compte\/#primaryimage\",\"url\":\"https:\/\/s.w.org\/images\/core\/emoji\/15.0.3\/svg\/2b07.svg\",\"contentUrl\":\"https:\/\/s.w.org\/images\/core\/emoji\/15.0.3\/svg\/2b07.svg\"},{\"@type\":\"BreadcrumbList\",\"@id\":\"https:\/\/swigift.ch\/fr\/mon-compte\/#breadcrumb\",\"itemListElement\":[{\"@type\":\"ListItem\",\"position\":1,\"name\":\"Accueil\",\"item\":\"https:\/\/swigift.ch\/fr\/\"},{\"@type\":\"ListItem\",\"position\":2,\"name\":\"Mon compte\"}]},{\"@type\":\"WebSite\",\"@id\":\"https:\/\/swigift.ch\/fr\/#website\",\"url\":\"https:\/\/swigift.ch\/fr\/\",\"name\":\"Swigift\",\"description\":\"Id\u00e9e cadeau personnalis\u00e9\",\"publisher\":{\"@id\":\"https:\/\/swigift.ch\/fr\/#organization\"},\"potentialAction\":[{\"@type\":\"SearchAction\",\"target\":{\"@type\":\"EntryPoint\",\"urlTemplate\":\"https:\/\/swigift.ch\/fr\/?s={search_term_string}\"},\"query-input\":{\"@type\":\"PropertyValueSpecification\",\"valueRequired\":true,\"valueName\":\"search_term_string\"}}],\"inLanguage\":\"fr-FR\"},{\"@type\":\"Organization\",\"@id\":\"https:\/\/swigift.ch\/fr\/#organization\",\"name\":\"Id\u00e9e cadeau originale suisse, une boite contenant un bon cadeau local, une carte de voeux personnalis\u00e9e et plus encore\",\"alternateName\":\"Boites cadeaux personnalis\u00e9es avec bon cadeau commerces Suisse et carte de voeux personnalis\u00e9e, livraison rapide en Suisse.\",\"url\":\"https:\/\/swigift.ch\/fr\/\",\"logo\":{\"@type\":\"ImageObject\",\"inLanguage\":\"fr-FR\",\"@id\":\"https:\/\/swigift.ch\/fr\/#\/schema\/logo\/image\/\",\"url\":\"https:\/\/swigift.ch\/wp-content\/uploads\/2024\/02\/swigift-logo-carte.png\",\"contentUrl\":\"https:\/\/swigift.ch\/wp-content\/uploads\/2024\/02\/swigift-logo-carte.png\",\"width\":300,\"height\":412,\"caption\":\"Id\u00e9e cadeau originale suisse, une boite contenant un bon cadeau local, une carte de voeux personnalis\u00e9e et plus encore\"},\"image\":{\"@id\":\"https:\/\/swigift.ch\/fr\/#\/schema\/logo\/image\/\"},\"sameAs\":[\"https:\/\/www.facebook.com\/people\/Swigift\/61558610159800\/\",\"https:\/\/www.instagram.com\/swigift.ch\/\",\"https:\/\/www.linkedin.com\/company\/swigift\/\"]}]}<\/script>\n<!-- \/ Yoast SEO plugin. -->","yoast_head_json":{"title":"Mon compte - Swigift Boites cadeaux - bon cadeau et carte cadeau personnalis\u00e9e - livraison rapide Suisse","description":"Boites cadeaux livr\u00e9es rapidement en Suisse, contenant un bon cadeau de votre choix, une carte de voeux personnalis\u00e9e et enveloppe \u00e0 choix !","robots":{"index":"noindex","follow":"nofollow"},"og_locale":"fr_FR","og_type":"article","og_title":"Mon compte - Swigift Boites cadeaux - bon cadeau et carte cadeau personnalis\u00e9e - livraison rapide Suisse","og_description":"Boites cadeaux livr\u00e9es rapidement en Suisse, contenant un bon cadeau de votre choix, une carte de voeux personnalis\u00e9e et enveloppe \u00e0 choix !","og_url":"https:\/\/swigift.ch\/fr\/mon-compte\/","og_site_name":"Swigift","article_publisher":"https:\/\/www.facebook.com\/people\/Swigift\/61558610159800\/","article_modified_time":"2025-10-22T07:51:12+00:00","og_image":[{"url":"https:\/\/s.w.org\/images\/core\/emoji\/15.0.3\/svg\/2b07.svg","type":"","width":"","height":""}],"twitter_card":"summary_large_image","twitter_misc":{"Dur\u00e9e de lecture estim\u00e9e":"2 minutes"},"schema":{"@context":"https:\/\/schema.org","@graph":[{"@type":"WebPage","@id":"https:\/\/swigift.ch\/fr\/mon-compte\/","url":"https:\/\/swigift.ch\/fr\/mon-compte\/","name":"Mon compte - Swigift Boites cadeaux - bon cadeau et carte cadeau personnalis\u00e9e - livraison rapide Suisse","isPartOf":{"@id":"https:\/\/swigift.ch\/fr\/#website"},"primaryImageOfPage":{"@id":"https:\/\/swigift.ch\/fr\/mon-compte\/#primaryimage"},"image":{"@id":"https:\/\/swigift.ch\/fr\/mon-compte\/#primaryimage"},"thumbnailUrl":"https:\/\/s.w.org\/images\/core\/emoji\/15.0.3\/svg\/2b07.svg","datePublished":"2023-03-27T16:21:03+00:00","dateModified":"2025-10-22T07:51:12+00:00","description":"Boites cadeaux livr\u00e9es rapidement en Suisse, contenant un bon cadeau de votre choix, une carte de voeux personnalis\u00e9e et enveloppe \u00e0 choix !","breadcrumb":{"@id":"https:\/\/swigift.ch\/fr\/mon-compte\/#breadcrumb"},"inLanguage":"fr-FR","potentialAction":[{"@type":"ReadAction","target":["https:\/\/swigift.ch\/fr\/mon-compte\/"]}]},{"@type":"ImageObject","inLanguage":"fr-FR","@id":"https:\/\/swigift.ch\/fr\/mon-compte\/#primaryimage","url":"https:\/\/s.w.org\/images\/core\/emoji\/15.0.3\/svg\/2b07.svg","contentUrl":"https:\/\/s.w.org\/images\/core\/emoji\/15.0.3\/svg\/2b07.svg"},{"@type":"BreadcrumbList","@id":"https:\/\/swigift.ch\/fr\/mon-compte\/#breadcrumb","itemListElement":[{"@type":"ListItem","position":1,"name":"Accueil","item":"https:\/\/swigift.ch\/fr\/"},{"@type":"ListItem","position":2,"name":"Mon compte"}]},{"@type":"WebSite","@id":"https:\/\/swigift.ch\/fr\/#website","url":"https:\/\/swigift.ch\/fr\/","name":"Swigift","description":"Id\u00e9e cadeau personnalis\u00e9","publisher":{"@id":"https:\/\/swigift.ch\/fr\/#organization"},"potentialAction":[{"@type":"SearchAction","target":{"@type":"EntryPoint","urlTemplate":"https:\/\/swigift.ch\/fr\/?s={search_term_string}"},"query-input":{"@type":"PropertyValueSpecification","valueRequired":true,"valueName":"search_term_string"}}],"inLanguage":"fr-FR"},{"@type":"Organization","@id":"https:\/\/swigift.ch\/fr\/#organization","name":"Id\u00e9e cadeau originale suisse, une boite contenant un bon cadeau local, une carte de voeux personnalis\u00e9e et plus encore","alternateName":"Boites cadeaux personnalis\u00e9es avec bon cadeau commerces Suisse et carte de voeux personnalis\u00e9e, livraison rapide en Suisse.","url":"https:\/\/swigift.ch\/fr\/","logo":{"@type":"ImageObject","inLanguage":"fr-FR","@id":"https:\/\/swigift.ch\/fr\/#\/schema\/logo\/image\/","url":"https:\/\/swigift.ch\/wp-content\/uploads\/2024\/02\/swigift-logo-carte.png","contentUrl":"https:\/\/swigift.ch\/wp-content\/uploads\/2024\/02\/swigift-logo-carte.png","width":300,"height":412,"caption":"Id\u00e9e cadeau originale suisse, une boite contenant un bon cadeau local, une carte de voeux personnalis\u00e9e et plus encore"},"image":{"@id":"https:\/\/swigift.ch\/fr\/#\/schema\/logo\/image\/"},"sameAs":["https:\/\/www.facebook.com\/people\/Swigift\/61558610159800\/","https:\/\/www.instagram.com\/swigift.ch\/","https:\/\/www.linkedin.com\/company\/swigift\/"]}]}},"_links":{"self":[{"href":"https:\/\/swigift.ch\/fr\/wp-json\/wp\/v2\/pages\/28860","targetHints":{"allow":["GET"]}}],"collection":[{"href":"https:\/\/swigift.ch\/fr\/wp-json\/wp\/v2\/pages"}],"about":[{"href":"https:\/\/swigift.ch\/fr\/wp-json\/wp\/v2\/types\/page"}],"author":[{"embeddable":true,"href":"https:\/\/swigift.ch\/fr\/wp-json\/wp\/v2\/users\/1"}],"replies":[{"embeddable":true,"href":"https:\/\/swigift.ch\/fr\/wp-json\/wp\/v2\/comments?post=28860"}],"version-history":[{"count":0,"href":"https:\/\/swigift.ch\/fr\/wp-json\/wp\/v2\/pages\/28860\/revisions"}],"wp:attachment":[{"href":"https:\/\/swigift.ch\/fr\/wp-json\/wp\/v2\/media?parent=28860"}],"curies":[{"name":"wp","href":"https:\/\/api.w.org\/{rel}","templated":true}]}}