{"id":36208,"date":"2025-05-07T16:18:35","date_gmt":"2025-05-07T14:18:35","guid":{"rendered":"https:\/\/swigift.ch\/?post_type=product&#038;p=36208"},"modified":"2025-06-25T18:22:45","modified_gmt":"2025-06-25T16:22:45","slug":"carte-de-voeux-a-personnaliser","status":"publish","type":"product","link":"https:\/\/swigift.ch\/en\/product\/carte-de-voeux-a-personnaliser\/","title":{"rendered":"Carte de v\u0153ux \u00e0 personnaliser"},"content":{"rendered":"<p>Carte cadeau \u00e0 venir personnaliser dans notre \u00e9diteur sp\u00e9cial Swigift!<\/p>\n","protected":false},"excerpt":{"rendered":"<p>Cr\u00e9er votre carte personnalis\u00e9e ! \ud83d\ude42<\/p>\n","protected":false},"featured_media":0,"comment_status":"closed","ping_status":"closed","template":"","meta":[],"product_brand":[],"product_cat":[215],"product_tag":[],"class_list":{"0":"post-36208","1":"product","2":"type-product","3":"status-publish","5":"product_cat-cartes-de-voeux-a-personnaliser","7":"first","8":"instock","9":"sold-individually","10":"shipping-taxable","11":"purchasable","12":"product-type-simple"},"yoast_head":"<!-- This site is optimized with the Yoast SEO plugin v27.4 - https:\/\/yoast.com\/product\/yoast-seo-wordpress\/ -->\n<title>Carte de v\u0153ux \u00e0 personnaliser - Swigift<\/title>\n<meta name=\"robots\" content=\"noindex, nofollow\" \/>\n<meta property=\"og:locale\" content=\"en_US\" \/>\n<meta property=\"og:type\" content=\"article\" \/>\n<meta property=\"og:title\" content=\"Carte de v\u0153ux \u00e0 personnaliser - Swigift\" \/>\n<meta property=\"og:description\" content=\"Cr\u00e9er votre carte personnalis\u00e9e ! :)\" \/>\n<meta property=\"og:url\" content=\"https:\/\/swigift.ch\/en\/product\/carte-de-voeux-a-personnaliser\/\" \/>\n<meta property=\"og:site_name\" content=\"Swigift\" \/>\n<meta property=\"article:publisher\" content=\"https:\/\/www.facebook.com\/people\/Swigift\/61558610159800\/\" \/>\n<meta property=\"article:modified_time\" content=\"2025-06-25T16:22:45+00:00\" \/>\n<meta name=\"twitter:card\" content=\"summary_large_image\" \/>\n<meta name=\"twitter:label1\" content=\"Est. reading time\" \/>\n\t<meta name=\"twitter:data1\" content=\"1 minute\" \/>\n<script type=\"application\/ld+json\" class=\"yoast-schema-graph\">{\"@context\":\"https:\\\/\\\/schema.org\",\"@graph\":[{\"@type\":\"WebPage\",\"@id\":\"https:\\\/\\\/swigift.ch\\\/en\\\/product\\\/carte-de-voeux-a-personnaliser\\\/\",\"url\":\"https:\\\/\\\/swigift.ch\\\/en\\\/product\\\/carte-de-voeux-a-personnaliser\\\/\",\"name\":\"Carte de v\u0153ux \u00e0 personnaliser - Swigift\",\"isPartOf\":{\"@id\":\"https:\\\/\\\/swigift.ch\\\/en\\\/#website\"},\"datePublished\":\"2025-05-07T14:18:35+00:00\",\"dateModified\":\"2025-06-25T16:22:45+00:00\",\"breadcrumb\":{\"@id\":\"https:\\\/\\\/swigift.ch\\\/en\\\/product\\\/carte-de-voeux-a-personnaliser\\\/#breadcrumb\"},\"inLanguage\":\"en-US\",\"potentialAction\":[{\"@type\":\"ReadAction\",\"target\":[\"https:\\\/\\\/swigift.ch\\\/en\\\/product\\\/carte-de-voeux-a-personnaliser\\\/\"]}]},{\"@type\":\"BreadcrumbList\",\"@id\":\"https:\\\/\\\/swigift.ch\\\/en\\\/product\\\/carte-de-voeux-a-personnaliser\\\/#breadcrumb\",\"itemListElement\":[{\"@type\":\"ListItem\",\"position\":1,\"name\":\"Accueil\",\"item\":\"https:\\\/\\\/swigift.ch\\\/en\\\/\"},{\"@type\":\"ListItem\",\"position\":2,\"name\":\"Shop\",\"item\":\"https:\\\/\\\/swigift.ch\\\/en\\\/shop\\\/\"},{\"@type\":\"ListItem\",\"position\":3,\"name\":\"Carte de v\u0153ux \u00e0 personnaliser\"}]},{\"@type\":\"WebSite\",\"@id\":\"https:\\\/\\\/swigift.ch\\\/en\\\/#website\",\"url\":\"https:\\\/\\\/swigift.ch\\\/en\\\/\",\"name\":\"Swigift\",\"description\":\"personalized remote gifts\",\"publisher\":{\"@id\":\"https:\\\/\\\/swigift.ch\\\/en\\\/#organization\"},\"potentialAction\":[{\"@type\":\"SearchAction\",\"target\":{\"@type\":\"EntryPoint\",\"urlTemplate\":\"https:\\\/\\\/swigift.ch\\\/en\\\/?s={search_term_string}\"},\"query-input\":{\"@type\":\"PropertyValueSpecification\",\"valueRequired\":true,\"valueName\":\"search_term_string\"}}],\"inLanguage\":\"en-US\"},{\"@type\":\"Organization\",\"@id\":\"https:\\\/\\\/swigift.ch\\\/en\\\/#organization\",\"name\":\"Id\u00e9e cadeau originale suisse, une boite contenant un bon cadeau local, une carte de voeux personnalis\u00e9e et plus encore\",\"alternateName\":\"Boites cadeaux personnalis\u00e9es avec bon cadeau commerces Suisse et carte de voeux personnalis\u00e9e, livraison rapide en Suisse.\",\"url\":\"https:\\\/\\\/swigift.ch\\\/en\\\/\",\"logo\":{\"@type\":\"ImageObject\",\"inLanguage\":\"en-US\",\"@id\":\"https:\\\/\\\/swigift.ch\\\/en\\\/#\\\/schema\\\/logo\\\/image\\\/\",\"url\":\"https:\\\/\\\/swigift.ch\\\/wp-content\\\/uploads\\\/2024\\\/02\\\/swigift-logo-carte.png\",\"contentUrl\":\"https:\\\/\\\/swigift.ch\\\/wp-content\\\/uploads\\\/2024\\\/02\\\/swigift-logo-carte.png\",\"width\":300,\"height\":412,\"caption\":\"Id\u00e9e cadeau originale suisse, une boite contenant un bon cadeau local, une carte de voeux personnalis\u00e9e et plus encore\"},\"image\":{\"@id\":\"https:\\\/\\\/swigift.ch\\\/en\\\/#\\\/schema\\\/logo\\\/image\\\/\"},\"sameAs\":[\"https:\\\/\\\/www.facebook.com\\\/people\\\/Swigift\\\/61558610159800\\\/\",\"https:\\\/\\\/www.instagram.com\\\/swigift.ch\\\/\",\"https:\\\/\\\/www.linkedin.com\\\/company\\\/swigift\\\/\"]}]}<\/script>\n<!-- \/ Yoast SEO plugin. -->","yoast_head_json":{"title":"Carte de v\u0153ux \u00e0 personnaliser - Swigift","robots":{"index":"noindex","follow":"nofollow"},"og_locale":"en_US","og_type":"article","og_title":"Carte de v\u0153ux \u00e0 personnaliser - Swigift","og_description":"Cr\u00e9er votre carte personnalis\u00e9e ! :)","og_url":"https:\/\/swigift.ch\/en\/product\/carte-de-voeux-a-personnaliser\/","og_site_name":"Swigift","article_publisher":"https:\/\/www.facebook.com\/people\/Swigift\/61558610159800\/","article_modified_time":"2025-06-25T16:22:45+00:00","twitter_card":"summary_large_image","twitter_misc":{"Est. reading time":"1 minute"},"schema":{"@context":"https:\/\/schema.org","@graph":[{"@type":"WebPage","@id":"https:\/\/swigift.ch\/en\/product\/carte-de-voeux-a-personnaliser\/","url":"https:\/\/swigift.ch\/en\/product\/carte-de-voeux-a-personnaliser\/","name":"Carte de v\u0153ux \u00e0 personnaliser - Swigift","isPartOf":{"@id":"https:\/\/swigift.ch\/en\/#website"},"datePublished":"2025-05-07T14:18:35+00:00","dateModified":"2025-06-25T16:22:45+00:00","breadcrumb":{"@id":"https:\/\/swigift.ch\/en\/product\/carte-de-voeux-a-personnaliser\/#breadcrumb"},"inLanguage":"en-US","potentialAction":[{"@type":"ReadAction","target":["https:\/\/swigift.ch\/en\/product\/carte-de-voeux-a-personnaliser\/"]}]},{"@type":"BreadcrumbList","@id":"https:\/\/swigift.ch\/en\/product\/carte-de-voeux-a-personnaliser\/#breadcrumb","itemListElement":[{"@type":"ListItem","position":1,"name":"Accueil","item":"https:\/\/swigift.ch\/en\/"},{"@type":"ListItem","position":2,"name":"Shop","item":"https:\/\/swigift.ch\/en\/shop\/"},{"@type":"ListItem","position":3,"name":"Carte de v\u0153ux \u00e0 personnaliser"}]},{"@type":"WebSite","@id":"https:\/\/swigift.ch\/en\/#website","url":"https:\/\/swigift.ch\/en\/","name":"Swigift","description":"personalized remote gifts","publisher":{"@id":"https:\/\/swigift.ch\/en\/#organization"},"potentialAction":[{"@type":"SearchAction","target":{"@type":"EntryPoint","urlTemplate":"https:\/\/swigift.ch\/en\/?s={search_term_string}"},"query-input":{"@type":"PropertyValueSpecification","valueRequired":true,"valueName":"search_term_string"}}],"inLanguage":"en-US"},{"@type":"Organization","@id":"https:\/\/swigift.ch\/en\/#organization","name":"Id\u00e9e cadeau originale suisse, une boite contenant un bon cadeau local, une carte de voeux personnalis\u00e9e et plus encore","alternateName":"Boites cadeaux personnalis\u00e9es avec bon cadeau commerces Suisse et carte de voeux personnalis\u00e9e, livraison rapide en Suisse.","url":"https:\/\/swigift.ch\/en\/","logo":{"@type":"ImageObject","inLanguage":"en-US","@id":"https:\/\/swigift.ch\/en\/#\/schema\/logo\/image\/","url":"https:\/\/swigift.ch\/wp-content\/uploads\/2024\/02\/swigift-logo-carte.png","contentUrl":"https:\/\/swigift.ch\/wp-content\/uploads\/2024\/02\/swigift-logo-carte.png","width":300,"height":412,"caption":"Id\u00e9e cadeau originale suisse, une boite contenant un bon cadeau local, une carte de voeux personnalis\u00e9e et plus encore"},"image":{"@id":"https:\/\/swigift.ch\/en\/#\/schema\/logo\/image\/"},"sameAs":["https:\/\/www.facebook.com\/people\/Swigift\/61558610159800\/","https:\/\/www.instagram.com\/swigift.ch\/","https:\/\/www.linkedin.com\/company\/swigift\/"]}]}},"_links":{"self":[{"href":"https:\/\/swigift.ch\/en\/wp-json\/wp\/v2\/product\/36208","targetHints":{"allow":["GET"]}}],"collection":[{"href":"https:\/\/swigift.ch\/en\/wp-json\/wp\/v2\/product"}],"about":[{"href":"https:\/\/swigift.ch\/en\/wp-json\/wp\/v2\/types\/product"}],"replies":[{"embeddable":true,"href":"https:\/\/swigift.ch\/en\/wp-json\/wp\/v2\/comments?post=36208"}],"version-history":[{"count":0,"href":"https:\/\/swigift.ch\/en\/wp-json\/wp\/v2\/product\/36208\/revisions"}],"wp:attachment":[{"href":"https:\/\/swigift.ch\/en\/wp-json\/wp\/v2\/media?parent=36208"}],"wp:term":[{"taxonomy":"product_brand","embeddable":true,"href":"https:\/\/swigift.ch\/en\/wp-json\/wp\/v2\/product_brand?post=36208"},{"taxonomy":"product_cat","embeddable":true,"href":"https:\/\/swigift.ch\/en\/wp-json\/wp\/v2\/product_cat?post=36208"},{"taxonomy":"product_tag","embeddable":true,"href":"https:\/\/swigift.ch\/en\/wp-json\/wp\/v2\/product_tag?post=36208"}],"curies":[{"name":"wp","href":"https:\/\/api.w.org\/{rel}","templated":true}]}}