{"id":32994,"date":"2024-11-30T14:20:07","date_gmt":"2024-11-30T13:20:07","guid":{"rendered":"https:\/\/swigift.ch\/?post_type=product&#038;p=32994"},"modified":"2025-06-02T15:57:37","modified_gmt":"2025-06-02T13:57:37","slug":"virtual-reality-centre-personalized-gifts-boxes","status":"publish","type":"product","link":"https:\/\/swigift.ch\/en\/product\/virtual-reality-centre-personalized-gifts-boxes\/","title":{"rendered":"INX Reality (Virtual reality)"},"content":{"rendered":"<p><strong>INX Reality gift voucher (Virtual Reality Centre) (Canton of Jura and Bern)<\/strong><\/p>\n<p class=\"\">Are you looking for an original Swiss gift that will provide a unique experience?<\/p>\n<p class=\"\">INX Reality is a <strong>virtual reality centre<\/strong> where teamwork is key to solving puzzles, finding clues and escaping before time runs out.<\/p>\n<p class=\"\">With <strong>several scenarios to choose<\/strong> from, each offering a unique challenge, VR Escape Games promise an <strong>unforgettable experience.<\/strong> If you&#8217;re looking for a thrill, VR gaming experiences are ideal!<\/p>\n<p class=\"\">With family, friends or colleagues, INX Reality lets you experience <strong>exciting adventures<\/strong> in virtual worlds.<\/p>\n<p>The perfect gift idea for an unforgettable experience!<\/p>\n<ul>\n<li><strong>With a gift voucher, the recipient can choose from<\/strong>:\n<ul>\n<li><strong>Escape Game VR<\/strong> : Virtual escapes for everyone aged 10 and over. Over 20 different VR Escape Rooms. (ex: 45 CHF\/p max duration 60min )<\/li>\n<li><strong>Gaming VR<\/strong> : A dynamic and immersive multiplayer shooter that will thrill all action fans (e.g.: 45 CHF\/p duration 45min )<\/li>\n<\/ul>\n<\/li>\n<li><strong>Vouchers can be used :<\/strong>\n<ul>\n<li>On site<\/li>\n<\/ul>\n<\/li>\n<li><strong>Period of validity<\/strong>:\n<ul>\n<li>1 year<\/li>\n<\/ul>\n<\/li>\n<li><strong>Important<\/strong>\n<ul>\n<li>Gift vouchers are valid in all branches. (currently : Del\u00e9mont (JU) and Bienne (BE))<\/li>\n<li>Gift vouchers cannot be combined with other discounts<\/li>\n<\/ul>\n<\/li>\n<\/ul>\n<p>&nbsp;<\/p>\n<p><a href=\"https:\/\/swigift.ch\/en\/contact\/\">Any special requests?<br \/>\nContact us here \ud83d\ude42 <\/a><\/p>\n<p>&nbsp;<\/p>\n<p>INX Reality Del\u00e9mont<br \/>\n<span class=\"wixui-rich-text__text\">Rue Saint-Georges 6<\/span><br \/>\n2800 Del\u00e9mont<\/p>\n<p>INX Reality Biel-Bienne<br \/>\n<span class=\"wixui-rich-text__text\">Rue de Morat 7a<\/span><br \/>\n2502 Biel-Bienne<\/p>\n<p>&nbsp;<\/p>\n<p><a href=\"https:\/\/www.inxreality.ch\/fr\/\" target=\"_blank\" rel=\"noopener\">Website link<\/a><\/p>\n<p>&nbsp;<\/p>\n<h4><strong>Swigift, the fast, customised Swiss gift<\/strong><\/h4>\n<p>Swigift offers you a Swiss gift box containing a <strong>value gift voucher<\/strong> of your choice, for example from <strong>INX Reality (virtual reality centre)<\/strong>, but that\u2019s not all!<\/p>\n<p>Once the Swiss gift voucher has been chosen, select an <strong>envelope color<\/strong>, which will be for the <strong>greeting card<\/strong> that you will create in the next step.<\/p>\n<p>Once in the shopping cart, enter your delivery date and Swiss shipping address. <strong>Fast delivery in 24h<\/strong> if ordered Monday to Friday before 4pm (subject to conditions).<\/p>\n<p>The recipient will receive a shipping gift box full of surprises as soon as it&#8217;s opened! The gifts you&#8217;ve chosen and created will be <strong>carefully arranged<\/strong>, along with a wooden stand for the card.<\/p>\n<p>The recipient will be able to display the <strong>greeting card<\/strong> and enjoy the superb <strong>Swiss gift voucher<\/strong> you have chosen.<\/p>\n<p>Swigift, the ideal Swiss gift for <strong>all occasions.<\/strong><\/p>\n<p>&nbsp;<\/p>\n<h4><strong>For what occasions<\/strong><\/h4>\n<p>All occasions, whether you need a birthday gift, wedding gift, birth gift, success gift, retirement gift, holiday gift or just want to please!<\/p>\n<p>It doesn&#8217;t matter whether you are traveling, on the move, whether you live as a Swiss expatriate looking for a Swiss gift idea, or whether you are simply far from a loved one, <strong>Swigift will meet your needs!<\/strong><\/p>\n<p>Modern and intuitive, Swigift stands out for its complete, imaginative and emotional offer, which simplifies our lives.<\/p>\n<p>&nbsp;<\/p>\n<p><a href=\"https:\/\/swigift.ch\/faq\/\">I&#8217;d like to consult the FAQ page \ud83d\ude42<\/a><\/p>\n<p>&nbsp;<\/p>\n<p>Personalised gift boxes Swiss gift voucher INX Reality (virtual reality centre)<\/p>\n<p>Swigift personalized Swiss gift boxes, gift idea for a Swiss.<\/p>\n<p>Personalized gifts boxes. Swiss gift sent remotely<\/p>\n<p>The General Terms and Conditions are binding<\/p>\n","protected":false},"excerpt":{"rendered":"<p>A gift voucher that allows the recipient to enjoy thrilling adventures in virtual worlds, a unique experience.<\/p>\n","protected":false},"featured_media":33028,"comment_status":"open","ping_status":"closed","template":"","meta":[],"product_brand":[],"product_cat":[64,58,53,62],"product_tag":[],"class_list":{"0":"post-32994","1":"product","2":"type-product","3":"status-publish","4":"has-post-thumbnail","6":"product_cat-all","7":"product_cat-entertainment","8":"product_cat-other","9":"product_cat-sport-and-leisure","11":"first","12":"instock","13":"purchasable","14":"product-type-variable"},"yoast_head":"<!-- This site is optimized with the Yoast SEO plugin v27.4 - https:\/\/yoast.com\/product\/yoast-seo-wordpress\/ -->\n<title>Swiss experience gift - Swigift - INX Reality (Virtual reality)<\/title>\n<meta name=\"description\" content=\"Unique Swiss gift voucher and personalized greeting card in a box, delivered fast for a delightful surprise. Personalized gifts boxes\" \/>\n<meta name=\"robots\" content=\"index, follow, max-snippet:-1, max-image-preview:large, max-video-preview:-1\" \/>\n<link rel=\"canonical\" href=\"https:\/\/swigift.ch\/en\/product\/virtual-reality-centre-personalized-gifts-boxes\/\" \/>\n<meta property=\"og:locale\" content=\"en_US\" \/>\n<meta property=\"og:type\" content=\"article\" \/>\n<meta property=\"og:title\" content=\"Swiss experience gift - Swigift - INX Reality (Virtual reality)\" \/>\n<meta property=\"og:description\" content=\"Unique Swiss gift voucher and personalized greeting card in a box, delivered fast for a delightful surprise. Personalized gifts boxes\" \/>\n<meta property=\"og:url\" content=\"https:\/\/swigift.ch\/en\/product\/virtual-reality-centre-personalized-gifts-boxes\/\" \/>\n<meta property=\"og:site_name\" content=\"Swigift\" \/>\n<meta property=\"article:publisher\" content=\"https:\/\/www.facebook.com\/people\/Swigift\/61558610159800\/\" \/>\n<meta property=\"article:modified_time\" content=\"2025-06-02T13:57:37+00:00\" \/>\n<meta property=\"og:image\" content=\"https:\/\/swigift.ch\/wp-content\/uploads\/2024\/06\/LG-4-300x300.png\" \/>\n<meta name=\"twitter:card\" content=\"summary_large_image\" \/>\n<meta name=\"twitter:label1\" content=\"Est. reading time\" \/>\n\t<meta name=\"twitter:data1\" content=\"3 minutes\" \/>\n<script type=\"application\/ld+json\" class=\"yoast-schema-graph\">{\"@context\":\"https:\\\/\\\/schema.org\",\"@graph\":[{\"@type\":\"WebPage\",\"@id\":\"https:\\\/\\\/swigift.ch\\\/en\\\/product\\\/virtual-reality-centre-personalized-gifts-boxes\\\/\",\"url\":\"https:\\\/\\\/swigift.ch\\\/en\\\/product\\\/virtual-reality-centre-personalized-gifts-boxes\\\/\",\"name\":\"Swiss experience gift - Swigift - INX Reality (Virtual reality)\",\"isPartOf\":{\"@id\":\"https:\\\/\\\/swigift.ch\\\/en\\\/#website\"},\"primaryImageOfPage\":{\"@id\":\"https:\\\/\\\/swigift.ch\\\/en\\\/product\\\/virtual-reality-centre-personalized-gifts-boxes\\\/#primaryimage\"},\"image\":{\"@id\":\"https:\\\/\\\/swigift.ch\\\/en\\\/product\\\/virtual-reality-centre-personalized-gifts-boxes\\\/#primaryimage\"},\"thumbnailUrl\":\"https:\\\/\\\/swigift.ch\\\/wp-content\\\/uploads\\\/2024\\\/11\\\/Bon-cadeau-realite-virtuelle-_-gift-swigift-gutschein.png\",\"datePublished\":\"2024-11-30T13:20:07+00:00\",\"dateModified\":\"2025-06-02T13:57:37+00:00\",\"description\":\"Unique Swiss gift voucher and personalized greeting card in a box, delivered fast for a delightful surprise. Personalized gifts boxes\",\"breadcrumb\":{\"@id\":\"https:\\\/\\\/swigift.ch\\\/en\\\/product\\\/virtual-reality-centre-personalized-gifts-boxes\\\/#breadcrumb\"},\"inLanguage\":\"en-US\",\"potentialAction\":[{\"@type\":\"ReadAction\",\"target\":[\"https:\\\/\\\/swigift.ch\\\/en\\\/product\\\/virtual-reality-centre-personalized-gifts-boxes\\\/\"]}]},{\"@type\":\"ImageObject\",\"inLanguage\":\"en-US\",\"@id\":\"https:\\\/\\\/swigift.ch\\\/en\\\/product\\\/virtual-reality-centre-personalized-gifts-boxes\\\/#primaryimage\",\"url\":\"https:\\\/\\\/swigift.ch\\\/wp-content\\\/uploads\\\/2024\\\/11\\\/Bon-cadeau-realite-virtuelle-_-gift-swigift-gutschein.png\",\"contentUrl\":\"https:\\\/\\\/swigift.ch\\\/wp-content\\\/uploads\\\/2024\\\/11\\\/Bon-cadeau-realite-virtuelle-_-gift-swigift-gutschein.png\",\"width\":1500,\"height\":1500,\"caption\":\"virtual reality gift voucher _ gift swigift - gutschein - Swiss experience gift\"},{\"@type\":\"BreadcrumbList\",\"@id\":\"https:\\\/\\\/swigift.ch\\\/en\\\/product\\\/virtual-reality-centre-personalized-gifts-boxes\\\/#breadcrumb\",\"itemListElement\":[{\"@type\":\"ListItem\",\"position\":1,\"name\":\"Accueil\",\"item\":\"https:\\\/\\\/swigift.ch\\\/en\\\/\"},{\"@type\":\"ListItem\",\"position\":2,\"name\":\"Shop\",\"item\":\"https:\\\/\\\/swigift.ch\\\/en\\\/shop\\\/\"},{\"@type\":\"ListItem\",\"position\":3,\"name\":\"INX Reality (Virtual reality)\"}]},{\"@type\":\"WebSite\",\"@id\":\"https:\\\/\\\/swigift.ch\\\/en\\\/#website\",\"url\":\"https:\\\/\\\/swigift.ch\\\/en\\\/\",\"name\":\"Swigift\",\"description\":\"personalized remote gifts\",\"publisher\":{\"@id\":\"https:\\\/\\\/swigift.ch\\\/en\\\/#organization\"},\"potentialAction\":[{\"@type\":\"SearchAction\",\"target\":{\"@type\":\"EntryPoint\",\"urlTemplate\":\"https:\\\/\\\/swigift.ch\\\/en\\\/?s={search_term_string}\"},\"query-input\":{\"@type\":\"PropertyValueSpecification\",\"valueRequired\":true,\"valueName\":\"search_term_string\"}}],\"inLanguage\":\"en-US\"},{\"@type\":\"Organization\",\"@id\":\"https:\\\/\\\/swigift.ch\\\/en\\\/#organization\",\"name\":\"Id\u00e9e cadeau originale suisse, une boite contenant un bon cadeau local, une carte de voeux personnalis\u00e9e et plus encore\",\"alternateName\":\"Boites cadeaux personnalis\u00e9es avec bon cadeau commerces Suisse et carte de voeux personnalis\u00e9e, livraison rapide en Suisse.\",\"url\":\"https:\\\/\\\/swigift.ch\\\/en\\\/\",\"logo\":{\"@type\":\"ImageObject\",\"inLanguage\":\"en-US\",\"@id\":\"https:\\\/\\\/swigift.ch\\\/en\\\/#\\\/schema\\\/logo\\\/image\\\/\",\"url\":\"https:\\\/\\\/swigift.ch\\\/wp-content\\\/uploads\\\/2024\\\/02\\\/swigift-logo-carte.png\",\"contentUrl\":\"https:\\\/\\\/swigift.ch\\\/wp-content\\\/uploads\\\/2024\\\/02\\\/swigift-logo-carte.png\",\"width\":300,\"height\":412,\"caption\":\"Id\u00e9e cadeau originale suisse, une boite contenant un bon cadeau local, une carte de voeux personnalis\u00e9e et plus encore\"},\"image\":{\"@id\":\"https:\\\/\\\/swigift.ch\\\/en\\\/#\\\/schema\\\/logo\\\/image\\\/\"},\"sameAs\":[\"https:\\\/\\\/www.facebook.com\\\/people\\\/Swigift\\\/61558610159800\\\/\",\"https:\\\/\\\/www.instagram.com\\\/swigift.ch\\\/\",\"https:\\\/\\\/www.linkedin.com\\\/company\\\/swigift\\\/\"]}]}<\/script>\n<!-- \/ Yoast SEO plugin. -->","yoast_head_json":{"title":"Swiss experience gift - Swigift - INX Reality (Virtual reality)","description":"Unique Swiss gift voucher and personalized greeting card in a box, delivered fast for a delightful surprise. Personalized gifts boxes","robots":{"index":"index","follow":"follow","max-snippet":"max-snippet:-1","max-image-preview":"max-image-preview:large","max-video-preview":"max-video-preview:-1"},"canonical":"https:\/\/swigift.ch\/en\/product\/virtual-reality-centre-personalized-gifts-boxes\/","og_locale":"en_US","og_type":"article","og_title":"Swiss experience gift - Swigift - INX Reality (Virtual reality)","og_description":"Unique Swiss gift voucher and personalized greeting card in a box, delivered fast for a delightful surprise. Personalized gifts boxes","og_url":"https:\/\/swigift.ch\/en\/product\/virtual-reality-centre-personalized-gifts-boxes\/","og_site_name":"Swigift","article_publisher":"https:\/\/www.facebook.com\/people\/Swigift\/61558610159800\/","article_modified_time":"2025-06-02T13:57:37+00:00","og_image":[{"url":"https:\/\/swigift.ch\/wp-content\/uploads\/2024\/06\/LG-4-300x300.png","type":"","width":"","height":""}],"twitter_card":"summary_large_image","twitter_misc":{"Est. reading time":"3 minutes"},"schema":{"@context":"https:\/\/schema.org","@graph":[{"@type":"WebPage","@id":"https:\/\/swigift.ch\/en\/product\/virtual-reality-centre-personalized-gifts-boxes\/","url":"https:\/\/swigift.ch\/en\/product\/virtual-reality-centre-personalized-gifts-boxes\/","name":"Swiss experience gift - Swigift - INX Reality (Virtual reality)","isPartOf":{"@id":"https:\/\/swigift.ch\/en\/#website"},"primaryImageOfPage":{"@id":"https:\/\/swigift.ch\/en\/product\/virtual-reality-centre-personalized-gifts-boxes\/#primaryimage"},"image":{"@id":"https:\/\/swigift.ch\/en\/product\/virtual-reality-centre-personalized-gifts-boxes\/#primaryimage"},"thumbnailUrl":"https:\/\/swigift.ch\/wp-content\/uploads\/2024\/11\/Bon-cadeau-realite-virtuelle-_-gift-swigift-gutschein.png","datePublished":"2024-11-30T13:20:07+00:00","dateModified":"2025-06-02T13:57:37+00:00","description":"Unique Swiss gift voucher and personalized greeting card in a box, delivered fast for a delightful surprise. Personalized gifts boxes","breadcrumb":{"@id":"https:\/\/swigift.ch\/en\/product\/virtual-reality-centre-personalized-gifts-boxes\/#breadcrumb"},"inLanguage":"en-US","potentialAction":[{"@type":"ReadAction","target":["https:\/\/swigift.ch\/en\/product\/virtual-reality-centre-personalized-gifts-boxes\/"]}]},{"@type":"ImageObject","inLanguage":"en-US","@id":"https:\/\/swigift.ch\/en\/product\/virtual-reality-centre-personalized-gifts-boxes\/#primaryimage","url":"https:\/\/swigift.ch\/wp-content\/uploads\/2024\/11\/Bon-cadeau-realite-virtuelle-_-gift-swigift-gutschein.png","contentUrl":"https:\/\/swigift.ch\/wp-content\/uploads\/2024\/11\/Bon-cadeau-realite-virtuelle-_-gift-swigift-gutschein.png","width":1500,"height":1500,"caption":"virtual reality gift voucher _ gift swigift - gutschein - Swiss experience gift"},{"@type":"BreadcrumbList","@id":"https:\/\/swigift.ch\/en\/product\/virtual-reality-centre-personalized-gifts-boxes\/#breadcrumb","itemListElement":[{"@type":"ListItem","position":1,"name":"Accueil","item":"https:\/\/swigift.ch\/en\/"},{"@type":"ListItem","position":2,"name":"Shop","item":"https:\/\/swigift.ch\/en\/shop\/"},{"@type":"ListItem","position":3,"name":"INX Reality (Virtual reality)"}]},{"@type":"WebSite","@id":"https:\/\/swigift.ch\/en\/#website","url":"https:\/\/swigift.ch\/en\/","name":"Swigift","description":"personalized remote gifts","publisher":{"@id":"https:\/\/swigift.ch\/en\/#organization"},"potentialAction":[{"@type":"SearchAction","target":{"@type":"EntryPoint","urlTemplate":"https:\/\/swigift.ch\/en\/?s={search_term_string}"},"query-input":{"@type":"PropertyValueSpecification","valueRequired":true,"valueName":"search_term_string"}}],"inLanguage":"en-US"},{"@type":"Organization","@id":"https:\/\/swigift.ch\/en\/#organization","name":"Id\u00e9e cadeau originale suisse, une boite contenant un bon cadeau local, une carte de voeux personnalis\u00e9e et plus encore","alternateName":"Boites cadeaux personnalis\u00e9es avec bon cadeau commerces Suisse et carte de voeux personnalis\u00e9e, livraison rapide en Suisse.","url":"https:\/\/swigift.ch\/en\/","logo":{"@type":"ImageObject","inLanguage":"en-US","@id":"https:\/\/swigift.ch\/en\/#\/schema\/logo\/image\/","url":"https:\/\/swigift.ch\/wp-content\/uploads\/2024\/02\/swigift-logo-carte.png","contentUrl":"https:\/\/swigift.ch\/wp-content\/uploads\/2024\/02\/swigift-logo-carte.png","width":300,"height":412,"caption":"Id\u00e9e cadeau originale suisse, une boite contenant un bon cadeau local, une carte de voeux personnalis\u00e9e et plus encore"},"image":{"@id":"https:\/\/swigift.ch\/en\/#\/schema\/logo\/image\/"},"sameAs":["https:\/\/www.facebook.com\/people\/Swigift\/61558610159800\/","https:\/\/www.instagram.com\/swigift.ch\/","https:\/\/www.linkedin.com\/company\/swigift\/"]}]}},"_links":{"self":[{"href":"https:\/\/swigift.ch\/en\/wp-json\/wp\/v2\/product\/32994","targetHints":{"allow":["GET"]}}],"collection":[{"href":"https:\/\/swigift.ch\/en\/wp-json\/wp\/v2\/product"}],"about":[{"href":"https:\/\/swigift.ch\/en\/wp-json\/wp\/v2\/types\/product"}],"replies":[{"embeddable":true,"href":"https:\/\/swigift.ch\/en\/wp-json\/wp\/v2\/comments?post=32994"}],"version-history":[{"count":0,"href":"https:\/\/swigift.ch\/en\/wp-json\/wp\/v2\/product\/32994\/revisions"}],"wp:featuredmedia":[{"embeddable":true,"href":"https:\/\/swigift.ch\/en\/wp-json\/wp\/v2\/media\/33028"}],"wp:attachment":[{"href":"https:\/\/swigift.ch\/en\/wp-json\/wp\/v2\/media?parent=32994"}],"wp:term":[{"taxonomy":"product_brand","embeddable":true,"href":"https:\/\/swigift.ch\/en\/wp-json\/wp\/v2\/product_brand?post=32994"},{"taxonomy":"product_cat","embeddable":true,"href":"https:\/\/swigift.ch\/en\/wp-json\/wp\/v2\/product_cat?post=32994"},{"taxonomy":"product_tag","embeddable":true,"href":"https:\/\/swigift.ch\/en\/wp-json\/wp\/v2\/product_tag?post=32994"}],"curies":[{"name":"wp","href":"https:\/\/api.w.org\/{rel}","templated":true}]}}