{"id":32861,"date":"2024-11-21T12:55:38","date_gmt":"2024-11-21T11:55:38","guid":{"rendered":"https:\/\/swigift.ch\/?post_type=product&#038;p=32861"},"modified":"2025-06-02T15:57:31","modified_gmt":"2025-06-02T13:57:31","slug":"alleau-turquoise-local-swiss-wellness-gift","status":"publish","type":"product","link":"https:\/\/swigift.ch\/en\/product\/alleau-turquoise-local-swiss-wellness-gift\/","title":{"rendered":"All&#8217;eau Turquoise Spa-Night (JU)"},"content":{"rendered":"<p><strong>Local Swiss gift voucher for wellness-spa and overnight stay, All\u2019eau Turquoise (Canton of Jura)<\/strong><\/p>\n<p><span class=\"OYPEnA font-feature-liga-off font-feature-clig-off font-feature-calt-off text-decoration-none text-strikethrough-none\">Are you looking for a lovely local Swiss gift that will allow you to introduce people to a wellness-spa that also offers overnight stays?<\/span><\/p>\n<p>All\u2019eau Turquoise is a paradise where every detail has been thought of to offer a <strong>unique and revitalizing experience.<\/strong><\/p>\n<p>Offer the chance to experience a <strong>magnificent getaway<\/strong> where well-being and relaxation are in perfect harmony. Hammam, organic hot stone sauna, infrared sauna, cold bath, Jacuzzi, fitness and relaxation room. Complimentary spa water, tea and chocolates<\/p>\n<p><span class=\"OYPEnA font-feature-liga-off font-feature-clig-off font-feature-calt-off text-decoration-none text-strikethrough-none\">All\u2019eau Turquoise also has two guest rooms, each with its own bathroom.<strong> The rooms are beautifully<\/strong> decorated, guaranteeing optimum comfort.<\/span><\/p>\n<p>A perfect gift idea for moments of relaxation.<\/p>\n<ul>\n<li><strong>With a gift voucher, the recipient can choose from<\/strong>:\n<ul>\n<li>Spa access (e.g. CHF 40\/p for 2h30)<\/li>\n<li>Spa privatization (e.g. CHF 150 for 2h30)<\/li>\n<li>Overnight stay in Amazonite or Carnelian room (e.g.: CHF 190 without spa \/ CHF 230 with spa)<\/li>\n<\/ul>\n<\/li>\n<li><strong>Vouchers can be used :<\/strong>\n<ul>\n<li>Order by e-mail or telephone<\/li>\n<\/ul>\n<\/li>\n<li><strong>Period of validity<\/strong>:\n<ul>\n<li>5 years<\/li>\n<\/ul>\n<\/li>\n<li><strong>Important<\/strong>\n<ul>\n<li>Vouchers valid for Wellness spa and Bed &amp; Breakfast<\/li>\n<\/ul>\n<\/li>\n<\/ul>\n<p>&nbsp;<\/p>\n<p><a href=\"https:\/\/swigift.ch\/en\/contact\/\">Any special requests?<br \/>\nContact us here \ud83d\ude42 <\/a><\/p>\n<p>&nbsp;<\/p>\n<p>All&#8217;eau turquoise<br \/>\n<span class=\"wixui-rich-text__text\">Champs Saint-Martin 15<\/span><br \/>\n2942 Alle JU<\/p>\n<p><a href=\"https:\/\/www.alleauturquoise.ch\/\" target=\"_blank\" rel=\"noopener\">Website link<\/a><\/p>\n<p>&nbsp;<\/p>\n<h4><strong>Swigift, the fast, personalized, made-to-measure gift<\/strong><\/h4>\n<p>Swigift offers you a local Swiss gift box containing<strong> a value gift voucher of your choice<\/strong>, e.g. <strong>All eau Turquoise<\/strong> to enjoy wellness or other, but not only!<\/p>\n<p>Once the Swiss gift voucher has been chosen, select an <strong>envelope color<\/strong>, which will be for the <strong>greeting card<\/strong> that you will create in the next step.<\/p>\n<p>Once in the shopping cart, enter your delivery date and Swiss shipping address. <strong>Fast delivery in 24h<\/strong> if ordered Monday to Friday before 4pm (subject to conditions).<\/p>\n<p>The recipient will receive a shipping gift box full of surprises as soon as it&#8217;s opened! The gifts you&#8217;ve chosen and created will be <strong>carefully arranged<\/strong>, along with a wooden stand for the card.<\/p>\n<p>The recipient will be able to display the <strong>greeting card<\/strong> and enjoy the superb <strong>Swiss gift voucher<\/strong> you have chosen.<\/p>\n<p>Swigift, the ideal Swiss gift for <strong>all occasions.<\/strong><\/p>\n<p>&nbsp;<\/p>\n<h4><strong>For what occasions<\/strong><\/h4>\n<p>All occasions, whether you need a birthday gift, wedding gift, birth gift, success gift, retirement gift, holiday gift or just want to please!<\/p>\n<p>It doesn&#8217;t matter whether you are traveling, on the move, whether you live as a Swiss expatriate looking for a Swiss gift idea, or whether you are simply far from a loved one, <strong>Swigift will meet your needs!<\/strong><\/p>\n<p>Modern and intuitive, Swigift stands out for its complete, imaginative and emotional offer, which simplifies our lives.<\/p>\n<p>&nbsp;<\/p>\n<p><a href=\"https:\/\/swigift.ch\/faq\/\">I&#8217;d like to consult the FAQ page \ud83d\ude42<\/a><\/p>\n<p>&nbsp;<\/p>\n<p>Personalized gift boxes Swiss gift voucher All\u2019eau Turquoise<\/p>\n<p>Swigift personalized Swiss gift boxes, gift idea for a Swiss.<\/p>\n<p>Local Swiss wellness gift, sent remotely<\/p>\n<p>The General Terms and Conditions are binding<\/p>\n","protected":false},"excerpt":{"rendered":"<p>Offer a gift voucher that allows the recipient to choose the relaxation experience that suits them best!<\/p>\n","protected":false},"featured_media":32867,"comment_status":"open","ping_status":"closed","template":"","meta":[],"product_brand":[],"product_cat":[64,54,53,61],"product_tag":[],"class_list":{"0":"post-32861","1":"product","2":"type-product","3":"status-publish","4":"has-post-thumbnail","6":"product_cat-all","7":"product_cat-beauty-and-well-being","8":"product_cat-other","9":"product_cat-overnight-stay","10":"product_shipping_class-swigift-1-box-komplett","12":"first","13":"instock","14":"purchasable","15":"product-type-variable"},"yoast_head":"<!-- This site is optimized with the Yoast SEO plugin v27.4 - https:\/\/yoast.com\/product\/yoast-seo-wordpress\/ -->\n<title>Swiss gift local wellness - Swigift - All&#039;eau Turquoise Spa-Night (JU)<\/title>\n<meta name=\"description\" content=\"Pure surprise: personalized Swiss box with gift voucher and greeting card, delivered fast and on time. Local Swiss wellness gift Local Swiss wellness gift\" \/>\n<meta name=\"robots\" content=\"index, follow, max-snippet:-1, max-image-preview:large, max-video-preview:-1\" \/>\n<link rel=\"canonical\" href=\"https:\/\/swigift.ch\/en\/product\/alleau-turquoise-local-swiss-wellness-gift\/\" \/>\n<meta property=\"og:locale\" content=\"en_US\" \/>\n<meta property=\"og:type\" content=\"article\" \/>\n<meta property=\"og:title\" content=\"Swiss gift local wellness - Swigift - All&#039;eau Turquoise Spa-Night (JU)\" \/>\n<meta property=\"og:description\" content=\"Pure surprise: personalized Swiss box with gift voucher and greeting card, delivered fast and on time. Local Swiss wellness gift Local Swiss wellness gift\" \/>\n<meta property=\"og:url\" content=\"https:\/\/swigift.ch\/en\/product\/alleau-turquoise-local-swiss-wellness-gift\/\" \/>\n<meta property=\"og:site_name\" content=\"Swigift\" \/>\n<meta property=\"article:publisher\" content=\"https:\/\/www.facebook.com\/people\/Swigift\/61558610159800\/\" \/>\n<meta property=\"article:modified_time\" content=\"2025-06-02T13:57:31+00:00\" \/>\n<meta property=\"og:image\" content=\"https:\/\/swigift.ch\/wp-content\/uploads\/2024\/06\/LG-4-300x300.png\" \/>\n<meta name=\"twitter:card\" content=\"summary_large_image\" \/>\n<meta name=\"twitter:label1\" content=\"Est. reading time\" \/>\n\t<meta name=\"twitter:data1\" content=\"3 minutes\" \/>\n<script type=\"application\/ld+json\" class=\"yoast-schema-graph\">{\"@context\":\"https:\\\/\\\/schema.org\",\"@graph\":[{\"@type\":\"WebPage\",\"@id\":\"https:\\\/\\\/swigift.ch\\\/en\\\/product\\\/alleau-turquoise-local-swiss-wellness-gift\\\/\",\"url\":\"https:\\\/\\\/swigift.ch\\\/en\\\/product\\\/alleau-turquoise-local-swiss-wellness-gift\\\/\",\"name\":\"Swiss gift local wellness - Swigift - All'eau Turquoise Spa-Night (JU)\",\"isPartOf\":{\"@id\":\"https:\\\/\\\/swigift.ch\\\/en\\\/#website\"},\"primaryImageOfPage\":{\"@id\":\"https:\\\/\\\/swigift.ch\\\/en\\\/product\\\/alleau-turquoise-local-swiss-wellness-gift\\\/#primaryimage\"},\"image\":{\"@id\":\"https:\\\/\\\/swigift.ch\\\/en\\\/product\\\/alleau-turquoise-local-swiss-wellness-gift\\\/#primaryimage\"},\"thumbnailUrl\":\"https:\\\/\\\/swigift.ch\\\/wp-content\\\/uploads\\\/2024\\\/11\\\/Bon-cadeau-Swigift-Alleau-Turquoise.png\",\"datePublished\":\"2024-11-21T11:55:38+00:00\",\"dateModified\":\"2025-06-02T13:57:31+00:00\",\"description\":\"Pure surprise: personalized Swiss box with gift voucher and greeting card, delivered fast and on time. Local Swiss wellness gift Local Swiss wellness gift\",\"breadcrumb\":{\"@id\":\"https:\\\/\\\/swigift.ch\\\/en\\\/product\\\/alleau-turquoise-local-swiss-wellness-gift\\\/#breadcrumb\"},\"inLanguage\":\"en-US\",\"potentialAction\":[{\"@type\":\"ReadAction\",\"target\":[\"https:\\\/\\\/swigift.ch\\\/en\\\/product\\\/alleau-turquoise-local-swiss-wellness-gift\\\/\"]}]},{\"@type\":\"ImageObject\",\"inLanguage\":\"en-US\",\"@id\":\"https:\\\/\\\/swigift.ch\\\/en\\\/product\\\/alleau-turquoise-local-swiss-wellness-gift\\\/#primaryimage\",\"url\":\"https:\\\/\\\/swigift.ch\\\/wp-content\\\/uploads\\\/2024\\\/11\\\/Bon-cadeau-Swigift-Alleau-Turquoise.png\",\"contentUrl\":\"https:\\\/\\\/swigift.ch\\\/wp-content\\\/uploads\\\/2024\\\/11\\\/Bon-cadeau-Swigift-Alleau-Turquoise.png\",\"width\":1500,\"height\":1500,\"caption\":\"une salle de repose\"},{\"@type\":\"BreadcrumbList\",\"@id\":\"https:\\\/\\\/swigift.ch\\\/en\\\/product\\\/alleau-turquoise-local-swiss-wellness-gift\\\/#breadcrumb\",\"itemListElement\":[{\"@type\":\"ListItem\",\"position\":1,\"name\":\"Accueil\",\"item\":\"https:\\\/\\\/swigift.ch\\\/en\\\/\"},{\"@type\":\"ListItem\",\"position\":2,\"name\":\"Shop\",\"item\":\"https:\\\/\\\/swigift.ch\\\/en\\\/shop\\\/\"},{\"@type\":\"ListItem\",\"position\":3,\"name\":\"All&rsquo;eau Turquoise Spa-Night (JU)\"}]},{\"@type\":\"WebSite\",\"@id\":\"https:\\\/\\\/swigift.ch\\\/en\\\/#website\",\"url\":\"https:\\\/\\\/swigift.ch\\\/en\\\/\",\"name\":\"Swigift\",\"description\":\"personalized remote gifts\",\"publisher\":{\"@id\":\"https:\\\/\\\/swigift.ch\\\/en\\\/#organization\"},\"potentialAction\":[{\"@type\":\"SearchAction\",\"target\":{\"@type\":\"EntryPoint\",\"urlTemplate\":\"https:\\\/\\\/swigift.ch\\\/en\\\/?s={search_term_string}\"},\"query-input\":{\"@type\":\"PropertyValueSpecification\",\"valueRequired\":true,\"valueName\":\"search_term_string\"}}],\"inLanguage\":\"en-US\"},{\"@type\":\"Organization\",\"@id\":\"https:\\\/\\\/swigift.ch\\\/en\\\/#organization\",\"name\":\"Id\u00e9e cadeau originale suisse, une boite contenant un bon cadeau local, une carte de voeux personnalis\u00e9e et plus encore\",\"alternateName\":\"Boites cadeaux personnalis\u00e9es avec bon cadeau commerces Suisse et carte de voeux personnalis\u00e9e, livraison rapide en Suisse.\",\"url\":\"https:\\\/\\\/swigift.ch\\\/en\\\/\",\"logo\":{\"@type\":\"ImageObject\",\"inLanguage\":\"en-US\",\"@id\":\"https:\\\/\\\/swigift.ch\\\/en\\\/#\\\/schema\\\/logo\\\/image\\\/\",\"url\":\"https:\\\/\\\/swigift.ch\\\/wp-content\\\/uploads\\\/2024\\\/02\\\/swigift-logo-carte.png\",\"contentUrl\":\"https:\\\/\\\/swigift.ch\\\/wp-content\\\/uploads\\\/2024\\\/02\\\/swigift-logo-carte.png\",\"width\":300,\"height\":412,\"caption\":\"Id\u00e9e cadeau originale suisse, une boite contenant un bon cadeau local, une carte de voeux personnalis\u00e9e et plus encore\"},\"image\":{\"@id\":\"https:\\\/\\\/swigift.ch\\\/en\\\/#\\\/schema\\\/logo\\\/image\\\/\"},\"sameAs\":[\"https:\\\/\\\/www.facebook.com\\\/people\\\/Swigift\\\/61558610159800\\\/\",\"https:\\\/\\\/www.instagram.com\\\/swigift.ch\\\/\",\"https:\\\/\\\/www.linkedin.com\\\/company\\\/swigift\\\/\"]}]}<\/script>\n<!-- \/ Yoast SEO plugin. -->","yoast_head_json":{"title":"Swiss gift local wellness - Swigift - All'eau Turquoise Spa-Night (JU)","description":"Pure surprise: personalized Swiss box with gift voucher and greeting card, delivered fast and on time. Local Swiss wellness gift Local Swiss wellness gift","robots":{"index":"index","follow":"follow","max-snippet":"max-snippet:-1","max-image-preview":"max-image-preview:large","max-video-preview":"max-video-preview:-1"},"canonical":"https:\/\/swigift.ch\/en\/product\/alleau-turquoise-local-swiss-wellness-gift\/","og_locale":"en_US","og_type":"article","og_title":"Swiss gift local wellness - Swigift - All'eau Turquoise Spa-Night (JU)","og_description":"Pure surprise: personalized Swiss box with gift voucher and greeting card, delivered fast and on time. Local Swiss wellness gift Local Swiss wellness gift","og_url":"https:\/\/swigift.ch\/en\/product\/alleau-turquoise-local-swiss-wellness-gift\/","og_site_name":"Swigift","article_publisher":"https:\/\/www.facebook.com\/people\/Swigift\/61558610159800\/","article_modified_time":"2025-06-02T13:57:31+00:00","og_image":[{"url":"https:\/\/swigift.ch\/wp-content\/uploads\/2024\/06\/LG-4-300x300.png","type":"","width":"","height":""}],"twitter_card":"summary_large_image","twitter_misc":{"Est. reading time":"3 minutes"},"schema":{"@context":"https:\/\/schema.org","@graph":[{"@type":"WebPage","@id":"https:\/\/swigift.ch\/en\/product\/alleau-turquoise-local-swiss-wellness-gift\/","url":"https:\/\/swigift.ch\/en\/product\/alleau-turquoise-local-swiss-wellness-gift\/","name":"Swiss gift local wellness - Swigift - All'eau Turquoise Spa-Night (JU)","isPartOf":{"@id":"https:\/\/swigift.ch\/en\/#website"},"primaryImageOfPage":{"@id":"https:\/\/swigift.ch\/en\/product\/alleau-turquoise-local-swiss-wellness-gift\/#primaryimage"},"image":{"@id":"https:\/\/swigift.ch\/en\/product\/alleau-turquoise-local-swiss-wellness-gift\/#primaryimage"},"thumbnailUrl":"https:\/\/swigift.ch\/wp-content\/uploads\/2024\/11\/Bon-cadeau-Swigift-Alleau-Turquoise.png","datePublished":"2024-11-21T11:55:38+00:00","dateModified":"2025-06-02T13:57:31+00:00","description":"Pure surprise: personalized Swiss box with gift voucher and greeting card, delivered fast and on time. Local Swiss wellness gift Local Swiss wellness gift","breadcrumb":{"@id":"https:\/\/swigift.ch\/en\/product\/alleau-turquoise-local-swiss-wellness-gift\/#breadcrumb"},"inLanguage":"en-US","potentialAction":[{"@type":"ReadAction","target":["https:\/\/swigift.ch\/en\/product\/alleau-turquoise-local-swiss-wellness-gift\/"]}]},{"@type":"ImageObject","inLanguage":"en-US","@id":"https:\/\/swigift.ch\/en\/product\/alleau-turquoise-local-swiss-wellness-gift\/#primaryimage","url":"https:\/\/swigift.ch\/wp-content\/uploads\/2024\/11\/Bon-cadeau-Swigift-Alleau-Turquoise.png","contentUrl":"https:\/\/swigift.ch\/wp-content\/uploads\/2024\/11\/Bon-cadeau-Swigift-Alleau-Turquoise.png","width":1500,"height":1500,"caption":"une salle de repose"},{"@type":"BreadcrumbList","@id":"https:\/\/swigift.ch\/en\/product\/alleau-turquoise-local-swiss-wellness-gift\/#breadcrumb","itemListElement":[{"@type":"ListItem","position":1,"name":"Accueil","item":"https:\/\/swigift.ch\/en\/"},{"@type":"ListItem","position":2,"name":"Shop","item":"https:\/\/swigift.ch\/en\/shop\/"},{"@type":"ListItem","position":3,"name":"All&rsquo;eau Turquoise Spa-Night (JU)"}]},{"@type":"WebSite","@id":"https:\/\/swigift.ch\/en\/#website","url":"https:\/\/swigift.ch\/en\/","name":"Swigift","description":"personalized remote gifts","publisher":{"@id":"https:\/\/swigift.ch\/en\/#organization"},"potentialAction":[{"@type":"SearchAction","target":{"@type":"EntryPoint","urlTemplate":"https:\/\/swigift.ch\/en\/?s={search_term_string}"},"query-input":{"@type":"PropertyValueSpecification","valueRequired":true,"valueName":"search_term_string"}}],"inLanguage":"en-US"},{"@type":"Organization","@id":"https:\/\/swigift.ch\/en\/#organization","name":"Id\u00e9e cadeau originale suisse, une boite contenant un bon cadeau local, une carte de voeux personnalis\u00e9e et plus encore","alternateName":"Boites cadeaux personnalis\u00e9es avec bon cadeau commerces Suisse et carte de voeux personnalis\u00e9e, livraison rapide en Suisse.","url":"https:\/\/swigift.ch\/en\/","logo":{"@type":"ImageObject","inLanguage":"en-US","@id":"https:\/\/swigift.ch\/en\/#\/schema\/logo\/image\/","url":"https:\/\/swigift.ch\/wp-content\/uploads\/2024\/02\/swigift-logo-carte.png","contentUrl":"https:\/\/swigift.ch\/wp-content\/uploads\/2024\/02\/swigift-logo-carte.png","width":300,"height":412,"caption":"Id\u00e9e cadeau originale suisse, une boite contenant un bon cadeau local, une carte de voeux personnalis\u00e9e et plus encore"},"image":{"@id":"https:\/\/swigift.ch\/en\/#\/schema\/logo\/image\/"},"sameAs":["https:\/\/www.facebook.com\/people\/Swigift\/61558610159800\/","https:\/\/www.instagram.com\/swigift.ch\/","https:\/\/www.linkedin.com\/company\/swigift\/"]}]}},"_links":{"self":[{"href":"https:\/\/swigift.ch\/en\/wp-json\/wp\/v2\/product\/32861","targetHints":{"allow":["GET"]}}],"collection":[{"href":"https:\/\/swigift.ch\/en\/wp-json\/wp\/v2\/product"}],"about":[{"href":"https:\/\/swigift.ch\/en\/wp-json\/wp\/v2\/types\/product"}],"replies":[{"embeddable":true,"href":"https:\/\/swigift.ch\/en\/wp-json\/wp\/v2\/comments?post=32861"}],"version-history":[{"count":0,"href":"https:\/\/swigift.ch\/en\/wp-json\/wp\/v2\/product\/32861\/revisions"}],"wp:featuredmedia":[{"embeddable":true,"href":"https:\/\/swigift.ch\/en\/wp-json\/wp\/v2\/media\/32867"}],"wp:attachment":[{"href":"https:\/\/swigift.ch\/en\/wp-json\/wp\/v2\/media?parent=32861"}],"wp:term":[{"taxonomy":"product_brand","embeddable":true,"href":"https:\/\/swigift.ch\/en\/wp-json\/wp\/v2\/product_brand?post=32861"},{"taxonomy":"product_cat","embeddable":true,"href":"https:\/\/swigift.ch\/en\/wp-json\/wp\/v2\/product_cat?post=32861"},{"taxonomy":"product_tag","embeddable":true,"href":"https:\/\/swigift.ch\/en\/wp-json\/wp\/v2\/product_tag?post=32861"}],"curies":[{"name":"wp","href":"https:\/\/api.w.org\/{rel}","templated":true}]}}