{"id":30428,"date":"2024-05-15T21:37:57","date_gmt":"2024-05-15T19:37:57","guid":{"rendered":"https:\/\/swigift.ch\/produit\/cave-de-la-bruniere\/"},"modified":"2025-06-02T15:53:38","modified_gmt":"2025-06-02T13:53:38","slug":"cave-de-la-bruniere","status":"publish","type":"product","link":"https:\/\/swigift.ch\/en\/product\/cave-de-la-bruniere\/","title":{"rendered":"Winery la Bruni\u00e8re (VS)"},"content":{"rendered":"<h4><strong>Gift voucher for Winery de la Bruni\u00e8re (Canton of Valais)<\/strong><\/h4>\n<p>Are you looking for an original, local gift from Switzerland that will introduce you to a Valais winery?<\/p>\n<p>Cave de la Bruni\u00e8re, founded in 1962 in St-L\u00e9onard, is a family-run business that grows its <strong>own vines<\/strong>, mainly on terraces.<\/p>\n<p>It vinifies its entire harvest and controls all production, winning several <strong>national and international awards.<\/strong><\/p>\n<p>Each parcel of vines reflects a history, respected through meticulous work.<\/p>\n<p>A perfect gift voucher to delight all wine lovers!<\/p>\n<ul>\n<li><strong>With a gift voucher, the recipient can choose from :<\/strong>\n<ul>\n<li>Services offered by the winery<\/li>\n<li>Bottle orders (prices range from CHF 10 to CHF 30 per bottle)<\/li>\n<\/ul>\n<\/li>\n<li><strong>Vouchers can be used : <\/strong>\n<ul>\n<li>Order online, contact by e-mail or on site<\/li>\n<\/ul>\n<\/li>\n<li><strong>Period of validity <\/strong>:\n<ul>\n<li>5 years<\/li>\n<\/ul>\n<\/li>\n<\/ul>\n<p>&nbsp;<\/p>\n<p><a href=\"https:\/\/swigift.ch\/en\/contact\/\">Any special requests?<br \/>\nContact us here \ud83d\ude42 <\/a><\/p>\n<p>&nbsp;<\/p>\n<p>Cave la Bruni\u00e8re<br \/>\nRue du Stand 18<br \/>\n1958 St-L\u00e9onard, Valais<\/p>\n<p><a href=\"https:\/\/www.bruniere.ch\/\" target=\"_blank\" rel=\"noopener\">Website link<\/a><\/p>\n<p>&nbsp;<\/p>\n<h4><strong>Swigift, the fast, customised Swiss gift<\/strong><\/h4>\n<p>Swigift offers you an original Swiss gift box containing a <strong>value gift voucher of your choice,<\/strong> for example a local voucher from <strong>Cave de la Bruni\u00e8re<\/strong>, but not only!<\/p>\n<p>Once the Swiss gift voucher has been chosen, select an <strong>envelope color<\/strong>, which will be for the <strong>greeting card<\/strong> that you will create in the next step.<\/p>\n<p>Once in the shopping cart, enter your delivery date and Swiss shipping address. <strong>Fast delivery in 24h<\/strong> if ordered Monday to Friday before 4pm (subject to conditions).<\/p>\n<p>The recipient will receive a shipping gift box full of surprises as soon as it&#8217;s opened! The gifts you&#8217;ve chosen and created will be <strong>carefully arranged<\/strong>, along with a wooden stand for the card.<\/p>\n<p>The recipient will be able to display the <strong>greeting card<\/strong> and enjoy the superb <strong>Swiss gift voucher<\/strong> you have chosen.<\/p>\n<p>Swigift, the ideal Swiss gift for <strong>all occasions.<\/strong><\/p>\n<p>&nbsp;<\/p>\n<h4><strong>For what occasions<\/strong><\/h4>\n<p>For all occasions, whether you need a birthday gift, a wedding present or just want to please someone!<\/p>\n<p>Whether you&#8217;re traveling, on the move, living as a Swiss expatriate looking for a Swiss gift idea, or simply away from a loved one, <strong>Swigift will meet your needs<\/strong>!<\/p>\n<p>Modern and intuitive, Swigift stands out for its complete, imaginative and emotional offer, which simplifies our lives.<\/p>\n<p>&nbsp;<\/p>\n<p><a href=\"https:\/\/swigift.ch\/faq\/\">I&#8217;d like to consult the FAQ page <\/a>\ud83d\ude42<\/p>\n<p>&nbsp;<\/p>\n<p>Personalized gift boxes Swiss gift voucher Cave de la Bruni\u00e8re.<\/p>\n<p>Swigift personalized Swiss gift boxes, gift idea for a Swiss.<\/p>\n<p>Original local Swiss gift, sent remotely.<\/p>\n<p>The General Terms and Conditions are binding.<\/p>\n","protected":false},"excerpt":{"rendered":"<p>An ideal gift voucher for wine lovers.<\/p>\n","protected":false},"featured_media":32930,"comment_status":"open","ping_status":"closed","template":"","meta":[],"product_brand":[],"product_cat":[64,56],"product_tag":[],"class_list":{"0":"post-30428","1":"product","2":"type-product","3":"status-publish","4":"has-post-thumbnail","6":"product_cat-all","7":"product_cat-drink-and-eat","8":"product_shipping_class-swigift-1-boite-complete","10":"first","11":"instock","12":"purchasable","13":"product-type-variable"},"yoast_head":"<!-- This site is optimized with the Yoast SEO plugin v27.4 - https:\/\/yoast.com\/product\/yoast-seo-wordpress\/ -->\n<title>Original local Swiss gift - Swigift - Winery la Bruni\u00e8re (VS)<\/title>\n<meta name=\"description\" content=\"The perfect combination: personalized Swiss box with voucher and card, delivered quickly and reliably. An original local Swiss gifts Original local Swiss gift\" \/>\n<meta name=\"robots\" content=\"index, follow, max-snippet:-1, max-image-preview:large, max-video-preview:-1\" \/>\n<link rel=\"canonical\" href=\"https:\/\/swigift.ch\/en\/product\/cave-de-la-bruniere\/\" \/>\n<meta property=\"og:locale\" content=\"en_US\" \/>\n<meta property=\"og:type\" content=\"article\" \/>\n<meta property=\"og:title\" content=\"Original local Swiss gift - Swigift - Winery la Bruni\u00e8re (VS)\" \/>\n<meta property=\"og:description\" content=\"The perfect combination: personalized Swiss box with voucher and card, delivered quickly and reliably. An original local Swiss gifts Original local Swiss gift\" \/>\n<meta property=\"og:url\" content=\"https:\/\/swigift.ch\/en\/product\/cave-de-la-bruniere\/\" \/>\n<meta property=\"og:site_name\" content=\"Swigift\" \/>\n<meta property=\"article:publisher\" content=\"https:\/\/www.facebook.com\/people\/Swigift\/61558610159800\/\" \/>\n<meta property=\"article:modified_time\" content=\"2025-06-02T13:53:38+00:00\" \/>\n<meta property=\"og:image\" content=\"https:\/\/swigift.ch\/wp-content\/uploads\/2024\/05\/4-6-300x300.png\" \/>\n<meta name=\"twitter:card\" content=\"summary_large_image\" \/>\n<meta name=\"twitter:label1\" content=\"Est. reading time\" \/>\n\t<meta name=\"twitter:data1\" content=\"3 minutes\" \/>\n<script type=\"application\/ld+json\" class=\"yoast-schema-graph\">{\"@context\":\"https:\\\/\\\/schema.org\",\"@graph\":[{\"@type\":\"WebPage\",\"@id\":\"https:\\\/\\\/swigift.ch\\\/en\\\/product\\\/cave-de-la-bruniere\\\/\",\"url\":\"https:\\\/\\\/swigift.ch\\\/en\\\/product\\\/cave-de-la-bruniere\\\/\",\"name\":\"Original local Swiss gift - Swigift - Winery la Bruni\u00e8re (VS)\",\"isPartOf\":{\"@id\":\"https:\\\/\\\/swigift.ch\\\/en\\\/#website\"},\"primaryImageOfPage\":{\"@id\":\"https:\\\/\\\/swigift.ch\\\/en\\\/product\\\/cave-de-la-bruniere\\\/#primaryimage\"},\"image\":{\"@id\":\"https:\\\/\\\/swigift.ch\\\/en\\\/product\\\/cave-de-la-bruniere\\\/#primaryimage\"},\"thumbnailUrl\":\"https:\\\/\\\/swigift.ch\\\/wp-content\\\/uploads\\\/2024\\\/05\\\/17-cave-bruniere-2.png\",\"datePublished\":\"2024-05-15T19:37:57+00:00\",\"dateModified\":\"2025-06-02T13:53:38+00:00\",\"description\":\"The perfect combination: personalized Swiss box with voucher and card, delivered quickly and reliably. An original local Swiss gifts Original local Swiss gift\",\"breadcrumb\":{\"@id\":\"https:\\\/\\\/swigift.ch\\\/en\\\/product\\\/cave-de-la-bruniere\\\/#breadcrumb\"},\"inLanguage\":\"en-US\",\"potentialAction\":[{\"@type\":\"ReadAction\",\"target\":[\"https:\\\/\\\/swigift.ch\\\/en\\\/product\\\/cave-de-la-bruniere\\\/\"]}]},{\"@type\":\"ImageObject\",\"inLanguage\":\"en-US\",\"@id\":\"https:\\\/\\\/swigift.ch\\\/en\\\/product\\\/cave-de-la-bruniere\\\/#primaryimage\",\"url\":\"https:\\\/\\\/swigift.ch\\\/wp-content\\\/uploads\\\/2024\\\/05\\\/17-cave-bruniere-2.png\",\"contentUrl\":\"https:\\\/\\\/swigift.ch\\\/wp-content\\\/uploads\\\/2024\\\/05\\\/17-cave-bruniere-2.png\",\"width\":1500,\"height\":1500,\"caption\":\"Swigift- Gift voucher -Cave de la Bruni\u00e8re - Wine- fast swiss delivery\"},{\"@type\":\"BreadcrumbList\",\"@id\":\"https:\\\/\\\/swigift.ch\\\/en\\\/product\\\/cave-de-la-bruniere\\\/#breadcrumb\",\"itemListElement\":[{\"@type\":\"ListItem\",\"position\":1,\"name\":\"Accueil\",\"item\":\"https:\\\/\\\/swigift.ch\\\/en\\\/\"},{\"@type\":\"ListItem\",\"position\":2,\"name\":\"Shop\",\"item\":\"https:\\\/\\\/swigift.ch\\\/en\\\/shop\\\/\"},{\"@type\":\"ListItem\",\"position\":3,\"name\":\"Winery la Bruni\u00e8re (VS)\"}]},{\"@type\":\"WebSite\",\"@id\":\"https:\\\/\\\/swigift.ch\\\/en\\\/#website\",\"url\":\"https:\\\/\\\/swigift.ch\\\/en\\\/\",\"name\":\"Swigift\",\"description\":\"personalized remote gifts\",\"publisher\":{\"@id\":\"https:\\\/\\\/swigift.ch\\\/en\\\/#organization\"},\"potentialAction\":[{\"@type\":\"SearchAction\",\"target\":{\"@type\":\"EntryPoint\",\"urlTemplate\":\"https:\\\/\\\/swigift.ch\\\/en\\\/?s={search_term_string}\"},\"query-input\":{\"@type\":\"PropertyValueSpecification\",\"valueRequired\":true,\"valueName\":\"search_term_string\"}}],\"inLanguage\":\"en-US\"},{\"@type\":\"Organization\",\"@id\":\"https:\\\/\\\/swigift.ch\\\/en\\\/#organization\",\"name\":\"Id\u00e9e cadeau originale suisse, une boite contenant un bon cadeau local, une carte de voeux personnalis\u00e9e et plus encore\",\"alternateName\":\"Boites cadeaux personnalis\u00e9es avec bon cadeau commerces Suisse et carte de voeux personnalis\u00e9e, livraison rapide en Suisse.\",\"url\":\"https:\\\/\\\/swigift.ch\\\/en\\\/\",\"logo\":{\"@type\":\"ImageObject\",\"inLanguage\":\"en-US\",\"@id\":\"https:\\\/\\\/swigift.ch\\\/en\\\/#\\\/schema\\\/logo\\\/image\\\/\",\"url\":\"https:\\\/\\\/swigift.ch\\\/wp-content\\\/uploads\\\/2024\\\/02\\\/swigift-logo-carte.png\",\"contentUrl\":\"https:\\\/\\\/swigift.ch\\\/wp-content\\\/uploads\\\/2024\\\/02\\\/swigift-logo-carte.png\",\"width\":300,\"height\":412,\"caption\":\"Id\u00e9e cadeau originale suisse, une boite contenant un bon cadeau local, une carte de voeux personnalis\u00e9e et plus encore\"},\"image\":{\"@id\":\"https:\\\/\\\/swigift.ch\\\/en\\\/#\\\/schema\\\/logo\\\/image\\\/\"},\"sameAs\":[\"https:\\\/\\\/www.facebook.com\\\/people\\\/Swigift\\\/61558610159800\\\/\",\"https:\\\/\\\/www.instagram.com\\\/swigift.ch\\\/\",\"https:\\\/\\\/www.linkedin.com\\\/company\\\/swigift\\\/\"]}]}<\/script>\n<!-- \/ Yoast SEO plugin. -->","yoast_head_json":{"title":"Original local Swiss gift - Swigift - Winery la Bruni\u00e8re (VS)","description":"The perfect combination: personalized Swiss box with voucher and card, delivered quickly and reliably. An original local Swiss gifts Original local Swiss gift","robots":{"index":"index","follow":"follow","max-snippet":"max-snippet:-1","max-image-preview":"max-image-preview:large","max-video-preview":"max-video-preview:-1"},"canonical":"https:\/\/swigift.ch\/en\/product\/cave-de-la-bruniere\/","og_locale":"en_US","og_type":"article","og_title":"Original local Swiss gift - Swigift - Winery la Bruni\u00e8re (VS)","og_description":"The perfect combination: personalized Swiss box with voucher and card, delivered quickly and reliably. An original local Swiss gifts Original local Swiss gift","og_url":"https:\/\/swigift.ch\/en\/product\/cave-de-la-bruniere\/","og_site_name":"Swigift","article_publisher":"https:\/\/www.facebook.com\/people\/Swigift\/61558610159800\/","article_modified_time":"2025-06-02T13:53:38+00:00","og_image":[{"url":"https:\/\/swigift.ch\/wp-content\/uploads\/2024\/05\/4-6-300x300.png","type":"","width":"","height":""}],"twitter_card":"summary_large_image","twitter_misc":{"Est. reading time":"3 minutes"},"schema":{"@context":"https:\/\/schema.org","@graph":[{"@type":"WebPage","@id":"https:\/\/swigift.ch\/en\/product\/cave-de-la-bruniere\/","url":"https:\/\/swigift.ch\/en\/product\/cave-de-la-bruniere\/","name":"Original local Swiss gift - Swigift - Winery la Bruni\u00e8re (VS)","isPartOf":{"@id":"https:\/\/swigift.ch\/en\/#website"},"primaryImageOfPage":{"@id":"https:\/\/swigift.ch\/en\/product\/cave-de-la-bruniere\/#primaryimage"},"image":{"@id":"https:\/\/swigift.ch\/en\/product\/cave-de-la-bruniere\/#primaryimage"},"thumbnailUrl":"https:\/\/swigift.ch\/wp-content\/uploads\/2024\/05\/17-cave-bruniere-2.png","datePublished":"2024-05-15T19:37:57+00:00","dateModified":"2025-06-02T13:53:38+00:00","description":"The perfect combination: personalized Swiss box with voucher and card, delivered quickly and reliably. An original local Swiss gifts Original local Swiss gift","breadcrumb":{"@id":"https:\/\/swigift.ch\/en\/product\/cave-de-la-bruniere\/#breadcrumb"},"inLanguage":"en-US","potentialAction":[{"@type":"ReadAction","target":["https:\/\/swigift.ch\/en\/product\/cave-de-la-bruniere\/"]}]},{"@type":"ImageObject","inLanguage":"en-US","@id":"https:\/\/swigift.ch\/en\/product\/cave-de-la-bruniere\/#primaryimage","url":"https:\/\/swigift.ch\/wp-content\/uploads\/2024\/05\/17-cave-bruniere-2.png","contentUrl":"https:\/\/swigift.ch\/wp-content\/uploads\/2024\/05\/17-cave-bruniere-2.png","width":1500,"height":1500,"caption":"Swigift- Gift voucher -Cave de la Bruni\u00e8re - Wine- fast swiss delivery"},{"@type":"BreadcrumbList","@id":"https:\/\/swigift.ch\/en\/product\/cave-de-la-bruniere\/#breadcrumb","itemListElement":[{"@type":"ListItem","position":1,"name":"Accueil","item":"https:\/\/swigift.ch\/en\/"},{"@type":"ListItem","position":2,"name":"Shop","item":"https:\/\/swigift.ch\/en\/shop\/"},{"@type":"ListItem","position":3,"name":"Winery la Bruni\u00e8re (VS)"}]},{"@type":"WebSite","@id":"https:\/\/swigift.ch\/en\/#website","url":"https:\/\/swigift.ch\/en\/","name":"Swigift","description":"personalized remote gifts","publisher":{"@id":"https:\/\/swigift.ch\/en\/#organization"},"potentialAction":[{"@type":"SearchAction","target":{"@type":"EntryPoint","urlTemplate":"https:\/\/swigift.ch\/en\/?s={search_term_string}"},"query-input":{"@type":"PropertyValueSpecification","valueRequired":true,"valueName":"search_term_string"}}],"inLanguage":"en-US"},{"@type":"Organization","@id":"https:\/\/swigift.ch\/en\/#organization","name":"Id\u00e9e cadeau originale suisse, une boite contenant un bon cadeau local, une carte de voeux personnalis\u00e9e et plus encore","alternateName":"Boites cadeaux personnalis\u00e9es avec bon cadeau commerces Suisse et carte de voeux personnalis\u00e9e, livraison rapide en Suisse.","url":"https:\/\/swigift.ch\/en\/","logo":{"@type":"ImageObject","inLanguage":"en-US","@id":"https:\/\/swigift.ch\/en\/#\/schema\/logo\/image\/","url":"https:\/\/swigift.ch\/wp-content\/uploads\/2024\/02\/swigift-logo-carte.png","contentUrl":"https:\/\/swigift.ch\/wp-content\/uploads\/2024\/02\/swigift-logo-carte.png","width":300,"height":412,"caption":"Id\u00e9e cadeau originale suisse, une boite contenant un bon cadeau local, une carte de voeux personnalis\u00e9e et plus encore"},"image":{"@id":"https:\/\/swigift.ch\/en\/#\/schema\/logo\/image\/"},"sameAs":["https:\/\/www.facebook.com\/people\/Swigift\/61558610159800\/","https:\/\/www.instagram.com\/swigift.ch\/","https:\/\/www.linkedin.com\/company\/swigift\/"]}]}},"_links":{"self":[{"href":"https:\/\/swigift.ch\/en\/wp-json\/wp\/v2\/product\/30428","targetHints":{"allow":["GET"]}}],"collection":[{"href":"https:\/\/swigift.ch\/en\/wp-json\/wp\/v2\/product"}],"about":[{"href":"https:\/\/swigift.ch\/en\/wp-json\/wp\/v2\/types\/product"}],"replies":[{"embeddable":true,"href":"https:\/\/swigift.ch\/en\/wp-json\/wp\/v2\/comments?post=30428"}],"version-history":[{"count":0,"href":"https:\/\/swigift.ch\/en\/wp-json\/wp\/v2\/product\/30428\/revisions"}],"wp:featuredmedia":[{"embeddable":true,"href":"https:\/\/swigift.ch\/en\/wp-json\/wp\/v2\/media\/32930"}],"wp:attachment":[{"href":"https:\/\/swigift.ch\/en\/wp-json\/wp\/v2\/media?parent=30428"}],"wp:term":[{"taxonomy":"product_brand","embeddable":true,"href":"https:\/\/swigift.ch\/en\/wp-json\/wp\/v2\/product_brand?post=30428"},{"taxonomy":"product_cat","embeddable":true,"href":"https:\/\/swigift.ch\/en\/wp-json\/wp\/v2\/product_cat?post=30428"},{"taxonomy":"product_tag","embeddable":true,"href":"https:\/\/swigift.ch\/en\/wp-json\/wp\/v2\/product_tag?post=30428"}],"curies":[{"name":"wp","href":"https:\/\/api.w.org\/{rel}","templated":true}]}}