{"id":30342,"date":"2024-05-15T17:20:18","date_gmt":"2024-05-15T15:20:18","guid":{"rendered":"https:\/\/swigift.ch\/produit\/bikapa-e-bike-tours-switzerland-riviera\/"},"modified":"2025-06-02T15:53:53","modified_gmt":"2025-06-02T13:53:53","slug":"bikapa-e-bike-tours-switzerland-riviera-original-swiss-sporty-gift","status":"publish","type":"product","link":"https:\/\/swigift.ch\/en\/product\/bikapa-e-bike-tours-switzerland-riviera-original-swiss-sporty-gift\/","title":{"rendered":"BIKAPA &#8211; E-bike Tours Switzerland (VD)"},"content":{"rendered":"<h4><strong>Gift voucher from BIKAPA &#8211; E-bike Tours Suisse Riviera (Canton of Vaud)<\/strong><\/h4>\n<p>Are you looking for an original, sporty Swiss gift that will allow you to explore the beautiful regions of Switzerland?<\/p>\n<p>Discover the most<strong> beautiful landscapes<\/strong> of the Swiss Riviera on an e-bike, accompanied by a certified guide &#8211; that&#8217;s what BIKAPA has to offer.<\/p>\n<p>A gift voucher allows you to select an <strong>experience<\/strong> according to your preferences. Whether it&#8217;s a walk in the Lavaux vineyards, a mountain hike, a gourmet experience, a bike ride by the lake, or any number of other options, there&#8217;s something for everyone!<\/p>\n<p>A perfect gift voucher that will appeal to all E-bike enthusiasts.<\/p>\n<ul>\n<li><strong>With a gift voucher, the recipient can choose from :<\/strong>\n<ul>\n<li>All the experiences offered by Bikapa.<\/li>\n<li>Includes: guide, E-bike, helmet (and additional services depending on activity)<\/li>\n<li>Private tours: from CHF 195<\/li>\n<li>Group tours (3-5 people): between CHF 45 and CHF 90<\/li>\n<\/ul>\n<\/li>\n<li><strong>Vouchers can be used : <\/strong>\n<ul>\n<li>By e-mail<\/li>\n<\/ul>\n<\/li>\n<li><strong>Period of validity <\/strong>:\n<ul>\n<li>1 year<\/li>\n<\/ul>\n<\/li>\n<li><strong>Important : <\/strong>\n<ul>\n<li>Possibility of taking your own E-bike (to be discussed with Bikapa)<\/li>\n<\/ul>\n<\/li>\n<\/ul>\n<p>&nbsp;<\/p>\n<p><a href=\"https:\/\/swigift.ch\/faq\/\">Any special requests?<br \/>\nContact us here \ud83d\ude42 <\/a><\/p>\n<p>&nbsp;<\/p>\n<p>BIKAPA E-bike Rent &amp; Tours<br \/>\nAvenue Reller 6<br \/>\n1800 Vevey<\/p>\n<p><a href=\"https:\/\/www.bikapa.com\/\" target=\"_blank\" rel=\"noopener\">Website link<\/a><\/p>\n<p>&nbsp;<\/p>\n<h4><strong>Swigift, the fast, customised Swiss gift<\/strong><\/h4>\n<p>Swigift offers you a Swiss gift box containing a <strong>value gift voucher of your choice<\/strong>, for example for an original and sporty Swiss gift with <strong>Bikapa<\/strong>, but not only!<\/p>\n<p>Once the Swiss gift voucher has been chosen, select an <strong>envelope color<\/strong>, which will be for the <strong>greeting card<\/strong> that you will create in the next step.<\/p>\n<p>Once in the shopping cart, enter your delivery date and Swiss shipping address. <strong>Fast delivery in 24h<\/strong> if ordered Monday to Friday before 4pm (subject to conditions).<\/p>\n<p>The recipient will receive a shipping gift box full of surprises as soon as it&#8217;s opened! The gifts you&#8217;ve chosen and created will be <strong>carefully arranged<\/strong>, along with a wooden stand for the card.<\/p>\n<p>The recipient will be able to display the <strong>greeting card<\/strong> and enjoy the superb <strong>Swiss gift voucher<\/strong> you have chosen.<\/p>\n<p>Swigift, the ideal Swiss gift for <strong>all occasions.<\/strong><\/p>\n<p>&nbsp;<\/p>\n<h4><strong>For what occasions<\/strong><\/h4>\n<p>All occasions, whether you need a birthday gift, wedding gift, birth gift, success gift, retirement gift, holiday gift or just want to please!<\/p>\n<p>It doesn&#8217;t matter whether you are traveling, on the move, whether you live as a Swiss expatriate looking for a Swiss gift idea, or whether you are simply far from a loved one, <strong>Swigift will meet your needs!<\/strong><\/p>\n<p>Modern and intuitive, Swigift stands out for its complete, imaginative and emotional offer, which simplifies our lives.<\/p>\n<p>&nbsp;<\/p>\n<p><a href=\"https:\/\/swigift.ch\/faq\/\">I&#8217;d like to consult the FAQ page <img decoding=\"async\" class=\"emoji\" role=\"img\" draggable=\"false\" src=\"https:\/\/s.w.org\/images\/core\/emoji\/15.0.3\/svg\/1f642.svg\" alt=\"\ud83d\ude42\" \/><\/a><\/p>\n<p>&nbsp;<\/p>\n<p>Personalized gift boxes Swiss gift voucher Bikapa.<\/p>\n<p>Swigift personalized Swiss gift boxes, gift idea for a Swiss.<\/p>\n<p>Original Swiss sports gift, sent by mail.<\/p>\n<p>The General Terms and Conditions are binding.<\/p>\n","protected":false},"excerpt":{"rendered":"<p>An ideal gift voucher for discovering the Swiss regions on an E-Bike with a guide.<\/p>\n","protected":false},"featured_media":32521,"comment_status":"open","ping_status":"closed","template":"","meta":[],"product_brand":[],"product_cat":[64,58,62],"product_tag":[],"class_list":{"0":"post-30342","1":"product","2":"type-product","3":"status-publish","4":"has-post-thumbnail","6":"product_cat-all","7":"product_cat-entertainment","8":"product_cat-sport-and-leisure","9":"product_shipping_class-swigift-1-boite-complete","11":"first","12":"instock","13":"purchasable","14":"product-type-variable"},"yoast_head":"<!-- This site is optimized with the Yoast SEO plugin v27.4 - https:\/\/yoast.com\/product\/yoast-seo-wordpress\/ -->\n<title>Original Swiss sporty gift - Swigift - BIKAPA - E-bike Tours Switzerland (VD)<\/title>\n<meta name=\"description\" content=\"The perfect Swiss gift box: voucher, greetings card, and fast delivery for a memorable experience. Original Swiss sporty gift\" \/>\n<meta name=\"robots\" content=\"index, follow, max-snippet:-1, max-image-preview:large, max-video-preview:-1\" \/>\n<link rel=\"canonical\" href=\"https:\/\/swigift.ch\/en\/product\/bikapa-e-bike-tours-switzerland-riviera-original-swiss-sporty-gift\/\" \/>\n<meta property=\"og:locale\" content=\"en_US\" \/>\n<meta property=\"og:type\" content=\"article\" \/>\n<meta property=\"og:title\" content=\"Original Swiss sporty gift - Swigift - BIKAPA - E-bike Tours Switzerland (VD)\" \/>\n<meta property=\"og:description\" content=\"The perfect Swiss gift box: voucher, greetings card, and fast delivery for a memorable experience. Original Swiss sporty gift\" \/>\n<meta property=\"og:url\" content=\"https:\/\/swigift.ch\/en\/product\/bikapa-e-bike-tours-switzerland-riviera-original-swiss-sporty-gift\/\" \/>\n<meta property=\"og:site_name\" content=\"Swigift\" \/>\n<meta property=\"article:publisher\" content=\"https:\/\/www.facebook.com\/people\/Swigift\/61558610159800\/\" \/>\n<meta property=\"article:modified_time\" content=\"2025-06-02T13:53:53+00:00\" \/>\n<meta property=\"og:image\" content=\"https:\/\/swigift.ch\/wp-content\/uploads\/2024\/05\/4-2-300x300.png\" \/>\n<meta name=\"twitter:card\" content=\"summary_large_image\" \/>\n<meta name=\"twitter:label1\" content=\"Est. reading time\" \/>\n\t<meta name=\"twitter:data1\" content=\"3 minutes\" \/>\n<script type=\"application\/ld+json\" class=\"yoast-schema-graph\">{\"@context\":\"https:\\\/\\\/schema.org\",\"@graph\":[{\"@type\":\"WebPage\",\"@id\":\"https:\\\/\\\/swigift.ch\\\/en\\\/product\\\/bikapa-e-bike-tours-switzerland-riviera-original-swiss-sporty-gift\\\/\",\"url\":\"https:\\\/\\\/swigift.ch\\\/en\\\/product\\\/bikapa-e-bike-tours-switzerland-riviera-original-swiss-sporty-gift\\\/\",\"name\":\"Original Swiss sporty gift - Swigift - BIKAPA - E-bike Tours Switzerland (VD)\",\"isPartOf\":{\"@id\":\"https:\\\/\\\/swigift.ch\\\/en\\\/#website\"},\"primaryImageOfPage\":{\"@id\":\"https:\\\/\\\/swigift.ch\\\/en\\\/product\\\/bikapa-e-bike-tours-switzerland-riviera-original-swiss-sporty-gift\\\/#primaryimage\"},\"image\":{\"@id\":\"https:\\\/\\\/swigift.ch\\\/en\\\/product\\\/bikapa-e-bike-tours-switzerland-riviera-original-swiss-sporty-gift\\\/#primaryimage\"},\"thumbnailUrl\":\"https:\\\/\\\/swigift.ch\\\/wp-content\\\/uploads\\\/2024\\\/05\\\/14.Bikapa.png\",\"datePublished\":\"2024-05-15T15:20:18+00:00\",\"dateModified\":\"2025-06-02T13:53:53+00:00\",\"description\":\"The perfect Swiss gift box: voucher, greetings card, and fast delivery for a memorable experience. Original Swiss sporty gift\",\"breadcrumb\":{\"@id\":\"https:\\\/\\\/swigift.ch\\\/en\\\/product\\\/bikapa-e-bike-tours-switzerland-riviera-original-swiss-sporty-gift\\\/#breadcrumb\"},\"inLanguage\":\"en-US\",\"potentialAction\":[{\"@type\":\"ReadAction\",\"target\":[\"https:\\\/\\\/swigift.ch\\\/en\\\/product\\\/bikapa-e-bike-tours-switzerland-riviera-original-swiss-sporty-gift\\\/\"]}]},{\"@type\":\"ImageObject\",\"inLanguage\":\"en-US\",\"@id\":\"https:\\\/\\\/swigift.ch\\\/en\\\/product\\\/bikapa-e-bike-tours-switzerland-riviera-original-swiss-sporty-gift\\\/#primaryimage\",\"url\":\"https:\\\/\\\/swigift.ch\\\/wp-content\\\/uploads\\\/2024\\\/05\\\/14.Bikapa.png\",\"contentUrl\":\"https:\\\/\\\/swigift.ch\\\/wp-content\\\/uploads\\\/2024\\\/05\\\/14.Bikapa.png\",\"width\":1500,\"height\":1500,\"caption\":\"Swigift- Gift voucher - Bikapa - Mountain bike tours - swiss delivery\"},{\"@type\":\"BreadcrumbList\",\"@id\":\"https:\\\/\\\/swigift.ch\\\/en\\\/product\\\/bikapa-e-bike-tours-switzerland-riviera-original-swiss-sporty-gift\\\/#breadcrumb\",\"itemListElement\":[{\"@type\":\"ListItem\",\"position\":1,\"name\":\"Accueil\",\"item\":\"https:\\\/\\\/swigift.ch\\\/en\\\/\"},{\"@type\":\"ListItem\",\"position\":2,\"name\":\"Shop\",\"item\":\"https:\\\/\\\/swigift.ch\\\/en\\\/shop\\\/\"},{\"@type\":\"ListItem\",\"position\":3,\"name\":\"BIKAPA &#8211; E-bike Tours Switzerland (VD)\"}]},{\"@type\":\"WebSite\",\"@id\":\"https:\\\/\\\/swigift.ch\\\/en\\\/#website\",\"url\":\"https:\\\/\\\/swigift.ch\\\/en\\\/\",\"name\":\"Swigift\",\"description\":\"personalized remote gifts\",\"publisher\":{\"@id\":\"https:\\\/\\\/swigift.ch\\\/en\\\/#organization\"},\"potentialAction\":[{\"@type\":\"SearchAction\",\"target\":{\"@type\":\"EntryPoint\",\"urlTemplate\":\"https:\\\/\\\/swigift.ch\\\/en\\\/?s={search_term_string}\"},\"query-input\":{\"@type\":\"PropertyValueSpecification\",\"valueRequired\":true,\"valueName\":\"search_term_string\"}}],\"inLanguage\":\"en-US\"},{\"@type\":\"Organization\",\"@id\":\"https:\\\/\\\/swigift.ch\\\/en\\\/#organization\",\"name\":\"Id\u00e9e cadeau originale suisse, une boite contenant un bon cadeau local, une carte de voeux personnalis\u00e9e et plus encore\",\"alternateName\":\"Boites cadeaux personnalis\u00e9es avec bon cadeau commerces Suisse et carte de voeux personnalis\u00e9e, livraison rapide en Suisse.\",\"url\":\"https:\\\/\\\/swigift.ch\\\/en\\\/\",\"logo\":{\"@type\":\"ImageObject\",\"inLanguage\":\"en-US\",\"@id\":\"https:\\\/\\\/swigift.ch\\\/en\\\/#\\\/schema\\\/logo\\\/image\\\/\",\"url\":\"https:\\\/\\\/swigift.ch\\\/wp-content\\\/uploads\\\/2024\\\/02\\\/swigift-logo-carte.png\",\"contentUrl\":\"https:\\\/\\\/swigift.ch\\\/wp-content\\\/uploads\\\/2024\\\/02\\\/swigift-logo-carte.png\",\"width\":300,\"height\":412,\"caption\":\"Id\u00e9e cadeau originale suisse, une boite contenant un bon cadeau local, une carte de voeux personnalis\u00e9e et plus encore\"},\"image\":{\"@id\":\"https:\\\/\\\/swigift.ch\\\/en\\\/#\\\/schema\\\/logo\\\/image\\\/\"},\"sameAs\":[\"https:\\\/\\\/www.facebook.com\\\/people\\\/Swigift\\\/61558610159800\\\/\",\"https:\\\/\\\/www.instagram.com\\\/swigift.ch\\\/\",\"https:\\\/\\\/www.linkedin.com\\\/company\\\/swigift\\\/\"]}]}<\/script>\n<!-- \/ Yoast SEO plugin. -->","yoast_head_json":{"title":"Original Swiss sporty gift - Swigift - BIKAPA - E-bike Tours Switzerland (VD)","description":"The perfect Swiss gift box: voucher, greetings card, and fast delivery for a memorable experience. Original Swiss sporty gift","robots":{"index":"index","follow":"follow","max-snippet":"max-snippet:-1","max-image-preview":"max-image-preview:large","max-video-preview":"max-video-preview:-1"},"canonical":"https:\/\/swigift.ch\/en\/product\/bikapa-e-bike-tours-switzerland-riviera-original-swiss-sporty-gift\/","og_locale":"en_US","og_type":"article","og_title":"Original Swiss sporty gift - Swigift - BIKAPA - E-bike Tours Switzerland (VD)","og_description":"The perfect Swiss gift box: voucher, greetings card, and fast delivery for a memorable experience. Original Swiss sporty gift","og_url":"https:\/\/swigift.ch\/en\/product\/bikapa-e-bike-tours-switzerland-riviera-original-swiss-sporty-gift\/","og_site_name":"Swigift","article_publisher":"https:\/\/www.facebook.com\/people\/Swigift\/61558610159800\/","article_modified_time":"2025-06-02T13:53:53+00:00","og_image":[{"url":"https:\/\/swigift.ch\/wp-content\/uploads\/2024\/05\/4-2-300x300.png","type":"","width":"","height":""}],"twitter_card":"summary_large_image","twitter_misc":{"Est. reading time":"3 minutes"},"schema":{"@context":"https:\/\/schema.org","@graph":[{"@type":"WebPage","@id":"https:\/\/swigift.ch\/en\/product\/bikapa-e-bike-tours-switzerland-riviera-original-swiss-sporty-gift\/","url":"https:\/\/swigift.ch\/en\/product\/bikapa-e-bike-tours-switzerland-riviera-original-swiss-sporty-gift\/","name":"Original Swiss sporty gift - Swigift - BIKAPA - E-bike Tours Switzerland (VD)","isPartOf":{"@id":"https:\/\/swigift.ch\/en\/#website"},"primaryImageOfPage":{"@id":"https:\/\/swigift.ch\/en\/product\/bikapa-e-bike-tours-switzerland-riviera-original-swiss-sporty-gift\/#primaryimage"},"image":{"@id":"https:\/\/swigift.ch\/en\/product\/bikapa-e-bike-tours-switzerland-riviera-original-swiss-sporty-gift\/#primaryimage"},"thumbnailUrl":"https:\/\/swigift.ch\/wp-content\/uploads\/2024\/05\/14.Bikapa.png","datePublished":"2024-05-15T15:20:18+00:00","dateModified":"2025-06-02T13:53:53+00:00","description":"The perfect Swiss gift box: voucher, greetings card, and fast delivery for a memorable experience. Original Swiss sporty gift","breadcrumb":{"@id":"https:\/\/swigift.ch\/en\/product\/bikapa-e-bike-tours-switzerland-riviera-original-swiss-sporty-gift\/#breadcrumb"},"inLanguage":"en-US","potentialAction":[{"@type":"ReadAction","target":["https:\/\/swigift.ch\/en\/product\/bikapa-e-bike-tours-switzerland-riviera-original-swiss-sporty-gift\/"]}]},{"@type":"ImageObject","inLanguage":"en-US","@id":"https:\/\/swigift.ch\/en\/product\/bikapa-e-bike-tours-switzerland-riviera-original-swiss-sporty-gift\/#primaryimage","url":"https:\/\/swigift.ch\/wp-content\/uploads\/2024\/05\/14.Bikapa.png","contentUrl":"https:\/\/swigift.ch\/wp-content\/uploads\/2024\/05\/14.Bikapa.png","width":1500,"height":1500,"caption":"Swigift- Gift voucher - Bikapa - Mountain bike tours - swiss delivery"},{"@type":"BreadcrumbList","@id":"https:\/\/swigift.ch\/en\/product\/bikapa-e-bike-tours-switzerland-riviera-original-swiss-sporty-gift\/#breadcrumb","itemListElement":[{"@type":"ListItem","position":1,"name":"Accueil","item":"https:\/\/swigift.ch\/en\/"},{"@type":"ListItem","position":2,"name":"Shop","item":"https:\/\/swigift.ch\/en\/shop\/"},{"@type":"ListItem","position":3,"name":"BIKAPA &#8211; E-bike Tours Switzerland (VD)"}]},{"@type":"WebSite","@id":"https:\/\/swigift.ch\/en\/#website","url":"https:\/\/swigift.ch\/en\/","name":"Swigift","description":"personalized remote gifts","publisher":{"@id":"https:\/\/swigift.ch\/en\/#organization"},"potentialAction":[{"@type":"SearchAction","target":{"@type":"EntryPoint","urlTemplate":"https:\/\/swigift.ch\/en\/?s={search_term_string}"},"query-input":{"@type":"PropertyValueSpecification","valueRequired":true,"valueName":"search_term_string"}}],"inLanguage":"en-US"},{"@type":"Organization","@id":"https:\/\/swigift.ch\/en\/#organization","name":"Id\u00e9e cadeau originale suisse, une boite contenant un bon cadeau local, une carte de voeux personnalis\u00e9e et plus encore","alternateName":"Boites cadeaux personnalis\u00e9es avec bon cadeau commerces Suisse et carte de voeux personnalis\u00e9e, livraison rapide en Suisse.","url":"https:\/\/swigift.ch\/en\/","logo":{"@type":"ImageObject","inLanguage":"en-US","@id":"https:\/\/swigift.ch\/en\/#\/schema\/logo\/image\/","url":"https:\/\/swigift.ch\/wp-content\/uploads\/2024\/02\/swigift-logo-carte.png","contentUrl":"https:\/\/swigift.ch\/wp-content\/uploads\/2024\/02\/swigift-logo-carte.png","width":300,"height":412,"caption":"Id\u00e9e cadeau originale suisse, une boite contenant un bon cadeau local, une carte de voeux personnalis\u00e9e et plus encore"},"image":{"@id":"https:\/\/swigift.ch\/en\/#\/schema\/logo\/image\/"},"sameAs":["https:\/\/www.facebook.com\/people\/Swigift\/61558610159800\/","https:\/\/www.instagram.com\/swigift.ch\/","https:\/\/www.linkedin.com\/company\/swigift\/"]}]}},"_links":{"self":[{"href":"https:\/\/swigift.ch\/en\/wp-json\/wp\/v2\/product\/30342","targetHints":{"allow":["GET"]}}],"collection":[{"href":"https:\/\/swigift.ch\/en\/wp-json\/wp\/v2\/product"}],"about":[{"href":"https:\/\/swigift.ch\/en\/wp-json\/wp\/v2\/types\/product"}],"replies":[{"embeddable":true,"href":"https:\/\/swigift.ch\/en\/wp-json\/wp\/v2\/comments?post=30342"}],"version-history":[{"count":0,"href":"https:\/\/swigift.ch\/en\/wp-json\/wp\/v2\/product\/30342\/revisions"}],"wp:featuredmedia":[{"embeddable":true,"href":"https:\/\/swigift.ch\/en\/wp-json\/wp\/v2\/media\/32521"}],"wp:attachment":[{"href":"https:\/\/swigift.ch\/en\/wp-json\/wp\/v2\/media?parent=30342"}],"wp:term":[{"taxonomy":"product_brand","embeddable":true,"href":"https:\/\/swigift.ch\/en\/wp-json\/wp\/v2\/product_brand?post=30342"},{"taxonomy":"product_cat","embeddable":true,"href":"https:\/\/swigift.ch\/en\/wp-json\/wp\/v2\/product_cat?post=30342"},{"taxonomy":"product_tag","embeddable":true,"href":"https:\/\/swigift.ch\/en\/wp-json\/wp\/v2\/product_tag?post=30342"}],"curies":[{"name":"wp","href":"https:\/\/api.w.org\/{rel}","templated":true}]}}