{"id":30280,"date":"2024-05-15T15:53:42","date_gmt":"2024-05-15T13:53:42","guid":{"rendered":"https:\/\/swigift.ch\/produit\/fly-xperience-tandem-paragliding-flights\/"},"modified":"2025-06-02T15:52:13","modified_gmt":"2025-06-02T13:52:13","slug":"fly-xperience-tandem-paragliding-flights-gift-switzerland-sensations","status":"publish","type":"product","link":"https:\/\/swigift.ch\/en\/product\/fly-xperience-tandem-paragliding-flights-gift-switzerland-sensations\/","title":{"rendered":"Fly-Xperience &#8211; Paragliding flight (VD)"},"content":{"rendered":"<h4><strong>Gift voucher for Fly-Xperience &#8211; Tandem paragliding flight (Canton of Vaud)<\/strong><\/h4>\n<p>Are you looking for a Swiss gift that combines breathtaking scenery and thrills?<\/p>\n<p>Fly-Xperience offers tandem <strong>paragliding flights <\/strong>over Lake Geneva and the Vaud Riviera, between Montreux and Villeneuve, with a flight over Chillon Castle.<\/p>\n<p>Paragliding in Villeneuve \/ Montreux is an <strong>unforgettable experience<\/strong>, and the view from take-off is totally unique in the region.<\/p>\n<p>A perfect gift voucher for those who love adventure!<\/p>\n<ul>\n<li><strong>With a gift voucher, the recipient can choose from :<\/strong>\n<ul>\n<li>Child flight (150.-)<\/li>\n<li>Student flight (170.-)<\/li>\n<li>Adult flight (190.-)<\/li>\n<li>Adult flight + photo (230.-)<\/li>\n<\/ul>\n<\/li>\n<li><strong>Vouchers can be used : <\/strong>\n<ul>\n<li>Order online<\/li>\n<\/ul>\n<\/li>\n<li><strong>Period of validity <\/strong>:\n<ul>\n<li>2 years<\/li>\n<\/ul>\n<\/li>\n<\/ul>\n<p>&nbsp;<\/p>\n<p><a href=\"https:\/\/swigift.ch\/en\/contact\/\">Any special requests? Contact us here <img decoding=\"async\" class=\"emoji\" role=\"img\" draggable=\"false\" src=\"https:\/\/s.w.org\/images\/core\/emoji\/15.0.3\/svg\/1f642.svg\" alt=\"\ud83d\ude42\" \/><\/a><\/p>\n<p>&nbsp;<\/p>\n<p>Fly-Xperience<br \/>\nTandem paragliding<br \/>\nCh. des Roseaux<br \/>\nCH &#8211; 1845 Noville<\/p>\n<p><a href=\"https:\/\/www.fly-xperience.com\/\" target=\"_blank\" rel=\"noopener\">Website link<\/a><\/p>\n<p>&nbsp;<\/p>\n<h4><strong>Swigift, the fast, customised Swiss gift<\/strong><\/h4>\n<p>Swigift offers you a Swiss gift box containing a <strong>value gift voucher <\/strong>of your choice, for example for <strong>Fly-Xperience<\/strong> a Swiss sensations gift, but not only!<\/p>\n<p>Once the Swiss gift voucher has been chosen, select an <strong>envelope color<\/strong>, which will be for the <strong>greeting card<\/strong> that you will create in the next step.<\/p>\n<p>Once in the shopping cart, enter your delivery date and Swiss shipping address. <strong>Fast delivery in 24h<\/strong> if ordered Monday to Friday before 4pm (subject to conditions).<\/p>\n<p>The recipient will receive a shipping gift box full of surprises as soon as it&#8217;s opened! The gifts you&#8217;ve chosen and created will be <strong>carefully arranged<\/strong>, along with a wooden stand for the card.<\/p>\n<p>The recipient will be able to display the <strong>greeting card<\/strong> and enjoy the superb <strong>Swiss gift voucher<\/strong> you have chosen.<\/p>\n<p>Swigift, the ideal Swiss gift for <strong>all occasions.<\/strong><\/p>\n<p>&nbsp;<\/p>\n<h4><strong>For what occasions<\/strong><\/h4>\n<p>All occasions, whether you need a birthday gift, wedding gift, birth gift, success gift, retirement gift, holiday gift or just want to please!<\/p>\n<p>It doesn&#8217;t matter whether you are traveling, on the move, whether you live as a Swiss expatriate looking for a Swiss gift idea, or whether you are simply far from a loved one, <strong>Swigift will meet your needs!<\/strong><\/p>\n<p>Modern and intuitive, Swigift stands out for its complete, imaginative and emotional offer, which simplifies our lives.<\/p>\n<p>&nbsp;<\/p>\n<p><a href=\"https:\/\/swigift.ch\/faq\/\">I&#8217;d like to consult the FAQ page <img decoding=\"async\" class=\"emoji\" role=\"img\" draggable=\"false\" src=\"https:\/\/s.w.org\/images\/core\/emoji\/15.0.3\/svg\/1f642.svg\" alt=\"\ud83d\ude42\" \/><\/a><\/p>\n<p>&nbsp;<\/p>\n<p>Personalized gift boxes Swiss gift voucher Fly-Xperience.<\/p>\n<p>Swigift personalized Swiss gift boxes, gift idea for a Swiss.<\/p>\n<p>Original Gift Switzerland Sensations, sent remotely.<\/p>\n<p>The General Terms and Conditions are binding.<\/p>\n","protected":false},"excerpt":{"rendered":"<p>An ideal gift voucher for those who love adventure.<\/p>\n","protected":false},"featured_media":32539,"comment_status":"open","ping_status":"closed","template":"","meta":[],"product_brand":[],"product_cat":[64,58,62],"product_tag":[],"class_list":{"0":"post-30280","1":"product","2":"type-product","3":"status-publish","4":"has-post-thumbnail","6":"product_cat-all","7":"product_cat-entertainment","8":"product_cat-sport-and-leisure","10":"first","11":"instock","12":"purchasable","13":"product-type-variable"},"yoast_head":"<!-- This site is optimized with the Yoast SEO plugin v27.4 - https:\/\/yoast.com\/product\/yoast-seo-wordpress\/ -->\n<title>Gift Switzerland Sensations- Fly-Xperience - Paragliding flight (VD)<\/title>\n<meta name=\"description\" content=\"Personalized Swiss gift box with voucher and card, delivered quickly with a personal touch. Gift Switzerland Sensations Gift Switzerland Sensations\" \/>\n<meta name=\"robots\" content=\"index, follow, max-snippet:-1, max-image-preview:large, max-video-preview:-1\" \/>\n<link rel=\"canonical\" href=\"https:\/\/swigift.ch\/en\/product\/fly-xperience-tandem-paragliding-flights-gift-switzerland-sensations\/\" \/>\n<meta property=\"og:locale\" content=\"en_US\" \/>\n<meta property=\"og:type\" content=\"article\" \/>\n<meta property=\"og:title\" content=\"Gift Switzerland Sensations- Fly-Xperience - Paragliding flight (VD)\" \/>\n<meta property=\"og:description\" content=\"Personalized Swiss gift box with voucher and card, delivered quickly with a personal touch. Gift Switzerland Sensations Gift Switzerland Sensations\" \/>\n<meta property=\"og:url\" content=\"https:\/\/swigift.ch\/en\/product\/fly-xperience-tandem-paragliding-flights-gift-switzerland-sensations\/\" \/>\n<meta property=\"og:site_name\" content=\"Swigift\" \/>\n<meta property=\"article:publisher\" content=\"https:\/\/www.facebook.com\/people\/Swigift\/61558610159800\/\" \/>\n<meta property=\"article:modified_time\" content=\"2025-06-02T13:52:13+00:00\" \/>\n<meta property=\"og:image\" content=\"https:\/\/swigift.ch\/wp-content\/uploads\/2024\/05\/5-300x300.png\" \/>\n<meta name=\"twitter:card\" content=\"summary_large_image\" \/>\n<meta name=\"twitter:label1\" content=\"Est. reading time\" \/>\n\t<meta name=\"twitter:data1\" content=\"3 minutes\" \/>\n<script type=\"application\/ld+json\" class=\"yoast-schema-graph\">{\"@context\":\"https:\\\/\\\/schema.org\",\"@graph\":[{\"@type\":\"WebPage\",\"@id\":\"https:\\\/\\\/swigift.ch\\\/en\\\/product\\\/fly-xperience-tandem-paragliding-flights-gift-switzerland-sensations\\\/\",\"url\":\"https:\\\/\\\/swigift.ch\\\/en\\\/product\\\/fly-xperience-tandem-paragliding-flights-gift-switzerland-sensations\\\/\",\"name\":\"Gift Switzerland Sensations- Fly-Xperience - Paragliding flight (VD)\",\"isPartOf\":{\"@id\":\"https:\\\/\\\/swigift.ch\\\/en\\\/#website\"},\"primaryImageOfPage\":{\"@id\":\"https:\\\/\\\/swigift.ch\\\/en\\\/product\\\/fly-xperience-tandem-paragliding-flights-gift-switzerland-sensations\\\/#primaryimage\"},\"image\":{\"@id\":\"https:\\\/\\\/swigift.ch\\\/en\\\/product\\\/fly-xperience-tandem-paragliding-flights-gift-switzerland-sensations\\\/#primaryimage\"},\"thumbnailUrl\":\"https:\\\/\\\/swigift.ch\\\/wp-content\\\/uploads\\\/2024\\\/05\\\/11-fly-xperience.png\",\"datePublished\":\"2024-05-15T13:53:42+00:00\",\"dateModified\":\"2025-06-02T13:52:13+00:00\",\"description\":\"Personalized Swiss gift box with voucher and card, delivered quickly with a personal touch. Gift Switzerland Sensations Gift Switzerland Sensations\",\"breadcrumb\":{\"@id\":\"https:\\\/\\\/swigift.ch\\\/en\\\/product\\\/fly-xperience-tandem-paragliding-flights-gift-switzerland-sensations\\\/#breadcrumb\"},\"inLanguage\":\"en-US\",\"potentialAction\":[{\"@type\":\"ReadAction\",\"target\":[\"https:\\\/\\\/swigift.ch\\\/en\\\/product\\\/fly-xperience-tandem-paragliding-flights-gift-switzerland-sensations\\\/\"]}]},{\"@type\":\"ImageObject\",\"inLanguage\":\"en-US\",\"@id\":\"https:\\\/\\\/swigift.ch\\\/en\\\/product\\\/fly-xperience-tandem-paragliding-flights-gift-switzerland-sensations\\\/#primaryimage\",\"url\":\"https:\\\/\\\/swigift.ch\\\/wp-content\\\/uploads\\\/2024\\\/05\\\/11-fly-xperience.png\",\"contentUrl\":\"https:\\\/\\\/swigift.ch\\\/wp-content\\\/uploads\\\/2024\\\/05\\\/11-fly-xperience.png\",\"width\":1500,\"height\":1500,\"caption\":\"Swigift- Gift voucher - Paragliding - Vaud - Flyxperience - Quick delivery - Gift Switzerland Sensations\"},{\"@type\":\"BreadcrumbList\",\"@id\":\"https:\\\/\\\/swigift.ch\\\/en\\\/product\\\/fly-xperience-tandem-paragliding-flights-gift-switzerland-sensations\\\/#breadcrumb\",\"itemListElement\":[{\"@type\":\"ListItem\",\"position\":1,\"name\":\"Accueil\",\"item\":\"https:\\\/\\\/swigift.ch\\\/en\\\/\"},{\"@type\":\"ListItem\",\"position\":2,\"name\":\"Shop\",\"item\":\"https:\\\/\\\/swigift.ch\\\/en\\\/shop\\\/\"},{\"@type\":\"ListItem\",\"position\":3,\"name\":\"Fly-Xperience &#8211; Paragliding flight (VD)\"}]},{\"@type\":\"WebSite\",\"@id\":\"https:\\\/\\\/swigift.ch\\\/en\\\/#website\",\"url\":\"https:\\\/\\\/swigift.ch\\\/en\\\/\",\"name\":\"Swigift\",\"description\":\"personalized remote gifts\",\"publisher\":{\"@id\":\"https:\\\/\\\/swigift.ch\\\/en\\\/#organization\"},\"potentialAction\":[{\"@type\":\"SearchAction\",\"target\":{\"@type\":\"EntryPoint\",\"urlTemplate\":\"https:\\\/\\\/swigift.ch\\\/en\\\/?s={search_term_string}\"},\"query-input\":{\"@type\":\"PropertyValueSpecification\",\"valueRequired\":true,\"valueName\":\"search_term_string\"}}],\"inLanguage\":\"en-US\"},{\"@type\":\"Organization\",\"@id\":\"https:\\\/\\\/swigift.ch\\\/en\\\/#organization\",\"name\":\"Id\u00e9e cadeau originale suisse, une boite contenant un bon cadeau local, une carte de voeux personnalis\u00e9e et plus encore\",\"alternateName\":\"Boites cadeaux personnalis\u00e9es avec bon cadeau commerces Suisse et carte de voeux personnalis\u00e9e, livraison rapide en Suisse.\",\"url\":\"https:\\\/\\\/swigift.ch\\\/en\\\/\",\"logo\":{\"@type\":\"ImageObject\",\"inLanguage\":\"en-US\",\"@id\":\"https:\\\/\\\/swigift.ch\\\/en\\\/#\\\/schema\\\/logo\\\/image\\\/\",\"url\":\"https:\\\/\\\/swigift.ch\\\/wp-content\\\/uploads\\\/2024\\\/02\\\/swigift-logo-carte.png\",\"contentUrl\":\"https:\\\/\\\/swigift.ch\\\/wp-content\\\/uploads\\\/2024\\\/02\\\/swigift-logo-carte.png\",\"width\":300,\"height\":412,\"caption\":\"Id\u00e9e cadeau originale suisse, une boite contenant un bon cadeau local, une carte de voeux personnalis\u00e9e et plus encore\"},\"image\":{\"@id\":\"https:\\\/\\\/swigift.ch\\\/en\\\/#\\\/schema\\\/logo\\\/image\\\/\"},\"sameAs\":[\"https:\\\/\\\/www.facebook.com\\\/people\\\/Swigift\\\/61558610159800\\\/\",\"https:\\\/\\\/www.instagram.com\\\/swigift.ch\\\/\",\"https:\\\/\\\/www.linkedin.com\\\/company\\\/swigift\\\/\"]}]}<\/script>\n<!-- \/ Yoast SEO plugin. -->","yoast_head_json":{"title":"Gift Switzerland Sensations- Fly-Xperience - Paragliding flight (VD)","description":"Personalized Swiss gift box with voucher and card, delivered quickly with a personal touch. Gift Switzerland Sensations Gift Switzerland Sensations","robots":{"index":"index","follow":"follow","max-snippet":"max-snippet:-1","max-image-preview":"max-image-preview:large","max-video-preview":"max-video-preview:-1"},"canonical":"https:\/\/swigift.ch\/en\/product\/fly-xperience-tandem-paragliding-flights-gift-switzerland-sensations\/","og_locale":"en_US","og_type":"article","og_title":"Gift Switzerland Sensations- Fly-Xperience - Paragliding flight (VD)","og_description":"Personalized Swiss gift box with voucher and card, delivered quickly with a personal touch. Gift Switzerland Sensations Gift Switzerland Sensations","og_url":"https:\/\/swigift.ch\/en\/product\/fly-xperience-tandem-paragliding-flights-gift-switzerland-sensations\/","og_site_name":"Swigift","article_publisher":"https:\/\/www.facebook.com\/people\/Swigift\/61558610159800\/","article_modified_time":"2025-06-02T13:52:13+00:00","og_image":[{"url":"https:\/\/swigift.ch\/wp-content\/uploads\/2024\/05\/5-300x300.png","type":"","width":"","height":""}],"twitter_card":"summary_large_image","twitter_misc":{"Est. reading time":"3 minutes"},"schema":{"@context":"https:\/\/schema.org","@graph":[{"@type":"WebPage","@id":"https:\/\/swigift.ch\/en\/product\/fly-xperience-tandem-paragliding-flights-gift-switzerland-sensations\/","url":"https:\/\/swigift.ch\/en\/product\/fly-xperience-tandem-paragliding-flights-gift-switzerland-sensations\/","name":"Gift Switzerland Sensations- Fly-Xperience - Paragliding flight (VD)","isPartOf":{"@id":"https:\/\/swigift.ch\/en\/#website"},"primaryImageOfPage":{"@id":"https:\/\/swigift.ch\/en\/product\/fly-xperience-tandem-paragliding-flights-gift-switzerland-sensations\/#primaryimage"},"image":{"@id":"https:\/\/swigift.ch\/en\/product\/fly-xperience-tandem-paragliding-flights-gift-switzerland-sensations\/#primaryimage"},"thumbnailUrl":"https:\/\/swigift.ch\/wp-content\/uploads\/2024\/05\/11-fly-xperience.png","datePublished":"2024-05-15T13:53:42+00:00","dateModified":"2025-06-02T13:52:13+00:00","description":"Personalized Swiss gift box with voucher and card, delivered quickly with a personal touch. Gift Switzerland Sensations Gift Switzerland Sensations","breadcrumb":{"@id":"https:\/\/swigift.ch\/en\/product\/fly-xperience-tandem-paragliding-flights-gift-switzerland-sensations\/#breadcrumb"},"inLanguage":"en-US","potentialAction":[{"@type":"ReadAction","target":["https:\/\/swigift.ch\/en\/product\/fly-xperience-tandem-paragliding-flights-gift-switzerland-sensations\/"]}]},{"@type":"ImageObject","inLanguage":"en-US","@id":"https:\/\/swigift.ch\/en\/product\/fly-xperience-tandem-paragliding-flights-gift-switzerland-sensations\/#primaryimage","url":"https:\/\/swigift.ch\/wp-content\/uploads\/2024\/05\/11-fly-xperience.png","contentUrl":"https:\/\/swigift.ch\/wp-content\/uploads\/2024\/05\/11-fly-xperience.png","width":1500,"height":1500,"caption":"Swigift- Gift voucher - Paragliding - Vaud - Flyxperience - Quick delivery - Gift Switzerland Sensations"},{"@type":"BreadcrumbList","@id":"https:\/\/swigift.ch\/en\/product\/fly-xperience-tandem-paragliding-flights-gift-switzerland-sensations\/#breadcrumb","itemListElement":[{"@type":"ListItem","position":1,"name":"Accueil","item":"https:\/\/swigift.ch\/en\/"},{"@type":"ListItem","position":2,"name":"Shop","item":"https:\/\/swigift.ch\/en\/shop\/"},{"@type":"ListItem","position":3,"name":"Fly-Xperience &#8211; Paragliding flight (VD)"}]},{"@type":"WebSite","@id":"https:\/\/swigift.ch\/en\/#website","url":"https:\/\/swigift.ch\/en\/","name":"Swigift","description":"personalized remote gifts","publisher":{"@id":"https:\/\/swigift.ch\/en\/#organization"},"potentialAction":[{"@type":"SearchAction","target":{"@type":"EntryPoint","urlTemplate":"https:\/\/swigift.ch\/en\/?s={search_term_string}"},"query-input":{"@type":"PropertyValueSpecification","valueRequired":true,"valueName":"search_term_string"}}],"inLanguage":"en-US"},{"@type":"Organization","@id":"https:\/\/swigift.ch\/en\/#organization","name":"Id\u00e9e cadeau originale suisse, une boite contenant un bon cadeau local, une carte de voeux personnalis\u00e9e et plus encore","alternateName":"Boites cadeaux personnalis\u00e9es avec bon cadeau commerces Suisse et carte de voeux personnalis\u00e9e, livraison rapide en Suisse.","url":"https:\/\/swigift.ch\/en\/","logo":{"@type":"ImageObject","inLanguage":"en-US","@id":"https:\/\/swigift.ch\/en\/#\/schema\/logo\/image\/","url":"https:\/\/swigift.ch\/wp-content\/uploads\/2024\/02\/swigift-logo-carte.png","contentUrl":"https:\/\/swigift.ch\/wp-content\/uploads\/2024\/02\/swigift-logo-carte.png","width":300,"height":412,"caption":"Id\u00e9e cadeau originale suisse, une boite contenant un bon cadeau local, une carte de voeux personnalis\u00e9e et plus encore"},"image":{"@id":"https:\/\/swigift.ch\/en\/#\/schema\/logo\/image\/"},"sameAs":["https:\/\/www.facebook.com\/people\/Swigift\/61558610159800\/","https:\/\/www.instagram.com\/swigift.ch\/","https:\/\/www.linkedin.com\/company\/swigift\/"]}]}},"_links":{"self":[{"href":"https:\/\/swigift.ch\/en\/wp-json\/wp\/v2\/product\/30280","targetHints":{"allow":["GET"]}}],"collection":[{"href":"https:\/\/swigift.ch\/en\/wp-json\/wp\/v2\/product"}],"about":[{"href":"https:\/\/swigift.ch\/en\/wp-json\/wp\/v2\/types\/product"}],"replies":[{"embeddable":true,"href":"https:\/\/swigift.ch\/en\/wp-json\/wp\/v2\/comments?post=30280"}],"version-history":[{"count":0,"href":"https:\/\/swigift.ch\/en\/wp-json\/wp\/v2\/product\/30280\/revisions"}],"wp:featuredmedia":[{"embeddable":true,"href":"https:\/\/swigift.ch\/en\/wp-json\/wp\/v2\/media\/32539"}],"wp:attachment":[{"href":"https:\/\/swigift.ch\/en\/wp-json\/wp\/v2\/media?parent=30280"}],"wp:term":[{"taxonomy":"product_brand","embeddable":true,"href":"https:\/\/swigift.ch\/en\/wp-json\/wp\/v2\/product_brand?post=30280"},{"taxonomy":"product_cat","embeddable":true,"href":"https:\/\/swigift.ch\/en\/wp-json\/wp\/v2\/product_cat?post=30280"},{"taxonomy":"product_tag","embeddable":true,"href":"https:\/\/swigift.ch\/en\/wp-json\/wp\/v2\/product_tag?post=30280"}],"curies":[{"name":"wp","href":"https:\/\/api.w.org\/{rel}","templated":true}]}}