{"id":36366,"date":"2025-05-08T14:17:08","date_gmt":"2025-05-08T12:17:08","guid":{"rendered":"https:\/\/swigift.ch\/library-predefined-greetings-cards\/"},"modified":"2026-01-13T09:04:27","modified_gmt":"2026-01-13T08:04:27","slug":"library-predefined-greetings-cards","status":"publish","type":"page","link":"https:\/\/swigift.ch\/en\/library-predefined-greetings-cards\/","title":{"rendered":"Library &#8211; Predefined greetings cards"},"content":{"rendered":"\t\t<div data-elementor-type=\"wp-page\" data-elementor-id=\"36366\" class=\"elementor elementor-36366 elementor-36253\" data-elementor-post-type=\"page\">\n\t\t\t\t\t\t<section class=\"elementor-section elementor-top-section elementor-element elementor-element-28a9736 elementor-section-boxed elementor-section-height-default elementor-section-height-default\" data-id=\"28a9736\" data-element_type=\"section\" data-e-type=\"section\">\n\t\t\t\t\t\t<div class=\"elementor-container elementor-column-gap-default\">\n\t\t\t\t\t<div class=\"elementor-column elementor-col-100 elementor-top-column elementor-element elementor-element-8718a47\" data-id=\"8718a47\" data-element_type=\"column\" data-e-type=\"column\">\n\t\t\t<div class=\"elementor-widget-wrap elementor-element-populated\">\n\t\t\t\t\t\t<div class=\"elementor-element elementor-element-73b38f6 elementor-widget elementor-widget-heading\" data-id=\"73b38f6\" data-element_type=\"widget\" data-e-type=\"widget\" data-widget_type=\"heading.default\">\n\t\t\t\t<div class=\"elementor-widget-container\">\n\t\t\t\t\t<h3 class=\"elementor-heading-title elementor-size-default\"><i>B)<\/i> <u>Predefined<\/u> cards<\/h3>\t\t\t\t<\/div>\n\t\t\t\t<\/div>\n\t\t\t\t<div class=\"elementor-element elementor-element-437838c elementor-widget__width-initial elementor-widget elementor-widget-text-editor\" data-id=\"437838c\" data-element_type=\"widget\" data-e-type=\"widget\" data-widget_type=\"text-editor.default\">\n\t\t\t\t<div class=\"elementor-widget-container\">\n\t\t\t\t\t\t\t\t\t<p>Browse our library <strong>by theme<\/strong> and select the greeting card of your choice \ud83d\udc47<\/p>\t\t\t\t\t\t\t\t<\/div>\n\t\t\t\t<\/div>\n\t\t\t\t<div class=\"elementor-element elementor-element-f59064c filterable-product-nav-align-left elementor-widget elementor-widget-shopengine-filterable-product-list\" data-id=\"f59064c\" data-element_type=\"widget\" data-e-type=\"widget\" data-widget_type=\"shopengine-filterable-product-list.default\">\n\t\t\t\t<div class=\"elementor-widget-container\">\n\t\t\t\t\t<div class=\"shopengine shopengine-widget\"><\/div>\t\t\t\t<\/div>\n\t\t\t\t<\/div>\n\t\t\t\t\t<\/div>\n\t\t<\/div>\n\t\t\t\t\t<\/div>\n\t\t<\/section>\n\t\t\t\t<section class=\"elementor-section elementor-top-section elementor-element elementor-element-0d34bcb elementor-hidden-desktop elementor-hidden-tablet elementor-hidden-mobile elementor-section-boxed elementor-section-height-default elementor-section-height-default\" data-id=\"0d34bcb\" data-element_type=\"section\" data-e-type=\"section\">\n\t\t\t\t\t\t<div class=\"elementor-container elementor-column-gap-default\">\n\t\t\t\t\t<div class=\"elementor-column elementor-col-100 elementor-top-column elementor-element elementor-element-50f0f9a\" data-id=\"50f0f9a\" data-element_type=\"column\" data-e-type=\"column\">\n\t\t\t<div class=\"elementor-widget-wrap elementor-element-populated\">\n\t\t\t\t\t\t<div class=\"elementor-element elementor-element-5622821 elementor-widget elementor-widget-heading\" data-id=\"5622821\" data-element_type=\"widget\" data-e-type=\"widget\" data-widget_type=\"heading.default\">\n\t\t\t\t<div class=\"elementor-widget-container\">\n\t\t\t\t\t<h3 class=\"elementor-heading-title elementor-size-default\"><i>B)<\/i> <u>Predefined<\/u> cards<\/h3>\t\t\t\t<\/div>\n\t\t\t\t<\/div>\n\t\t\t\t<div class=\"elementor-element elementor-element-cbc8619 elementor-widget elementor-widget-text-editor\" data-id=\"cbc8619\" data-element_type=\"widget\" data-e-type=\"widget\" data-widget_type=\"text-editor.default\">\n\t\t\t\t<div class=\"elementor-widget-container\">\n\t\t\t\t\t\t\t\t\t<p>Browse our library <strong>by theme<\/strong> and select the greeting card of your choice \ud83d\udc47<\/p>\t\t\t\t\t\t\t\t<\/div>\n\t\t\t\t<\/div>\n\t\t\t\t<div class=\"elementor-element elementor-element-3cad034 elementor-widget elementor-widget-shopengine-filterable-product-list\" data-id=\"3cad034\" data-element_type=\"widget\" data-e-type=\"widget\" data-widget_type=\"shopengine-filterable-product-list.default\">\n\t\t\t\t<div class=\"elementor-widget-container\">\n\t\t\t\t\t<div class=\"shopengine shopengine-widget\"><\/div>\t\t\t\t<\/div>\n\t\t\t\t<\/div>\n\t\t\t\t\t<\/div>\n\t\t<\/div>\n\t\t\t\t\t<\/div>\n\t\t<\/section>\n\t\t\t\t<section class=\"elementor-section elementor-top-section elementor-element elementor-element-e3b1ada elementor-section-boxed elementor-section-height-default elementor-section-height-default\" data-id=\"e3b1ada\" data-element_type=\"section\" data-e-type=\"section\">\n\t\t\t\t\t\t<div class=\"elementor-container elementor-column-gap-default\">\n\t\t\t\t\t<div class=\"elementor-column elementor-col-100 elementor-top-column elementor-element elementor-element-d3aa0a5\" data-id=\"d3aa0a5\" data-element_type=\"column\" data-e-type=\"column\">\n\t\t\t<div class=\"elementor-widget-wrap\">\n\t\t\t\t\t\t\t<\/div>\n\t\t<\/div>\n\t\t\t\t\t<\/div>\n\t\t<\/section>\n\t\t\t\t<\/div>\n\t\t","protected":false},"excerpt":{"rendered":"<p>B) Predefined cards Browse our library by theme and select the greeting card of your choice \ud83d\udc47 BIrthday Professionnal Wedding Birth Thank you Mother&#039;s Day Father&#039;s Day Diploma Christmas Greeting card &#8211; Birthday &#8211; 1 0.00&nbsp;&#67;&#72;&#70; Greeting card &#8211; Birthday &#8211; 2 0.00&nbsp;&#67;&#72;&#70; Greeting card &#8211; Birthday &#8211; 3 0.00&nbsp;&#67;&#72;&#70; Greeting card &#8211; Birthday &#8211; [&hellip;]<\/p>\n","protected":false},"author":2,"featured_media":0,"parent":0,"menu_order":0,"comment_status":"closed","ping_status":"closed","template":"","meta":{"footnotes":""},"class_list":["post-36366","page","type-page","status-publish","hentry"],"yoast_head":"<!-- This site is optimized with the Yoast SEO plugin v27.4 - https:\/\/yoast.com\/product\/yoast-seo-wordpress\/ -->\n<title>Library - Predefined greetings cards - Swigift Boites cadeaux - bon cadeau et carte cadeau personnalis\u00e9e - livraison rapide Suisse<\/title>\n<meta name=\"description\" content=\"Boites cadeaux livr\u00e9es rapidement en Suisse, contenant un bon cadeau de votre choix, une carte de voeux personnalis\u00e9e et enveloppe \u00e0 choix !\" \/>\n<meta name=\"robots\" content=\"index, follow, max-snippet:-1, max-image-preview:large, max-video-preview:-1\" \/>\n<link rel=\"canonical\" href=\"https:\/\/swigift.ch\/en\/library-predefined-greetings-cards\/\" \/>\n<meta property=\"og:locale\" content=\"en_US\" \/>\n<meta property=\"og:type\" content=\"article\" \/>\n<meta property=\"og:title\" content=\"Library - Predefined greetings cards - Swigift Boites cadeaux - bon cadeau et carte cadeau personnalis\u00e9e - livraison rapide Suisse\" \/>\n<meta property=\"og:description\" content=\"Boites cadeaux livr\u00e9es rapidement en Suisse, contenant un bon cadeau de votre choix, une carte de voeux personnalis\u00e9e et enveloppe \u00e0 choix !\" \/>\n<meta property=\"og:url\" content=\"https:\/\/swigift.ch\/en\/library-predefined-greetings-cards\/\" \/>\n<meta property=\"og:site_name\" content=\"Swigift\" \/>\n<meta property=\"article:publisher\" content=\"https:\/\/www.facebook.com\/people\/Swigift\/61558610159800\/\" \/>\n<meta property=\"article:modified_time\" content=\"2026-01-13T08:04:27+00:00\" \/>\n<meta property=\"og:image\" content=\"https:\/\/swigift.ch\/wp-content\/uploads\/2025\/06\/Anniversaire-_-Carte-de-voeux-1-_-EN.png\" \/>\n<meta name=\"twitter:card\" content=\"summary_large_image\" \/>\n<meta name=\"twitter:label1\" content=\"Est. reading time\" \/>\n\t<meta name=\"twitter:data1\" content=\"4 minutes\" \/>\n<script type=\"application\/ld+json\" class=\"yoast-schema-graph\">{\"@context\":\"https:\\\/\\\/schema.org\",\"@graph\":[{\"@type\":\"WebPage\",\"@id\":\"https:\\\/\\\/swigift.ch\\\/en\\\/library-predefined-greetings-cards\\\/\",\"url\":\"https:\\\/\\\/swigift.ch\\\/en\\\/library-predefined-greetings-cards\\\/\",\"name\":\"Library - Predefined greetings cards - Swigift Boites cadeaux - bon cadeau et carte cadeau personnalis\u00e9e - livraison rapide Suisse\",\"isPartOf\":{\"@id\":\"https:\\\/\\\/swigift.ch\\\/en\\\/#website\"},\"primaryImageOfPage\":{\"@id\":\"https:\\\/\\\/swigift.ch\\\/en\\\/library-predefined-greetings-cards\\\/#primaryimage\"},\"image\":{\"@id\":\"https:\\\/\\\/swigift.ch\\\/en\\\/library-predefined-greetings-cards\\\/#primaryimage\"},\"thumbnailUrl\":\"https:\\\/\\\/swigift.ch\\\/wp-content\\\/uploads\\\/2025\\\/06\\\/Anniversaire-_-Carte-de-voeux-1-_-EN.png\",\"datePublished\":\"2025-05-08T12:17:08+00:00\",\"dateModified\":\"2026-01-13T08:04:27+00:00\",\"description\":\"Boites cadeaux livr\u00e9es rapidement en Suisse, contenant un bon cadeau de votre choix, une carte de voeux personnalis\u00e9e et enveloppe \u00e0 choix !\",\"breadcrumb\":{\"@id\":\"https:\\\/\\\/swigift.ch\\\/en\\\/library-predefined-greetings-cards\\\/#breadcrumb\"},\"inLanguage\":\"en-US\",\"potentialAction\":[{\"@type\":\"ReadAction\",\"target\":[\"https:\\\/\\\/swigift.ch\\\/en\\\/library-predefined-greetings-cards\\\/\"]}]},{\"@type\":\"ImageObject\",\"inLanguage\":\"en-US\",\"@id\":\"https:\\\/\\\/swigift.ch\\\/en\\\/library-predefined-greetings-cards\\\/#primaryimage\",\"url\":\"https:\\\/\\\/swigift.ch\\\/wp-content\\\/uploads\\\/2025\\\/06\\\/Anniversaire-_-Carte-de-voeux-1-_-EN.png\",\"contentUrl\":\"https:\\\/\\\/swigift.ch\\\/wp-content\\\/uploads\\\/2025\\\/06\\\/Anniversaire-_-Carte-de-voeux-1-_-EN.png\"},{\"@type\":\"BreadcrumbList\",\"@id\":\"https:\\\/\\\/swigift.ch\\\/en\\\/library-predefined-greetings-cards\\\/#breadcrumb\",\"itemListElement\":[{\"@type\":\"ListItem\",\"position\":1,\"name\":\"Accueil\",\"item\":\"https:\\\/\\\/swigift.ch\\\/en\\\/\"},{\"@type\":\"ListItem\",\"position\":2,\"name\":\"Library &#8211; Predefined greetings cards\"}]},{\"@type\":\"WebSite\",\"@id\":\"https:\\\/\\\/swigift.ch\\\/en\\\/#website\",\"url\":\"https:\\\/\\\/swigift.ch\\\/en\\\/\",\"name\":\"Swigift\",\"description\":\"personalized remote gifts\",\"publisher\":{\"@id\":\"https:\\\/\\\/swigift.ch\\\/en\\\/#organization\"},\"potentialAction\":[{\"@type\":\"SearchAction\",\"target\":{\"@type\":\"EntryPoint\",\"urlTemplate\":\"https:\\\/\\\/swigift.ch\\\/en\\\/?s={search_term_string}\"},\"query-input\":{\"@type\":\"PropertyValueSpecification\",\"valueRequired\":true,\"valueName\":\"search_term_string\"}}],\"inLanguage\":\"en-US\"},{\"@type\":\"Organization\",\"@id\":\"https:\\\/\\\/swigift.ch\\\/en\\\/#organization\",\"name\":\"Id\u00e9e cadeau originale suisse, une boite contenant un bon cadeau local, une carte de voeux personnalis\u00e9e et plus encore\",\"alternateName\":\"Boites cadeaux personnalis\u00e9es avec bon cadeau commerces Suisse et carte de voeux personnalis\u00e9e, livraison rapide en Suisse.\",\"url\":\"https:\\\/\\\/swigift.ch\\\/en\\\/\",\"logo\":{\"@type\":\"ImageObject\",\"inLanguage\":\"en-US\",\"@id\":\"https:\\\/\\\/swigift.ch\\\/en\\\/#\\\/schema\\\/logo\\\/image\\\/\",\"url\":\"https:\\\/\\\/swigift.ch\\\/wp-content\\\/uploads\\\/2024\\\/02\\\/swigift-logo-carte.png\",\"contentUrl\":\"https:\\\/\\\/swigift.ch\\\/wp-content\\\/uploads\\\/2024\\\/02\\\/swigift-logo-carte.png\",\"width\":300,\"height\":412,\"caption\":\"Id\u00e9e cadeau originale suisse, une boite contenant un bon cadeau local, une carte de voeux personnalis\u00e9e et plus encore\"},\"image\":{\"@id\":\"https:\\\/\\\/swigift.ch\\\/en\\\/#\\\/schema\\\/logo\\\/image\\\/\"},\"sameAs\":[\"https:\\\/\\\/www.facebook.com\\\/people\\\/Swigift\\\/61558610159800\\\/\",\"https:\\\/\\\/www.instagram.com\\\/swigift.ch\\\/\",\"https:\\\/\\\/www.linkedin.com\\\/company\\\/swigift\\\/\"]}]}<\/script>\n<!-- \/ Yoast SEO plugin. -->","yoast_head_json":{"title":"Library - Predefined greetings cards - Swigift Boites cadeaux - bon cadeau et carte cadeau personnalis\u00e9e - livraison rapide Suisse","description":"Boites cadeaux livr\u00e9es rapidement en Suisse, contenant un bon cadeau de votre choix, une carte de voeux personnalis\u00e9e et enveloppe \u00e0 choix !","robots":{"index":"index","follow":"follow","max-snippet":"max-snippet:-1","max-image-preview":"max-image-preview:large","max-video-preview":"max-video-preview:-1"},"canonical":"https:\/\/swigift.ch\/en\/library-predefined-greetings-cards\/","og_locale":"en_US","og_type":"article","og_title":"Library - Predefined greetings cards - Swigift Boites cadeaux - bon cadeau et carte cadeau personnalis\u00e9e - livraison rapide Suisse","og_description":"Boites cadeaux livr\u00e9es rapidement en Suisse, contenant un bon cadeau de votre choix, une carte de voeux personnalis\u00e9e et enveloppe \u00e0 choix !","og_url":"https:\/\/swigift.ch\/en\/library-predefined-greetings-cards\/","og_site_name":"Swigift","article_publisher":"https:\/\/www.facebook.com\/people\/Swigift\/61558610159800\/","article_modified_time":"2026-01-13T08:04:27+00:00","og_image":[{"url":"https:\/\/swigift.ch\/wp-content\/uploads\/2025\/06\/Anniversaire-_-Carte-de-voeux-1-_-EN.png","type":"","width":"","height":""}],"twitter_card":"summary_large_image","twitter_misc":{"Est. reading time":"4 minutes"},"schema":{"@context":"https:\/\/schema.org","@graph":[{"@type":"WebPage","@id":"https:\/\/swigift.ch\/en\/library-predefined-greetings-cards\/","url":"https:\/\/swigift.ch\/en\/library-predefined-greetings-cards\/","name":"Library - Predefined greetings cards - Swigift Boites cadeaux - bon cadeau et carte cadeau personnalis\u00e9e - livraison rapide Suisse","isPartOf":{"@id":"https:\/\/swigift.ch\/en\/#website"},"primaryImageOfPage":{"@id":"https:\/\/swigift.ch\/en\/library-predefined-greetings-cards\/#primaryimage"},"image":{"@id":"https:\/\/swigift.ch\/en\/library-predefined-greetings-cards\/#primaryimage"},"thumbnailUrl":"https:\/\/swigift.ch\/wp-content\/uploads\/2025\/06\/Anniversaire-_-Carte-de-voeux-1-_-EN.png","datePublished":"2025-05-08T12:17:08+00:00","dateModified":"2026-01-13T08:04:27+00:00","description":"Boites cadeaux livr\u00e9es rapidement en Suisse, contenant un bon cadeau de votre choix, une carte de voeux personnalis\u00e9e et enveloppe \u00e0 choix !","breadcrumb":{"@id":"https:\/\/swigift.ch\/en\/library-predefined-greetings-cards\/#breadcrumb"},"inLanguage":"en-US","potentialAction":[{"@type":"ReadAction","target":["https:\/\/swigift.ch\/en\/library-predefined-greetings-cards\/"]}]},{"@type":"ImageObject","inLanguage":"en-US","@id":"https:\/\/swigift.ch\/en\/library-predefined-greetings-cards\/#primaryimage","url":"https:\/\/swigift.ch\/wp-content\/uploads\/2025\/06\/Anniversaire-_-Carte-de-voeux-1-_-EN.png","contentUrl":"https:\/\/swigift.ch\/wp-content\/uploads\/2025\/06\/Anniversaire-_-Carte-de-voeux-1-_-EN.png"},{"@type":"BreadcrumbList","@id":"https:\/\/swigift.ch\/en\/library-predefined-greetings-cards\/#breadcrumb","itemListElement":[{"@type":"ListItem","position":1,"name":"Accueil","item":"https:\/\/swigift.ch\/en\/"},{"@type":"ListItem","position":2,"name":"Library &#8211; Predefined greetings cards"}]},{"@type":"WebSite","@id":"https:\/\/swigift.ch\/en\/#website","url":"https:\/\/swigift.ch\/en\/","name":"Swigift","description":"personalized remote gifts","publisher":{"@id":"https:\/\/swigift.ch\/en\/#organization"},"potentialAction":[{"@type":"SearchAction","target":{"@type":"EntryPoint","urlTemplate":"https:\/\/swigift.ch\/en\/?s={search_term_string}"},"query-input":{"@type":"PropertyValueSpecification","valueRequired":true,"valueName":"search_term_string"}}],"inLanguage":"en-US"},{"@type":"Organization","@id":"https:\/\/swigift.ch\/en\/#organization","name":"Id\u00e9e cadeau originale suisse, une boite contenant un bon cadeau local, une carte de voeux personnalis\u00e9e et plus encore","alternateName":"Boites cadeaux personnalis\u00e9es avec bon cadeau commerces Suisse et carte de voeux personnalis\u00e9e, livraison rapide en Suisse.","url":"https:\/\/swigift.ch\/en\/","logo":{"@type":"ImageObject","inLanguage":"en-US","@id":"https:\/\/swigift.ch\/en\/#\/schema\/logo\/image\/","url":"https:\/\/swigift.ch\/wp-content\/uploads\/2024\/02\/swigift-logo-carte.png","contentUrl":"https:\/\/swigift.ch\/wp-content\/uploads\/2024\/02\/swigift-logo-carte.png","width":300,"height":412,"caption":"Id\u00e9e cadeau originale suisse, une boite contenant un bon cadeau local, une carte de voeux personnalis\u00e9e et plus encore"},"image":{"@id":"https:\/\/swigift.ch\/en\/#\/schema\/logo\/image\/"},"sameAs":["https:\/\/www.facebook.com\/people\/Swigift\/61558610159800\/","https:\/\/www.instagram.com\/swigift.ch\/","https:\/\/www.linkedin.com\/company\/swigift\/"]}]}},"_links":{"self":[{"href":"https:\/\/swigift.ch\/en\/wp-json\/wp\/v2\/pages\/36366","targetHints":{"allow":["GET"]}}],"collection":[{"href":"https:\/\/swigift.ch\/en\/wp-json\/wp\/v2\/pages"}],"about":[{"href":"https:\/\/swigift.ch\/en\/wp-json\/wp\/v2\/types\/page"}],"author":[{"embeddable":true,"href":"https:\/\/swigift.ch\/en\/wp-json\/wp\/v2\/users\/2"}],"replies":[{"embeddable":true,"href":"https:\/\/swigift.ch\/en\/wp-json\/wp\/v2\/comments?post=36366"}],"version-history":[{"count":11,"href":"https:\/\/swigift.ch\/en\/wp-json\/wp\/v2\/pages\/36366\/revisions"}],"predecessor-version":[{"id":40117,"href":"https:\/\/swigift.ch\/en\/wp-json\/wp\/v2\/pages\/36366\/revisions\/40117"}],"wp:attachment":[{"href":"https:\/\/swigift.ch\/en\/wp-json\/wp\/v2\/media?parent=36366"}],"curies":[{"name":"wp","href":"https:\/\/api.w.org\/{rel}","templated":true}]}}