{"id":34965,"date":"2025-03-18T15:27:35","date_gmt":"2025-03-18T14:27:35","guid":{"rendered":"https:\/\/swigift.ch\/newsletter-form\/"},"modified":"2025-04-01T13:58:03","modified_gmt":"2025-04-01T11:58:03","slug":"newsletter-form","status":"publish","type":"page","link":"https:\/\/swigift.ch\/en\/newsletter-form\/","title":{"rendered":"Newsletter form"},"content":{"rendered":"\t\t<div data-elementor-type=\"wp-page\" data-elementor-id=\"34965\" class=\"elementor elementor-34965 elementor-34948\" data-elementor-post-type=\"page\">\n\t\t\t\t\t\t<section class=\"elementor-section elementor-top-section elementor-element elementor-element-8eb5d33 elementor-reverse-mobile elementor-section-boxed elementor-section-height-default elementor-section-height-default\" data-id=\"8eb5d33\" data-element_type=\"section\" data-e-type=\"section\">\n\t\t\t\t\t\t<div class=\"elementor-container elementor-column-gap-default\">\n\t\t\t\t\t<div class=\"elementor-column elementor-col-100 elementor-top-column elementor-element elementor-element-8558b29\" data-id=\"8558b29\" data-element_type=\"column\" data-e-type=\"column\">\n\t\t\t<div class=\"elementor-widget-wrap elementor-element-populated\">\n\t\t\t\t\t\t<div class=\"elementor-element elementor-element-0e2e560 elementor-widget elementor-widget-heading\" data-id=\"0e2e560\" data-element_type=\"widget\" data-e-type=\"widget\" data-widget_type=\"heading.default\">\n\t\t\t\t<div class=\"elementor-widget-container\">\n\t\t\t\t\t<h2 class=\"elementor-heading-title elementor-size-default\">Want to stay informed<br>Swigift news?<\/h2>\t\t\t\t<\/div>\n\t\t\t\t<\/div>\n\t\t\t\t<section class=\"elementor-section elementor-inner-section elementor-element elementor-element-756045f elementor-section-boxed elementor-section-height-default elementor-section-height-default\" data-id=\"756045f\" data-element_type=\"section\" data-e-type=\"section\">\n\t\t\t\t\t\t<div class=\"elementor-container elementor-column-gap-default\">\n\t\t\t\t\t<div class=\"elementor-column elementor-col-33 elementor-inner-column elementor-element elementor-element-ed35232\" data-id=\"ed35232\" data-element_type=\"column\" data-e-type=\"column\">\n\t\t\t<div class=\"elementor-widget-wrap\">\n\t\t\t\t\t\t\t<\/div>\n\t\t<\/div>\n\t\t\t\t<div class=\"elementor-column elementor-col-33 elementor-inner-column elementor-element elementor-element-311ad75\" data-id=\"311ad75\" data-element_type=\"column\" data-e-type=\"column\">\n\t\t\t<div class=\"elementor-widget-wrap elementor-element-populated\">\n\t\t\t\t\t\t<div class=\"elementor-element elementor-element-5efce90 e-transform e-transform elementor-widget elementor-widget-image\" data-id=\"5efce90\" data-element_type=\"widget\" data-e-type=\"widget\" data-settings=\"{&quot;_transform_rotateZ_effect_hover&quot;:{&quot;unit&quot;:&quot;px&quot;,&quot;size&quot;:-26,&quot;sizes&quot;:[]},&quot;_transform_rotateZ_effect&quot;:{&quot;unit&quot;:&quot;px&quot;,&quot;size&quot;:&quot;&quot;,&quot;sizes&quot;:[]},&quot;_transform_rotateZ_effect_tablet&quot;:{&quot;unit&quot;:&quot;deg&quot;,&quot;size&quot;:&quot;&quot;,&quot;sizes&quot;:[]},&quot;_transform_rotateZ_effect_mobile&quot;:{&quot;unit&quot;:&quot;deg&quot;,&quot;size&quot;:&quot;&quot;,&quot;sizes&quot;:[]},&quot;_transform_rotateZ_effect_hover_tablet&quot;:{&quot;unit&quot;:&quot;deg&quot;,&quot;size&quot;:&quot;&quot;,&quot;sizes&quot;:[]},&quot;_transform_rotateZ_effect_hover_mobile&quot;:{&quot;unit&quot;:&quot;deg&quot;,&quot;size&quot;:&quot;&quot;,&quot;sizes&quot;:[]}}\" data-widget_type=\"image.default\">\n\t\t\t\t<div class=\"elementor-widget-container\">\n\t\t\t\t\t\t\t\t\t\t\t\t\t\t\t<img fetchpriority=\"high\" decoding=\"async\" width=\"800\" height=\"800\" src=\"https:\/\/swigift.ch\/wp-content\/uploads\/2023\/11\/smiley_1_bleu@2x.png\" class=\"attachment-large size-large wp-image-29677\" alt=\"\" srcset=\"https:\/\/swigift.ch\/wp-content\/uploads\/2023\/11\/smiley_1_bleu@2x.png 898w, https:\/\/swigift.ch\/wp-content\/uploads\/2023\/11\/smiley_1_bleu@2x-400x400.png 400w, https:\/\/swigift.ch\/wp-content\/uploads\/2023\/11\/smiley_1_bleu@2x-100x100.png 100w, https:\/\/swigift.ch\/wp-content\/uploads\/2023\/11\/smiley_1_bleu@2x-800x800.png 800w, https:\/\/swigift.ch\/wp-content\/uploads\/2023\/11\/smiley_1_bleu@2x-300x300.png 300w, https:\/\/swigift.ch\/wp-content\/uploads\/2023\/11\/smiley_1_bleu@2x-150x150.png 150w, https:\/\/swigift.ch\/wp-content\/uploads\/2023\/11\/smiley_1_bleu@2x-768x768.png 768w, https:\/\/swigift.ch\/wp-content\/uploads\/2023\/11\/smiley_1_bleu@2x-600x600.png 600w\" sizes=\"(max-width: 800px) 100vw, 800px\" \/>\t\t\t\t\t\t\t\t\t\t\t\t\t\t\t<\/div>\n\t\t\t\t<\/div>\n\t\t\t\t\t<\/div>\n\t\t<\/div>\n\t\t\t\t<div class=\"elementor-column elementor-col-33 elementor-inner-column elementor-element elementor-element-2fceb68\" data-id=\"2fceb68\" data-element_type=\"column\" data-e-type=\"column\">\n\t\t\t<div class=\"elementor-widget-wrap\">\n\t\t\t\t\t\t\t<\/div>\n\t\t<\/div>\n\t\t\t\t\t<\/div>\n\t\t<\/section>\n\t\t\t\t<div class=\"elementor-element elementor-element-41c1dec elementor-widget elementor-widget-spacer\" data-id=\"41c1dec\" data-element_type=\"widget\" data-e-type=\"widget\" data-widget_type=\"spacer.default\">\n\t\t\t\t<div class=\"elementor-widget-container\">\n\t\t\t\t\t\t\t<div class=\"elementor-spacer\">\n\t\t\t<div class=\"elementor-spacer-inner\"><\/div>\n\t\t<\/div>\n\t\t\t\t\t\t<\/div>\n\t\t\t\t<\/div>\n\t\t\t\t<div class=\"elementor-element elementor-element-4f79f97 elementor-widget elementor-widget-text-editor\" data-id=\"4f79f97\" data-element_type=\"widget\" data-e-type=\"widget\" data-widget_type=\"text-editor.default\">\n\t\t\t\t<div class=\"elementor-widget-container\">\n\t\t\t\t\t\t\t\t\t<p>(You can unsubscribe at any time) <\/p>\n\t\t\t\t\t\t\t\t<\/div>\n\t\t\t\t<\/div>\n\t\t\t\t<div class=\"elementor-element elementor-element-38657c72 elementor-widget__width-inherit elementor-widget elementor-widget-text-editor\" data-id=\"38657c72\" data-element_type=\"widget\" data-e-type=\"widget\" data-widget_type=\"text-editor.default\">\n\t\t\t\t<div class=\"elementor-widget-container\">\n\t\t\t\t\t\t\t\t\t\n<div class=\"tnp tnp-subscription \">\n<form method=\"post\" action=\"https:\/\/swigift.ch\/wp-admin\/admin-ajax.php?action=tnp&amp;na=s\">\n<input type=\"hidden\" name=\"nlang\" value=\"en\">\n<div class=\"tnp-field tnp-field-email\"><label for=\"tnp-1\">Email<\/label>\n<input class=\"tnp-email\" type=\"email\" name=\"ne\" id=\"tnp-1\" value=\"\" placeholder=\"\" required><\/div>\n<div class=\"tnp-field tnp-privacy-field\"><label><input type=\"checkbox\" name=\"ny\" required class=\"tnp-privacy\"> <a target=\"_blank\" href=\"https:\/\/swigift.ch\/privacy-policy\/\"> I accept the privacy policy<\/a><\/label><\/div><div class=\"tnp-field tnp-field-button\" style=\"text-align: left\"><input class=\"tnp-submit\" type=\"submit\" value=\"Subscribe\" style=\"\">\n<\/div>\n<\/form>\n<\/div>\n\n\t\t\t\t\t\t\t\t<\/div>\n\t\t\t\t<\/div>\n\t\t\t\t<div class=\"elementor-element elementor-element-d6b92f5 elementor-widget elementor-widget-heading\" data-id=\"d6b92f5\" data-element_type=\"widget\" data-e-type=\"widget\" data-widget_type=\"heading.default\">\n\t\t\t\t<div class=\"elementor-widget-container\">\n\t\t\t\t\t<h3 class=\"elementor-heading-title elementor-size-default\">Be informed of new gift vouchers, interesting articles and what's more, it's easy to unsubscribe \ud83d\ude09<\/h3>\t\t\t\t<\/div>\n\t\t\t\t<\/div>\n\t\t\t\t\t<\/div>\n\t\t<\/div>\n\t\t\t\t\t<\/div>\n\t\t<\/section>\n\t\t\t\t<section class=\"elementor-section elementor-top-section elementor-element elementor-element-ebf3f72 elementor-section-boxed elementor-section-height-default elementor-section-height-default\" data-id=\"ebf3f72\" data-element_type=\"section\" data-e-type=\"section\">\n\t\t\t\t\t\t<div class=\"elementor-container elementor-column-gap-default\">\n\t\t\t\t\t<div class=\"elementor-column elementor-col-100 elementor-top-column elementor-element elementor-element-c835abf\" data-id=\"c835abf\" data-element_type=\"column\" data-e-type=\"column\">\n\t\t\t<div class=\"elementor-widget-wrap elementor-element-populated\">\n\t\t\t\t\t\t<div class=\"elementor-element elementor-element-1b1bc8d elementor-widget elementor-widget-spacer\" data-id=\"1b1bc8d\" data-element_type=\"widget\" data-e-type=\"widget\" data-widget_type=\"spacer.default\">\n\t\t\t\t<div class=\"elementor-widget-container\">\n\t\t\t\t\t\t\t<div class=\"elementor-spacer\">\n\t\t\t<div class=\"elementor-spacer-inner\"><\/div>\n\t\t<\/div>\n\t\t\t\t\t\t<\/div>\n\t\t\t\t<\/div>\n\t\t\t\t\t<\/div>\n\t\t<\/div>\n\t\t\t\t\t<\/div>\n\t\t<\/section>\n\t\t\t\t<section class=\"elementor-section elementor-top-section elementor-element elementor-element-b5157e6 elementor-section-boxed elementor-section-height-default elementor-section-height-default\" data-id=\"b5157e6\" data-element_type=\"section\" data-e-type=\"section\">\n\t\t\t\t\t\t<div class=\"elementor-container elementor-column-gap-default\">\n\t\t\t\t\t<div class=\"elementor-column elementor-col-100 elementor-top-column elementor-element elementor-element-9b0fb5d\" data-id=\"9b0fb5d\" data-element_type=\"column\" data-e-type=\"column\">\n\t\t\t<div class=\"elementor-widget-wrap\">\n\t\t\t\t\t\t\t<\/div>\n\t\t<\/div>\n\t\t\t\t\t<\/div>\n\t\t<\/section>\n\t\t\t\t<section class=\"elementor-section elementor-top-section elementor-element elementor-element-cd9b2f0 elementor-section-boxed elementor-section-height-default elementor-section-height-default\" data-id=\"cd9b2f0\" data-element_type=\"section\" data-e-type=\"section\">\n\t\t\t\t\t\t<div class=\"elementor-container elementor-column-gap-default\">\n\t\t\t\t\t<div class=\"elementor-column elementor-col-100 elementor-top-column elementor-element elementor-element-14802b8\" data-id=\"14802b8\" data-element_type=\"column\" data-e-type=\"column\">\n\t\t\t<div class=\"elementor-widget-wrap\">\n\t\t\t\t\t\t\t<\/div>\n\t\t<\/div>\n\t\t\t\t\t<\/div>\n\t\t<\/section>\n\t\t\t\t<section class=\"elementor-section elementor-top-section elementor-element elementor-element-83b0ed9 elementor-section-full_width elementor-section-height-default elementor-section-height-default\" data-id=\"83b0ed9\" data-element_type=\"section\" data-e-type=\"section\" data-settings=\"{&quot;background_background&quot;:&quot;classic&quot;}\">\n\t\t\t\t\t\t<div class=\"elementor-container elementor-column-gap-default\">\n\t\t\t\t\t<div class=\"elementor-column elementor-col-33 elementor-top-column elementor-element elementor-element-8d1f3c3\" data-id=\"8d1f3c3\" data-element_type=\"column\" data-e-type=\"column\">\n\t\t\t<div class=\"elementor-widget-wrap\">\n\t\t\t\t\t\t\t<\/div>\n\t\t<\/div>\n\t\t\t\t<div class=\"elementor-column elementor-col-33 elementor-top-column elementor-element elementor-element-b976af6\" data-id=\"b976af6\" data-element_type=\"column\" data-e-type=\"column\">\n\t\t\t<div class=\"elementor-widget-wrap elementor-element-populated\">\n\t\t\t\t\t\t<section class=\"elementor-section elementor-inner-section elementor-element elementor-element-fbbf1f9 elementor-section-boxed elementor-section-height-default elementor-section-height-default\" data-id=\"fbbf1f9\" data-element_type=\"section\" data-e-type=\"section\">\n\t\t\t\t\t\t<div class=\"elementor-container elementor-column-gap-default\">\n\t\t\t\t\t<div class=\"elementor-column elementor-col-50 elementor-inner-column elementor-element elementor-element-9f1477b\" data-id=\"9f1477b\" data-element_type=\"column\" data-e-type=\"column\">\n\t\t\t<div class=\"elementor-widget-wrap\">\n\t\t\t\t\t\t\t<\/div>\n\t\t<\/div>\n\t\t\t\t<div class=\"elementor-column elementor-col-50 elementor-inner-column elementor-element elementor-element-9816b1f\" data-id=\"9816b1f\" data-element_type=\"column\" data-e-type=\"column\">\n\t\t\t<div class=\"elementor-widget-wrap elementor-element-populated\">\n\t\t\t\t\t\t<div class=\"elementor-element elementor-element-81ed670 e-transform e-transform elementor-widget elementor-widget-image\" data-id=\"81ed670\" data-element_type=\"widget\" data-e-type=\"widget\" data-settings=\"{&quot;_transform_rotateZ_effect_hover&quot;:{&quot;unit&quot;:&quot;px&quot;,&quot;size&quot;:26,&quot;sizes&quot;:[]},&quot;_transform_rotateZ_effect&quot;:{&quot;unit&quot;:&quot;px&quot;,&quot;size&quot;:&quot;&quot;,&quot;sizes&quot;:[]},&quot;_transform_rotateZ_effect_tablet&quot;:{&quot;unit&quot;:&quot;deg&quot;,&quot;size&quot;:&quot;&quot;,&quot;sizes&quot;:[]},&quot;_transform_rotateZ_effect_mobile&quot;:{&quot;unit&quot;:&quot;deg&quot;,&quot;size&quot;:&quot;&quot;,&quot;sizes&quot;:[]},&quot;_transform_rotateZ_effect_hover_tablet&quot;:{&quot;unit&quot;:&quot;deg&quot;,&quot;size&quot;:&quot;&quot;,&quot;sizes&quot;:[]},&quot;_transform_rotateZ_effect_hover_mobile&quot;:{&quot;unit&quot;:&quot;deg&quot;,&quot;size&quot;:&quot;&quot;,&quot;sizes&quot;:[]}}\" data-widget_type=\"image.default\">\n\t\t\t\t<div class=\"elementor-widget-container\">\n\t\t\t\t\t\t\t\t\t\t\t\t\t\t\t<img decoding=\"async\" width=\"800\" height=\"800\" src=\"https:\/\/swigift.ch\/wp-content\/uploads\/2023\/12\/swigift-cadeaudeloin.png\" class=\"attachment-large size-large wp-image-29697\" alt=\"Id\u00e9e cadeau suisse original personnalis\u00e9-Swigift\" srcset=\"https:\/\/swigift.ch\/wp-content\/uploads\/2023\/12\/swigift-cadeaudeloin.png 963w, https:\/\/swigift.ch\/wp-content\/uploads\/2023\/12\/swigift-cadeaudeloin-400x400.png 400w, https:\/\/swigift.ch\/wp-content\/uploads\/2023\/12\/swigift-cadeaudeloin-100x100.png 100w, https:\/\/swigift.ch\/wp-content\/uploads\/2023\/12\/swigift-cadeaudeloin-800x800.png 800w, https:\/\/swigift.ch\/wp-content\/uploads\/2023\/12\/swigift-cadeaudeloin-300x300.png 300w, https:\/\/swigift.ch\/wp-content\/uploads\/2023\/12\/swigift-cadeaudeloin-150x150.png 150w, https:\/\/swigift.ch\/wp-content\/uploads\/2023\/12\/swigift-cadeaudeloin-768x768.png 768w, https:\/\/swigift.ch\/wp-content\/uploads\/2023\/12\/swigift-cadeaudeloin-600x600.png 600w\" sizes=\"(max-width: 800px) 100vw, 800px\" \/>\t\t\t\t\t\t\t\t\t\t\t\t\t\t\t<\/div>\n\t\t\t\t<\/div>\n\t\t\t\t\t<\/div>\n\t\t<\/div>\n\t\t\t\t\t<\/div>\n\t\t<\/section>\n\t\t\t\t<div class=\"elementor-element elementor-element-56ee30f elementor-widget elementor-widget-heading\" data-id=\"56ee30f\" data-element_type=\"widget\" data-e-type=\"widget\" data-widget_type=\"heading.default\">\n\t\t\t\t<div class=\"elementor-widget-container\">\n\t\t\t\t\t<h4 class=\"elementor-heading-title elementor-size-default\">Discover many Swiss gift ideas,\npersonalized greeting cards and much more\nwith Swigift!<\/h4>\t\t\t\t<\/div>\n\t\t\t\t<\/div>\n\t\t\t\t<div class=\"elementor-element elementor-element-4e94b21 elementor-widget elementor-widget-heading\" data-id=\"4e94b21\" data-element_type=\"widget\" data-e-type=\"widget\" data-widget_type=\"heading.default\">\n\t\t\t\t<div class=\"elementor-widget-container\">\n\t\t\t\t\t<h4 class=\"elementor-heading-title elementor-size-default\">So what are you waiting for? \ud83d\ude0a<\/h4>\t\t\t\t<\/div>\n\t\t\t\t<\/div>\n\t\t\t\t<div class=\"elementor-element elementor-element-6b2e01d elementor-align-center elementor-widget elementor-widget-button\" data-id=\"6b2e01d\" data-element_type=\"widget\" data-e-type=\"widget\" data-widget_type=\"button.default\">\n\t\t\t\t<div class=\"elementor-widget-container\">\n\t\t\t\t\t\t\t\t\t<div class=\"elementor-button-wrapper\">\n\t\t\t\t\t<a class=\"elementor-button elementor-button-link elementor-size-sm elementor-animation-bob\" href=\"https:\/\/swigift.ch\/en\/the-concept-of-personalized-gifts-and-vouchers-swigift\/\">\n\t\t\t\t\t\t<span class=\"elementor-button-content-wrapper\">\n\t\t\t\t\t\t\t\t\t<span class=\"elementor-button-text\">Swigift concept<\/span>\n\t\t\t\t\t<\/span>\n\t\t\t\t\t<\/a>\n\t\t\t\t<\/div>\n\t\t\t\t\t\t\t\t<\/div>\n\t\t\t\t<\/div>\n\t\t\t\t\t<\/div>\n\t\t<\/div>\n\t\t\t\t<div class=\"elementor-column elementor-col-33 elementor-top-column elementor-element elementor-element-ffe6bb8\" data-id=\"ffe6bb8\" data-element_type=\"column\" data-e-type=\"column\">\n\t\t\t<div class=\"elementor-widget-wrap\">\n\t\t\t\t\t\t\t<\/div>\n\t\t<\/div>\n\t\t\t\t\t<\/div>\n\t\t<\/section>\n\t\t\t\t<\/div>\n\t\t","protected":false},"excerpt":{"rendered":"<p>Want to stay informedSwigift news? (You can unsubscribe at any time) Be informed of new gift vouchers, interesting articles and what&#8217;s more, it&#8217;s easy to unsubscribe \ud83d\ude09 Discover many Swiss gift ideas, personalized greeting cards and much more with Swigift! So what are you waiting for? \ud83d\ude0a Swigift concept<\/p>\n","protected":false},"author":2,"featured_media":0,"parent":0,"menu_order":0,"comment_status":"closed","ping_status":"closed","template":"","meta":{"footnotes":""},"class_list":["post-34965","page","type-page","status-publish","hentry"],"yoast_head":"<!-- This site is optimized with the Yoast SEO plugin v27.4 - https:\/\/yoast.com\/product\/yoast-seo-wordpress\/ -->\n<title>Newsletter form - Swigift Boites cadeaux - bon cadeau et carte cadeau personnalis\u00e9e - livraison rapide Suisse<\/title>\n<meta name=\"description\" content=\"Boites cadeaux livr\u00e9es rapidement en Suisse, contenant un bon cadeau de votre choix, une carte de voeux personnalis\u00e9e et enveloppe \u00e0 choix !\" \/>\n<meta name=\"robots\" content=\"noindex, nofollow\" \/>\n<meta property=\"og:locale\" content=\"en_US\" \/>\n<meta property=\"og:type\" content=\"article\" \/>\n<meta property=\"og:title\" content=\"Newsletter form - Swigift Boites cadeaux - bon cadeau et carte cadeau personnalis\u00e9e - livraison rapide Suisse\" \/>\n<meta property=\"og:description\" content=\"Boites cadeaux livr\u00e9es rapidement en Suisse, contenant un bon cadeau de votre choix, une carte de voeux personnalis\u00e9e et enveloppe \u00e0 choix !\" \/>\n<meta property=\"og:url\" content=\"https:\/\/swigift.ch\/en\/newsletter-form\/\" \/>\n<meta property=\"og:site_name\" content=\"Swigift\" \/>\n<meta property=\"article:publisher\" content=\"https:\/\/www.facebook.com\/people\/Swigift\/61558610159800\/\" \/>\n<meta property=\"article:modified_time\" content=\"2025-04-01T11:58:03+00:00\" \/>\n<meta property=\"og:image\" content=\"https:\/\/swigift.ch\/wp-content\/uploads\/2023\/11\/smiley_1_bleu@2x.png\" \/>\n<meta name=\"twitter:card\" content=\"summary_large_image\" \/>\n<meta name=\"twitter:label1\" content=\"Est. reading time\" \/>\n\t<meta name=\"twitter:data1\" content=\"1 minute\" \/>\n<script type=\"application\/ld+json\" class=\"yoast-schema-graph\">{\"@context\":\"https:\\\/\\\/schema.org\",\"@graph\":[{\"@type\":\"WebPage\",\"@id\":\"https:\\\/\\\/swigift.ch\\\/en\\\/newsletter-form\\\/\",\"url\":\"https:\\\/\\\/swigift.ch\\\/en\\\/newsletter-form\\\/\",\"name\":\"Newsletter form - Swigift Boites cadeaux - bon cadeau et carte cadeau personnalis\u00e9e - livraison rapide Suisse\",\"isPartOf\":{\"@id\":\"https:\\\/\\\/swigift.ch\\\/en\\\/#website\"},\"primaryImageOfPage\":{\"@id\":\"https:\\\/\\\/swigift.ch\\\/en\\\/newsletter-form\\\/#primaryimage\"},\"image\":{\"@id\":\"https:\\\/\\\/swigift.ch\\\/en\\\/newsletter-form\\\/#primaryimage\"},\"thumbnailUrl\":\"https:\\\/\\\/swigift.ch\\\/wp-content\\\/uploads\\\/2023\\\/11\\\/smiley_1_bleu@2x.png\",\"datePublished\":\"2025-03-18T14:27:35+00:00\",\"dateModified\":\"2025-04-01T11:58:03+00:00\",\"description\":\"Boites cadeaux livr\u00e9es rapidement en Suisse, contenant un bon cadeau de votre choix, une carte de voeux personnalis\u00e9e et enveloppe \u00e0 choix !\",\"breadcrumb\":{\"@id\":\"https:\\\/\\\/swigift.ch\\\/en\\\/newsletter-form\\\/#breadcrumb\"},\"inLanguage\":\"en-US\",\"potentialAction\":[{\"@type\":\"ReadAction\",\"target\":[\"https:\\\/\\\/swigift.ch\\\/en\\\/newsletter-form\\\/\"]}]},{\"@type\":\"ImageObject\",\"inLanguage\":\"en-US\",\"@id\":\"https:\\\/\\\/swigift.ch\\\/en\\\/newsletter-form\\\/#primaryimage\",\"url\":\"https:\\\/\\\/swigift.ch\\\/wp-content\\\/uploads\\\/2023\\\/11\\\/smiley_1_bleu@2x.png\",\"contentUrl\":\"https:\\\/\\\/swigift.ch\\\/wp-content\\\/uploads\\\/2023\\\/11\\\/smiley_1_bleu@2x.png\"},{\"@type\":\"BreadcrumbList\",\"@id\":\"https:\\\/\\\/swigift.ch\\\/en\\\/newsletter-form\\\/#breadcrumb\",\"itemListElement\":[{\"@type\":\"ListItem\",\"position\":1,\"name\":\"Accueil\",\"item\":\"https:\\\/\\\/swigift.ch\\\/en\\\/\"},{\"@type\":\"ListItem\",\"position\":2,\"name\":\"Newsletter form\"}]},{\"@type\":\"WebSite\",\"@id\":\"https:\\\/\\\/swigift.ch\\\/en\\\/#website\",\"url\":\"https:\\\/\\\/swigift.ch\\\/en\\\/\",\"name\":\"Swigift\",\"description\":\"personalized remote gifts\",\"publisher\":{\"@id\":\"https:\\\/\\\/swigift.ch\\\/en\\\/#organization\"},\"potentialAction\":[{\"@type\":\"SearchAction\",\"target\":{\"@type\":\"EntryPoint\",\"urlTemplate\":\"https:\\\/\\\/swigift.ch\\\/en\\\/?s={search_term_string}\"},\"query-input\":{\"@type\":\"PropertyValueSpecification\",\"valueRequired\":true,\"valueName\":\"search_term_string\"}}],\"inLanguage\":\"en-US\"},{\"@type\":\"Organization\",\"@id\":\"https:\\\/\\\/swigift.ch\\\/en\\\/#organization\",\"name\":\"Id\u00e9e cadeau originale suisse, une boite contenant un bon cadeau local, une carte de voeux personnalis\u00e9e et plus encore\",\"alternateName\":\"Boites cadeaux personnalis\u00e9es avec bon cadeau commerces Suisse et carte de voeux personnalis\u00e9e, livraison rapide en Suisse.\",\"url\":\"https:\\\/\\\/swigift.ch\\\/en\\\/\",\"logo\":{\"@type\":\"ImageObject\",\"inLanguage\":\"en-US\",\"@id\":\"https:\\\/\\\/swigift.ch\\\/en\\\/#\\\/schema\\\/logo\\\/image\\\/\",\"url\":\"https:\\\/\\\/swigift.ch\\\/wp-content\\\/uploads\\\/2024\\\/02\\\/swigift-logo-carte.png\",\"contentUrl\":\"https:\\\/\\\/swigift.ch\\\/wp-content\\\/uploads\\\/2024\\\/02\\\/swigift-logo-carte.png\",\"width\":300,\"height\":412,\"caption\":\"Id\u00e9e cadeau originale suisse, une boite contenant un bon cadeau local, une carte de voeux personnalis\u00e9e et plus encore\"},\"image\":{\"@id\":\"https:\\\/\\\/swigift.ch\\\/en\\\/#\\\/schema\\\/logo\\\/image\\\/\"},\"sameAs\":[\"https:\\\/\\\/www.facebook.com\\\/people\\\/Swigift\\\/61558610159800\\\/\",\"https:\\\/\\\/www.instagram.com\\\/swigift.ch\\\/\",\"https:\\\/\\\/www.linkedin.com\\\/company\\\/swigift\\\/\"]}]}<\/script>\n<!-- \/ Yoast SEO plugin. -->","yoast_head_json":{"title":"Newsletter form - Swigift Boites cadeaux - bon cadeau et carte cadeau personnalis\u00e9e - livraison rapide Suisse","description":"Boites cadeaux livr\u00e9es rapidement en Suisse, contenant un bon cadeau de votre choix, une carte de voeux personnalis\u00e9e et enveloppe \u00e0 choix !","robots":{"index":"noindex","follow":"nofollow"},"og_locale":"en_US","og_type":"article","og_title":"Newsletter form - Swigift Boites cadeaux - bon cadeau et carte cadeau personnalis\u00e9e - livraison rapide Suisse","og_description":"Boites cadeaux livr\u00e9es rapidement en Suisse, contenant un bon cadeau de votre choix, une carte de voeux personnalis\u00e9e et enveloppe \u00e0 choix !","og_url":"https:\/\/swigift.ch\/en\/newsletter-form\/","og_site_name":"Swigift","article_publisher":"https:\/\/www.facebook.com\/people\/Swigift\/61558610159800\/","article_modified_time":"2025-04-01T11:58:03+00:00","og_image":[{"url":"https:\/\/swigift.ch\/wp-content\/uploads\/2023\/11\/smiley_1_bleu@2x.png","type":"","width":"","height":""}],"twitter_card":"summary_large_image","twitter_misc":{"Est. reading time":"1 minute"},"schema":{"@context":"https:\/\/schema.org","@graph":[{"@type":"WebPage","@id":"https:\/\/swigift.ch\/en\/newsletter-form\/","url":"https:\/\/swigift.ch\/en\/newsletter-form\/","name":"Newsletter form - Swigift Boites cadeaux - bon cadeau et carte cadeau personnalis\u00e9e - livraison rapide Suisse","isPartOf":{"@id":"https:\/\/swigift.ch\/en\/#website"},"primaryImageOfPage":{"@id":"https:\/\/swigift.ch\/en\/newsletter-form\/#primaryimage"},"image":{"@id":"https:\/\/swigift.ch\/en\/newsletter-form\/#primaryimage"},"thumbnailUrl":"https:\/\/swigift.ch\/wp-content\/uploads\/2023\/11\/smiley_1_bleu@2x.png","datePublished":"2025-03-18T14:27:35+00:00","dateModified":"2025-04-01T11:58:03+00:00","description":"Boites cadeaux livr\u00e9es rapidement en Suisse, contenant un bon cadeau de votre choix, une carte de voeux personnalis\u00e9e et enveloppe \u00e0 choix !","breadcrumb":{"@id":"https:\/\/swigift.ch\/en\/newsletter-form\/#breadcrumb"},"inLanguage":"en-US","potentialAction":[{"@type":"ReadAction","target":["https:\/\/swigift.ch\/en\/newsletter-form\/"]}]},{"@type":"ImageObject","inLanguage":"en-US","@id":"https:\/\/swigift.ch\/en\/newsletter-form\/#primaryimage","url":"https:\/\/swigift.ch\/wp-content\/uploads\/2023\/11\/smiley_1_bleu@2x.png","contentUrl":"https:\/\/swigift.ch\/wp-content\/uploads\/2023\/11\/smiley_1_bleu@2x.png"},{"@type":"BreadcrumbList","@id":"https:\/\/swigift.ch\/en\/newsletter-form\/#breadcrumb","itemListElement":[{"@type":"ListItem","position":1,"name":"Accueil","item":"https:\/\/swigift.ch\/en\/"},{"@type":"ListItem","position":2,"name":"Newsletter form"}]},{"@type":"WebSite","@id":"https:\/\/swigift.ch\/en\/#website","url":"https:\/\/swigift.ch\/en\/","name":"Swigift","description":"personalized remote gifts","publisher":{"@id":"https:\/\/swigift.ch\/en\/#organization"},"potentialAction":[{"@type":"SearchAction","target":{"@type":"EntryPoint","urlTemplate":"https:\/\/swigift.ch\/en\/?s={search_term_string}"},"query-input":{"@type":"PropertyValueSpecification","valueRequired":true,"valueName":"search_term_string"}}],"inLanguage":"en-US"},{"@type":"Organization","@id":"https:\/\/swigift.ch\/en\/#organization","name":"Id\u00e9e cadeau originale suisse, une boite contenant un bon cadeau local, une carte de voeux personnalis\u00e9e et plus encore","alternateName":"Boites cadeaux personnalis\u00e9es avec bon cadeau commerces Suisse et carte de voeux personnalis\u00e9e, livraison rapide en Suisse.","url":"https:\/\/swigift.ch\/en\/","logo":{"@type":"ImageObject","inLanguage":"en-US","@id":"https:\/\/swigift.ch\/en\/#\/schema\/logo\/image\/","url":"https:\/\/swigift.ch\/wp-content\/uploads\/2024\/02\/swigift-logo-carte.png","contentUrl":"https:\/\/swigift.ch\/wp-content\/uploads\/2024\/02\/swigift-logo-carte.png","width":300,"height":412,"caption":"Id\u00e9e cadeau originale suisse, une boite contenant un bon cadeau local, une carte de voeux personnalis\u00e9e et plus encore"},"image":{"@id":"https:\/\/swigift.ch\/en\/#\/schema\/logo\/image\/"},"sameAs":["https:\/\/www.facebook.com\/people\/Swigift\/61558610159800\/","https:\/\/www.instagram.com\/swigift.ch\/","https:\/\/www.linkedin.com\/company\/swigift\/"]}]}},"_links":{"self":[{"href":"https:\/\/swigift.ch\/en\/wp-json\/wp\/v2\/pages\/34965","targetHints":{"allow":["GET"]}}],"collection":[{"href":"https:\/\/swigift.ch\/en\/wp-json\/wp\/v2\/pages"}],"about":[{"href":"https:\/\/swigift.ch\/en\/wp-json\/wp\/v2\/types\/page"}],"author":[{"embeddable":true,"href":"https:\/\/swigift.ch\/en\/wp-json\/wp\/v2\/users\/2"}],"replies":[{"embeddable":true,"href":"https:\/\/swigift.ch\/en\/wp-json\/wp\/v2\/comments?post=34965"}],"version-history":[{"count":0,"href":"https:\/\/swigift.ch\/en\/wp-json\/wp\/v2\/pages\/34965\/revisions"}],"wp:attachment":[{"href":"https:\/\/swigift.ch\/en\/wp-json\/wp\/v2\/media?parent=34965"}],"curies":[{"name":"wp","href":"https:\/\/api.w.org\/{rel}","templated":true}]}}