{"id":32989,"date":"2024-11-30T14:20:07","date_gmt":"2024-11-30T13:20:07","guid":{"rendered":"https:\/\/swigift.ch\/?post_type=product&#038;p=32989"},"modified":"2025-06-02T15:43:59","modified_gmt":"2025-06-02T13:43:59","slug":"virtual-reality-center-personalisierte-geschenkboxen","status":"publish","type":"product","link":"https:\/\/swigift.ch\/de\/Produkt\/virtual-reality-center-personalisierte-geschenkboxen\/","title":{"rendered":"INX Reality (Virtuelle Realit\u00e4t)"},"content":{"rendered":"<p><strong>Geschenkgutschein INX Reality (Zentrum f\u00fcr virtuelle Realit\u00e4t) (Kanton Jura und Bern)<\/strong><\/p>\n<p class=\"\">Sind Sie auf der Suche nach einem originellen Schweizer Geschenk, das ein einzigartiges Erlebnis erm\u00f6glicht?<\/p>\n<p class=\"\">INX Reality ist ein <strong>Virtual-Reality-Center<\/strong>, in dem die Zusammenarbeit im Team entscheidend ist, um R\u00e4tsel zu l\u00f6sen, Hinweise aufzusp\u00fcren und erfolgreich zu entkommen, bevor die Zeit abgelaufen ist.<\/p>\n<p class=\"\">Mit <strong>mehreren Szenarien<\/strong> zur Auswahl, die jeweils eine einzigartige Herausforderung bieten, versprechen VR Escape Games ein <strong>unvergessliches Erlebnis.<\/strong> Wenn Sie einen Nervenkitzel bieten wollen, sind VR-Gaming-Erlebnisse ideal!<\/p>\n<p class=\"\">Ob mit der Familie, mit Freunden oder mit Kollegen &#8211; INX Reality erm\u00f6glicht es, <strong>spannende Abenteuer<\/strong> in virtuellen Welten zu erleben.<\/p>\n<p>Eine perfekte Geschenkidee, um ein unvergessliches Erlebnis zu verschenken!<\/p>\n<ul>\n<li><strong>Mit einem Geschenkgutschein hat der Empf\u00e4nger die M\u00f6glichkeit, aus folgenden Angeboten zu w\u00e4hlen<\/strong>:\n<ul>\n<li><strong>Escape Game VR<\/strong> : Virtuelle Escapes, die f\u00fcr alle ab 10 Jahren geeignet sind. Mehr als 20 verschiedene VR-Escape Rooms. (z.B.: 45 CHF\/p Dauer max. 60min )<\/li>\n<li><strong>Gaming VR<\/strong> : Ein dynamischer, immersiver Multiplayer-Shooter, der alle Actionfans begeistern wird (z. B.: 45 CHF\/p Dauer 45min )<\/li>\n<\/ul>\n<\/li>\n<li><strong>Die Gutscheine k\u00f6nnen verwendet werden:<\/strong>\n<ul>\n<li>Vor Ort<\/li>\n<\/ul>\n<\/li>\n<li><strong>G\u00fcltigkeitsdauer<\/strong>:\n<ul>\n<li>1 Jahr<\/li>\n<\/ul>\n<\/li>\n<li><strong>Wichtig<\/strong>\n<ul>\n<li>Die Geschenkgutscheine sind in allen Filialen g\u00fcltig. (derzeit : Del\u00e9mont (JU) und Biel (BE))<\/li>\n<li>Geschenkgutscheine sind nicht mit anderen Rabatten kombinierbar.<\/li>\n<\/ul>\n<\/li>\n<\/ul>\n<p>&nbsp;<\/p>\n<p><a href=\"https:\/\/swigift.ch\/de\/kontakt\/\">Eine spezielle Anfrage? Kontaktieren Sie uns hier \ud83d\ude42 <\/a><\/p>\n<p>&nbsp;<\/p>\n<p>INX Reality Del\u00e9mont<br \/>\n<span class=\"wixui-rich-text__text\">Rue Saint-Georges 6<\/span><br \/>\n2800 Del\u00e9mont<\/p>\n<p>INX Reality Biel-Bienne<br \/>\n<span class=\"wixui-rich-text__text\">Rue de Morat 7a<\/span><br \/>\n2502 Biel-Bienne<\/p>\n<p>&nbsp;<\/p>\n<p><a href=\"https:\/\/www.inxreality.ch\/fr\/\" target=\"_blank\" rel=\"noopener\">Link zur Website<\/a><\/p>\n<p>&nbsp;<\/p>\n<h4><strong>Swigift, das pers\u00f6nliche, schnelle und massgeschneiderte Schweizer Geschenk<\/strong><\/h4>\n<p>Swigift bietet Ihnen eine Schweizer Geschenkbox an, die einen <strong>Wertgutschein Ihrer Wah<\/strong>l enth\u00e4lt, zum Beispiel von <strong>INX Reality (Zentrum f\u00fcr virtuelle Realit\u00e4t)<\/strong>, aber nicht nur!<\/p>\n<p>Sobald Sie den Schweizer Geschenkgutschein ausgew\u00e4hlt haben, w\u00e4hlen Sie eine <strong>Umschlagfarbe<\/strong> f\u00fcr die <strong>Grusskarte<\/strong> aus, die Sie im n\u00e4chsten Schritt erstellen.<\/p>\n<p>Geben Sie im Warenkorb das Lieferdatum und die Schweizer Versandadresse ein. <strong>Schnelle Lieferung innerhalb von 24 Stunden<\/strong>, wenn Sie von Montag bis Freitag vor 16.00 Uhr bestellen (unter bestimmten Bedingungen).<\/p>\n<p>Der Empf\u00e4nger erh\u00e4lt eine Versand-Geschenkbox mit vielen \u00dcberraschungen, sobald er sie \u00f6ffnet! Die Geschenke, die Sie ausgew\u00e4hlt und gestaltet haben, werden zusammen mit einem Holzst\u00e4nder f\u00fcr die Karte <strong>sorgf\u00e4ltig arrangiert<\/strong>.<\/p>\n<p>Der Beschenkte kann die <strong>Grusskarte<\/strong> vorzeigen und sich \u00fcber den von Ihnen gew\u00e4hlten <strong>tollen Schweizer Geschenkgutschein<\/strong> freuen.<\/p>\n<p>Swigift, das ideale Schweizer Geschenk f\u00fcr alle <strong>Gelegenheiten.<\/strong><\/p>\n<p>&nbsp;<\/p>\n<h4><strong>F\u00fcr welche Gelegenheiten<\/strong><\/h4>\n<p>Alle Anl\u00e4sse, ob Sie ein Geburtstagsgeschenk, ein Hochzeitsgeschenk, ein Geschenk zur Geburt, ein Geschenk zum Erfolg, ein Geschenk zur Pensionierung, ein Geschenk zum Jahresende oder einfach nur eine Freude machen wollen!<\/p>\n<p>Es spielt keine Rolle, ob Sie auf Reisen oder unterwegs sind, ob Sie als Schweizer Expatriate auf der Suche nach einer Schweizer Geschenkidee sind oder ob Sie einfach weit weg von einem geliebten Menschen sind,<strong> Swigift wird Ihre Bed\u00fcrfnisse erf\u00fcllen!<\/strong><\/p>\n<p>Modern und intuitiv zeichnet sich Swigift durch sein umfassendes, fantasievolles und emotionales Angebot aus, das unser Leben vereinfacht.<\/p>\n<p>&nbsp;<\/p>\n<p><a href=\"https:\/\/swigift.ch\/faq\/\">Ich w\u00fcrde gerne die FAQ-Seite konsultieren \ud83d\ude42<\/a><\/p>\n<p>&nbsp;<\/p>\n<p>Personalisierte Geschenkboxen Schweizer Geschenkgutschein INX Reality (Virtual Reality Center)<\/p>\n<p>Swigift personalisierte Schweizer Geschenkboxen, Geschenkidee f\u00fcr einen Schweizer.<\/p>\n<p>Swigift Originelles Schweizer Geschenk aus der Ferne verschickt<\/p>\n<p>Die AGB sind massgebend<\/p>\n","protected":false},"excerpt":{"rendered":"<p>Ein Geschenkgutschein, der es dem Empf\u00e4nger erm\u00f6glicht, spannende Abenteuer in virtuellen Welten zu erleben, ein einzigartiges Erlebnis.<\/p>\n","protected":false},"featured_media":33029,"comment_status":"open","ping_status":"closed","template":"","meta":[],"product_brand":[],"product_cat":[65,67,63,59],"product_tag":[],"class_list":{"0":"post-32989","1":"product","2":"type-product","3":"status-publish","4":"has-post-thumbnail","6":"product_cat-alle","7":"product_cat-sonstiges","8":"product_cat-sport-und-freizeit","9":"product_cat-unterhaltung","11":"first","12":"instock","13":"purchasable","14":"product-type-variable"},"yoast_head":"<!-- This site is optimized with the Yoast SEO plugin v27.4 - https:\/\/yoast.com\/product\/yoast-seo-wordpress\/ -->\n<title>Schweizer Geschenk Erfahrung - Swigift - INX Reality (Virtuelle Realit\u00e4t) %%page%<\/title>\n<meta name=\"description\" content=\"Die perfekte Geschenkbox aus der Schweiz: personalisiert mit Geschenkgutschein und Grusskarte, blitzschnell geliefert. Personalisierte Geschenkboxen\" \/>\n<meta name=\"robots\" content=\"index, follow, max-snippet:-1, max-image-preview:large, max-video-preview:-1\" \/>\n<link rel=\"canonical\" href=\"https:\/\/swigift.ch\/de\/Produkt\/virtual-reality-center-personalisierte-geschenkboxen\/\" \/>\n<meta property=\"og:locale\" content=\"de_DE\" \/>\n<meta property=\"og:type\" content=\"article\" \/>\n<meta property=\"og:title\" content=\"Schweizer Geschenk Erfahrung - Swigift - INX Reality (Virtuelle Realit\u00e4t) %%page%\" \/>\n<meta property=\"og:description\" content=\"Die perfekte Geschenkbox aus der Schweiz: personalisiert mit Geschenkgutschein und Grusskarte, blitzschnell geliefert. Personalisierte Geschenkboxen\" \/>\n<meta property=\"og:url\" content=\"https:\/\/swigift.ch\/de\/Produkt\/virtual-reality-center-personalisierte-geschenkboxen\/\" \/>\n<meta property=\"og:site_name\" content=\"Swigift\" \/>\n<meta property=\"article:publisher\" content=\"https:\/\/www.facebook.com\/people\/Swigift\/61558610159800\/\" \/>\n<meta property=\"article:modified_time\" content=\"2025-06-02T13:43:59+00:00\" \/>\n<meta property=\"og:image\" content=\"https:\/\/swigift.ch\/wp-content\/uploads\/2024\/06\/LG-4-300x300.png\" \/>\n<meta name=\"twitter:card\" content=\"summary_large_image\" \/>\n<meta name=\"twitter:label1\" content=\"Gesch\u00e4tzte Lesezeit\" \/>\n\t<meta name=\"twitter:data1\" content=\"3\u00a0Minuten\" \/>\n<script type=\"application\/ld+json\" class=\"yoast-schema-graph\">{\"@context\":\"https:\\\/\\\/schema.org\",\"@graph\":[{\"@type\":\"WebPage\",\"@id\":\"https:\\\/\\\/swigift.ch\\\/de\\\/Produkt\\\/virtual-reality-center-personalisierte-geschenkboxen\\\/\",\"url\":\"https:\\\/\\\/swigift.ch\\\/de\\\/Produkt\\\/virtual-reality-center-personalisierte-geschenkboxen\\\/\",\"name\":\"Schweizer Geschenk Erfahrung - Swigift - INX Reality (Virtuelle Realit\u00e4t) %%page%\",\"isPartOf\":{\"@id\":\"https:\\\/\\\/swigift.ch\\\/de\\\/#website\"},\"primaryImageOfPage\":{\"@id\":\"https:\\\/\\\/swigift.ch\\\/de\\\/Produkt\\\/virtual-reality-center-personalisierte-geschenkboxen\\\/#primaryimage\"},\"image\":{\"@id\":\"https:\\\/\\\/swigift.ch\\\/de\\\/Produkt\\\/virtual-reality-center-personalisierte-geschenkboxen\\\/#primaryimage\"},\"thumbnailUrl\":\"https:\\\/\\\/swigift.ch\\\/wp-content\\\/uploads\\\/2024\\\/11\\\/Bon-cadeau-realite-virtuelle-_-gift-swigift-gutschein.png\",\"datePublished\":\"2024-11-30T13:20:07+00:00\",\"dateModified\":\"2025-06-02T13:43:59+00:00\",\"description\":\"Die perfekte Geschenkbox aus der Schweiz: personalisiert mit Geschenkgutschein und Grusskarte, blitzschnell geliefert. Personalisierte Geschenkboxen\",\"breadcrumb\":{\"@id\":\"https:\\\/\\\/swigift.ch\\\/de\\\/Produkt\\\/virtual-reality-center-personalisierte-geschenkboxen\\\/#breadcrumb\"},\"inLanguage\":\"de\",\"potentialAction\":[{\"@type\":\"ReadAction\",\"target\":[\"https:\\\/\\\/swigift.ch\\\/de\\\/Produkt\\\/virtual-reality-center-personalisierte-geschenkboxen\\\/\"]}]},{\"@type\":\"ImageObject\",\"inLanguage\":\"de\",\"@id\":\"https:\\\/\\\/swigift.ch\\\/de\\\/Produkt\\\/virtual-reality-center-personalisierte-geschenkboxen\\\/#primaryimage\",\"url\":\"https:\\\/\\\/swigift.ch\\\/wp-content\\\/uploads\\\/2024\\\/11\\\/Bon-cadeau-realite-virtuelle-_-gift-swigift-gutschein.png\",\"contentUrl\":\"https:\\\/\\\/swigift.ch\\\/wp-content\\\/uploads\\\/2024\\\/11\\\/Bon-cadeau-realite-virtuelle-_-gift-swigift-gutschein.png\",\"width\":1500,\"height\":1500,\"caption\":\"Geschenkgutschein Virtual Reality _ gift swigift - gutschein - Schweizer Erlebnisgeschenk\"},{\"@type\":\"BreadcrumbList\",\"@id\":\"https:\\\/\\\/swigift.ch\\\/de\\\/Produkt\\\/virtual-reality-center-personalisierte-geschenkboxen\\\/#breadcrumb\",\"itemListElement\":[{\"@type\":\"ListItem\",\"position\":1,\"name\":\"Accueil\",\"item\":\"https:\\\/\\\/swigift.ch\\\/de\\\/\"},{\"@type\":\"ListItem\",\"position\":2,\"name\":\"Shop\",\"item\":\"https:\\\/\\\/swigift.ch\\\/de\\\/shop\\\/\"},{\"@type\":\"ListItem\",\"position\":3,\"name\":\"INX Reality (Virtuelle Realit\u00e4t)\"}]},{\"@type\":\"WebSite\",\"@id\":\"https:\\\/\\\/swigift.ch\\\/de\\\/#website\",\"url\":\"https:\\\/\\\/swigift.ch\\\/de\\\/\",\"name\":\"Swigift\",\"description\":\"personalisierte Geschenke aus der Ferne\",\"publisher\":{\"@id\":\"https:\\\/\\\/swigift.ch\\\/de\\\/#organization\"},\"potentialAction\":[{\"@type\":\"SearchAction\",\"target\":{\"@type\":\"EntryPoint\",\"urlTemplate\":\"https:\\\/\\\/swigift.ch\\\/de\\\/?s={search_term_string}\"},\"query-input\":{\"@type\":\"PropertyValueSpecification\",\"valueRequired\":true,\"valueName\":\"search_term_string\"}}],\"inLanguage\":\"de\"},{\"@type\":\"Organization\",\"@id\":\"https:\\\/\\\/swigift.ch\\\/de\\\/#organization\",\"name\":\"Id\u00e9e cadeau originale suisse, une boite contenant un bon cadeau local, une carte de voeux personnalis\u00e9e et plus encore\",\"alternateName\":\"Boites cadeaux personnalis\u00e9es avec bon cadeau commerces Suisse et carte de voeux personnalis\u00e9e, livraison rapide en Suisse.\",\"url\":\"https:\\\/\\\/swigift.ch\\\/de\\\/\",\"logo\":{\"@type\":\"ImageObject\",\"inLanguage\":\"de\",\"@id\":\"https:\\\/\\\/swigift.ch\\\/de\\\/#\\\/schema\\\/logo\\\/image\\\/\",\"url\":\"https:\\\/\\\/swigift.ch\\\/wp-content\\\/uploads\\\/2024\\\/02\\\/swigift-logo-carte.png\",\"contentUrl\":\"https:\\\/\\\/swigift.ch\\\/wp-content\\\/uploads\\\/2024\\\/02\\\/swigift-logo-carte.png\",\"width\":300,\"height\":412,\"caption\":\"Id\u00e9e cadeau originale suisse, une boite contenant un bon cadeau local, une carte de voeux personnalis\u00e9e et plus encore\"},\"image\":{\"@id\":\"https:\\\/\\\/swigift.ch\\\/de\\\/#\\\/schema\\\/logo\\\/image\\\/\"},\"sameAs\":[\"https:\\\/\\\/www.facebook.com\\\/people\\\/Swigift\\\/61558610159800\\\/\",\"https:\\\/\\\/www.instagram.com\\\/swigift.ch\\\/\",\"https:\\\/\\\/www.linkedin.com\\\/company\\\/swigift\\\/\"]}]}<\/script>\n<!-- \/ Yoast SEO plugin. -->","yoast_head_json":{"title":"Schweizer Geschenk Erfahrung - Swigift - INX Reality (Virtuelle Realit\u00e4t) %%page%","description":"Die perfekte Geschenkbox aus der Schweiz: personalisiert mit Geschenkgutschein und Grusskarte, blitzschnell geliefert. Personalisierte Geschenkboxen","robots":{"index":"index","follow":"follow","max-snippet":"max-snippet:-1","max-image-preview":"max-image-preview:large","max-video-preview":"max-video-preview:-1"},"canonical":"https:\/\/swigift.ch\/de\/Produkt\/virtual-reality-center-personalisierte-geschenkboxen\/","og_locale":"de_DE","og_type":"article","og_title":"Schweizer Geschenk Erfahrung - Swigift - INX Reality (Virtuelle Realit\u00e4t) %%page%","og_description":"Die perfekte Geschenkbox aus der Schweiz: personalisiert mit Geschenkgutschein und Grusskarte, blitzschnell geliefert. Personalisierte Geschenkboxen","og_url":"https:\/\/swigift.ch\/de\/Produkt\/virtual-reality-center-personalisierte-geschenkboxen\/","og_site_name":"Swigift","article_publisher":"https:\/\/www.facebook.com\/people\/Swigift\/61558610159800\/","article_modified_time":"2025-06-02T13:43:59+00:00","og_image":[{"url":"https:\/\/swigift.ch\/wp-content\/uploads\/2024\/06\/LG-4-300x300.png","type":"","width":"","height":""}],"twitter_card":"summary_large_image","twitter_misc":{"Gesch\u00e4tzte Lesezeit":"3\u00a0Minuten"},"schema":{"@context":"https:\/\/schema.org","@graph":[{"@type":"WebPage","@id":"https:\/\/swigift.ch\/de\/Produkt\/virtual-reality-center-personalisierte-geschenkboxen\/","url":"https:\/\/swigift.ch\/de\/Produkt\/virtual-reality-center-personalisierte-geschenkboxen\/","name":"Schweizer Geschenk Erfahrung - Swigift - INX Reality (Virtuelle Realit\u00e4t) %%page%","isPartOf":{"@id":"https:\/\/swigift.ch\/de\/#website"},"primaryImageOfPage":{"@id":"https:\/\/swigift.ch\/de\/Produkt\/virtual-reality-center-personalisierte-geschenkboxen\/#primaryimage"},"image":{"@id":"https:\/\/swigift.ch\/de\/Produkt\/virtual-reality-center-personalisierte-geschenkboxen\/#primaryimage"},"thumbnailUrl":"https:\/\/swigift.ch\/wp-content\/uploads\/2024\/11\/Bon-cadeau-realite-virtuelle-_-gift-swigift-gutschein.png","datePublished":"2024-11-30T13:20:07+00:00","dateModified":"2025-06-02T13:43:59+00:00","description":"Die perfekte Geschenkbox aus der Schweiz: personalisiert mit Geschenkgutschein und Grusskarte, blitzschnell geliefert. Personalisierte Geschenkboxen","breadcrumb":{"@id":"https:\/\/swigift.ch\/de\/Produkt\/virtual-reality-center-personalisierte-geschenkboxen\/#breadcrumb"},"inLanguage":"de","potentialAction":[{"@type":"ReadAction","target":["https:\/\/swigift.ch\/de\/Produkt\/virtual-reality-center-personalisierte-geschenkboxen\/"]}]},{"@type":"ImageObject","inLanguage":"de","@id":"https:\/\/swigift.ch\/de\/Produkt\/virtual-reality-center-personalisierte-geschenkboxen\/#primaryimage","url":"https:\/\/swigift.ch\/wp-content\/uploads\/2024\/11\/Bon-cadeau-realite-virtuelle-_-gift-swigift-gutschein.png","contentUrl":"https:\/\/swigift.ch\/wp-content\/uploads\/2024\/11\/Bon-cadeau-realite-virtuelle-_-gift-swigift-gutschein.png","width":1500,"height":1500,"caption":"Geschenkgutschein Virtual Reality _ gift swigift - gutschein - Schweizer Erlebnisgeschenk"},{"@type":"BreadcrumbList","@id":"https:\/\/swigift.ch\/de\/Produkt\/virtual-reality-center-personalisierte-geschenkboxen\/#breadcrumb","itemListElement":[{"@type":"ListItem","position":1,"name":"Accueil","item":"https:\/\/swigift.ch\/de\/"},{"@type":"ListItem","position":2,"name":"Shop","item":"https:\/\/swigift.ch\/de\/shop\/"},{"@type":"ListItem","position":3,"name":"INX Reality (Virtuelle Realit\u00e4t)"}]},{"@type":"WebSite","@id":"https:\/\/swigift.ch\/de\/#website","url":"https:\/\/swigift.ch\/de\/","name":"Swigift","description":"personalisierte Geschenke aus der Ferne","publisher":{"@id":"https:\/\/swigift.ch\/de\/#organization"},"potentialAction":[{"@type":"SearchAction","target":{"@type":"EntryPoint","urlTemplate":"https:\/\/swigift.ch\/de\/?s={search_term_string}"},"query-input":{"@type":"PropertyValueSpecification","valueRequired":true,"valueName":"search_term_string"}}],"inLanguage":"de"},{"@type":"Organization","@id":"https:\/\/swigift.ch\/de\/#organization","name":"Id\u00e9e cadeau originale suisse, une boite contenant un bon cadeau local, une carte de voeux personnalis\u00e9e et plus encore","alternateName":"Boites cadeaux personnalis\u00e9es avec bon cadeau commerces Suisse et carte de voeux personnalis\u00e9e, livraison rapide en Suisse.","url":"https:\/\/swigift.ch\/de\/","logo":{"@type":"ImageObject","inLanguage":"de","@id":"https:\/\/swigift.ch\/de\/#\/schema\/logo\/image\/","url":"https:\/\/swigift.ch\/wp-content\/uploads\/2024\/02\/swigift-logo-carte.png","contentUrl":"https:\/\/swigift.ch\/wp-content\/uploads\/2024\/02\/swigift-logo-carte.png","width":300,"height":412,"caption":"Id\u00e9e cadeau originale suisse, une boite contenant un bon cadeau local, une carte de voeux personnalis\u00e9e et plus encore"},"image":{"@id":"https:\/\/swigift.ch\/de\/#\/schema\/logo\/image\/"},"sameAs":["https:\/\/www.facebook.com\/people\/Swigift\/61558610159800\/","https:\/\/www.instagram.com\/swigift.ch\/","https:\/\/www.linkedin.com\/company\/swigift\/"]}]}},"_links":{"self":[{"href":"https:\/\/swigift.ch\/de\/wp-json\/wp\/v2\/product\/32989","targetHints":{"allow":["GET"]}}],"collection":[{"href":"https:\/\/swigift.ch\/de\/wp-json\/wp\/v2\/product"}],"about":[{"href":"https:\/\/swigift.ch\/de\/wp-json\/wp\/v2\/types\/product"}],"replies":[{"embeddable":true,"href":"https:\/\/swigift.ch\/de\/wp-json\/wp\/v2\/comments?post=32989"}],"version-history":[{"count":0,"href":"https:\/\/swigift.ch\/de\/wp-json\/wp\/v2\/product\/32989\/revisions"}],"wp:featuredmedia":[{"embeddable":true,"href":"https:\/\/swigift.ch\/de\/wp-json\/wp\/v2\/media\/33029"}],"wp:attachment":[{"href":"https:\/\/swigift.ch\/de\/wp-json\/wp\/v2\/media?parent=32989"}],"wp:term":[{"taxonomy":"product_brand","embeddable":true,"href":"https:\/\/swigift.ch\/de\/wp-json\/wp\/v2\/product_brand?post=32989"},{"taxonomy":"product_cat","embeddable":true,"href":"https:\/\/swigift.ch\/de\/wp-json\/wp\/v2\/product_cat?post=32989"},{"taxonomy":"product_tag","embeddable":true,"href":"https:\/\/swigift.ch\/de\/wp-json\/wp\/v2\/product_tag?post=32989"}],"curies":[{"name":"wp","href":"https:\/\/api.w.org\/{rel}","templated":true}]}}