{"id":32857,"date":"2024-11-21T12:55:38","date_gmt":"2024-11-21T11:55:38","guid":{"rendered":"https:\/\/swigift.ch\/?post_type=product&#038;p=32857"},"modified":"2025-06-02T15:43:53","modified_gmt":"2025-06-02T13:43:53","slug":"alleau-turquoise-schweizer-geschenk-lokal-wellness","status":"publish","type":"product","link":"https:\/\/swigift.ch\/de\/Produkt\/alleau-turquoise-schweizer-geschenk-lokal-wellness\/","title":{"rendered":"All&#8217;eau Turquoise Spa-Nacht(JU)"},"content":{"rendered":"<p><strong>Lokaler Schweizer Geschenkgutschein Wellness-Spa und \u00dcbernachtung, All\u2019eau Turquoise (Kanton Jura)<\/strong><\/p>\n<p><span class=\"OYPEnA font-feature-liga-off font-feature-clig-off font-feature-calt-off text-decoration-none text-strikethrough-none\">Sind Sie auf der Suche nach einem sch\u00f6nen lokalen Schweizer Geschenk, mit dem Sie ein Wellness-Spa entdecken k\u00f6nnen, das auch \u00dcbernachtungen anbietet?<\/span><\/p>\n<p>All\u2019eau Turquoise ist ein Paradies, in dem jedes Detail durchdacht wurde, um ein <strong>einzigartiges und revitalisierendes Erlebnis<\/strong> zu bieten.<\/p>\n<p>Verschenken Sie die Gelegenheit, einen<strong> wunderbaren Kurzurlaub<\/strong> zu erleben, in dem Wohlbefinden und Entspannung perfekt miteinander harmonieren. Dampfbad, Bio-Heisssteinsauna, Infrarotsauna, Kaltwasserbad, Jacuzzi, Fitness- und Ruheraum. W\u00e4hrend des Spas angeboten: Wasser, Tee und Schokolade<\/p>\n<p><span class=\"OYPEnA font-feature-liga-off font-feature-clig-off font-feature-calt-off text-decoration-none text-strikethrough-none\">All\u2019eau Turquoise verf\u00fcgt auch \u00fcber<strong> zwei G\u00e4stezimmer<\/strong>, die jeweils \u00fcber ein eigenes Badezimmer verf\u00fcgen<\/span>. Die Zimmer sind wundersch\u00f6n dekoriert und garantieren optimalen Komfort.<\/p>\n<p>Eine perfekte Geschenkidee, um Momente der Entspannung zu schenken.<\/p>\n<ul>\n<li><strong>Mit einem Geschenkgutschein hat der Empf\u00e4nger die M\u00f6glichkeit, aus folgenden Angeboten zu w\u00e4hlen<\/strong>:\n<ul>\n<li>Zugang zum Spa (z.B. 40 CHF pro Person f\u00fcr 2,5 Stunden)<\/li>\n<li>Privatisierung des Spas (z.B. 150 CHF f\u00fcr 2,5 Stunden)<\/li>\n<li>\u00dcbernachtung im Amazonit- oder Karneolzimmer (z.B. CHF 190 ohne Spa \/ CHF 230 mit Spa)<\/li>\n<\/ul>\n<\/li>\n<li><strong>Die Gutscheine k\u00f6nnen verwendet werden:<\/strong>\n<ul>\n<li>Bestellung per E-Mail oder Telefon<\/li>\n<\/ul>\n<\/li>\n<li><strong>G\u00fcltigkeitsdauer<\/strong>:\n<ul>\n<li>5 Jahre<\/li>\n<\/ul>\n<\/li>\n<li><strong>Wichtig<\/strong>\n<ul>\n<li>G\u00fcltige Gutscheine f\u00fcr Wellness Spa und G\u00e4stezimmer<\/li>\n<\/ul>\n<\/li>\n<\/ul>\n<p>&nbsp;<\/p>\n<p><a href=\"https:\/\/swigift.ch\/de\/kontakt\/\">Eine spezielle Anfrage? Kontaktieren Sie uns hier \ud83d\ude42 <\/a><\/p>\n<p>&nbsp;<\/p>\n<p>All&#8217;eau turquoise<br \/>\n<span class=\"wixui-rich-text__text\">Champs Saint-Martin 15<\/span><br \/>\n2942 Alle JU<\/p>\n<p><a href=\"https:\/\/www.alleauturquoise.ch\/\" target=\"_blank\" rel=\"noopener\">Link zur Website<\/a><\/p>\n<p>&nbsp;<\/p>\n<h4><strong>Swigift, das pers\u00f6nliche, schnelle und massgeschneiderte Geschenk<\/strong><\/h4>\n<p>Swigift bietet Ihnen eine lokale Schweizer Geschenkbox an, die einen <strong>Geschenkgutschein im Wert Ihrer Wahl <\/strong>enth\u00e4lt, z.B. <strong>All&#8217;eau Turquoise<\/strong>, um Wellness oder \u00e4hnliches zu geniessen, aber nicht nur das!<\/p>\n<p>Sobald Sie den Schweizer Geschenkgutschein ausgew\u00e4hlt haben, w\u00e4hlen Sie eine <strong>Umschlagfarbe<\/strong> f\u00fcr die <strong>Grusskarte<\/strong> aus, die Sie im n\u00e4chsten Schritt erstellen.<\/p>\n<p>Geben Sie im Warenkorb das Lieferdatum und die Schweizer Versandadresse ein. <strong>Schnelle Lieferung innerhalb von 24 Stunden<\/strong>, wenn Sie von Montag bis Freitag vor 16.00 Uhr bestellen (unter bestimmten Bedingungen).<\/p>\n<p>Der Empf\u00e4nger erh\u00e4lt eine Versand-Geschenkbox mit vielen \u00dcberraschungen, sobald er sie \u00f6ffnet! Die Geschenke, die Sie ausgew\u00e4hlt und gestaltet haben, werden zusammen mit einem Holzst\u00e4nder f\u00fcr die Karte <strong>sorgf\u00e4ltig arrangiert<\/strong>.<\/p>\n<p>Der Beschenkte kann die <strong>Grusskarte<\/strong> vorzeigen und sich \u00fcber den von Ihnen gew\u00e4hlten <strong>tollen Schweizer Geschenkgutschein<\/strong> freuen.<\/p>\n<p>Swigift, das ideale Schweizer Geschenk f\u00fcr alle <strong>Gelegenheiten.<\/strong><\/p>\n<p>&nbsp;<\/p>\n<h4><strong>F\u00fcr welche Gelegenheiten<\/strong><\/h4>\n<p>Alle Anl\u00e4sse, ob Sie ein Geburtstagsgeschenk, ein Hochzeitsgeschenk, ein Geschenk zur Geburt, ein Geschenk zum Erfolg, ein Geschenk zur Pensionierung, ein Geschenk zum Jahresende oder einfach nur eine Freude machen wollen!<\/p>\n<p>Es spielt keine Rolle, ob Sie auf Reisen oder unterwegs sind, ob Sie als Schweizer Expatriate auf der Suche nach einer Schweizer Geschenkidee sind oder ob Sie einfach weit weg von einem geliebten Menschen sind,<strong> Swigift wird Ihre Bed\u00fcrfnisse erf\u00fcllen!<\/strong><\/p>\n<p>Modern und intuitiv zeichnet sich Swigift durch sein umfassendes, fantasievolles und emotionales Angebot aus, das unser Leben vereinfacht.<\/p>\n<p>&nbsp;<\/p>\n<p><a href=\"https:\/\/swigift.ch\/faq\/\">Ich w\u00fcrde gerne die FAQ-Seite konsultieren \ud83d\ude42<\/a><\/p>\n<p>&nbsp;<\/p>\n<p>Personalisierte Geschenkboxen Schweizer Geschenkgutschein All\u2019eau Turquoise<\/p>\n<p>Swigift personalisierte Schweizer Geschenkboxen, Geschenkidee f\u00fcr einen Schweizer.<\/p>\n<p>Schweizer Geschenk lokal wellness, ferngesteuert versendet<\/p>\n<p>Die AGB sind massgebend<\/p>\n","protected":false},"excerpt":{"rendered":"<p>Schenken Sie einen Geschenkgutschein, mit dem der Empf\u00e4nger das Entspannungserlebnis w\u00e4hlen kann, das am besten zu ihm passt!<\/p>\n","protected":false},"featured_media":32868,"comment_status":"open","ping_status":"closed","template":"","meta":[],"product_brand":[],"product_cat":[65,68,67,72],"product_tag":[],"class_list":{"0":"post-32857","1":"product","2":"type-product","3":"status-publish","4":"has-post-thumbnail","6":"product_cat-alle","7":"product_cat-beauty-und-wellness","8":"product_cat-sonstiges","9":"product_cat-ubernachtung","10":"product_shipping_class-swigift-1-box-komplett","12":"first","13":"instock","14":"purchasable","15":"product-type-variable"},"yoast_head":"<!-- This site is optimized with the Yoast SEO plugin v27.4 - https:\/\/yoast.com\/product\/yoast-seo-wordpress\/ -->\n<title>Schweizer Geschenk lokal wellness - Swigift - All&#039;eau Turquoise Spa-Nacht(JU)%<\/title>\n<meta name=\"description\" content=\"Ein einzigartiges Geschenk: Schweizer Box, Geschenkgutschein und Karte, schnell und zuverl\u00e4ssig geliefert. Schweizer Geschenk Wellness Schweizer Geschenk local wellness\" \/>\n<meta name=\"robots\" content=\"index, follow, max-snippet:-1, max-image-preview:large, max-video-preview:-1\" \/>\n<link rel=\"canonical\" href=\"https:\/\/swigift.ch\/de\/Produkt\/alleau-turquoise-schweizer-geschenk-lokal-wellness\/\" \/>\n<meta property=\"og:locale\" content=\"de_DE\" \/>\n<meta property=\"og:type\" content=\"article\" \/>\n<meta property=\"og:title\" content=\"Schweizer Geschenk lokal wellness - Swigift - All&#039;eau Turquoise Spa-Nacht(JU)%\" \/>\n<meta property=\"og:description\" content=\"Ein einzigartiges Geschenk: Schweizer Box, Geschenkgutschein und Karte, schnell und zuverl\u00e4ssig geliefert. Schweizer Geschenk Wellness Schweizer Geschenk local wellness\" \/>\n<meta property=\"og:url\" content=\"https:\/\/swigift.ch\/de\/Produkt\/alleau-turquoise-schweizer-geschenk-lokal-wellness\/\" \/>\n<meta property=\"og:site_name\" content=\"Swigift\" \/>\n<meta property=\"article:publisher\" content=\"https:\/\/www.facebook.com\/people\/Swigift\/61558610159800\/\" \/>\n<meta property=\"article:modified_time\" content=\"2025-06-02T13:43:53+00:00\" \/>\n<meta property=\"og:image\" content=\"https:\/\/swigift.ch\/wp-content\/uploads\/2024\/06\/LG-4-300x300.png\" \/>\n<meta name=\"twitter:card\" content=\"summary_large_image\" \/>\n<meta name=\"twitter:label1\" content=\"Gesch\u00e4tzte Lesezeit\" \/>\n\t<meta name=\"twitter:data1\" content=\"3\u00a0Minuten\" \/>\n<script type=\"application\/ld+json\" class=\"yoast-schema-graph\">{\"@context\":\"https:\\\/\\\/schema.org\",\"@graph\":[{\"@type\":\"WebPage\",\"@id\":\"https:\\\/\\\/swigift.ch\\\/de\\\/Produkt\\\/alleau-turquoise-schweizer-geschenk-lokal-wellness\\\/\",\"url\":\"https:\\\/\\\/swigift.ch\\\/de\\\/Produkt\\\/alleau-turquoise-schweizer-geschenk-lokal-wellness\\\/\",\"name\":\"Schweizer Geschenk lokal wellness - Swigift - All'eau Turquoise Spa-Nacht(JU)%\",\"isPartOf\":{\"@id\":\"https:\\\/\\\/swigift.ch\\\/de\\\/#website\"},\"primaryImageOfPage\":{\"@id\":\"https:\\\/\\\/swigift.ch\\\/de\\\/Produkt\\\/alleau-turquoise-schweizer-geschenk-lokal-wellness\\\/#primaryimage\"},\"image\":{\"@id\":\"https:\\\/\\\/swigift.ch\\\/de\\\/Produkt\\\/alleau-turquoise-schweizer-geschenk-lokal-wellness\\\/#primaryimage\"},\"thumbnailUrl\":\"https:\\\/\\\/swigift.ch\\\/wp-content\\\/uploads\\\/2024\\\/11\\\/Bon-cadeau-Swigift-Alleau-Turquoise.png\",\"datePublished\":\"2024-11-21T11:55:38+00:00\",\"dateModified\":\"2025-06-02T13:43:53+00:00\",\"description\":\"Ein einzigartiges Geschenk: Schweizer Box, Geschenkgutschein und Karte, schnell und zuverl\u00e4ssig geliefert. Schweizer Geschenk Wellness Schweizer Geschenk local wellness\",\"breadcrumb\":{\"@id\":\"https:\\\/\\\/swigift.ch\\\/de\\\/Produkt\\\/alleau-turquoise-schweizer-geschenk-lokal-wellness\\\/#breadcrumb\"},\"inLanguage\":\"de\",\"potentialAction\":[{\"@type\":\"ReadAction\",\"target\":[\"https:\\\/\\\/swigift.ch\\\/de\\\/Produkt\\\/alleau-turquoise-schweizer-geschenk-lokal-wellness\\\/\"]}]},{\"@type\":\"ImageObject\",\"inLanguage\":\"de\",\"@id\":\"https:\\\/\\\/swigift.ch\\\/de\\\/Produkt\\\/alleau-turquoise-schweizer-geschenk-lokal-wellness\\\/#primaryimage\",\"url\":\"https:\\\/\\\/swigift.ch\\\/wp-content\\\/uploads\\\/2024\\\/11\\\/Bon-cadeau-Swigift-Alleau-Turquoise.png\",\"contentUrl\":\"https:\\\/\\\/swigift.ch\\\/wp-content\\\/uploads\\\/2024\\\/11\\\/Bon-cadeau-Swigift-Alleau-Turquoise.png\",\"width\":1500,\"height\":1500,\"caption\":\"une salle de repose\"},{\"@type\":\"BreadcrumbList\",\"@id\":\"https:\\\/\\\/swigift.ch\\\/de\\\/Produkt\\\/alleau-turquoise-schweizer-geschenk-lokal-wellness\\\/#breadcrumb\",\"itemListElement\":[{\"@type\":\"ListItem\",\"position\":1,\"name\":\"Accueil\",\"item\":\"https:\\\/\\\/swigift.ch\\\/de\\\/\"},{\"@type\":\"ListItem\",\"position\":2,\"name\":\"Shop\",\"item\":\"https:\\\/\\\/swigift.ch\\\/de\\\/shop\\\/\"},{\"@type\":\"ListItem\",\"position\":3,\"name\":\"All&rsquo;eau Turquoise Spa-Nacht(JU)\"}]},{\"@type\":\"WebSite\",\"@id\":\"https:\\\/\\\/swigift.ch\\\/de\\\/#website\",\"url\":\"https:\\\/\\\/swigift.ch\\\/de\\\/\",\"name\":\"Swigift\",\"description\":\"personalisierte Geschenke aus der Ferne\",\"publisher\":{\"@id\":\"https:\\\/\\\/swigift.ch\\\/de\\\/#organization\"},\"potentialAction\":[{\"@type\":\"SearchAction\",\"target\":{\"@type\":\"EntryPoint\",\"urlTemplate\":\"https:\\\/\\\/swigift.ch\\\/de\\\/?s={search_term_string}\"},\"query-input\":{\"@type\":\"PropertyValueSpecification\",\"valueRequired\":true,\"valueName\":\"search_term_string\"}}],\"inLanguage\":\"de\"},{\"@type\":\"Organization\",\"@id\":\"https:\\\/\\\/swigift.ch\\\/de\\\/#organization\",\"name\":\"Id\u00e9e cadeau originale suisse, une boite contenant un bon cadeau local, une carte de voeux personnalis\u00e9e et plus encore\",\"alternateName\":\"Boites cadeaux personnalis\u00e9es avec bon cadeau commerces Suisse et carte de voeux personnalis\u00e9e, livraison rapide en Suisse.\",\"url\":\"https:\\\/\\\/swigift.ch\\\/de\\\/\",\"logo\":{\"@type\":\"ImageObject\",\"inLanguage\":\"de\",\"@id\":\"https:\\\/\\\/swigift.ch\\\/de\\\/#\\\/schema\\\/logo\\\/image\\\/\",\"url\":\"https:\\\/\\\/swigift.ch\\\/wp-content\\\/uploads\\\/2024\\\/02\\\/swigift-logo-carte.png\",\"contentUrl\":\"https:\\\/\\\/swigift.ch\\\/wp-content\\\/uploads\\\/2024\\\/02\\\/swigift-logo-carte.png\",\"width\":300,\"height\":412,\"caption\":\"Id\u00e9e cadeau originale suisse, une boite contenant un bon cadeau local, une carte de voeux personnalis\u00e9e et plus encore\"},\"image\":{\"@id\":\"https:\\\/\\\/swigift.ch\\\/de\\\/#\\\/schema\\\/logo\\\/image\\\/\"},\"sameAs\":[\"https:\\\/\\\/www.facebook.com\\\/people\\\/Swigift\\\/61558610159800\\\/\",\"https:\\\/\\\/www.instagram.com\\\/swigift.ch\\\/\",\"https:\\\/\\\/www.linkedin.com\\\/company\\\/swigift\\\/\"]}]}<\/script>\n<!-- \/ Yoast SEO plugin. -->","yoast_head_json":{"title":"Schweizer Geschenk lokal wellness - Swigift - All'eau Turquoise Spa-Nacht(JU)%","description":"Ein einzigartiges Geschenk: Schweizer Box, Geschenkgutschein und Karte, schnell und zuverl\u00e4ssig geliefert. Schweizer Geschenk Wellness Schweizer Geschenk local wellness","robots":{"index":"index","follow":"follow","max-snippet":"max-snippet:-1","max-image-preview":"max-image-preview:large","max-video-preview":"max-video-preview:-1"},"canonical":"https:\/\/swigift.ch\/de\/Produkt\/alleau-turquoise-schweizer-geschenk-lokal-wellness\/","og_locale":"de_DE","og_type":"article","og_title":"Schweizer Geschenk lokal wellness - Swigift - All'eau Turquoise Spa-Nacht(JU)%","og_description":"Ein einzigartiges Geschenk: Schweizer Box, Geschenkgutschein und Karte, schnell und zuverl\u00e4ssig geliefert. Schweizer Geschenk Wellness Schweizer Geschenk local wellness","og_url":"https:\/\/swigift.ch\/de\/Produkt\/alleau-turquoise-schweizer-geschenk-lokal-wellness\/","og_site_name":"Swigift","article_publisher":"https:\/\/www.facebook.com\/people\/Swigift\/61558610159800\/","article_modified_time":"2025-06-02T13:43:53+00:00","og_image":[{"url":"https:\/\/swigift.ch\/wp-content\/uploads\/2024\/06\/LG-4-300x300.png","type":"","width":"","height":""}],"twitter_card":"summary_large_image","twitter_misc":{"Gesch\u00e4tzte Lesezeit":"3\u00a0Minuten"},"schema":{"@context":"https:\/\/schema.org","@graph":[{"@type":"WebPage","@id":"https:\/\/swigift.ch\/de\/Produkt\/alleau-turquoise-schweizer-geschenk-lokal-wellness\/","url":"https:\/\/swigift.ch\/de\/Produkt\/alleau-turquoise-schweizer-geschenk-lokal-wellness\/","name":"Schweizer Geschenk lokal wellness - Swigift - All'eau Turquoise Spa-Nacht(JU)%","isPartOf":{"@id":"https:\/\/swigift.ch\/de\/#website"},"primaryImageOfPage":{"@id":"https:\/\/swigift.ch\/de\/Produkt\/alleau-turquoise-schweizer-geschenk-lokal-wellness\/#primaryimage"},"image":{"@id":"https:\/\/swigift.ch\/de\/Produkt\/alleau-turquoise-schweizer-geschenk-lokal-wellness\/#primaryimage"},"thumbnailUrl":"https:\/\/swigift.ch\/wp-content\/uploads\/2024\/11\/Bon-cadeau-Swigift-Alleau-Turquoise.png","datePublished":"2024-11-21T11:55:38+00:00","dateModified":"2025-06-02T13:43:53+00:00","description":"Ein einzigartiges Geschenk: Schweizer Box, Geschenkgutschein und Karte, schnell und zuverl\u00e4ssig geliefert. Schweizer Geschenk Wellness Schweizer Geschenk local wellness","breadcrumb":{"@id":"https:\/\/swigift.ch\/de\/Produkt\/alleau-turquoise-schweizer-geschenk-lokal-wellness\/#breadcrumb"},"inLanguage":"de","potentialAction":[{"@type":"ReadAction","target":["https:\/\/swigift.ch\/de\/Produkt\/alleau-turquoise-schweizer-geschenk-lokal-wellness\/"]}]},{"@type":"ImageObject","inLanguage":"de","@id":"https:\/\/swigift.ch\/de\/Produkt\/alleau-turquoise-schweizer-geschenk-lokal-wellness\/#primaryimage","url":"https:\/\/swigift.ch\/wp-content\/uploads\/2024\/11\/Bon-cadeau-Swigift-Alleau-Turquoise.png","contentUrl":"https:\/\/swigift.ch\/wp-content\/uploads\/2024\/11\/Bon-cadeau-Swigift-Alleau-Turquoise.png","width":1500,"height":1500,"caption":"une salle de repose"},{"@type":"BreadcrumbList","@id":"https:\/\/swigift.ch\/de\/Produkt\/alleau-turquoise-schweizer-geschenk-lokal-wellness\/#breadcrumb","itemListElement":[{"@type":"ListItem","position":1,"name":"Accueil","item":"https:\/\/swigift.ch\/de\/"},{"@type":"ListItem","position":2,"name":"Shop","item":"https:\/\/swigift.ch\/de\/shop\/"},{"@type":"ListItem","position":3,"name":"All&rsquo;eau Turquoise Spa-Nacht(JU)"}]},{"@type":"WebSite","@id":"https:\/\/swigift.ch\/de\/#website","url":"https:\/\/swigift.ch\/de\/","name":"Swigift","description":"personalisierte Geschenke aus der Ferne","publisher":{"@id":"https:\/\/swigift.ch\/de\/#organization"},"potentialAction":[{"@type":"SearchAction","target":{"@type":"EntryPoint","urlTemplate":"https:\/\/swigift.ch\/de\/?s={search_term_string}"},"query-input":{"@type":"PropertyValueSpecification","valueRequired":true,"valueName":"search_term_string"}}],"inLanguage":"de"},{"@type":"Organization","@id":"https:\/\/swigift.ch\/de\/#organization","name":"Id\u00e9e cadeau originale suisse, une boite contenant un bon cadeau local, une carte de voeux personnalis\u00e9e et plus encore","alternateName":"Boites cadeaux personnalis\u00e9es avec bon cadeau commerces Suisse et carte de voeux personnalis\u00e9e, livraison rapide en Suisse.","url":"https:\/\/swigift.ch\/de\/","logo":{"@type":"ImageObject","inLanguage":"de","@id":"https:\/\/swigift.ch\/de\/#\/schema\/logo\/image\/","url":"https:\/\/swigift.ch\/wp-content\/uploads\/2024\/02\/swigift-logo-carte.png","contentUrl":"https:\/\/swigift.ch\/wp-content\/uploads\/2024\/02\/swigift-logo-carte.png","width":300,"height":412,"caption":"Id\u00e9e cadeau originale suisse, une boite contenant un bon cadeau local, une carte de voeux personnalis\u00e9e et plus encore"},"image":{"@id":"https:\/\/swigift.ch\/de\/#\/schema\/logo\/image\/"},"sameAs":["https:\/\/www.facebook.com\/people\/Swigift\/61558610159800\/","https:\/\/www.instagram.com\/swigift.ch\/","https:\/\/www.linkedin.com\/company\/swigift\/"]}]}},"_links":{"self":[{"href":"https:\/\/swigift.ch\/de\/wp-json\/wp\/v2\/product\/32857","targetHints":{"allow":["GET"]}}],"collection":[{"href":"https:\/\/swigift.ch\/de\/wp-json\/wp\/v2\/product"}],"about":[{"href":"https:\/\/swigift.ch\/de\/wp-json\/wp\/v2\/types\/product"}],"replies":[{"embeddable":true,"href":"https:\/\/swigift.ch\/de\/wp-json\/wp\/v2\/comments?post=32857"}],"version-history":[{"count":0,"href":"https:\/\/swigift.ch\/de\/wp-json\/wp\/v2\/product\/32857\/revisions"}],"wp:featuredmedia":[{"embeddable":true,"href":"https:\/\/swigift.ch\/de\/wp-json\/wp\/v2\/media\/32868"}],"wp:attachment":[{"href":"https:\/\/swigift.ch\/de\/wp-json\/wp\/v2\/media?parent=32857"}],"wp:term":[{"taxonomy":"product_brand","embeddable":true,"href":"https:\/\/swigift.ch\/de\/wp-json\/wp\/v2\/product_brand?post=32857"},{"taxonomy":"product_cat","embeddable":true,"href":"https:\/\/swigift.ch\/de\/wp-json\/wp\/v2\/product_cat?post=32857"},{"taxonomy":"product_tag","embeddable":true,"href":"https:\/\/swigift.ch\/de\/wp-json\/wp\/v2\/product_tag?post=32857"}],"curies":[{"name":"wp","href":"https:\/\/api.w.org\/{rel}","templated":true}]}}