{"id":30978,"date":"2024-05-24T16:13:23","date_gmt":"2024-05-24T14:13:23","guid":{"rendered":"https:\/\/swigift.ch\/?post_type=product&#038;p=30978"},"modified":"2025-06-02T15:42:35","modified_gmt":"2025-06-02T13:42:35","slug":"sensha-cosmetis-schweizer-geschenk-bio-produkte","status":"publish","type":"product","link":"https:\/\/swigift.ch\/de\/Produkt\/sensha-cosmetis-schweizer-geschenk-bio-produkte\/","title":{"rendered":"SenSh\u00e2 Cosmetics (BE)"},"content":{"rendered":"<h4><strong>uGeschenkgutschein SenSh\u00e2 Cosmetics (Kanton Bern)<\/strong><\/h4>\n<p>Sind Sie auf der Suche nach einem sch\u00f6nen Schweizer Geschenk, mit dem Sie ein Familienunternehmen vorstellen k\u00f6nnen, das sich auf biologische, v\u00f6llig nat\u00fcrliche Sch\u00f6nheitsprodukte spezialisiert hat?<\/p>\n<p>SenSh\u00e2 Cosmetics wurde von zwei Schwestern gegr\u00fcndet, die eine gemeinsame Leidenschaft f\u00fcr <strong>Naturkosmetik<\/strong> verbindet.<\/p>\n<p>Sie sind davon \u00fcberzeugt, dass die Natur die <strong>Kraft der Sch\u00f6nheit<\/strong> besitzt und haben gesunde,<strong> biologische Sch\u00f6nheitsprodukte<\/strong> geschaffen, die 100% aktiv und wirksam sind, ohne Zugest\u00e4ndnisse an Texturen, D\u00fcfte und Verpackungen f\u00fcr ein absolutes Vergn\u00fcgen bei der Anwendung und sofortige Ergebnisse.<\/p>\n<p>SenSh\u00e2 ist eine Marke, die Wirksamkeit, gesunde Inhaltsstoffe und Umweltfreundlichkeit miteinander verbindet.<\/p>\n<p>Ein perfektes Geschenk f\u00fcr Liebhaber von Sch\u00f6nheit und 100% nat\u00fcrlichen Produkten!<\/p>\n<ul>\n<li><strong>Mit einem Geschenkgutschein hat der Empf\u00e4nger die M\u00f6glichkeit, aus einer Reihe von Angeboten zu w\u00e4hlen:<\/strong>\n<ul>\n<li>Alle Produkte, die im Online-Shop erh\u00e4ltlich sind.<\/li>\n<\/ul>\n<\/li>\n<li><strong>Die Gutscheine k\u00f6nnen verwendet werden: <\/strong>\n<ul>\n<li>Online-Bestellung<\/li>\n<\/ul>\n<\/li>\n<li><strong>G\u00fcltigkeitsdauer <\/strong>:\n<ul>\n<li>1 Jahr<\/li>\n<\/ul>\n<\/li>\n<li><strong>Wichtig : <\/strong>\n<ul>\n<li>Nur f\u00fcr den Online-Shop zu verwenden.<\/li>\n<\/ul>\n<\/li>\n<\/ul>\n<p>&nbsp;<\/p>\n<p><a href=\"https:\/\/swigift.ch\/de\/kontakt\/\">Eine spezielle Anfrage? Kontaktieren Sie uns hier \ud83d\ude42 <\/a><\/p>\n<p>&nbsp;<\/p>\n<p>SenSh\u00e2 Schweiz<br \/>\n2615 Sonvilier<\/p>\n<p><a href=\"https:\/\/www.sensha-cosmetics.com\/\" target=\"_blank\" rel=\"noopener\">Link zur Website<\/a><\/p>\n<p>&nbsp;<\/p>\n<h4><strong>Swigift, das pers\u00f6nliche, schnelle und massgeschneiderte Schweizer Geschenk<\/strong><\/h4>\n<p>Swigift schl\u00e4gt Ihnen eine Schweizer Geschenkbox vor, die einen <strong>Wertgutschein Ihrer Wahl<\/strong> enth\u00e4lt, z.B. von <strong>SenSh\u00e2 Cosmetics<\/strong>, die biologische, 100% nat\u00fcrliche Produkte anbietet, aber nicht nur!<\/p>\n<p>Sobald Sie den Schweizer Geschenkgutschein ausgew\u00e4hlt haben, w\u00e4hlen Sie eine <strong>Umschlagfarbe<\/strong> f\u00fcr die <strong>Grusskarte<\/strong> aus, die Sie im n\u00e4chsten Schritt erstellen.<\/p>\n<p>Geben Sie im Warenkorb das Lieferdatum und die Schweizer Versandadresse ein. <strong>Schnelle Lieferung innerhalb von 24 Stunden<\/strong>, wenn Sie von Montag bis Freitag vor 16.00 Uhr bestellen (unter bestimmten Bedingungen).<\/p>\n<p>Der Empf\u00e4nger erh\u00e4lt eine Versand-Geschenkbox mit vielen \u00dcberraschungen, sobald er sie \u00f6ffnet! Die Geschenke, die Sie ausgew\u00e4hlt und gestaltet haben, werden zusammen mit einem Holzst\u00e4nder f\u00fcr die Karte <strong>sorgf\u00e4ltig arrangiert<\/strong>.<\/p>\n<p>Der Beschenkte kann die <strong>Grusskarte<\/strong> vorzeigen und sich \u00fcber den von Ihnen gew\u00e4hlten <strong>tollen Schweizer Geschenkgutschein<\/strong> freuen.<\/p>\n<p>Swigift, das ideale Schweizer Geschenk f\u00fcr alle <strong>Gelegenheiten.<\/strong><\/p>\n<p>&nbsp;<\/p>\n<h4><strong>F\u00fcr welche Gelegenheiten<\/strong><\/h4>\n<p>Alle Anl\u00e4sse, ob Sie ein Geburtstagsgeschenk, ein Hochzeitsgeschenk, ein Geschenk zur Geburt, ein Geschenk zum Erfolg, ein Geschenk zur Pensionierung, ein Geschenk zum Jahresende oder einfach nur eine Freude machen wollen!<\/p>\n<p>Es spielt keine Rolle, ob Sie auf Reisen oder unterwegs sind, ob Sie als Schweizer Expatriate auf der Suche nach einer Schweizer Geschenkidee sind oder ob Sie einfach weit weg von einem geliebten Menschen sind,<strong> Swigift wird Ihre Bed\u00fcrfnisse erf\u00fcllen!<\/strong><\/p>\n<p>Modern und intuitiv zeichnet sich Swigift durch sein umfassendes, fantasievolles und emotionales Angebot aus, das unser Leben vereinfacht.<\/p>\n<p>&nbsp;<\/p>\n<p><a href=\"https:\/\/swigift.ch\/faq\/\">Ich w\u00fcrde gerne die FAQ-Seite konsultieren \ud83d\ude42<\/a><\/p>\n<p>&nbsp;<\/p>\n<p>Personalisierte Geschenkboxen Schweizer Geschenkgutschein SenSh\u00e2 Cosmetics.<\/p>\n<p>Personalisierte Schweizer Geschenkboxen Swigift, Geschenkidee f\u00fcr einen Schweizer.<\/p>\n<p>Schweizer Geschenk Bio-Produkte, Naturprodukte, auf Distanz verschickt.<\/p>\n<p>Die Allgemeinen Gesch\u00e4ftsbedingungen sind verbindlich.<\/p>\n","protected":false},"excerpt":{"rendered":"<p>Ein perfektes Geschenk f\u00fcr Liebhaber von Naturprodukten und Sch\u00f6nheitspflege.<\/p>\n","protected":false},"featured_media":32925,"comment_status":"open","ping_status":"closed","template":"","meta":[],"product_brand":[],"product_cat":[65,68],"product_tag":[],"class_list":{"0":"post-30978","1":"product","2":"type-product","3":"status-publish","4":"has-post-thumbnail","6":"product_cat-alle","7":"product_cat-beauty-und-wellness","8":"product_shipping_class-swigift-1-boite-complete","10":"first","11":"instock","12":"purchasable","13":"product-type-variable"},"yoast_head":"<!-- This site is optimized with the Yoast SEO plugin v27.4 - https:\/\/yoast.com\/product\/yoast-seo-wordpress\/ -->\n<title>Schweizer Geschenk Bio-Produkte - Swigift - SenSh\u00e2 Cosmetics (BE) %%page%<\/title>\n<meta name=\"description\" content=\"Die perfekte Schweizer \u00dcberraschung: Box, Geschenkgutschein und Karte, blitzschnell geliefert. Ein Schweizer Geschenk Bio-Produkte Schweizer Geschenk Bio-Produkte\" \/>\n<meta name=\"robots\" content=\"index, follow, max-snippet:-1, max-image-preview:large, max-video-preview:-1\" \/>\n<link rel=\"canonical\" href=\"https:\/\/swigift.ch\/de\/Produkt\/sensha-cosmetis-schweizer-geschenk-bio-produkte\/\" \/>\n<meta property=\"og:locale\" content=\"de_DE\" \/>\n<meta property=\"og:type\" content=\"article\" \/>\n<meta property=\"og:title\" content=\"Schweizer Geschenk Bio-Produkte - Swigift - SenSh\u00e2 Cosmetics (BE) %%page%\" \/>\n<meta property=\"og:description\" content=\"Die perfekte Schweizer \u00dcberraschung: Box, Geschenkgutschein und Karte, blitzschnell geliefert. Ein Schweizer Geschenk Bio-Produkte Schweizer Geschenk Bio-Produkte\" \/>\n<meta property=\"og:url\" content=\"https:\/\/swigift.ch\/de\/Produkt\/sensha-cosmetis-schweizer-geschenk-bio-produkte\/\" \/>\n<meta property=\"og:site_name\" content=\"Swigift\" \/>\n<meta property=\"article:publisher\" content=\"https:\/\/www.facebook.com\/people\/Swigift\/61558610159800\/\" \/>\n<meta property=\"article:modified_time\" content=\"2025-06-02T13:42:35+00:00\" \/>\n<meta property=\"og:image\" content=\"https:\/\/swigift.ch\/wp-content\/uploads\/2024\/05\/SenSha-6-300x300.png\" \/>\n<meta name=\"twitter:card\" content=\"summary_large_image\" \/>\n<meta name=\"twitter:label1\" content=\"Gesch\u00e4tzte Lesezeit\" \/>\n\t<meta name=\"twitter:data1\" content=\"3\u00a0Minuten\" \/>\n<script type=\"application\/ld+json\" class=\"yoast-schema-graph\">{\"@context\":\"https:\\\/\\\/schema.org\",\"@graph\":[{\"@type\":\"WebPage\",\"@id\":\"https:\\\/\\\/swigift.ch\\\/de\\\/Produkt\\\/sensha-cosmetis-schweizer-geschenk-bio-produkte\\\/\",\"url\":\"https:\\\/\\\/swigift.ch\\\/de\\\/Produkt\\\/sensha-cosmetis-schweizer-geschenk-bio-produkte\\\/\",\"name\":\"Schweizer Geschenk Bio-Produkte - Swigift - SenSh\u00e2 Cosmetics (BE) %%page%\",\"isPartOf\":{\"@id\":\"https:\\\/\\\/swigift.ch\\\/de\\\/#website\"},\"primaryImageOfPage\":{\"@id\":\"https:\\\/\\\/swigift.ch\\\/de\\\/Produkt\\\/sensha-cosmetis-schweizer-geschenk-bio-produkte\\\/#primaryimage\"},\"image\":{\"@id\":\"https:\\\/\\\/swigift.ch\\\/de\\\/Produkt\\\/sensha-cosmetis-schweizer-geschenk-bio-produkte\\\/#primaryimage\"},\"thumbnailUrl\":\"https:\\\/\\\/swigift.ch\\\/wp-content\\\/uploads\\\/2024\\\/05\\\/20-sensha-1.png\",\"datePublished\":\"2024-05-24T14:13:23+00:00\",\"dateModified\":\"2025-06-02T13:42:35+00:00\",\"description\":\"Die perfekte Schweizer \u00dcberraschung: Box, Geschenkgutschein und Karte, blitzschnell geliefert. Ein Schweizer Geschenk Bio-Produkte Schweizer Geschenk Bio-Produkte\",\"breadcrumb\":{\"@id\":\"https:\\\/\\\/swigift.ch\\\/de\\\/Produkt\\\/sensha-cosmetis-schweizer-geschenk-bio-produkte\\\/#breadcrumb\"},\"inLanguage\":\"de\",\"potentialAction\":[{\"@type\":\"ReadAction\",\"target\":[\"https:\\\/\\\/swigift.ch\\\/de\\\/Produkt\\\/sensha-cosmetis-schweizer-geschenk-bio-produkte\\\/\"]}]},{\"@type\":\"ImageObject\",\"inLanguage\":\"de\",\"@id\":\"https:\\\/\\\/swigift.ch\\\/de\\\/Produkt\\\/sensha-cosmetis-schweizer-geschenk-bio-produkte\\\/#primaryimage\",\"url\":\"https:\\\/\\\/swigift.ch\\\/wp-content\\\/uploads\\\/2024\\\/05\\\/20-sensha-1.png\",\"contentUrl\":\"https:\\\/\\\/swigift.ch\\\/wp-content\\\/uploads\\\/2024\\\/05\\\/20-sensha-1.png\",\"width\":1500,\"height\":1500,\"caption\":\"Swigift- Geschenkgutschein - Bio-Kosmetik - Sch\u00f6nheit - Schnelle Lieferung\"},{\"@type\":\"BreadcrumbList\",\"@id\":\"https:\\\/\\\/swigift.ch\\\/de\\\/Produkt\\\/sensha-cosmetis-schweizer-geschenk-bio-produkte\\\/#breadcrumb\",\"itemListElement\":[{\"@type\":\"ListItem\",\"position\":1,\"name\":\"Accueil\",\"item\":\"https:\\\/\\\/swigift.ch\\\/de\\\/\"},{\"@type\":\"ListItem\",\"position\":2,\"name\":\"Shop\",\"item\":\"https:\\\/\\\/swigift.ch\\\/de\\\/shop\\\/\"},{\"@type\":\"ListItem\",\"position\":3,\"name\":\"SenSh\u00e2 Cosmetics (BE)\"}]},{\"@type\":\"WebSite\",\"@id\":\"https:\\\/\\\/swigift.ch\\\/de\\\/#website\",\"url\":\"https:\\\/\\\/swigift.ch\\\/de\\\/\",\"name\":\"Swigift\",\"description\":\"personalisierte Geschenke aus der Ferne\",\"publisher\":{\"@id\":\"https:\\\/\\\/swigift.ch\\\/de\\\/#organization\"},\"potentialAction\":[{\"@type\":\"SearchAction\",\"target\":{\"@type\":\"EntryPoint\",\"urlTemplate\":\"https:\\\/\\\/swigift.ch\\\/de\\\/?s={search_term_string}\"},\"query-input\":{\"@type\":\"PropertyValueSpecification\",\"valueRequired\":true,\"valueName\":\"search_term_string\"}}],\"inLanguage\":\"de\"},{\"@type\":\"Organization\",\"@id\":\"https:\\\/\\\/swigift.ch\\\/de\\\/#organization\",\"name\":\"Id\u00e9e cadeau originale suisse, une boite contenant un bon cadeau local, une carte de voeux personnalis\u00e9e et plus encore\",\"alternateName\":\"Boites cadeaux personnalis\u00e9es avec bon cadeau commerces Suisse et carte de voeux personnalis\u00e9e, livraison rapide en Suisse.\",\"url\":\"https:\\\/\\\/swigift.ch\\\/de\\\/\",\"logo\":{\"@type\":\"ImageObject\",\"inLanguage\":\"de\",\"@id\":\"https:\\\/\\\/swigift.ch\\\/de\\\/#\\\/schema\\\/logo\\\/image\\\/\",\"url\":\"https:\\\/\\\/swigift.ch\\\/wp-content\\\/uploads\\\/2024\\\/02\\\/swigift-logo-carte.png\",\"contentUrl\":\"https:\\\/\\\/swigift.ch\\\/wp-content\\\/uploads\\\/2024\\\/02\\\/swigift-logo-carte.png\",\"width\":300,\"height\":412,\"caption\":\"Id\u00e9e cadeau originale suisse, une boite contenant un bon cadeau local, une carte de voeux personnalis\u00e9e et plus encore\"},\"image\":{\"@id\":\"https:\\\/\\\/swigift.ch\\\/de\\\/#\\\/schema\\\/logo\\\/image\\\/\"},\"sameAs\":[\"https:\\\/\\\/www.facebook.com\\\/people\\\/Swigift\\\/61558610159800\\\/\",\"https:\\\/\\\/www.instagram.com\\\/swigift.ch\\\/\",\"https:\\\/\\\/www.linkedin.com\\\/company\\\/swigift\\\/\"]}]}<\/script>\n<!-- \/ Yoast SEO plugin. -->","yoast_head_json":{"title":"Schweizer Geschenk Bio-Produkte - Swigift - SenSh\u00e2 Cosmetics (BE) %%page%","description":"Die perfekte Schweizer \u00dcberraschung: Box, Geschenkgutschein und Karte, blitzschnell geliefert. Ein Schweizer Geschenk Bio-Produkte Schweizer Geschenk Bio-Produkte","robots":{"index":"index","follow":"follow","max-snippet":"max-snippet:-1","max-image-preview":"max-image-preview:large","max-video-preview":"max-video-preview:-1"},"canonical":"https:\/\/swigift.ch\/de\/Produkt\/sensha-cosmetis-schweizer-geschenk-bio-produkte\/","og_locale":"de_DE","og_type":"article","og_title":"Schweizer Geschenk Bio-Produkte - Swigift - SenSh\u00e2 Cosmetics (BE) %%page%","og_description":"Die perfekte Schweizer \u00dcberraschung: Box, Geschenkgutschein und Karte, blitzschnell geliefert. Ein Schweizer Geschenk Bio-Produkte Schweizer Geschenk Bio-Produkte","og_url":"https:\/\/swigift.ch\/de\/Produkt\/sensha-cosmetis-schweizer-geschenk-bio-produkte\/","og_site_name":"Swigift","article_publisher":"https:\/\/www.facebook.com\/people\/Swigift\/61558610159800\/","article_modified_time":"2025-06-02T13:42:35+00:00","og_image":[{"url":"https:\/\/swigift.ch\/wp-content\/uploads\/2024\/05\/SenSha-6-300x300.png","type":"","width":"","height":""}],"twitter_card":"summary_large_image","twitter_misc":{"Gesch\u00e4tzte Lesezeit":"3\u00a0Minuten"},"schema":{"@context":"https:\/\/schema.org","@graph":[{"@type":"WebPage","@id":"https:\/\/swigift.ch\/de\/Produkt\/sensha-cosmetis-schweizer-geschenk-bio-produkte\/","url":"https:\/\/swigift.ch\/de\/Produkt\/sensha-cosmetis-schweizer-geschenk-bio-produkte\/","name":"Schweizer Geschenk Bio-Produkte - Swigift - SenSh\u00e2 Cosmetics (BE) %%page%","isPartOf":{"@id":"https:\/\/swigift.ch\/de\/#website"},"primaryImageOfPage":{"@id":"https:\/\/swigift.ch\/de\/Produkt\/sensha-cosmetis-schweizer-geschenk-bio-produkte\/#primaryimage"},"image":{"@id":"https:\/\/swigift.ch\/de\/Produkt\/sensha-cosmetis-schweizer-geschenk-bio-produkte\/#primaryimage"},"thumbnailUrl":"https:\/\/swigift.ch\/wp-content\/uploads\/2024\/05\/20-sensha-1.png","datePublished":"2024-05-24T14:13:23+00:00","dateModified":"2025-06-02T13:42:35+00:00","description":"Die perfekte Schweizer \u00dcberraschung: Box, Geschenkgutschein und Karte, blitzschnell geliefert. Ein Schweizer Geschenk Bio-Produkte Schweizer Geschenk Bio-Produkte","breadcrumb":{"@id":"https:\/\/swigift.ch\/de\/Produkt\/sensha-cosmetis-schweizer-geschenk-bio-produkte\/#breadcrumb"},"inLanguage":"de","potentialAction":[{"@type":"ReadAction","target":["https:\/\/swigift.ch\/de\/Produkt\/sensha-cosmetis-schweizer-geschenk-bio-produkte\/"]}]},{"@type":"ImageObject","inLanguage":"de","@id":"https:\/\/swigift.ch\/de\/Produkt\/sensha-cosmetis-schweizer-geschenk-bio-produkte\/#primaryimage","url":"https:\/\/swigift.ch\/wp-content\/uploads\/2024\/05\/20-sensha-1.png","contentUrl":"https:\/\/swigift.ch\/wp-content\/uploads\/2024\/05\/20-sensha-1.png","width":1500,"height":1500,"caption":"Swigift- Geschenkgutschein - Bio-Kosmetik - Sch\u00f6nheit - Schnelle Lieferung"},{"@type":"BreadcrumbList","@id":"https:\/\/swigift.ch\/de\/Produkt\/sensha-cosmetis-schweizer-geschenk-bio-produkte\/#breadcrumb","itemListElement":[{"@type":"ListItem","position":1,"name":"Accueil","item":"https:\/\/swigift.ch\/de\/"},{"@type":"ListItem","position":2,"name":"Shop","item":"https:\/\/swigift.ch\/de\/shop\/"},{"@type":"ListItem","position":3,"name":"SenSh\u00e2 Cosmetics (BE)"}]},{"@type":"WebSite","@id":"https:\/\/swigift.ch\/de\/#website","url":"https:\/\/swigift.ch\/de\/","name":"Swigift","description":"personalisierte Geschenke aus der Ferne","publisher":{"@id":"https:\/\/swigift.ch\/de\/#organization"},"potentialAction":[{"@type":"SearchAction","target":{"@type":"EntryPoint","urlTemplate":"https:\/\/swigift.ch\/de\/?s={search_term_string}"},"query-input":{"@type":"PropertyValueSpecification","valueRequired":true,"valueName":"search_term_string"}}],"inLanguage":"de"},{"@type":"Organization","@id":"https:\/\/swigift.ch\/de\/#organization","name":"Id\u00e9e cadeau originale suisse, une boite contenant un bon cadeau local, une carte de voeux personnalis\u00e9e et plus encore","alternateName":"Boites cadeaux personnalis\u00e9es avec bon cadeau commerces Suisse et carte de voeux personnalis\u00e9e, livraison rapide en Suisse.","url":"https:\/\/swigift.ch\/de\/","logo":{"@type":"ImageObject","inLanguage":"de","@id":"https:\/\/swigift.ch\/de\/#\/schema\/logo\/image\/","url":"https:\/\/swigift.ch\/wp-content\/uploads\/2024\/02\/swigift-logo-carte.png","contentUrl":"https:\/\/swigift.ch\/wp-content\/uploads\/2024\/02\/swigift-logo-carte.png","width":300,"height":412,"caption":"Id\u00e9e cadeau originale suisse, une boite contenant un bon cadeau local, une carte de voeux personnalis\u00e9e et plus encore"},"image":{"@id":"https:\/\/swigift.ch\/de\/#\/schema\/logo\/image\/"},"sameAs":["https:\/\/www.facebook.com\/people\/Swigift\/61558610159800\/","https:\/\/www.instagram.com\/swigift.ch\/","https:\/\/www.linkedin.com\/company\/swigift\/"]}]}},"_links":{"self":[{"href":"https:\/\/swigift.ch\/de\/wp-json\/wp\/v2\/product\/30978","targetHints":{"allow":["GET"]}}],"collection":[{"href":"https:\/\/swigift.ch\/de\/wp-json\/wp\/v2\/product"}],"about":[{"href":"https:\/\/swigift.ch\/de\/wp-json\/wp\/v2\/types\/product"}],"replies":[{"embeddable":true,"href":"https:\/\/swigift.ch\/de\/wp-json\/wp\/v2\/comments?post=30978"}],"version-history":[{"count":0,"href":"https:\/\/swigift.ch\/de\/wp-json\/wp\/v2\/product\/30978\/revisions"}],"wp:featuredmedia":[{"embeddable":true,"href":"https:\/\/swigift.ch\/de\/wp-json\/wp\/v2\/media\/32925"}],"wp:attachment":[{"href":"https:\/\/swigift.ch\/de\/wp-json\/wp\/v2\/media?parent=30978"}],"wp:term":[{"taxonomy":"product_brand","embeddable":true,"href":"https:\/\/swigift.ch\/de\/wp-json\/wp\/v2\/product_brand?post=30978"},{"taxonomy":"product_cat","embeddable":true,"href":"https:\/\/swigift.ch\/de\/wp-json\/wp\/v2\/product_cat?post=30978"},{"taxonomy":"product_tag","embeddable":true,"href":"https:\/\/swigift.ch\/de\/wp-json\/wp\/v2\/product_tag?post=30978"}],"curies":[{"name":"wp","href":"https:\/\/api.w.org\/{rel}","templated":true}]}}