{"id":30928,"date":"2024-05-24T15:52:42","date_gmt":"2024-05-24T13:52:42","guid":{"rendered":"https:\/\/swigift.ch\/?post_type=product&#038;p=30928"},"modified":"2025-06-02T15:42:30","modified_gmt":"2025-06-02T13:42:30","slug":"rivieres-et-aventures-original-schweizer-geschenk-erlebnis","status":"publish","type":"product","link":"https:\/\/swigift.ch\/de\/Produkt\/rivieres-et-aventures-original-schweizer-geschenk-erlebnis\/","title":{"rendered":"Fl\u00fcsse und Abenteuer (VD)"},"content":{"rendered":"<h4><strong>Geschenkgutschein bei Fl\u00fcsse und Abenteuer (Kanton Waadt)<\/strong><\/h4>\n<p>Sind Sie auf der Suche nach einem lokalen und originellen Geschenk in der Schweiz, das dem Empf\u00e4nger die M\u00f6glichkeit bietet, das Erlebnis zu w\u00e4hlen, das ihm gef\u00e4llt?<\/p>\n<p>Rivi\u00e8res et Aventures wurde 1987 von drei Fluss- und <strong>Sportliebhabern<\/strong> gegr\u00fcndet. Lust haben, neue Aktivit\u00e4ten in das Pays d&#8217;Enhaut zu bringen und die <strong>Region<\/strong> zu f\u00f6rdern.<\/p>\n<p>Als <strong>erstes Unternehmen<\/strong> in der Westschweiz, das Rafting auf der Saane anbot, war Rivi\u00e8res et Aventures auch ein Pionier in der Schweiz f\u00fcr Canyoning und Hydrospeed.<\/p>\n<p>Rivi\u00e8res et Aventures bleibt seinem <strong>innovativen Geist<\/strong> treu und ist eines der ersten Unternehmen in der Schweiz, das Yooner im Winter anbietet und das erste, das Snooc, eine weitere Winteraktivit\u00e4t, anbietet.<\/p>\n<p>Ein perfektes Geschenk f\u00fcr Naturliebhaber und Abenteurer!<\/p>\n<ul>\n<li><strong>Mit einem Geschenkgutschein hat der Empf\u00e4nger die M\u00f6glichkeit, aus einer Reihe von Angeboten zu w\u00e4hlen:<\/strong>\n<ul>\n<li>Rafting (von 100 chf bis 120 chf\/P)<\/li>\n<li>Canyoning (105 chf\/p)<\/li>\n<li>Hydrospeed (120 chf\/p.)<\/li>\n<li>Trottinherbe (35 chf bis 80 chf)<\/li>\n<li>viele andere Aktivit\u00e4ten, die von Rivi\u00e8res et Aventures angeboten werden!<\/li>\n<\/ul>\n<\/li>\n<li><strong>Die Gutscheine k\u00f6nnen verwendet werden: <\/strong>\n<ul>\n<li>Kontakt per E-Mail<\/li>\n<\/ul>\n<\/li>\n<li><strong>G\u00fcltigkeitsdauer <\/strong>:\n<ul>\n<li>2 Jahre<\/li>\n<\/ul>\n<\/li>\n<li><strong>Wichtig : <\/strong>\n<ul>\n<li>G\u00fcltig f\u00fcr alle Aktivit\u00e4ten von Rivi\u00e8res et Aventures.<\/li>\n<\/ul>\n<\/li>\n<\/ul>\n<p>&nbsp;<\/p>\n<p><a href=\"https:\/\/swigift.ch\/de\/kontakt\/\">Eine spezielle Anfrage? Kontaktieren Sie uns hier \ud83d\ude42 <\/a><\/p>\n<p>&nbsp;<\/p>\n<p>Rivi\u00e8res et Aventures<br \/>\nPlace du Village 6<br \/>\n1660 Ch\u00e2teau-d&#8217;Oex<\/p>\n<p><a href=\"https:\/\/www.rivieres-aventures.ch\/wp\/\" target=\"_blank\" rel=\"noopener\">Link zur Website<\/a><\/p>\n<p>&nbsp;<\/p>\n<h4><strong>Swigift, das pers\u00f6nliche, schnelle und massgeschneiderte Schweizer Geschenk<\/strong><\/h4>\n<p>Swigift bietet Ihnen eine originelle Schweizer Geschenkbox an, die <strong>einen Wertgutschein Ihrer Wah<\/strong>l enth\u00e4lt, z. B. um mit einem Gutschein von <strong>Rivi\u00e8res et Aventures<\/strong> etwas zu erleben, aber nicht nur!<\/p>\n<p>Sobald Sie den Schweizer Geschenkgutschein ausgew\u00e4hlt haben, w\u00e4hlen Sie eine <strong>Umschlagfarbe<\/strong> f\u00fcr die <strong>Grusskarte<\/strong> aus, die Sie im n\u00e4chsten Schritt erstellen.<\/p>\n<p>Geben Sie im Warenkorb das Lieferdatum und die Schweizer Versandadresse ein. <strong>Schnelle Lieferung innerhalb von 24 Stunden<\/strong>, wenn Sie von Montag bis Freitag vor 16.00 Uhr bestellen (unter bestimmten Bedingungen).<\/p>\n<p>Der Empf\u00e4nger erh\u00e4lt eine Versand-Geschenkbox mit vielen \u00dcberraschungen, sobald er sie \u00f6ffnet! Die Geschenke, die Sie ausgew\u00e4hlt und gestaltet haben, werden zusammen mit einem Holzst\u00e4nder f\u00fcr die Karte <strong>sorgf\u00e4ltig arrangiert<\/strong>.<\/p>\n<p>Der Beschenkte kann die <strong>Grusskarte<\/strong> vorzeigen und sich \u00fcber den von Ihnen gew\u00e4hlten <strong>tollen Schweizer Geschenkgutschein<\/strong> freuen.<\/p>\n<p>Swigift, das ideale Schweizer Geschenk f\u00fcr alle <strong>Gelegenheiten.<\/strong><\/p>\n<p>&nbsp;<\/p>\n<h4><strong>F\u00fcr welche Gelegenheiten<\/strong><\/h4>\n<p>Alle Anl\u00e4sse, ob Sie ein Geburtstagsgeschenk, ein Hochzeitsgeschenk, ein Geschenk zur Geburt, ein Geschenk zum Erfolg, ein Geschenk zur Pensionierung, ein Geschenk zum Jahresende oder einfach nur eine Freude machen wollen!<\/p>\n<p>Es spielt keine Rolle, ob Sie auf Reisen oder unterwegs sind, ob Sie als Schweizer Expatriate auf der Suche nach einer Schweizer Geschenkidee sind oder ob Sie einfach weit weg von einem geliebten Menschen sind,<strong> Swigift wird Ihre Bed\u00fcrfnisse erf\u00fcllen!<\/strong><\/p>\n<p>Modern und intuitiv zeichnet sich Swigift durch sein umfassendes, fantasievolles und emotionales Angebot aus, das unser Leben vereinfacht.<\/p>\n<p>&nbsp;<\/p>\n<p><a href=\"https:\/\/swigift.ch\/faq\/\">Ich w\u00fcrde gerne die FAQ-Seite konsultieren \ud83d\ude42<\/a><\/p>\n<p>&nbsp;<\/p>\n<p>Personalisierte Geschenkboxen Schweizer Geschenkgutschein Rivi\u00e8res et Aventures.<\/p>\n<p>Swigift personalisierte Schweizer Geschenkboxen, Geschenkidee f\u00fcr einen Schweizer.<\/p>\n<p>Original Schweizer Geschenk Erlebnis, ferngesteuert versendet.<\/p>\n<p>Die Allgemeinen Gesch\u00e4ftsbedingungen sind verbindlich.<\/p>\n","protected":false},"excerpt":{"rendered":"<p>Ein ideales Geschenk f\u00fcr alle, die Spass, Natur und Abenteuer lieben!<\/p>\n","protected":false},"featured_media":32922,"comment_status":"open","ping_status":"closed","template":"","meta":[],"product_brand":[],"product_cat":[65,63,59],"product_tag":[],"class_list":{"0":"post-30928","1":"product","2":"type-product","3":"status-publish","4":"has-post-thumbnail","6":"product_cat-alle","7":"product_cat-sport-und-freizeit","8":"product_cat-unterhaltung","10":"first","11":"instock","12":"purchasable","13":"product-type-variable"},"yoast_head":"<!-- This site is optimized with the Yoast SEO plugin v27.4 - https:\/\/yoast.com\/product\/yoast-seo-wordpress\/ -->\n<title>Original Schweizer Geschenk Erlebnis - Swigift Fl\u00fcsse und Abenteuer (VD)% %%page%<\/title>\n<meta name=\"description\" content=\"\u00dcberraschen Sie mit einer personalisierten Schweizer Box, Geschenkgutschein und Grusskarte, alles schnell geliefert. Original Schweizer Geschenk Erlebnis\" \/>\n<meta name=\"robots\" content=\"index, follow, max-snippet:-1, max-image-preview:large, max-video-preview:-1\" \/>\n<link rel=\"canonical\" href=\"https:\/\/swigift.ch\/de\/Produkt\/rivieres-et-aventures-original-schweizer-geschenk-erlebnis\/\" \/>\n<meta property=\"og:locale\" content=\"de_DE\" \/>\n<meta property=\"og:type\" content=\"article\" \/>\n<meta property=\"og:title\" content=\"Original Schweizer Geschenk Erlebnis - Swigift Fl\u00fcsse und Abenteuer (VD)% %%page%\" \/>\n<meta property=\"og:description\" content=\"\u00dcberraschen Sie mit einer personalisierten Schweizer Box, Geschenkgutschein und Grusskarte, alles schnell geliefert. Original Schweizer Geschenk Erlebnis\" \/>\n<meta property=\"og:url\" content=\"https:\/\/swigift.ch\/de\/Produkt\/rivieres-et-aventures-original-schweizer-geschenk-erlebnis\/\" \/>\n<meta property=\"og:site_name\" content=\"Swigift\" \/>\n<meta property=\"article:publisher\" content=\"https:\/\/www.facebook.com\/people\/Swigift\/61558610159800\/\" \/>\n<meta property=\"article:modified_time\" content=\"2025-06-02T13:42:30+00:00\" \/>\n<meta property=\"og:image\" content=\"https:\/\/swigift.ch\/wp-content\/uploads\/2024\/05\/rva-3-300x300.png\" \/>\n<meta name=\"twitter:card\" content=\"summary_large_image\" \/>\n<meta name=\"twitter:label1\" content=\"Gesch\u00e4tzte Lesezeit\" \/>\n\t<meta name=\"twitter:data1\" content=\"3\u00a0Minuten\" \/>\n<script type=\"application\/ld+json\" class=\"yoast-schema-graph\">{\"@context\":\"https:\\\/\\\/schema.org\",\"@graph\":[{\"@type\":\"WebPage\",\"@id\":\"https:\\\/\\\/swigift.ch\\\/de\\\/Produkt\\\/rivieres-et-aventures-original-schweizer-geschenk-erlebnis\\\/\",\"url\":\"https:\\\/\\\/swigift.ch\\\/de\\\/Produkt\\\/rivieres-et-aventures-original-schweizer-geschenk-erlebnis\\\/\",\"name\":\"Original Schweizer Geschenk Erlebnis - Swigift Fl\u00fcsse und Abenteuer (VD)% %%page%\",\"isPartOf\":{\"@id\":\"https:\\\/\\\/swigift.ch\\\/de\\\/#website\"},\"primaryImageOfPage\":{\"@id\":\"https:\\\/\\\/swigift.ch\\\/de\\\/Produkt\\\/rivieres-et-aventures-original-schweizer-geschenk-erlebnis\\\/#primaryimage\"},\"image\":{\"@id\":\"https:\\\/\\\/swigift.ch\\\/de\\\/Produkt\\\/rivieres-et-aventures-original-schweizer-geschenk-erlebnis\\\/#primaryimage\"},\"thumbnailUrl\":\"https:\\\/\\\/swigift.ch\\\/wp-content\\\/uploads\\\/2024\\\/05\\\/18-riviere-et-aventure-2.png\",\"datePublished\":\"2024-05-24T13:52:42+00:00\",\"dateModified\":\"2025-06-02T13:42:30+00:00\",\"description\":\"\u00dcberraschen Sie mit einer personalisierten Schweizer Box, Geschenkgutschein und Grusskarte, alles schnell geliefert. Original Schweizer Geschenk Erlebnis\",\"breadcrumb\":{\"@id\":\"https:\\\/\\\/swigift.ch\\\/de\\\/Produkt\\\/rivieres-et-aventures-original-schweizer-geschenk-erlebnis\\\/#breadcrumb\"},\"inLanguage\":\"de\",\"potentialAction\":[{\"@type\":\"ReadAction\",\"target\":[\"https:\\\/\\\/swigift.ch\\\/de\\\/Produkt\\\/rivieres-et-aventures-original-schweizer-geschenk-erlebnis\\\/\"]}]},{\"@type\":\"ImageObject\",\"inLanguage\":\"de\",\"@id\":\"https:\\\/\\\/swigift.ch\\\/de\\\/Produkt\\\/rivieres-et-aventures-original-schweizer-geschenk-erlebnis\\\/#primaryimage\",\"url\":\"https:\\\/\\\/swigift.ch\\\/wp-content\\\/uploads\\\/2024\\\/05\\\/18-riviere-et-aventure-2.png\",\"contentUrl\":\"https:\\\/\\\/swigift.ch\\\/wp-content\\\/uploads\\\/2024\\\/05\\\/18-riviere-et-aventure-2.png\",\"width\":1500,\"height\":1500,\"caption\":\"Swigift- Geschenkgutschein -Fl\u00fcsse und Abenteuer - Aktivit\u00e4ten - Originelles Geschenk - Schnelle Lieferung\"},{\"@type\":\"BreadcrumbList\",\"@id\":\"https:\\\/\\\/swigift.ch\\\/de\\\/Produkt\\\/rivieres-et-aventures-original-schweizer-geschenk-erlebnis\\\/#breadcrumb\",\"itemListElement\":[{\"@type\":\"ListItem\",\"position\":1,\"name\":\"Accueil\",\"item\":\"https:\\\/\\\/swigift.ch\\\/de\\\/\"},{\"@type\":\"ListItem\",\"position\":2,\"name\":\"Shop\",\"item\":\"https:\\\/\\\/swigift.ch\\\/de\\\/shop\\\/\"},{\"@type\":\"ListItem\",\"position\":3,\"name\":\"Fl\u00fcsse und Abenteuer (VD)\"}]},{\"@type\":\"WebSite\",\"@id\":\"https:\\\/\\\/swigift.ch\\\/de\\\/#website\",\"url\":\"https:\\\/\\\/swigift.ch\\\/de\\\/\",\"name\":\"Swigift\",\"description\":\"personalisierte Geschenke aus der Ferne\",\"publisher\":{\"@id\":\"https:\\\/\\\/swigift.ch\\\/de\\\/#organization\"},\"potentialAction\":[{\"@type\":\"SearchAction\",\"target\":{\"@type\":\"EntryPoint\",\"urlTemplate\":\"https:\\\/\\\/swigift.ch\\\/de\\\/?s={search_term_string}\"},\"query-input\":{\"@type\":\"PropertyValueSpecification\",\"valueRequired\":true,\"valueName\":\"search_term_string\"}}],\"inLanguage\":\"de\"},{\"@type\":\"Organization\",\"@id\":\"https:\\\/\\\/swigift.ch\\\/de\\\/#organization\",\"name\":\"Id\u00e9e cadeau originale suisse, une boite contenant un bon cadeau local, une carte de voeux personnalis\u00e9e et plus encore\",\"alternateName\":\"Boites cadeaux personnalis\u00e9es avec bon cadeau commerces Suisse et carte de voeux personnalis\u00e9e, livraison rapide en Suisse.\",\"url\":\"https:\\\/\\\/swigift.ch\\\/de\\\/\",\"logo\":{\"@type\":\"ImageObject\",\"inLanguage\":\"de\",\"@id\":\"https:\\\/\\\/swigift.ch\\\/de\\\/#\\\/schema\\\/logo\\\/image\\\/\",\"url\":\"https:\\\/\\\/swigift.ch\\\/wp-content\\\/uploads\\\/2024\\\/02\\\/swigift-logo-carte.png\",\"contentUrl\":\"https:\\\/\\\/swigift.ch\\\/wp-content\\\/uploads\\\/2024\\\/02\\\/swigift-logo-carte.png\",\"width\":300,\"height\":412,\"caption\":\"Id\u00e9e cadeau originale suisse, une boite contenant un bon cadeau local, une carte de voeux personnalis\u00e9e et plus encore\"},\"image\":{\"@id\":\"https:\\\/\\\/swigift.ch\\\/de\\\/#\\\/schema\\\/logo\\\/image\\\/\"},\"sameAs\":[\"https:\\\/\\\/www.facebook.com\\\/people\\\/Swigift\\\/61558610159800\\\/\",\"https:\\\/\\\/www.instagram.com\\\/swigift.ch\\\/\",\"https:\\\/\\\/www.linkedin.com\\\/company\\\/swigift\\\/\"]}]}<\/script>\n<!-- \/ Yoast SEO plugin. -->","yoast_head_json":{"title":"Original Schweizer Geschenk Erlebnis - Swigift Fl\u00fcsse und Abenteuer (VD)% %%page%","description":"\u00dcberraschen Sie mit einer personalisierten Schweizer Box, Geschenkgutschein und Grusskarte, alles schnell geliefert. Original Schweizer Geschenk Erlebnis","robots":{"index":"index","follow":"follow","max-snippet":"max-snippet:-1","max-image-preview":"max-image-preview:large","max-video-preview":"max-video-preview:-1"},"canonical":"https:\/\/swigift.ch\/de\/Produkt\/rivieres-et-aventures-original-schweizer-geschenk-erlebnis\/","og_locale":"de_DE","og_type":"article","og_title":"Original Schweizer Geschenk Erlebnis - Swigift Fl\u00fcsse und Abenteuer (VD)% %%page%","og_description":"\u00dcberraschen Sie mit einer personalisierten Schweizer Box, Geschenkgutschein und Grusskarte, alles schnell geliefert. Original Schweizer Geschenk Erlebnis","og_url":"https:\/\/swigift.ch\/de\/Produkt\/rivieres-et-aventures-original-schweizer-geschenk-erlebnis\/","og_site_name":"Swigift","article_publisher":"https:\/\/www.facebook.com\/people\/Swigift\/61558610159800\/","article_modified_time":"2025-06-02T13:42:30+00:00","og_image":[{"url":"https:\/\/swigift.ch\/wp-content\/uploads\/2024\/05\/rva-3-300x300.png","type":"","width":"","height":""}],"twitter_card":"summary_large_image","twitter_misc":{"Gesch\u00e4tzte Lesezeit":"3\u00a0Minuten"},"schema":{"@context":"https:\/\/schema.org","@graph":[{"@type":"WebPage","@id":"https:\/\/swigift.ch\/de\/Produkt\/rivieres-et-aventures-original-schweizer-geschenk-erlebnis\/","url":"https:\/\/swigift.ch\/de\/Produkt\/rivieres-et-aventures-original-schweizer-geschenk-erlebnis\/","name":"Original Schweizer Geschenk Erlebnis - Swigift Fl\u00fcsse und Abenteuer (VD)% %%page%","isPartOf":{"@id":"https:\/\/swigift.ch\/de\/#website"},"primaryImageOfPage":{"@id":"https:\/\/swigift.ch\/de\/Produkt\/rivieres-et-aventures-original-schweizer-geschenk-erlebnis\/#primaryimage"},"image":{"@id":"https:\/\/swigift.ch\/de\/Produkt\/rivieres-et-aventures-original-schweizer-geschenk-erlebnis\/#primaryimage"},"thumbnailUrl":"https:\/\/swigift.ch\/wp-content\/uploads\/2024\/05\/18-riviere-et-aventure-2.png","datePublished":"2024-05-24T13:52:42+00:00","dateModified":"2025-06-02T13:42:30+00:00","description":"\u00dcberraschen Sie mit einer personalisierten Schweizer Box, Geschenkgutschein und Grusskarte, alles schnell geliefert. Original Schweizer Geschenk Erlebnis","breadcrumb":{"@id":"https:\/\/swigift.ch\/de\/Produkt\/rivieres-et-aventures-original-schweizer-geschenk-erlebnis\/#breadcrumb"},"inLanguage":"de","potentialAction":[{"@type":"ReadAction","target":["https:\/\/swigift.ch\/de\/Produkt\/rivieres-et-aventures-original-schweizer-geschenk-erlebnis\/"]}]},{"@type":"ImageObject","inLanguage":"de","@id":"https:\/\/swigift.ch\/de\/Produkt\/rivieres-et-aventures-original-schweizer-geschenk-erlebnis\/#primaryimage","url":"https:\/\/swigift.ch\/wp-content\/uploads\/2024\/05\/18-riviere-et-aventure-2.png","contentUrl":"https:\/\/swigift.ch\/wp-content\/uploads\/2024\/05\/18-riviere-et-aventure-2.png","width":1500,"height":1500,"caption":"Swigift- Geschenkgutschein -Fl\u00fcsse und Abenteuer - Aktivit\u00e4ten - Originelles Geschenk - Schnelle Lieferung"},{"@type":"BreadcrumbList","@id":"https:\/\/swigift.ch\/de\/Produkt\/rivieres-et-aventures-original-schweizer-geschenk-erlebnis\/#breadcrumb","itemListElement":[{"@type":"ListItem","position":1,"name":"Accueil","item":"https:\/\/swigift.ch\/de\/"},{"@type":"ListItem","position":2,"name":"Shop","item":"https:\/\/swigift.ch\/de\/shop\/"},{"@type":"ListItem","position":3,"name":"Fl\u00fcsse und Abenteuer (VD)"}]},{"@type":"WebSite","@id":"https:\/\/swigift.ch\/de\/#website","url":"https:\/\/swigift.ch\/de\/","name":"Swigift","description":"personalisierte Geschenke aus der Ferne","publisher":{"@id":"https:\/\/swigift.ch\/de\/#organization"},"potentialAction":[{"@type":"SearchAction","target":{"@type":"EntryPoint","urlTemplate":"https:\/\/swigift.ch\/de\/?s={search_term_string}"},"query-input":{"@type":"PropertyValueSpecification","valueRequired":true,"valueName":"search_term_string"}}],"inLanguage":"de"},{"@type":"Organization","@id":"https:\/\/swigift.ch\/de\/#organization","name":"Id\u00e9e cadeau originale suisse, une boite contenant un bon cadeau local, une carte de voeux personnalis\u00e9e et plus encore","alternateName":"Boites cadeaux personnalis\u00e9es avec bon cadeau commerces Suisse et carte de voeux personnalis\u00e9e, livraison rapide en Suisse.","url":"https:\/\/swigift.ch\/de\/","logo":{"@type":"ImageObject","inLanguage":"de","@id":"https:\/\/swigift.ch\/de\/#\/schema\/logo\/image\/","url":"https:\/\/swigift.ch\/wp-content\/uploads\/2024\/02\/swigift-logo-carte.png","contentUrl":"https:\/\/swigift.ch\/wp-content\/uploads\/2024\/02\/swigift-logo-carte.png","width":300,"height":412,"caption":"Id\u00e9e cadeau originale suisse, une boite contenant un bon cadeau local, une carte de voeux personnalis\u00e9e et plus encore"},"image":{"@id":"https:\/\/swigift.ch\/de\/#\/schema\/logo\/image\/"},"sameAs":["https:\/\/www.facebook.com\/people\/Swigift\/61558610159800\/","https:\/\/www.instagram.com\/swigift.ch\/","https:\/\/www.linkedin.com\/company\/swigift\/"]}]}},"_links":{"self":[{"href":"https:\/\/swigift.ch\/de\/wp-json\/wp\/v2\/product\/30928","targetHints":{"allow":["GET"]}}],"collection":[{"href":"https:\/\/swigift.ch\/de\/wp-json\/wp\/v2\/product"}],"about":[{"href":"https:\/\/swigift.ch\/de\/wp-json\/wp\/v2\/types\/product"}],"replies":[{"embeddable":true,"href":"https:\/\/swigift.ch\/de\/wp-json\/wp\/v2\/comments?post=30928"}],"version-history":[{"count":0,"href":"https:\/\/swigift.ch\/de\/wp-json\/wp\/v2\/product\/30928\/revisions"}],"wp:featuredmedia":[{"embeddable":true,"href":"https:\/\/swigift.ch\/de\/wp-json\/wp\/v2\/media\/32922"}],"wp:attachment":[{"href":"https:\/\/swigift.ch\/de\/wp-json\/wp\/v2\/media?parent=30928"}],"wp:term":[{"taxonomy":"product_brand","embeddable":true,"href":"https:\/\/swigift.ch\/de\/wp-json\/wp\/v2\/product_brand?post=30928"},{"taxonomy":"product_cat","embeddable":true,"href":"https:\/\/swigift.ch\/de\/wp-json\/wp\/v2\/product_cat?post=30928"},{"taxonomy":"product_tag","embeddable":true,"href":"https:\/\/swigift.ch\/de\/wp-json\/wp\/v2\/product_tag?post=30928"}],"curies":[{"name":"wp","href":"https:\/\/api.w.org\/{rel}","templated":true}]}}