{"id":30876,"date":"2024-05-24T15:25:24","date_gmt":"2024-05-24T13:25:24","guid":{"rendered":"https:\/\/swigift.ch\/?post_type=product&#038;p=30876"},"modified":"2025-06-02T15:42:11","modified_gmt":"2025-06-02T13:42:11","slug":"fly-xperience-tandemfluge-mit-dem-gleitschirm-schweizer-geschenk","status":"publish","type":"product","link":"https:\/\/swigift.ch\/de\/Produkt\/fly-xperience-tandemfluge-mit-dem-gleitschirm-schweizer-geschenk\/","title":{"rendered":"Twist&#8217;air &#8211; Gleitschirmfliegen (VS)"},"content":{"rendered":"<h4><strong>Geschenkgutschein bei Twist&#8217;air (Kanton Wallis)<\/strong><\/h4>\n<p>Sind Sie auf der Suche nach einem Schweizer Geschenk, das atemberaubende Landschaften und ein aussergew\u00f6hnliches Gef\u00fchl miteinander verbindet?<\/p>\n<p>Twist&#8217;air ist eine <strong>Paragliding<\/strong>-Schule, die von drei begeisterten Lehrern geleitet wird.<\/p>\n<p>Das Haus liegt in einem Bergdorf auf 1330 m H\u00f6he. in Vercorin, im<strong> Kanton Wallis,<\/strong> zwischen dem Naturschutzgebiet Vallon de R\u00e9chy und dem Eingang zum Val d&#8217;Anniviers, seine Wetterbedingungen machen ihn zu einer Hochburg des freien Fluges.<\/p>\n<p>Sie erreichen es mit der Seilbahn von Chalais aus oder \u00fcber die Strasse. Um das <strong>Twist&#8217;air-Team <\/strong>zu finden, m\u00fcssen Sie sich in die Mitte des Dorfes begeben oder den Kopf heben!<\/p>\n<p>Ein perfektes Geschenk f\u00fcr alle, die das Abenteuer lieben!<\/p>\n<ul>\n<li><strong>Mit einem Geschenkgutschein hat der Empf\u00e4nger die M\u00f6glichkeit, aus einer Reihe von Angeboten zu w\u00e4hlen:<\/strong>\n<ul>\n<li>Schnupperflug (140 chf)<\/li>\n<li>Magischer Flug (190 chf)<\/li>\n<li>M\u00e4rchenhafter Flug (240 chf)<\/li>\n<li>Nach Wahl des Empf\u00e4ngers (50 chf)<\/li>\n<\/ul>\n<\/li>\n<li><strong>Die Gutscheine k\u00f6nnen verwendet werden: <\/strong>\n<ul>\n<li>Kontakt per E-Mail<\/li>\n<\/ul>\n<\/li>\n<li><strong>G\u00fcltigkeitsdauer <\/strong>:\n<ul>\n<li>2 Jahre<\/li>\n<\/ul>\n<\/li>\n<\/ul>\n<p>&nbsp;<\/p>\n<p><a href=\"https:\/\/swigift.ch\/faq\/\">Eine spezielle Anfrage? Kontaktieren Sie uns hier \ud83d\ude42 <\/a><\/p>\n<p>&nbsp;<\/p>\n<p>Twist&#8217;air<br \/>\nRoute Edouard-Vallet<br \/>\n3967 Vercorin<\/p>\n<p><a href=\"https:\/\/www.twistair.ch\/\" target=\"_blank\" rel=\"noopener\">Link zur Website<\/a><\/p>\n<p>&nbsp;<\/p>\n<h4><strong>Swigift, das pers\u00f6nliche, schnelle und massgeschneiderte Schweizer Geschenk<\/strong><\/h4>\n<p>Swigift bietet Ihnen eine Schweizer Geschenkbox an, die einen <strong>Geschenkgutschein im Wert Ihrer Wahl<\/strong> enth\u00e4lt, z.B. einen Geschenkgutschein Sensation mit <strong>Twist\u2019air<\/strong>, aber nicht nur das!<\/p>\n<p>Sobald Sie den Schweizer Geschenkgutschein ausgew\u00e4hlt haben, w\u00e4hlen Sie eine <strong>Umschlagfarbe<\/strong> f\u00fcr die <strong>Grusskarte<\/strong> aus, die Sie im n\u00e4chsten Schritt erstellen.<\/p>\n<p>Geben Sie im Warenkorb das Lieferdatum und die Schweizer Versandadresse ein. <strong>Schnelle Lieferung innerhalb von 24 Stunden<\/strong>, wenn Sie von Montag bis Freitag vor 16.00 Uhr bestellen (unter bestimmten Bedingungen).<\/p>\n<p>Der Empf\u00e4nger erh\u00e4lt eine Versand-Geschenkbox mit vielen \u00dcberraschungen, sobald er sie \u00f6ffnet! Die Geschenke, die Sie ausgew\u00e4hlt und gestaltet haben, werden zusammen mit einem Holzst\u00e4nder f\u00fcr die Karte <strong>sorgf\u00e4ltig arrangiert<\/strong>.<\/p>\n<p>Der Beschenkte kann die <strong>Grusskarte<\/strong> vorzeigen und sich \u00fcber den von Ihnen gew\u00e4hlten <strong>tollen Schweizer Geschenkgutschein<\/strong> freuen.<\/p>\n<p>Swigift, das ideale Schweizer Geschenk f\u00fcr alle <strong>Gelegenheiten.<\/strong><\/p>\n<h4><strong>F\u00fcr welche Gelegenheiten<\/strong><\/h4>\n<p>Alle Anl\u00e4sse, ob Sie ein Geburtstagsgeschenk, ein Hochzeitsgeschenk, ein Geschenk zur Geburt, ein Geschenk zum Erfolg, ein Geschenk zur Pensionierung, ein Geschenk zum Jahresende oder einfach nur eine Freude machen wollen!<\/p>\n<p>Es spielt keine Rolle, ob Sie auf Reisen oder unterwegs sind, ob Sie als Schweizer Expatriate auf der Suche nach einer Schweizer Geschenkidee sind oder ob Sie einfach weit weg von einem geliebten Menschen sind,<strong> Swigift wird Ihre Bed\u00fcrfnisse erf\u00fcllen!<\/strong><\/p>\n<p>Modern und intuitiv zeichnet sich Swigift durch sein umfassendes, fantasievolles und emotionales Angebot aus, das unser Leben vereinfacht.<\/p>\n<p>&nbsp;<\/p>\n<p><a href=\"https:\/\/swigift.ch\/faq\/\">Ich w\u00fcrde gerne die FAQ-Seite konsultieren \ud83d\ude42<\/a><\/p>\n<p>&nbsp;<\/p>\n<p>Personalisierte Geschenkboxen Schweizer Geschenkgutschein Twist\u2019air.<\/p>\n<p>Swigift personalisierte Schweizer Geschenkboxen, Geschenkidee f\u00fcr einen Schweizer.<\/p>\n<p>Schweizer Geschenk Sensation, ferngesteuert versendet.<\/p>\n<p>Die Allgemeinen Gesch\u00e4ftsbedingungen sind verbindlich.<\/p>\n","protected":false},"excerpt":{"rendered":"<p>Ein gutes Geschenk f\u00fcr alle, die das Abenteuer lieben.<\/p>\n","protected":false},"featured_media":32537,"comment_status":"open","ping_status":"closed","template":"","meta":[],"product_brand":[],"product_cat":[65,63,59],"product_tag":[],"class_list":{"0":"post-30876","1":"product","2":"type-product","3":"status-publish","4":"has-post-thumbnail","6":"product_cat-alle","7":"product_cat-sport-und-freizeit","8":"product_cat-unterhaltung","10":"first","11":"instock","12":"purchasable","13":"product-type-variable"},"yoast_head":"<!-- This site is optimized with the Yoast SEO plugin v27.4 - https:\/\/yoast.com\/product\/yoast-seo-wordpress\/ -->\n<title>Schweizer Sensationsgeschenk - Swigift - Twist&#039;air - Gleitschirmfliegen (VS) %%page%<\/title>\n<meta name=\"description\" content=\"Eine schnelle und personalisierte Schweizer Geschenkbox mit Gutschein und Karte, bereit zum Verschenken! Ein Schweizer Geschenk Sensation\" \/>\n<meta name=\"robots\" content=\"index, follow, max-snippet:-1, max-image-preview:large, max-video-preview:-1\" \/>\n<link rel=\"canonical\" href=\"https:\/\/swigift.ch\/de\/Produkt\/fly-xperience-tandemfluge-mit-dem-gleitschirm-schweizer-geschenk\/\" \/>\n<meta property=\"og:locale\" content=\"de_DE\" \/>\n<meta property=\"og:type\" content=\"article\" \/>\n<meta property=\"og:title\" content=\"Schweizer Sensationsgeschenk - Swigift - Twist&#039;air - Gleitschirmfliegen (VS) %%page%\" \/>\n<meta property=\"og:description\" content=\"Eine schnelle und personalisierte Schweizer Geschenkbox mit Gutschein und Karte, bereit zum Verschenken! Ein Schweizer Geschenk Sensation\" \/>\n<meta property=\"og:url\" content=\"https:\/\/swigift.ch\/de\/Produkt\/fly-xperience-tandemfluge-mit-dem-gleitschirm-schweizer-geschenk\/\" \/>\n<meta property=\"og:site_name\" content=\"Swigift\" \/>\n<meta property=\"article:publisher\" content=\"https:\/\/www.facebook.com\/people\/Swigift\/61558610159800\/\" \/>\n<meta property=\"article:modified_time\" content=\"2025-06-02T13:42:11+00:00\" \/>\n<meta property=\"og:image\" content=\"https:\/\/swigift.ch\/wp-content\/uploads\/2024\/05\/twist-air-3-300x300.png\" \/>\n<meta name=\"twitter:card\" content=\"summary_large_image\" \/>\n<meta name=\"twitter:label1\" content=\"Gesch\u00e4tzte Lesezeit\" \/>\n\t<meta name=\"twitter:data1\" content=\"3\u00a0Minuten\" \/>\n<script type=\"application\/ld+json\" class=\"yoast-schema-graph\">{\"@context\":\"https:\\\/\\\/schema.org\",\"@graph\":[{\"@type\":\"WebPage\",\"@id\":\"https:\\\/\\\/swigift.ch\\\/de\\\/Produkt\\\/fly-xperience-tandemfluge-mit-dem-gleitschirm-schweizer-geschenk\\\/\",\"url\":\"https:\\\/\\\/swigift.ch\\\/de\\\/Produkt\\\/fly-xperience-tandemfluge-mit-dem-gleitschirm-schweizer-geschenk\\\/\",\"name\":\"Schweizer Sensationsgeschenk - Swigift - Twist'air - Gleitschirmfliegen (VS) %%page%\",\"isPartOf\":{\"@id\":\"https:\\\/\\\/swigift.ch\\\/de\\\/#website\"},\"primaryImageOfPage\":{\"@id\":\"https:\\\/\\\/swigift.ch\\\/de\\\/Produkt\\\/fly-xperience-tandemfluge-mit-dem-gleitschirm-schweizer-geschenk\\\/#primaryimage\"},\"image\":{\"@id\":\"https:\\\/\\\/swigift.ch\\\/de\\\/Produkt\\\/fly-xperience-tandemfluge-mit-dem-gleitschirm-schweizer-geschenk\\\/#primaryimage\"},\"thumbnailUrl\":\"https:\\\/\\\/swigift.ch\\\/wp-content\\\/uploads\\\/2024\\\/05\\\/19-twist-air.png\",\"datePublished\":\"2024-05-24T13:25:24+00:00\",\"dateModified\":\"2025-06-02T13:42:11+00:00\",\"description\":\"Eine schnelle und personalisierte Schweizer Geschenkbox mit Gutschein und Karte, bereit zum Verschenken! Ein Schweizer Geschenk Sensation\",\"breadcrumb\":{\"@id\":\"https:\\\/\\\/swigift.ch\\\/de\\\/Produkt\\\/fly-xperience-tandemfluge-mit-dem-gleitschirm-schweizer-geschenk\\\/#breadcrumb\"},\"inLanguage\":\"de\",\"potentialAction\":[{\"@type\":\"ReadAction\",\"target\":[\"https:\\\/\\\/swigift.ch\\\/de\\\/Produkt\\\/fly-xperience-tandemfluge-mit-dem-gleitschirm-schweizer-geschenk\\\/\"]}]},{\"@type\":\"ImageObject\",\"inLanguage\":\"de\",\"@id\":\"https:\\\/\\\/swigift.ch\\\/de\\\/Produkt\\\/fly-xperience-tandemfluge-mit-dem-gleitschirm-schweizer-geschenk\\\/#primaryimage\",\"url\":\"https:\\\/\\\/swigift.ch\\\/wp-content\\\/uploads\\\/2024\\\/05\\\/19-twist-air.png\",\"contentUrl\":\"https:\\\/\\\/swigift.ch\\\/wp-content\\\/uploads\\\/2024\\\/05\\\/19-twist-air.png\",\"width\":1500,\"height\":1500,\"caption\":\"Swigift- Geschenkgutschein - Gleitschirmfliegen -Wallis - Twistair - Schnelle Lieferung - Schweizer Geschenksensation\"},{\"@type\":\"BreadcrumbList\",\"@id\":\"https:\\\/\\\/swigift.ch\\\/de\\\/Produkt\\\/fly-xperience-tandemfluge-mit-dem-gleitschirm-schweizer-geschenk\\\/#breadcrumb\",\"itemListElement\":[{\"@type\":\"ListItem\",\"position\":1,\"name\":\"Accueil\",\"item\":\"https:\\\/\\\/swigift.ch\\\/de\\\/\"},{\"@type\":\"ListItem\",\"position\":2,\"name\":\"Shop\",\"item\":\"https:\\\/\\\/swigift.ch\\\/de\\\/shop\\\/\"},{\"@type\":\"ListItem\",\"position\":3,\"name\":\"Twist&rsquo;air &#8211; Gleitschirmfliegen (VS)\"}]},{\"@type\":\"WebSite\",\"@id\":\"https:\\\/\\\/swigift.ch\\\/de\\\/#website\",\"url\":\"https:\\\/\\\/swigift.ch\\\/de\\\/\",\"name\":\"Swigift\",\"description\":\"personalisierte Geschenke aus der Ferne\",\"publisher\":{\"@id\":\"https:\\\/\\\/swigift.ch\\\/de\\\/#organization\"},\"potentialAction\":[{\"@type\":\"SearchAction\",\"target\":{\"@type\":\"EntryPoint\",\"urlTemplate\":\"https:\\\/\\\/swigift.ch\\\/de\\\/?s={search_term_string}\"},\"query-input\":{\"@type\":\"PropertyValueSpecification\",\"valueRequired\":true,\"valueName\":\"search_term_string\"}}],\"inLanguage\":\"de\"},{\"@type\":\"Organization\",\"@id\":\"https:\\\/\\\/swigift.ch\\\/de\\\/#organization\",\"name\":\"Id\u00e9e cadeau originale suisse, une boite contenant un bon cadeau local, une carte de voeux personnalis\u00e9e et plus encore\",\"alternateName\":\"Boites cadeaux personnalis\u00e9es avec bon cadeau commerces Suisse et carte de voeux personnalis\u00e9e, livraison rapide en Suisse.\",\"url\":\"https:\\\/\\\/swigift.ch\\\/de\\\/\",\"logo\":{\"@type\":\"ImageObject\",\"inLanguage\":\"de\",\"@id\":\"https:\\\/\\\/swigift.ch\\\/de\\\/#\\\/schema\\\/logo\\\/image\\\/\",\"url\":\"https:\\\/\\\/swigift.ch\\\/wp-content\\\/uploads\\\/2024\\\/02\\\/swigift-logo-carte.png\",\"contentUrl\":\"https:\\\/\\\/swigift.ch\\\/wp-content\\\/uploads\\\/2024\\\/02\\\/swigift-logo-carte.png\",\"width\":300,\"height\":412,\"caption\":\"Id\u00e9e cadeau originale suisse, une boite contenant un bon cadeau local, une carte de voeux personnalis\u00e9e et plus encore\"},\"image\":{\"@id\":\"https:\\\/\\\/swigift.ch\\\/de\\\/#\\\/schema\\\/logo\\\/image\\\/\"},\"sameAs\":[\"https:\\\/\\\/www.facebook.com\\\/people\\\/Swigift\\\/61558610159800\\\/\",\"https:\\\/\\\/www.instagram.com\\\/swigift.ch\\\/\",\"https:\\\/\\\/www.linkedin.com\\\/company\\\/swigift\\\/\"]}]}<\/script>\n<!-- \/ Yoast SEO plugin. -->","yoast_head_json":{"title":"Schweizer Sensationsgeschenk - Swigift - Twist'air - Gleitschirmfliegen (VS) %%page%","description":"Eine schnelle und personalisierte Schweizer Geschenkbox mit Gutschein und Karte, bereit zum Verschenken! Ein Schweizer Geschenk Sensation","robots":{"index":"index","follow":"follow","max-snippet":"max-snippet:-1","max-image-preview":"max-image-preview:large","max-video-preview":"max-video-preview:-1"},"canonical":"https:\/\/swigift.ch\/de\/Produkt\/fly-xperience-tandemfluge-mit-dem-gleitschirm-schweizer-geschenk\/","og_locale":"de_DE","og_type":"article","og_title":"Schweizer Sensationsgeschenk - Swigift - Twist'air - Gleitschirmfliegen (VS) %%page%","og_description":"Eine schnelle und personalisierte Schweizer Geschenkbox mit Gutschein und Karte, bereit zum Verschenken! Ein Schweizer Geschenk Sensation","og_url":"https:\/\/swigift.ch\/de\/Produkt\/fly-xperience-tandemfluge-mit-dem-gleitschirm-schweizer-geschenk\/","og_site_name":"Swigift","article_publisher":"https:\/\/www.facebook.com\/people\/Swigift\/61558610159800\/","article_modified_time":"2025-06-02T13:42:11+00:00","og_image":[{"url":"https:\/\/swigift.ch\/wp-content\/uploads\/2024\/05\/twist-air-3-300x300.png","type":"","width":"","height":""}],"twitter_card":"summary_large_image","twitter_misc":{"Gesch\u00e4tzte Lesezeit":"3\u00a0Minuten"},"schema":{"@context":"https:\/\/schema.org","@graph":[{"@type":"WebPage","@id":"https:\/\/swigift.ch\/de\/Produkt\/fly-xperience-tandemfluge-mit-dem-gleitschirm-schweizer-geschenk\/","url":"https:\/\/swigift.ch\/de\/Produkt\/fly-xperience-tandemfluge-mit-dem-gleitschirm-schweizer-geschenk\/","name":"Schweizer Sensationsgeschenk - Swigift - Twist'air - Gleitschirmfliegen (VS) %%page%","isPartOf":{"@id":"https:\/\/swigift.ch\/de\/#website"},"primaryImageOfPage":{"@id":"https:\/\/swigift.ch\/de\/Produkt\/fly-xperience-tandemfluge-mit-dem-gleitschirm-schweizer-geschenk\/#primaryimage"},"image":{"@id":"https:\/\/swigift.ch\/de\/Produkt\/fly-xperience-tandemfluge-mit-dem-gleitschirm-schweizer-geschenk\/#primaryimage"},"thumbnailUrl":"https:\/\/swigift.ch\/wp-content\/uploads\/2024\/05\/19-twist-air.png","datePublished":"2024-05-24T13:25:24+00:00","dateModified":"2025-06-02T13:42:11+00:00","description":"Eine schnelle und personalisierte Schweizer Geschenkbox mit Gutschein und Karte, bereit zum Verschenken! Ein Schweizer Geschenk Sensation","breadcrumb":{"@id":"https:\/\/swigift.ch\/de\/Produkt\/fly-xperience-tandemfluge-mit-dem-gleitschirm-schweizer-geschenk\/#breadcrumb"},"inLanguage":"de","potentialAction":[{"@type":"ReadAction","target":["https:\/\/swigift.ch\/de\/Produkt\/fly-xperience-tandemfluge-mit-dem-gleitschirm-schweizer-geschenk\/"]}]},{"@type":"ImageObject","inLanguage":"de","@id":"https:\/\/swigift.ch\/de\/Produkt\/fly-xperience-tandemfluge-mit-dem-gleitschirm-schweizer-geschenk\/#primaryimage","url":"https:\/\/swigift.ch\/wp-content\/uploads\/2024\/05\/19-twist-air.png","contentUrl":"https:\/\/swigift.ch\/wp-content\/uploads\/2024\/05\/19-twist-air.png","width":1500,"height":1500,"caption":"Swigift- Geschenkgutschein - Gleitschirmfliegen -Wallis - Twistair - Schnelle Lieferung - Schweizer Geschenksensation"},{"@type":"BreadcrumbList","@id":"https:\/\/swigift.ch\/de\/Produkt\/fly-xperience-tandemfluge-mit-dem-gleitschirm-schweizer-geschenk\/#breadcrumb","itemListElement":[{"@type":"ListItem","position":1,"name":"Accueil","item":"https:\/\/swigift.ch\/de\/"},{"@type":"ListItem","position":2,"name":"Shop","item":"https:\/\/swigift.ch\/de\/shop\/"},{"@type":"ListItem","position":3,"name":"Twist&rsquo;air &#8211; Gleitschirmfliegen (VS)"}]},{"@type":"WebSite","@id":"https:\/\/swigift.ch\/de\/#website","url":"https:\/\/swigift.ch\/de\/","name":"Swigift","description":"personalisierte Geschenke aus der Ferne","publisher":{"@id":"https:\/\/swigift.ch\/de\/#organization"},"potentialAction":[{"@type":"SearchAction","target":{"@type":"EntryPoint","urlTemplate":"https:\/\/swigift.ch\/de\/?s={search_term_string}"},"query-input":{"@type":"PropertyValueSpecification","valueRequired":true,"valueName":"search_term_string"}}],"inLanguage":"de"},{"@type":"Organization","@id":"https:\/\/swigift.ch\/de\/#organization","name":"Id\u00e9e cadeau originale suisse, une boite contenant un bon cadeau local, une carte de voeux personnalis\u00e9e et plus encore","alternateName":"Boites cadeaux personnalis\u00e9es avec bon cadeau commerces Suisse et carte de voeux personnalis\u00e9e, livraison rapide en Suisse.","url":"https:\/\/swigift.ch\/de\/","logo":{"@type":"ImageObject","inLanguage":"de","@id":"https:\/\/swigift.ch\/de\/#\/schema\/logo\/image\/","url":"https:\/\/swigift.ch\/wp-content\/uploads\/2024\/02\/swigift-logo-carte.png","contentUrl":"https:\/\/swigift.ch\/wp-content\/uploads\/2024\/02\/swigift-logo-carte.png","width":300,"height":412,"caption":"Id\u00e9e cadeau originale suisse, une boite contenant un bon cadeau local, une carte de voeux personnalis\u00e9e et plus encore"},"image":{"@id":"https:\/\/swigift.ch\/de\/#\/schema\/logo\/image\/"},"sameAs":["https:\/\/www.facebook.com\/people\/Swigift\/61558610159800\/","https:\/\/www.instagram.com\/swigift.ch\/","https:\/\/www.linkedin.com\/company\/swigift\/"]}]}},"_links":{"self":[{"href":"https:\/\/swigift.ch\/de\/wp-json\/wp\/v2\/product\/30876","targetHints":{"allow":["GET"]}}],"collection":[{"href":"https:\/\/swigift.ch\/de\/wp-json\/wp\/v2\/product"}],"about":[{"href":"https:\/\/swigift.ch\/de\/wp-json\/wp\/v2\/types\/product"}],"replies":[{"embeddable":true,"href":"https:\/\/swigift.ch\/de\/wp-json\/wp\/v2\/comments?post=30876"}],"version-history":[{"count":0,"href":"https:\/\/swigift.ch\/de\/wp-json\/wp\/v2\/product\/30876\/revisions"}],"wp:featuredmedia":[{"embeddable":true,"href":"https:\/\/swigift.ch\/de\/wp-json\/wp\/v2\/media\/32537"}],"wp:attachment":[{"href":"https:\/\/swigift.ch\/de\/wp-json\/wp\/v2\/media?parent=30876"}],"wp:term":[{"taxonomy":"product_brand","embeddable":true,"href":"https:\/\/swigift.ch\/de\/wp-json\/wp\/v2\/product_brand?post=30876"},{"taxonomy":"product_cat","embeddable":true,"href":"https:\/\/swigift.ch\/de\/wp-json\/wp\/v2\/product_cat?post=30876"},{"taxonomy":"product_tag","embeddable":true,"href":"https:\/\/swigift.ch\/de\/wp-json\/wp\/v2\/product_tag?post=30876"}],"curies":[{"name":"wp","href":"https:\/\/api.w.org\/{rel}","templated":true}]}}