{"id":30834,"date":"2024-05-24T15:07:05","date_gmt":"2024-05-24T13:07:05","guid":{"rendered":"https:\/\/swigift.ch\/?post_type=product&#038;p=30834"},"modified":"2025-06-02T15:42:08","modified_gmt":"2025-06-02T13:42:08","slug":"brasserie-tonnebiere-schweizer-geschenk-lokales-handwerk","status":"publish","type":"product","link":"https:\/\/swigift.ch\/de\/Produkt\/brasserie-tonnebiere-schweizer-geschenk-lokales-handwerk\/","title":{"rendered":"Brauerei Tonnebi\u00e8re (JU)"},"content":{"rendered":"<h4><strong>Geschenkgutschein f\u00fcr die Brauerei Tonnebi\u00e8re (Kanton Jura)<\/strong><\/h4>\n<p><span class=\"OYPEnA font-feature-liga-off font-feature-clig-off font-feature-calt-off text-decoration-none text-strikethrough-none\">Sind Sie auf der Suche nach einer Schweizer Geschenkidee, etwas Originellem, Handwerklichem und Lokalem, z. B. von einer Brauerei aus dem Jura?<\/span><\/p>\n<p>Die Brauerei Tonnebi\u00e8re befindet sich in der kleinen <strong>mittelalterlichen Stadt<\/strong> St-Ursanne.<\/p>\n<p>Das <strong>Bier<\/strong> wurde urspr\u00fcnglich in einem Keller gebraut, aber heute hat es das Gl\u00fcck, in einem vollst\u00e4ndig renovierten, 100 Jahre alten Geb\u00e4ude gedeihen zu k\u00f6nnen, in dem die G\u00e4rtanks einen Blick auf das ber\u00fchmte Viadukt der historischen Stadt haben.<\/p>\n<p>Das Standardsortiment besteht aus acht verschiedenen, meist hopfenreichen Bieren, die je nach Lust und Laune und je nach Jahreszeit durch verschiedene <strong>Brauarten mit unterschiedlichen<\/strong> Einfl\u00fcssen erg\u00e4nzt werden.<\/p>\n<p>Ein ideales Geschenk f\u00fcr Liebhaber von gutem, handwerklich gebrauten Bier!<\/p>\n<ul>\n<li><strong>Mit einem Geschenkgutschein kann der Empf\u00e4nger sich selbst eine Freude machen, indem er unter :<\/strong>\n<ul>\n<li>Eine Vielfalt an schmackhaften Bieren aus dem gesamten Sortiment der Brauerei! (Preisbeispiele pro 33 cl Flasche: zwischen 4.00 und 5.00 CHF)<\/li>\n<li>Dienstleistungen, die von der Brauerei angeboten werden (Vermietung usw.).<\/li>\n<\/ul>\n<\/li>\n<li><strong>Die Gutscheine k\u00f6nnen verwendet werden: <\/strong>\n<ul>\n<li>Kontakt per E-Mail oder vor Ort<\/li>\n<\/ul>\n<\/li>\n<li><strong>G\u00fcltigkeitsdauer <\/strong>:\n<ul>\n<li>5 Jahre<\/li>\n<\/ul>\n<\/li>\n<\/ul>\n<p>&nbsp;<\/p>\n<p><a href=\"https:\/\/swigift.ch\/de\/kontakt\/\">Eine spezielle Anfrage? Kontaktieren Sie uns hier <img decoding=\"async\" class=\"emoji\" role=\"img\" draggable=\"false\" src=\"https:\/\/s.w.org\/images\/core\/emoji\/15.0.3\/svg\/1f642.svg\" alt=\"\ud83d\ude42\" \/><\/a><\/p>\n<p>&nbsp;<\/p>\n<p>Brasserie Tonnebi\u00e8re<br \/>\nRoute des Rangiers 56<br \/>\n2882 St-Ursanne<\/p>\n<p><a href=\"https:\/\/www.tonnebiere.ch\/\" target=\"_blank\" rel=\"noopener\">Link zur Website<\/a><\/p>\n<p>&nbsp;<\/p>\n<h4><strong>Swigift, das pers\u00f6nliche, schnelle und massgeschneiderte Schweizer Geschenk<\/strong><\/h4>\n<p>Swigift bietet Ihnen eine Schweizer Geschenkbox an, die einen <strong>Wertgutschein<\/strong> Ihrer Wahl enth\u00e4lt, z. B. einen lokalen und handwerklichen Geschenkgutschein der <strong>Braurei Tonnebi\u00e8re<\/strong>, aber nicht nur das!<\/p>\n<p>Sobald Sie den Schweizer Geschenkgutschein ausgew\u00e4hlt haben, w\u00e4hlen Sie eine <strong>Umschlagfarbe<\/strong> f\u00fcr die <strong>Grusskarte<\/strong> aus, die Sie im n\u00e4chsten Schritt erstellen.<\/p>\n<p>Geben Sie im Warenkorb das Lieferdatum und die Schweizer Versandadresse ein. <strong>Schnelle Lieferung innerhalb von 24 Stunden<\/strong>, wenn Sie von Montag bis Freitag vor 16.00 Uhr bestellen (unter bestimmten Bedingungen).<\/p>\n<p>Der Empf\u00e4nger erh\u00e4lt eine Versand-Geschenkbox mit vielen \u00dcberraschungen, sobald er sie \u00f6ffnet! Die Geschenke, die Sie ausgew\u00e4hlt und gestaltet haben, werden zusammen mit einem Holzst\u00e4nder f\u00fcr die Karte <strong>sorgf\u00e4ltig arrangiert<\/strong>.<\/p>\n<p>Der Beschenkte kann die <strong>Grusskarte<\/strong> vorzeigen und sich \u00fcber den von Ihnen gew\u00e4hlten <strong>tollen Schweizer Geschenkgutschein<\/strong> freuen.<\/p>\n<p>Swigift, das ideale Schweizer Geschenk f\u00fcr alle <strong>Gelegenheiten.<\/strong><\/p>\n<p>&nbsp;<\/p>\n<h4><strong>F\u00fcr welche Gelegenheiten<\/strong><\/h4>\n<p>Alle Anl\u00e4sse, ob Sie ein Geburtstagsgeschenk, ein Hochzeitsgeschenk, ein Geschenk zur Geburt, ein Geschenk zum Erfolg, ein Geschenk zur Pensionierung, ein Geschenk zum Jahresende oder einfach nur eine Freude machen wollen!<\/p>\n<p>Es spielt keine Rolle, ob Sie auf Reisen oder unterwegs sind, ob Sie als Schweizer Expatriate auf der Suche nach einer Schweizer Geschenkidee sind oder ob Sie einfach weit weg von einem geliebten Menschen sind,<strong> Swigift wird Ihre Bed\u00fcrfnisse erf\u00fcllen!<\/strong><\/p>\n<p>Modern und intuitiv zeichnet sich Swigift durch sein umfassendes, fantasievolles und emotionales Angebot aus, das unser Leben vereinfacht.<\/p>\n<p>&nbsp;<\/p>\n<p><a href=\"https:\/\/swigift.ch\/faq\/\">Ich w\u00fcrde gerne die FAQ-Seite konsultieren \ud83d\ude42<\/a><\/p>\n<p>&nbsp;<\/p>\n<p>Personalisierte Geschenkboxen Schweizer Geschenkgutschein Brasserie Tonnebi\u00e8re.<\/p>\n<p>Swigift personalisierte Schweizer Geschenkboxen, Geschenkidee f\u00fcr einen Schweizer.<\/p>\n<p>Schweizer Geschenk lokales Handwerk, per Fernversand verschickt.<\/p>\n<p>Die Allgemeinen Gesch\u00e4ftsbedingungen sind verbindlich.<\/p>\n","protected":false},"excerpt":{"rendered":"<p>Ein ideales Geschenk f\u00fcr Bierliebhaber.<\/p>\n","protected":false},"featured_media":32552,"comment_status":"open","ping_status":"closed","template":"","meta":[],"product_brand":[],"product_cat":[65,70],"product_tag":[],"class_list":{"0":"post-30834","1":"product","2":"type-product","3":"status-publish","4":"has-post-thumbnail","6":"product_cat-alle","7":"product_cat-trinken-und-essen","8":"product_shipping_class-swigift-1-boite-complete","10":"first","11":"instock","12":"purchasable","13":"product-type-variable"},"yoast_head":"<!-- This site is optimized with the Yoast SEO plugin v27.4 - https:\/\/yoast.com\/product\/yoast-seo-wordpress\/ -->\n<title>Schweizer Geschenk lokales Handwerk - Swigift - Brauerei Tonnebi\u00e8re (JU) %%page%<\/title>\n<meta name=\"description\" content=\"Personalisierte Schweizer Box mit Geschenkgutschein und Karte, schnell geliefert \u2013 das perfekte Geschenk. Schweizer Geschenk lokales Handwerk Schweizer Geschenk lokales Handwerk\" \/>\n<meta name=\"robots\" content=\"index, follow, max-snippet:-1, max-image-preview:large, max-video-preview:-1\" \/>\n<link rel=\"canonical\" href=\"https:\/\/swigift.ch\/de\/Produkt\/brasserie-tonnebiere-schweizer-geschenk-lokales-handwerk\/\" \/>\n<meta property=\"og:locale\" content=\"de_DE\" \/>\n<meta property=\"og:type\" content=\"article\" \/>\n<meta property=\"og:title\" content=\"Schweizer Geschenk lokales Handwerk - Swigift - Brauerei Tonnebi\u00e8re (JU) %%page%\" \/>\n<meta property=\"og:description\" content=\"Personalisierte Schweizer Box mit Geschenkgutschein und Karte, schnell geliefert \u2013 das perfekte Geschenk. Schweizer Geschenk lokales Handwerk Schweizer Geschenk lokales Handwerk\" \/>\n<meta property=\"og:url\" content=\"https:\/\/swigift.ch\/de\/Produkt\/brasserie-tonnebiere-schweizer-geschenk-lokales-handwerk\/\" \/>\n<meta property=\"og:site_name\" content=\"Swigift\" \/>\n<meta property=\"article:publisher\" content=\"https:\/\/www.facebook.com\/people\/Swigift\/61558610159800\/\" \/>\n<meta property=\"article:modified_time\" content=\"2025-06-02T13:42:08+00:00\" \/>\n<meta property=\"og:image\" content=\"https:\/\/swigift.ch\/wp-content\/uploads\/2024\/05\/tonnebiere-6-300x300.png\" \/>\n<meta name=\"twitter:card\" content=\"summary_large_image\" \/>\n<meta name=\"twitter:label1\" content=\"Gesch\u00e4tzte Lesezeit\" \/>\n\t<meta name=\"twitter:data1\" content=\"3\u00a0Minuten\" \/>\n<script type=\"application\/ld+json\" class=\"yoast-schema-graph\">{\"@context\":\"https:\\\/\\\/schema.org\",\"@graph\":[{\"@type\":\"WebPage\",\"@id\":\"https:\\\/\\\/swigift.ch\\\/de\\\/Produkt\\\/brasserie-tonnebiere-schweizer-geschenk-lokales-handwerk\\\/\",\"url\":\"https:\\\/\\\/swigift.ch\\\/de\\\/Produkt\\\/brasserie-tonnebiere-schweizer-geschenk-lokales-handwerk\\\/\",\"name\":\"Schweizer Geschenk lokales Handwerk - Swigift - Brauerei Tonnebi\u00e8re (JU) %%page%\",\"isPartOf\":{\"@id\":\"https:\\\/\\\/swigift.ch\\\/de\\\/#website\"},\"primaryImageOfPage\":{\"@id\":\"https:\\\/\\\/swigift.ch\\\/de\\\/Produkt\\\/brasserie-tonnebiere-schweizer-geschenk-lokales-handwerk\\\/#primaryimage\"},\"image\":{\"@id\":\"https:\\\/\\\/swigift.ch\\\/de\\\/Produkt\\\/brasserie-tonnebiere-schweizer-geschenk-lokales-handwerk\\\/#primaryimage\"},\"thumbnailUrl\":\"https:\\\/\\\/swigift.ch\\\/wp-content\\\/uploads\\\/2024\\\/05\\\/07-tonnebiere.png\",\"datePublished\":\"2024-05-24T13:07:05+00:00\",\"dateModified\":\"2025-06-02T13:42:08+00:00\",\"description\":\"Personalisierte Schweizer Box mit Geschenkgutschein und Karte, schnell geliefert \u2013 das perfekte Geschenk. Schweizer Geschenk lokales Handwerk Schweizer Geschenk lokales Handwerk\",\"breadcrumb\":{\"@id\":\"https:\\\/\\\/swigift.ch\\\/de\\\/Produkt\\\/brasserie-tonnebiere-schweizer-geschenk-lokales-handwerk\\\/#breadcrumb\"},\"inLanguage\":\"de\",\"potentialAction\":[{\"@type\":\"ReadAction\",\"target\":[\"https:\\\/\\\/swigift.ch\\\/de\\\/Produkt\\\/brasserie-tonnebiere-schweizer-geschenk-lokales-handwerk\\\/\"]}]},{\"@type\":\"ImageObject\",\"inLanguage\":\"de\",\"@id\":\"https:\\\/\\\/swigift.ch\\\/de\\\/Produkt\\\/brasserie-tonnebiere-schweizer-geschenk-lokales-handwerk\\\/#primaryimage\",\"url\":\"https:\\\/\\\/swigift.ch\\\/wp-content\\\/uploads\\\/2024\\\/05\\\/07-tonnebiere.png\",\"contentUrl\":\"https:\\\/\\\/swigift.ch\\\/wp-content\\\/uploads\\\/2024\\\/05\\\/07-tonnebiere.png\",\"width\":1500,\"height\":1500,\"caption\":\"Swigift- Geschenkgutschein - La Tonnebi\u00e8re - Bier - schnelle Lieferung Schweiz\"},{\"@type\":\"BreadcrumbList\",\"@id\":\"https:\\\/\\\/swigift.ch\\\/de\\\/Produkt\\\/brasserie-tonnebiere-schweizer-geschenk-lokales-handwerk\\\/#breadcrumb\",\"itemListElement\":[{\"@type\":\"ListItem\",\"position\":1,\"name\":\"Accueil\",\"item\":\"https:\\\/\\\/swigift.ch\\\/de\\\/\"},{\"@type\":\"ListItem\",\"position\":2,\"name\":\"Shop\",\"item\":\"https:\\\/\\\/swigift.ch\\\/de\\\/shop\\\/\"},{\"@type\":\"ListItem\",\"position\":3,\"name\":\"Brauerei Tonnebi\u00e8re (JU)\"}]},{\"@type\":\"WebSite\",\"@id\":\"https:\\\/\\\/swigift.ch\\\/de\\\/#website\",\"url\":\"https:\\\/\\\/swigift.ch\\\/de\\\/\",\"name\":\"Swigift\",\"description\":\"personalisierte Geschenke aus der Ferne\",\"publisher\":{\"@id\":\"https:\\\/\\\/swigift.ch\\\/de\\\/#organization\"},\"potentialAction\":[{\"@type\":\"SearchAction\",\"target\":{\"@type\":\"EntryPoint\",\"urlTemplate\":\"https:\\\/\\\/swigift.ch\\\/de\\\/?s={search_term_string}\"},\"query-input\":{\"@type\":\"PropertyValueSpecification\",\"valueRequired\":true,\"valueName\":\"search_term_string\"}}],\"inLanguage\":\"de\"},{\"@type\":\"Organization\",\"@id\":\"https:\\\/\\\/swigift.ch\\\/de\\\/#organization\",\"name\":\"Id\u00e9e cadeau originale suisse, une boite contenant un bon cadeau local, une carte de voeux personnalis\u00e9e et plus encore\",\"alternateName\":\"Boites cadeaux personnalis\u00e9es avec bon cadeau commerces Suisse et carte de voeux personnalis\u00e9e, livraison rapide en Suisse.\",\"url\":\"https:\\\/\\\/swigift.ch\\\/de\\\/\",\"logo\":{\"@type\":\"ImageObject\",\"inLanguage\":\"de\",\"@id\":\"https:\\\/\\\/swigift.ch\\\/de\\\/#\\\/schema\\\/logo\\\/image\\\/\",\"url\":\"https:\\\/\\\/swigift.ch\\\/wp-content\\\/uploads\\\/2024\\\/02\\\/swigift-logo-carte.png\",\"contentUrl\":\"https:\\\/\\\/swigift.ch\\\/wp-content\\\/uploads\\\/2024\\\/02\\\/swigift-logo-carte.png\",\"width\":300,\"height\":412,\"caption\":\"Id\u00e9e cadeau originale suisse, une boite contenant un bon cadeau local, une carte de voeux personnalis\u00e9e et plus encore\"},\"image\":{\"@id\":\"https:\\\/\\\/swigift.ch\\\/de\\\/#\\\/schema\\\/logo\\\/image\\\/\"},\"sameAs\":[\"https:\\\/\\\/www.facebook.com\\\/people\\\/Swigift\\\/61558610159800\\\/\",\"https:\\\/\\\/www.instagram.com\\\/swigift.ch\\\/\",\"https:\\\/\\\/www.linkedin.com\\\/company\\\/swigift\\\/\"]}]}<\/script>\n<!-- \/ Yoast SEO plugin. -->","yoast_head_json":{"title":"Schweizer Geschenk lokales Handwerk - Swigift - Brauerei Tonnebi\u00e8re (JU) %%page%","description":"Personalisierte Schweizer Box mit Geschenkgutschein und Karte, schnell geliefert \u2013 das perfekte Geschenk. Schweizer Geschenk lokales Handwerk Schweizer Geschenk lokales Handwerk","robots":{"index":"index","follow":"follow","max-snippet":"max-snippet:-1","max-image-preview":"max-image-preview:large","max-video-preview":"max-video-preview:-1"},"canonical":"https:\/\/swigift.ch\/de\/Produkt\/brasserie-tonnebiere-schweizer-geschenk-lokales-handwerk\/","og_locale":"de_DE","og_type":"article","og_title":"Schweizer Geschenk lokales Handwerk - Swigift - Brauerei Tonnebi\u00e8re (JU) %%page%","og_description":"Personalisierte Schweizer Box mit Geschenkgutschein und Karte, schnell geliefert \u2013 das perfekte Geschenk. Schweizer Geschenk lokales Handwerk Schweizer Geschenk lokales Handwerk","og_url":"https:\/\/swigift.ch\/de\/Produkt\/brasserie-tonnebiere-schweizer-geschenk-lokales-handwerk\/","og_site_name":"Swigift","article_publisher":"https:\/\/www.facebook.com\/people\/Swigift\/61558610159800\/","article_modified_time":"2025-06-02T13:42:08+00:00","og_image":[{"url":"https:\/\/swigift.ch\/wp-content\/uploads\/2024\/05\/tonnebiere-6-300x300.png","type":"","width":"","height":""}],"twitter_card":"summary_large_image","twitter_misc":{"Gesch\u00e4tzte Lesezeit":"3\u00a0Minuten"},"schema":{"@context":"https:\/\/schema.org","@graph":[{"@type":"WebPage","@id":"https:\/\/swigift.ch\/de\/Produkt\/brasserie-tonnebiere-schweizer-geschenk-lokales-handwerk\/","url":"https:\/\/swigift.ch\/de\/Produkt\/brasserie-tonnebiere-schweizer-geschenk-lokales-handwerk\/","name":"Schweizer Geschenk lokales Handwerk - Swigift - Brauerei Tonnebi\u00e8re (JU) %%page%","isPartOf":{"@id":"https:\/\/swigift.ch\/de\/#website"},"primaryImageOfPage":{"@id":"https:\/\/swigift.ch\/de\/Produkt\/brasserie-tonnebiere-schweizer-geschenk-lokales-handwerk\/#primaryimage"},"image":{"@id":"https:\/\/swigift.ch\/de\/Produkt\/brasserie-tonnebiere-schweizer-geschenk-lokales-handwerk\/#primaryimage"},"thumbnailUrl":"https:\/\/swigift.ch\/wp-content\/uploads\/2024\/05\/07-tonnebiere.png","datePublished":"2024-05-24T13:07:05+00:00","dateModified":"2025-06-02T13:42:08+00:00","description":"Personalisierte Schweizer Box mit Geschenkgutschein und Karte, schnell geliefert \u2013 das perfekte Geschenk. Schweizer Geschenk lokales Handwerk Schweizer Geschenk lokales Handwerk","breadcrumb":{"@id":"https:\/\/swigift.ch\/de\/Produkt\/brasserie-tonnebiere-schweizer-geschenk-lokales-handwerk\/#breadcrumb"},"inLanguage":"de","potentialAction":[{"@type":"ReadAction","target":["https:\/\/swigift.ch\/de\/Produkt\/brasserie-tonnebiere-schweizer-geschenk-lokales-handwerk\/"]}]},{"@type":"ImageObject","inLanguage":"de","@id":"https:\/\/swigift.ch\/de\/Produkt\/brasserie-tonnebiere-schweizer-geschenk-lokales-handwerk\/#primaryimage","url":"https:\/\/swigift.ch\/wp-content\/uploads\/2024\/05\/07-tonnebiere.png","contentUrl":"https:\/\/swigift.ch\/wp-content\/uploads\/2024\/05\/07-tonnebiere.png","width":1500,"height":1500,"caption":"Swigift- Geschenkgutschein - La Tonnebi\u00e8re - Bier - schnelle Lieferung Schweiz"},{"@type":"BreadcrumbList","@id":"https:\/\/swigift.ch\/de\/Produkt\/brasserie-tonnebiere-schweizer-geschenk-lokales-handwerk\/#breadcrumb","itemListElement":[{"@type":"ListItem","position":1,"name":"Accueil","item":"https:\/\/swigift.ch\/de\/"},{"@type":"ListItem","position":2,"name":"Shop","item":"https:\/\/swigift.ch\/de\/shop\/"},{"@type":"ListItem","position":3,"name":"Brauerei Tonnebi\u00e8re (JU)"}]},{"@type":"WebSite","@id":"https:\/\/swigift.ch\/de\/#website","url":"https:\/\/swigift.ch\/de\/","name":"Swigift","description":"personalisierte Geschenke aus der Ferne","publisher":{"@id":"https:\/\/swigift.ch\/de\/#organization"},"potentialAction":[{"@type":"SearchAction","target":{"@type":"EntryPoint","urlTemplate":"https:\/\/swigift.ch\/de\/?s={search_term_string}"},"query-input":{"@type":"PropertyValueSpecification","valueRequired":true,"valueName":"search_term_string"}}],"inLanguage":"de"},{"@type":"Organization","@id":"https:\/\/swigift.ch\/de\/#organization","name":"Id\u00e9e cadeau originale suisse, une boite contenant un bon cadeau local, une carte de voeux personnalis\u00e9e et plus encore","alternateName":"Boites cadeaux personnalis\u00e9es avec bon cadeau commerces Suisse et carte de voeux personnalis\u00e9e, livraison rapide en Suisse.","url":"https:\/\/swigift.ch\/de\/","logo":{"@type":"ImageObject","inLanguage":"de","@id":"https:\/\/swigift.ch\/de\/#\/schema\/logo\/image\/","url":"https:\/\/swigift.ch\/wp-content\/uploads\/2024\/02\/swigift-logo-carte.png","contentUrl":"https:\/\/swigift.ch\/wp-content\/uploads\/2024\/02\/swigift-logo-carte.png","width":300,"height":412,"caption":"Id\u00e9e cadeau originale suisse, une boite contenant un bon cadeau local, une carte de voeux personnalis\u00e9e et plus encore"},"image":{"@id":"https:\/\/swigift.ch\/de\/#\/schema\/logo\/image\/"},"sameAs":["https:\/\/www.facebook.com\/people\/Swigift\/61558610159800\/","https:\/\/www.instagram.com\/swigift.ch\/","https:\/\/www.linkedin.com\/company\/swigift\/"]}]}},"_links":{"self":[{"href":"https:\/\/swigift.ch\/de\/wp-json\/wp\/v2\/product\/30834","targetHints":{"allow":["GET"]}}],"collection":[{"href":"https:\/\/swigift.ch\/de\/wp-json\/wp\/v2\/product"}],"about":[{"href":"https:\/\/swigift.ch\/de\/wp-json\/wp\/v2\/types\/product"}],"replies":[{"embeddable":true,"href":"https:\/\/swigift.ch\/de\/wp-json\/wp\/v2\/comments?post=30834"}],"version-history":[{"count":0,"href":"https:\/\/swigift.ch\/de\/wp-json\/wp\/v2\/product\/30834\/revisions"}],"wp:featuredmedia":[{"embeddable":true,"href":"https:\/\/swigift.ch\/de\/wp-json\/wp\/v2\/media\/32552"}],"wp:attachment":[{"href":"https:\/\/swigift.ch\/de\/wp-json\/wp\/v2\/media?parent=30834"}],"wp:term":[{"taxonomy":"product_brand","embeddable":true,"href":"https:\/\/swigift.ch\/de\/wp-json\/wp\/v2\/product_brand?post=30834"},{"taxonomy":"product_cat","embeddable":true,"href":"https:\/\/swigift.ch\/de\/wp-json\/wp\/v2\/product_cat?post=30834"},{"taxonomy":"product_tag","embeddable":true,"href":"https:\/\/swigift.ch\/de\/wp-json\/wp\/v2\/product_tag?post=30834"}],"curies":[{"name":"wp","href":"https:\/\/api.w.org\/{rel}","templated":true}]}}