{"id":30492,"date":"2024-05-17T15:34:11","date_gmt":"2024-05-17T13:34:11","guid":{"rendered":"https:\/\/swigift.ch\/?post_type=product&#038;p=30492"},"modified":"2025-06-02T15:41:44","modified_gmt":"2025-06-02T13:41:44","slug":"la-forgeovelo-schweizer-geschenk-fahrrad-ausruestung-geschenkidee","status":"publish","type":"product","link":"https:\/\/swigift.ch\/de\/Produkt\/la-forgeovelo-schweizer-geschenk-fahrrad-ausruestung-geschenkidee\/","title":{"rendered":"La Forge\u00d4v\u00e9lo (JU)"},"content":{"rendered":"<h4><strong>Geschenkgutschein f\u00fcr La Forge\u00d4v\u00e9lo (Kanton Jura)<\/strong><\/h4>\n<p>Sind Sie auf der Suche nach einem lokalen und originellen Schweizer Geschenk, bei dem der Empf\u00e4nger nach Lust und Laune das ausw\u00e4hlen kann, was ihm aus der Welt des Fahrrads gef\u00e4llt, einschliesslich der Ausr\u00fcstung?<\/p>\n<p>Die Bev\u00f6lkerung im Sinne einer nachhaltigen <strong>Entwicklung<\/strong> zum Umstieg auf das Fahrrad ermutigen! Das ist die Mission von La Forge\u00d4v\u00e9lo, einem Fahrradgesch\u00e4ft im Jura und in den Freibergen.<\/p>\n<p>Hier findet man alles, was man braucht: hochwertiges Material, Verleih und Verkauf von leistungsstarken Fahrr\u00e4dern sowie <strong>fachkundige Beratung<\/strong>!<\/p>\n<p>Ein idealer Geschenkgutschein f\u00fcr Fahrradliebhaber, egal ob passionierte Radfahrer oder Anf\u00e4nger!<\/p>\n<ul>\n<li><strong>Mit einem Geschenkgutschein hat der Empf\u00e4nger die M\u00f6glichkeit, aus folgenden Angeboten zu w\u00e4hlen:<\/strong>\n<ul>\n<li>Die vom Gesch\u00e4ft angebotenen Produkte (Fahrr\u00e4der, Berufsausr\u00fcstung usw.).<\/li>\n<li>Fahrradverleih (Preise variieren je nach Produkt und Dauer)<\/li>\n<\/ul>\n<\/li>\n<li><strong>Die Gutscheine k\u00f6nnen verwendet werden:<\/strong>\n<ul>\n<li>Online-Bestellung, Kontakt per E-Mail oder vor Ort<\/li>\n<\/ul>\n<\/li>\n<li><strong>G\u00fcltigkeitsdauer<\/strong>:\n<ul>\n<li>5 Jahre<\/li>\n<\/ul>\n<\/li>\n<\/ul>\n<p>&nbsp;<\/p>\n<p><a href=\"https:\/\/swigift.ch\/faq\/\">Eine spezielle Anfrage? Kontaktieren Sie uns hier \ud83d\ude42 <\/a><\/p>\n<p>&nbsp;<\/p>\n<p>La Forge\u00d4v\u00e9lo<br \/>\nRue des Rangiers<br \/>\n2350 Saignel\u00e9gier<\/p>\n<p><a href=\"https:\/\/laforgeovelo.ch\/\" target=\"_blank\" rel=\"noopener\">Link zur Website<\/a><\/p>\n<p>&nbsp;<\/p>\n<h4><strong>Swigift, das pers\u00f6nliche, schnelle und massgeschneiderte Schweizer Geschenk<\/strong><\/h4>\n<p>Swigift schl\u00e4gt Ihnen eine Schweizer Geschenkbox vor, die einen Geschenkgutschein im <strong>Wert Ihrer Wahl<\/strong> enth\u00e4lt, zum Beispiel von <strong>La Forge\u00d4v\u00e9lo<\/strong>, das Fahrr\u00e4der und Ausr\u00fcstung anbietet, aber nicht nur!<\/p>\n<p>Sobald Sie den Schweizer Geschenkgutschein ausgew\u00e4hlt haben, w\u00e4hlen Sie eine <strong>Umschlagfarbe<\/strong> f\u00fcr die <strong>Grusskarte<\/strong> aus, die Sie im n\u00e4chsten Schritt erstellen.<\/p>\n<p>Geben Sie im Warenkorb das Lieferdatum und die Schweizer Versandadresse ein. <strong>Schnelle Lieferung innerhalb von 24 Stunden<\/strong>, wenn Sie von Montag bis Freitag vor 16.00 Uhr bestellen (unter bestimmten Bedingungen).<\/p>\n<p>Der Empf\u00e4nger erh\u00e4lt eine Versand-Geschenkbox mit vielen \u00dcberraschungen, sobald er sie \u00f6ffnet! Die Geschenke, die Sie ausgew\u00e4hlt und gestaltet haben, werden zusammen mit einem Holzst\u00e4nder f\u00fcr die Karte <strong>sorgf\u00e4ltig arrangiert<\/strong>.<\/p>\n<p>Der Beschenkte kann die <strong>Grusskarte<\/strong> vorzeigen und sich \u00fcber den von Ihnen gew\u00e4hlten <strong>tollen Schweizer Geschenkgutschein<\/strong> freuen.<\/p>\n<p>Swigift, das ideale Schweizer Geschenk f\u00fcr alle <strong>Gelegenheiten.<\/strong><\/p>\n<p>&nbsp;<\/p>\n<h4><strong>F\u00fcr welche Gelegenheiten<\/strong><\/h4>\n<p>Alle Anl\u00e4sse, ob Sie ein Geburtstagsgeschenk, ein Hochzeitsgeschenk, ein Geschenk zur Geburt, ein Geschenk zum Erfolg, ein Geschenk zur Pensionierung, ein Geschenk zum Jahresende oder einfach nur eine Freude machen wollen!<\/p>\n<p>Es spielt keine Rolle, ob Sie auf Reisen oder unterwegs sind, ob Sie als Schweizer Expatriate auf der Suche nach einer Schweizer Geschenkidee sind oder ob Sie einfach weit weg von einem geliebten Menschen sind,<strong> Swigift wird Ihre Bed\u00fcrfnisse erf\u00fcllen!<\/strong><\/p>\n<p>Modern und intuitiv zeichnet sich Swigift durch sein umfassendes, fantasievolles und emotionales Angebot aus, das unser Leben vereinfacht.<\/p>\n<p>&nbsp;<\/p>\n<p><a href=\"https:\/\/swigift.ch\/faq\/\">Ich m\u00f6chte die FAQ-Seite konsultieren <img decoding=\"async\" class=\"emoji\" role=\"img\" draggable=\"false\" src=\"https:\/\/s.w.org\/images\/core\/emoji\/15.0.3\/svg\/1f642.svg\" alt=\"\ud83d\ude42\" \/><\/a><\/p>\n<p>&nbsp;<\/p>\n<p>Personalisierte Geschenkboxen Schweizer Geschenkgutschein La Forge\u00d4v\u00e9lo.<\/p>\n<p>Swigift personalisierte Schweizer Geschenkboxen, Geschenkidee f\u00fcr einen Schweizer.<\/p>\n<p>Schweizer Geschenk Fahrrad und Ausr\u00fcstung, ferngesteuert versendet.<\/p>\n<p>Die Allgemeinen Gesch\u00e4ftsbedingungen sind verbindlich.<\/p>\n","protected":false},"excerpt":{"rendered":"<p>Ein ideales Geschenk f\u00fcr alle Fahrradliebhaber, egal ob Sie ein begeisterter Radfahrer oder ein Anf\u00e4nger sind.<\/p>\n","protected":false},"featured_media":32561,"comment_status":"open","ping_status":"closed","template":"","meta":[],"product_brand":[],"product_cat":[65,63,59,66],"product_tag":[],"class_list":{"0":"post-30492","1":"product","2":"type-product","3":"status-publish","4":"has-post-thumbnail","6":"product_cat-alle","7":"product_cat-sport-und-freizeit","8":"product_cat-unterhaltung","9":"product_cat-zubehor","11":"first","12":"instock","13":"purchasable","14":"product-type-variable"},"yoast_head":"<!-- This site is optimized with the Yoast SEO plugin v27.4 - https:\/\/yoast.com\/product\/yoast-seo-wordpress\/ -->\n<title>Schweizer Geschenk Fahrrad und Ausr\u00fcstung - Swigift - La Forge\u00d4v\u00e9lo (JU) %%page%<\/title>\n<meta name=\"description\" content=\"Personalisierte Box, Geschenkgutschein und Karte aus der Schweiz \u2013 schnell geliefert, um Ihre Liebsten zu erfreuen. Schweizer Geschenk Fahrrad Ausr\u00fcstung Schweizer Geschenk Fahrrad und Ausr\u00fcstung\" \/>\n<meta name=\"robots\" content=\"index, follow, max-snippet:-1, max-image-preview:large, max-video-preview:-1\" \/>\n<link rel=\"canonical\" href=\"https:\/\/swigift.ch\/de\/Produkt\/la-forgeovelo-schweizer-geschenk-fahrrad-ausruestung-geschenkidee\/\" \/>\n<meta property=\"og:locale\" content=\"de_DE\" \/>\n<meta property=\"og:type\" content=\"article\" \/>\n<meta property=\"og:title\" content=\"Schweizer Geschenk Fahrrad und Ausr\u00fcstung - Swigift - La Forge\u00d4v\u00e9lo (JU) %%page%\" \/>\n<meta property=\"og:description\" content=\"Personalisierte Box, Geschenkgutschein und Karte aus der Schweiz \u2013 schnell geliefert, um Ihre Liebsten zu erfreuen. Schweizer Geschenk Fahrrad Ausr\u00fcstung Schweizer Geschenk Fahrrad und Ausr\u00fcstung\" \/>\n<meta property=\"og:url\" content=\"https:\/\/swigift.ch\/de\/Produkt\/la-forgeovelo-schweizer-geschenk-fahrrad-ausruestung-geschenkidee\/\" \/>\n<meta property=\"og:site_name\" content=\"Swigift\" \/>\n<meta property=\"article:publisher\" content=\"https:\/\/www.facebook.com\/people\/Swigift\/61558610159800\/\" \/>\n<meta property=\"article:modified_time\" content=\"2025-06-02T13:41:44+00:00\" \/>\n<meta property=\"og:image\" content=\"https:\/\/swigift.ch\/wp-content\/uploads\/2024\/05\/fov-2-300x300.png\" \/>\n<meta name=\"twitter:card\" content=\"summary_large_image\" \/>\n<meta name=\"twitter:label1\" content=\"Gesch\u00e4tzte Lesezeit\" \/>\n\t<meta name=\"twitter:data1\" content=\"3\u00a0Minuten\" \/>\n<script type=\"application\/ld+json\" class=\"yoast-schema-graph\">{\"@context\":\"https:\\\/\\\/schema.org\",\"@graph\":[{\"@type\":\"WebPage\",\"@id\":\"https:\\\/\\\/swigift.ch\\\/de\\\/Produkt\\\/la-forgeovelo-schweizer-geschenk-fahrrad-ausruestung-geschenkidee\\\/\",\"url\":\"https:\\\/\\\/swigift.ch\\\/de\\\/Produkt\\\/la-forgeovelo-schweizer-geschenk-fahrrad-ausruestung-geschenkidee\\\/\",\"name\":\"Schweizer Geschenk Fahrrad und Ausr\u00fcstung - Swigift - La Forge\u00d4v\u00e9lo (JU) %%page%\",\"isPartOf\":{\"@id\":\"https:\\\/\\\/swigift.ch\\\/de\\\/#website\"},\"primaryImageOfPage\":{\"@id\":\"https:\\\/\\\/swigift.ch\\\/de\\\/Produkt\\\/la-forgeovelo-schweizer-geschenk-fahrrad-ausruestung-geschenkidee\\\/#primaryimage\"},\"image\":{\"@id\":\"https:\\\/\\\/swigift.ch\\\/de\\\/Produkt\\\/la-forgeovelo-schweizer-geschenk-fahrrad-ausruestung-geschenkidee\\\/#primaryimage\"},\"thumbnailUrl\":\"https:\\\/\\\/swigift.ch\\\/wp-content\\\/uploads\\\/2024\\\/05\\\/10-forge-o-velo.png\",\"datePublished\":\"2024-05-17T13:34:11+00:00\",\"dateModified\":\"2025-06-02T13:41:44+00:00\",\"description\":\"Personalisierte Box, Geschenkgutschein und Karte aus der Schweiz \u2013 schnell geliefert, um Ihre Liebsten zu erfreuen. Schweizer Geschenk Fahrrad Ausr\u00fcstung Schweizer Geschenk Fahrrad und Ausr\u00fcstung\",\"breadcrumb\":{\"@id\":\"https:\\\/\\\/swigift.ch\\\/de\\\/Produkt\\\/la-forgeovelo-schweizer-geschenk-fahrrad-ausruestung-geschenkidee\\\/#breadcrumb\"},\"inLanguage\":\"de\",\"potentialAction\":[{\"@type\":\"ReadAction\",\"target\":[\"https:\\\/\\\/swigift.ch\\\/de\\\/Produkt\\\/la-forgeovelo-schweizer-geschenk-fahrrad-ausruestung-geschenkidee\\\/\"]}]},{\"@type\":\"ImageObject\",\"inLanguage\":\"de\",\"@id\":\"https:\\\/\\\/swigift.ch\\\/de\\\/Produkt\\\/la-forgeovelo-schweizer-geschenk-fahrrad-ausruestung-geschenkidee\\\/#primaryimage\",\"url\":\"https:\\\/\\\/swigift.ch\\\/wp-content\\\/uploads\\\/2024\\\/05\\\/10-forge-o-velo.png\",\"contentUrl\":\"https:\\\/\\\/swigift.ch\\\/wp-content\\\/uploads\\\/2024\\\/05\\\/10-forge-o-velo.png\",\"width\":1500,\"height\":1500,\"caption\":\"Swigift- Geschenkgutschein - Mountainbike Ausr\u00fcstung mieten - Originelles Geschenk - Schnelle Lieferung\"},{\"@type\":\"BreadcrumbList\",\"@id\":\"https:\\\/\\\/swigift.ch\\\/de\\\/Produkt\\\/la-forgeovelo-schweizer-geschenk-fahrrad-ausruestung-geschenkidee\\\/#breadcrumb\",\"itemListElement\":[{\"@type\":\"ListItem\",\"position\":1,\"name\":\"Accueil\",\"item\":\"https:\\\/\\\/swigift.ch\\\/de\\\/\"},{\"@type\":\"ListItem\",\"position\":2,\"name\":\"Shop\",\"item\":\"https:\\\/\\\/swigift.ch\\\/de\\\/shop\\\/\"},{\"@type\":\"ListItem\",\"position\":3,\"name\":\"La Forge\u00d4v\u00e9lo (JU)\"}]},{\"@type\":\"WebSite\",\"@id\":\"https:\\\/\\\/swigift.ch\\\/de\\\/#website\",\"url\":\"https:\\\/\\\/swigift.ch\\\/de\\\/\",\"name\":\"Swigift\",\"description\":\"personalisierte Geschenke aus der Ferne\",\"publisher\":{\"@id\":\"https:\\\/\\\/swigift.ch\\\/de\\\/#organization\"},\"potentialAction\":[{\"@type\":\"SearchAction\",\"target\":{\"@type\":\"EntryPoint\",\"urlTemplate\":\"https:\\\/\\\/swigift.ch\\\/de\\\/?s={search_term_string}\"},\"query-input\":{\"@type\":\"PropertyValueSpecification\",\"valueRequired\":true,\"valueName\":\"search_term_string\"}}],\"inLanguage\":\"de\"},{\"@type\":\"Organization\",\"@id\":\"https:\\\/\\\/swigift.ch\\\/de\\\/#organization\",\"name\":\"Id\u00e9e cadeau originale suisse, une boite contenant un bon cadeau local, une carte de voeux personnalis\u00e9e et plus encore\",\"alternateName\":\"Boites cadeaux personnalis\u00e9es avec bon cadeau commerces Suisse et carte de voeux personnalis\u00e9e, livraison rapide en Suisse.\",\"url\":\"https:\\\/\\\/swigift.ch\\\/de\\\/\",\"logo\":{\"@type\":\"ImageObject\",\"inLanguage\":\"de\",\"@id\":\"https:\\\/\\\/swigift.ch\\\/de\\\/#\\\/schema\\\/logo\\\/image\\\/\",\"url\":\"https:\\\/\\\/swigift.ch\\\/wp-content\\\/uploads\\\/2024\\\/02\\\/swigift-logo-carte.png\",\"contentUrl\":\"https:\\\/\\\/swigift.ch\\\/wp-content\\\/uploads\\\/2024\\\/02\\\/swigift-logo-carte.png\",\"width\":300,\"height\":412,\"caption\":\"Id\u00e9e cadeau originale suisse, une boite contenant un bon cadeau local, une carte de voeux personnalis\u00e9e et plus encore\"},\"image\":{\"@id\":\"https:\\\/\\\/swigift.ch\\\/de\\\/#\\\/schema\\\/logo\\\/image\\\/\"},\"sameAs\":[\"https:\\\/\\\/www.facebook.com\\\/people\\\/Swigift\\\/61558610159800\\\/\",\"https:\\\/\\\/www.instagram.com\\\/swigift.ch\\\/\",\"https:\\\/\\\/www.linkedin.com\\\/company\\\/swigift\\\/\"]}]}<\/script>\n<!-- \/ Yoast SEO plugin. -->","yoast_head_json":{"title":"Schweizer Geschenk Fahrrad und Ausr\u00fcstung - Swigift - La Forge\u00d4v\u00e9lo (JU) %%page%","description":"Personalisierte Box, Geschenkgutschein und Karte aus der Schweiz \u2013 schnell geliefert, um Ihre Liebsten zu erfreuen. Schweizer Geschenk Fahrrad Ausr\u00fcstung Schweizer Geschenk Fahrrad und Ausr\u00fcstung","robots":{"index":"index","follow":"follow","max-snippet":"max-snippet:-1","max-image-preview":"max-image-preview:large","max-video-preview":"max-video-preview:-1"},"canonical":"https:\/\/swigift.ch\/de\/Produkt\/la-forgeovelo-schweizer-geschenk-fahrrad-ausruestung-geschenkidee\/","og_locale":"de_DE","og_type":"article","og_title":"Schweizer Geschenk Fahrrad und Ausr\u00fcstung - Swigift - La Forge\u00d4v\u00e9lo (JU) %%page%","og_description":"Personalisierte Box, Geschenkgutschein und Karte aus der Schweiz \u2013 schnell geliefert, um Ihre Liebsten zu erfreuen. Schweizer Geschenk Fahrrad Ausr\u00fcstung Schweizer Geschenk Fahrrad und Ausr\u00fcstung","og_url":"https:\/\/swigift.ch\/de\/Produkt\/la-forgeovelo-schweizer-geschenk-fahrrad-ausruestung-geschenkidee\/","og_site_name":"Swigift","article_publisher":"https:\/\/www.facebook.com\/people\/Swigift\/61558610159800\/","article_modified_time":"2025-06-02T13:41:44+00:00","og_image":[{"url":"https:\/\/swigift.ch\/wp-content\/uploads\/2024\/05\/fov-2-300x300.png","type":"","width":"","height":""}],"twitter_card":"summary_large_image","twitter_misc":{"Gesch\u00e4tzte Lesezeit":"3\u00a0Minuten"},"schema":{"@context":"https:\/\/schema.org","@graph":[{"@type":"WebPage","@id":"https:\/\/swigift.ch\/de\/Produkt\/la-forgeovelo-schweizer-geschenk-fahrrad-ausruestung-geschenkidee\/","url":"https:\/\/swigift.ch\/de\/Produkt\/la-forgeovelo-schweizer-geschenk-fahrrad-ausruestung-geschenkidee\/","name":"Schweizer Geschenk Fahrrad und Ausr\u00fcstung - Swigift - La Forge\u00d4v\u00e9lo (JU) %%page%","isPartOf":{"@id":"https:\/\/swigift.ch\/de\/#website"},"primaryImageOfPage":{"@id":"https:\/\/swigift.ch\/de\/Produkt\/la-forgeovelo-schweizer-geschenk-fahrrad-ausruestung-geschenkidee\/#primaryimage"},"image":{"@id":"https:\/\/swigift.ch\/de\/Produkt\/la-forgeovelo-schweizer-geschenk-fahrrad-ausruestung-geschenkidee\/#primaryimage"},"thumbnailUrl":"https:\/\/swigift.ch\/wp-content\/uploads\/2024\/05\/10-forge-o-velo.png","datePublished":"2024-05-17T13:34:11+00:00","dateModified":"2025-06-02T13:41:44+00:00","description":"Personalisierte Box, Geschenkgutschein und Karte aus der Schweiz \u2013 schnell geliefert, um Ihre Liebsten zu erfreuen. Schweizer Geschenk Fahrrad Ausr\u00fcstung Schweizer Geschenk Fahrrad und Ausr\u00fcstung","breadcrumb":{"@id":"https:\/\/swigift.ch\/de\/Produkt\/la-forgeovelo-schweizer-geschenk-fahrrad-ausruestung-geschenkidee\/#breadcrumb"},"inLanguage":"de","potentialAction":[{"@type":"ReadAction","target":["https:\/\/swigift.ch\/de\/Produkt\/la-forgeovelo-schweizer-geschenk-fahrrad-ausruestung-geschenkidee\/"]}]},{"@type":"ImageObject","inLanguage":"de","@id":"https:\/\/swigift.ch\/de\/Produkt\/la-forgeovelo-schweizer-geschenk-fahrrad-ausruestung-geschenkidee\/#primaryimage","url":"https:\/\/swigift.ch\/wp-content\/uploads\/2024\/05\/10-forge-o-velo.png","contentUrl":"https:\/\/swigift.ch\/wp-content\/uploads\/2024\/05\/10-forge-o-velo.png","width":1500,"height":1500,"caption":"Swigift- Geschenkgutschein - Mountainbike Ausr\u00fcstung mieten - Originelles Geschenk - Schnelle Lieferung"},{"@type":"BreadcrumbList","@id":"https:\/\/swigift.ch\/de\/Produkt\/la-forgeovelo-schweizer-geschenk-fahrrad-ausruestung-geschenkidee\/#breadcrumb","itemListElement":[{"@type":"ListItem","position":1,"name":"Accueil","item":"https:\/\/swigift.ch\/de\/"},{"@type":"ListItem","position":2,"name":"Shop","item":"https:\/\/swigift.ch\/de\/shop\/"},{"@type":"ListItem","position":3,"name":"La Forge\u00d4v\u00e9lo (JU)"}]},{"@type":"WebSite","@id":"https:\/\/swigift.ch\/de\/#website","url":"https:\/\/swigift.ch\/de\/","name":"Swigift","description":"personalisierte Geschenke aus der Ferne","publisher":{"@id":"https:\/\/swigift.ch\/de\/#organization"},"potentialAction":[{"@type":"SearchAction","target":{"@type":"EntryPoint","urlTemplate":"https:\/\/swigift.ch\/de\/?s={search_term_string}"},"query-input":{"@type":"PropertyValueSpecification","valueRequired":true,"valueName":"search_term_string"}}],"inLanguage":"de"},{"@type":"Organization","@id":"https:\/\/swigift.ch\/de\/#organization","name":"Id\u00e9e cadeau originale suisse, une boite contenant un bon cadeau local, une carte de voeux personnalis\u00e9e et plus encore","alternateName":"Boites cadeaux personnalis\u00e9es avec bon cadeau commerces Suisse et carte de voeux personnalis\u00e9e, livraison rapide en Suisse.","url":"https:\/\/swigift.ch\/de\/","logo":{"@type":"ImageObject","inLanguage":"de","@id":"https:\/\/swigift.ch\/de\/#\/schema\/logo\/image\/","url":"https:\/\/swigift.ch\/wp-content\/uploads\/2024\/02\/swigift-logo-carte.png","contentUrl":"https:\/\/swigift.ch\/wp-content\/uploads\/2024\/02\/swigift-logo-carte.png","width":300,"height":412,"caption":"Id\u00e9e cadeau originale suisse, une boite contenant un bon cadeau local, une carte de voeux personnalis\u00e9e et plus encore"},"image":{"@id":"https:\/\/swigift.ch\/de\/#\/schema\/logo\/image\/"},"sameAs":["https:\/\/www.facebook.com\/people\/Swigift\/61558610159800\/","https:\/\/www.instagram.com\/swigift.ch\/","https:\/\/www.linkedin.com\/company\/swigift\/"]}]}},"_links":{"self":[{"href":"https:\/\/swigift.ch\/de\/wp-json\/wp\/v2\/product\/30492","targetHints":{"allow":["GET"]}}],"collection":[{"href":"https:\/\/swigift.ch\/de\/wp-json\/wp\/v2\/product"}],"about":[{"href":"https:\/\/swigift.ch\/de\/wp-json\/wp\/v2\/types\/product"}],"replies":[{"embeddable":true,"href":"https:\/\/swigift.ch\/de\/wp-json\/wp\/v2\/comments?post=30492"}],"version-history":[{"count":0,"href":"https:\/\/swigift.ch\/de\/wp-json\/wp\/v2\/product\/30492\/revisions"}],"wp:featuredmedia":[{"embeddable":true,"href":"https:\/\/swigift.ch\/de\/wp-json\/wp\/v2\/media\/32561"}],"wp:attachment":[{"href":"https:\/\/swigift.ch\/de\/wp-json\/wp\/v2\/media?parent=30492"}],"wp:term":[{"taxonomy":"product_brand","embeddable":true,"href":"https:\/\/swigift.ch\/de\/wp-json\/wp\/v2\/product_brand?post=30492"},{"taxonomy":"product_cat","embeddable":true,"href":"https:\/\/swigift.ch\/de\/wp-json\/wp\/v2\/product_cat?post=30492"},{"taxonomy":"product_tag","embeddable":true,"href":"https:\/\/swigift.ch\/de\/wp-json\/wp\/v2\/product_tag?post=30492"}],"curies":[{"name":"wp","href":"https:\/\/api.w.org\/{rel}","templated":true}]}}