{"id":30346,"date":"2024-05-15T17:20:18","date_gmt":"2024-05-15T15:20:18","guid":{"rendered":"https:\/\/swigift.ch\/produit\/bikapa-e-bike-tours-schweiz-riviera\/"},"modified":"2025-06-02T15:40:59","modified_gmt":"2025-06-02T13:40:59","slug":"bikapa-e-bike-tours-schweiz-riviera-originelles-geschenkidee-schweizer-sportgeschenk","status":"publish","type":"product","link":"https:\/\/swigift.ch\/de\/Produkt\/bikapa-e-bike-tours-schweiz-riviera-originelles-geschenkidee-schweizer-sportgeschenk\/","title":{"rendered":"BIKAPA &#8211; E-Bike Tours Schweiz (VD)"},"content":{"rendered":"<h4><strong>Geschenkgutschein bei BIKAPA &#8211; E-Bike Tours Schweiz Riviera (Kanton Waadt)<\/strong><\/h4>\n<p>Sind Sie auf der Suche nach einem originellen und sportlichen Schweizer Geschenk, mit dem Sie wundersch\u00f6ne Regionen der Schweiz erkunden k\u00f6nnen?<\/p>\n<p>Entdecken Sie die <strong>sch\u00f6nsten Landschaften<\/strong> der Schweizer Riviera mit dem E-Bike in Begleitung eines zertifizierten Reiseleiters, das ist es, was BIKAPA anbietet.<\/p>\n<p>Ein Geschenkgutschein bietet die M\u00f6glichkeit, ein <strong>Erlebnis<\/strong> nach Ihren Vorlieben auszuw\u00e4hlen. Ob eine Wanderung durch die Weinberge von Lavaux, eine Bergtour, ein Gourmet-Erlebnis, eine Radtour am See oder viele andere Optionen, es ist f\u00fcr jeden Geschmack etwas dabei!<\/p>\n<p>Ein perfektes Geschenk, das alle E-Bike-Fans begeistern wird.<\/p>\n<ul>\n<li><strong>Mit einem Geschenkgutschein hat der Empf\u00e4nger die M\u00f6glichkeit, aus folgenden Angeboten zu w\u00e4hlen:<\/strong>\n<ul>\n<li>Alle von Bikapa angebotenen Erlebnisse.<\/li>\n<li>Inklusive: Reisef\u00fchrer, E-Bike, Helm (und zus\u00e4tzliche Leistungen je nach Aktivit\u00e4t)<\/li>\n<li>Private Touren: ab 195 CHF<\/li>\n<li>Gruppentouren (3-5 Personen): zwischen 45 CHF und 90 CHF<\/li>\n<\/ul>\n<\/li>\n<li><strong>Die Gutscheine k\u00f6nnen verwendet werden: <\/strong>\n<ul>\n<li>Per E-Mail<\/li>\n<\/ul>\n<\/li>\n<li><strong>G\u00fcltigkeitsdauer <\/strong>:\n<ul>\n<li>1 Jahr<\/li>\n<\/ul>\n<\/li>\n<li><strong>Wichtig : <\/strong>\n<ul>\n<li>M\u00f6glichkeit, ein pers\u00f6nliches E-Bike mitzunehmen (mit Bikapa zu besprechen)<\/li>\n<\/ul>\n<\/li>\n<\/ul>\n<p>&nbsp;<\/p>\n<p><a href=\"https:\/\/swigift.ch\/faq\/\">Eine spezielle Anfrage? Kontaktieren Sie uns hier \ud83d\ude42 <\/a><\/p>\n<p>&nbsp;<\/p>\n<p>BIKAPA E-bike Rent &amp; Tours<br \/>\nAvenue Reller 6<br \/>\n1800 Vevey<\/p>\n<p><a href=\"https:\/\/www.bikapa.com\/\" target=\"_blank\" rel=\"noopener\">Link zur Website<\/a><\/p>\n<p>&nbsp;<\/p>\n<h4><strong>Swigift, das pers\u00f6nliche, schnelle und massgeschneiderte Schweizer Geschenk<\/strong><\/h4>\n<p>Swigift bietet Ihnen eine Schweizer Geschenkbox mit einem <strong>Geschenkgutschein im Wert Ihrer Wahl,<\/strong> zum Beispiel f\u00fcr ein originelles Schweizer Sportgeschenk mit <strong>Bikapa<\/strong>, aber nicht nur!<\/p>\n<p>Sobald Sie den Schweizer Geschenkgutschein ausgew\u00e4hlt haben, w\u00e4hlen Sie eine <strong>Umschlagfarbe<\/strong> f\u00fcr die <strong>Grusskarte<\/strong> aus, die Sie im n\u00e4chsten Schritt erstellen.<\/p>\n<p>Geben Sie im Warenkorb das Lieferdatum und die Schweizer Versandadresse ein. <strong>Schnelle Lieferung innerhalb von 24 Stunden<\/strong>, wenn Sie von Montag bis Freitag vor 16.00 Uhr bestellen (unter bestimmten Bedingungen).<\/p>\n<p>Der Empf\u00e4nger erh\u00e4lt eine Versand-Geschenkbox mit vielen \u00dcberraschungen, sobald er sie \u00f6ffnet! Die Geschenke, die Sie ausgew\u00e4hlt und gestaltet haben, werden zusammen mit einem Holzst\u00e4nder f\u00fcr die Karte <strong>sorgf\u00e4ltig arrangiert<\/strong>.<\/p>\n<p>Der Beschenkte kann die <strong>Grusskarte<\/strong> vorzeigen und sich \u00fcber den von Ihnen gew\u00e4hlten <strong>tollen Schweizer Geschenkgutschein<\/strong> freuen.<\/p>\n<p>Swigift, das ideale Schweizer Geschenk f\u00fcr alle <strong>Gelegenheiten.<\/strong><\/p>\n<p>&nbsp;<\/p>\n<h4><strong>F\u00fcr welche Gelegenheiten<\/strong><\/h4>\n<p>Alle Anl\u00e4sse, ob Sie ein Geburtstagsgeschenk, ein Hochzeitsgeschenk, ein Geschenk zur Geburt, ein Geschenk zum Erfolg, ein Geschenk zur Pensionierung, ein Geschenk zum Jahresende oder einfach nur eine Freude machen wollen!<\/p>\n<p>Es spielt keine Rolle, ob Sie auf Reisen oder unterwegs sind, ob Sie als Schweizer Expatriate auf der Suche nach einer Schweizer Geschenkidee sind oder ob Sie einfach weit weg von einem geliebten Menschen sind,<strong> Swigift wird Ihre Bed\u00fcrfnisse erf\u00fcllen!<\/strong><\/p>\n<p>Modern und intuitiv zeichnet sich Swigift durch sein umfassendes, fantasievolles und emotionales Angebot aus, das unser Leben vereinfacht.<\/p>\n<p>&nbsp;<\/p>\n<p><a href=\"https:\/\/swigift.ch\/faq\/\">Ich m\u00f6chte die FAQ-Seite konsultieren <img decoding=\"async\" class=\"emoji\" role=\"img\" draggable=\"false\" src=\"https:\/\/s.w.org\/images\/core\/emoji\/15.0.3\/svg\/1f642.svg\" alt=\"\ud83d\ude42\" \/><\/a><\/p>\n<p>&nbsp;<\/p>\n<p>Personalisierte Geschenkboxen Schweizer Geschenkgutschein Bikapa.<\/p>\n<p>Swigift personalisierte Schweizer Geschenkboxen, Geschenkidee f\u00fcr einen Schweizer.<\/p>\n<p>Originelles Schweizer Sportgeschenk, per Fernversand versendet.<\/p>\n<p>Die Allgemeinen Gesch\u00e4ftsbedingungen sind verbindlich.<\/p>\n","protected":false},"excerpt":{"rendered":"<p>Ein idealer Geschenkgutschein, um die Schweizer Regionen mit einem E-Bike und einem Reisef\u00fchrer zu erkunden.<\/p>\n","protected":false},"featured_media":32522,"comment_status":"open","ping_status":"closed","template":"","meta":[],"product_brand":[],"product_cat":[65,63,59],"product_tag":[],"class_list":{"0":"post-30346","1":"product","2":"type-product","3":"status-publish","4":"has-post-thumbnail","6":"product_cat-alle","7":"product_cat-sport-und-freizeit","8":"product_cat-unterhaltung","9":"product_shipping_class-swigift-1-boite-complete","11":"first","12":"instock","13":"purchasable","14":"product-type-variable"},"yoast_head":"<!-- This site is optimized with the Yoast SEO plugin v27.4 - https:\/\/yoast.com\/product\/yoast-seo-wordpress\/ -->\n<title>Original Schweizer Sportgeschenk - Swigift - BIKAPA - E-Bike Tours Schweiz (VD) %%page%<\/title>\n<meta name=\"description\" content=\"\u00dcberraschen Sie mit einer personalisierten Schweizer Geschenkbox, Geschenkgutschein und Karte \u2013 blitzschnell geliefert. Originelles Schweizer Sportgeschenk\" \/>\n<meta name=\"robots\" content=\"index, follow, max-snippet:-1, max-image-preview:large, max-video-preview:-1\" \/>\n<link rel=\"canonical\" href=\"https:\/\/swigift.ch\/de\/Produkt\/bikapa-e-bike-tours-schweiz-riviera-originelles-geschenkidee-schweizer-sportgeschenk\/\" \/>\n<meta property=\"og:locale\" content=\"de_DE\" \/>\n<meta property=\"og:type\" content=\"article\" \/>\n<meta property=\"og:title\" content=\"Original Schweizer Sportgeschenk - Swigift - BIKAPA - E-Bike Tours Schweiz (VD) %%page%\" \/>\n<meta property=\"og:description\" content=\"\u00dcberraschen Sie mit einer personalisierten Schweizer Geschenkbox, Geschenkgutschein und Karte \u2013 blitzschnell geliefert. Originelles Schweizer Sportgeschenk\" \/>\n<meta property=\"og:url\" content=\"https:\/\/swigift.ch\/de\/Produkt\/bikapa-e-bike-tours-schweiz-riviera-originelles-geschenkidee-schweizer-sportgeschenk\/\" \/>\n<meta property=\"og:site_name\" content=\"Swigift\" \/>\n<meta property=\"article:publisher\" content=\"https:\/\/www.facebook.com\/people\/Swigift\/61558610159800\/\" \/>\n<meta property=\"article:modified_time\" content=\"2025-06-02T13:40:59+00:00\" \/>\n<meta property=\"og:image\" content=\"https:\/\/swigift.ch\/wp-content\/uploads\/2024\/05\/4-2-300x300.png\" \/>\n<meta name=\"twitter:card\" content=\"summary_large_image\" \/>\n<meta name=\"twitter:label1\" content=\"Gesch\u00e4tzte Lesezeit\" \/>\n\t<meta name=\"twitter:data1\" content=\"3\u00a0Minuten\" \/>\n<script type=\"application\/ld+json\" class=\"yoast-schema-graph\">{\"@context\":\"https:\\\/\\\/schema.org\",\"@graph\":[{\"@type\":\"WebPage\",\"@id\":\"https:\\\/\\\/swigift.ch\\\/de\\\/Produkt\\\/bikapa-e-bike-tours-schweiz-riviera-originelles-geschenkidee-schweizer-sportgeschenk\\\/\",\"url\":\"https:\\\/\\\/swigift.ch\\\/de\\\/Produkt\\\/bikapa-e-bike-tours-schweiz-riviera-originelles-geschenkidee-schweizer-sportgeschenk\\\/\",\"name\":\"Original Schweizer Sportgeschenk - Swigift - BIKAPA - E-Bike Tours Schweiz (VD) %%page%\",\"isPartOf\":{\"@id\":\"https:\\\/\\\/swigift.ch\\\/de\\\/#website\"},\"primaryImageOfPage\":{\"@id\":\"https:\\\/\\\/swigift.ch\\\/de\\\/Produkt\\\/bikapa-e-bike-tours-schweiz-riviera-originelles-geschenkidee-schweizer-sportgeschenk\\\/#primaryimage\"},\"image\":{\"@id\":\"https:\\\/\\\/swigift.ch\\\/de\\\/Produkt\\\/bikapa-e-bike-tours-schweiz-riviera-originelles-geschenkidee-schweizer-sportgeschenk\\\/#primaryimage\"},\"thumbnailUrl\":\"https:\\\/\\\/swigift.ch\\\/wp-content\\\/uploads\\\/2024\\\/05\\\/14.Bikapa.png\",\"datePublished\":\"2024-05-15T15:20:18+00:00\",\"dateModified\":\"2025-06-02T13:40:59+00:00\",\"description\":\"\u00dcberraschen Sie mit einer personalisierten Schweizer Geschenkbox, Geschenkgutschein und Karte \u2013 blitzschnell geliefert. Originelles Schweizer Sportgeschenk\",\"breadcrumb\":{\"@id\":\"https:\\\/\\\/swigift.ch\\\/de\\\/Produkt\\\/bikapa-e-bike-tours-schweiz-riviera-originelles-geschenkidee-schweizer-sportgeschenk\\\/#breadcrumb\"},\"inLanguage\":\"de\",\"potentialAction\":[{\"@type\":\"ReadAction\",\"target\":[\"https:\\\/\\\/swigift.ch\\\/de\\\/Produkt\\\/bikapa-e-bike-tours-schweiz-riviera-originelles-geschenkidee-schweizer-sportgeschenk\\\/\"]}]},{\"@type\":\"ImageObject\",\"inLanguage\":\"de\",\"@id\":\"https:\\\/\\\/swigift.ch\\\/de\\\/Produkt\\\/bikapa-e-bike-tours-schweiz-riviera-originelles-geschenkidee-schweizer-sportgeschenk\\\/#primaryimage\",\"url\":\"https:\\\/\\\/swigift.ch\\\/wp-content\\\/uploads\\\/2024\\\/05\\\/14.Bikapa.png\",\"contentUrl\":\"https:\\\/\\\/swigift.ch\\\/wp-content\\\/uploads\\\/2024\\\/05\\\/14.Bikapa.png\",\"width\":1500,\"height\":1500,\"caption\":\"Swigift- Geschenkgutschein - Bikapa - Mountainbike Touren - schnelle Lieferung Schweiz\"},{\"@type\":\"BreadcrumbList\",\"@id\":\"https:\\\/\\\/swigift.ch\\\/de\\\/Produkt\\\/bikapa-e-bike-tours-schweiz-riviera-originelles-geschenkidee-schweizer-sportgeschenk\\\/#breadcrumb\",\"itemListElement\":[{\"@type\":\"ListItem\",\"position\":1,\"name\":\"Accueil\",\"item\":\"https:\\\/\\\/swigift.ch\\\/de\\\/\"},{\"@type\":\"ListItem\",\"position\":2,\"name\":\"Shop\",\"item\":\"https:\\\/\\\/swigift.ch\\\/de\\\/shop\\\/\"},{\"@type\":\"ListItem\",\"position\":3,\"name\":\"BIKAPA &#8211; E-Bike Tours Schweiz (VD)\"}]},{\"@type\":\"WebSite\",\"@id\":\"https:\\\/\\\/swigift.ch\\\/de\\\/#website\",\"url\":\"https:\\\/\\\/swigift.ch\\\/de\\\/\",\"name\":\"Swigift\",\"description\":\"personalisierte Geschenke aus der Ferne\",\"publisher\":{\"@id\":\"https:\\\/\\\/swigift.ch\\\/de\\\/#organization\"},\"potentialAction\":[{\"@type\":\"SearchAction\",\"target\":{\"@type\":\"EntryPoint\",\"urlTemplate\":\"https:\\\/\\\/swigift.ch\\\/de\\\/?s={search_term_string}\"},\"query-input\":{\"@type\":\"PropertyValueSpecification\",\"valueRequired\":true,\"valueName\":\"search_term_string\"}}],\"inLanguage\":\"de\"},{\"@type\":\"Organization\",\"@id\":\"https:\\\/\\\/swigift.ch\\\/de\\\/#organization\",\"name\":\"Id\u00e9e cadeau originale suisse, une boite contenant un bon cadeau local, une carte de voeux personnalis\u00e9e et plus encore\",\"alternateName\":\"Boites cadeaux personnalis\u00e9es avec bon cadeau commerces Suisse et carte de voeux personnalis\u00e9e, livraison rapide en Suisse.\",\"url\":\"https:\\\/\\\/swigift.ch\\\/de\\\/\",\"logo\":{\"@type\":\"ImageObject\",\"inLanguage\":\"de\",\"@id\":\"https:\\\/\\\/swigift.ch\\\/de\\\/#\\\/schema\\\/logo\\\/image\\\/\",\"url\":\"https:\\\/\\\/swigift.ch\\\/wp-content\\\/uploads\\\/2024\\\/02\\\/swigift-logo-carte.png\",\"contentUrl\":\"https:\\\/\\\/swigift.ch\\\/wp-content\\\/uploads\\\/2024\\\/02\\\/swigift-logo-carte.png\",\"width\":300,\"height\":412,\"caption\":\"Id\u00e9e cadeau originale suisse, une boite contenant un bon cadeau local, une carte de voeux personnalis\u00e9e et plus encore\"},\"image\":{\"@id\":\"https:\\\/\\\/swigift.ch\\\/de\\\/#\\\/schema\\\/logo\\\/image\\\/\"},\"sameAs\":[\"https:\\\/\\\/www.facebook.com\\\/people\\\/Swigift\\\/61558610159800\\\/\",\"https:\\\/\\\/www.instagram.com\\\/swigift.ch\\\/\",\"https:\\\/\\\/www.linkedin.com\\\/company\\\/swigift\\\/\"]}]}<\/script>\n<!-- \/ Yoast SEO plugin. -->","yoast_head_json":{"title":"Original Schweizer Sportgeschenk - Swigift - BIKAPA - E-Bike Tours Schweiz (VD) %%page%","description":"\u00dcberraschen Sie mit einer personalisierten Schweizer Geschenkbox, Geschenkgutschein und Karte \u2013 blitzschnell geliefert. Originelles Schweizer Sportgeschenk","robots":{"index":"index","follow":"follow","max-snippet":"max-snippet:-1","max-image-preview":"max-image-preview:large","max-video-preview":"max-video-preview:-1"},"canonical":"https:\/\/swigift.ch\/de\/Produkt\/bikapa-e-bike-tours-schweiz-riviera-originelles-geschenkidee-schweizer-sportgeschenk\/","og_locale":"de_DE","og_type":"article","og_title":"Original Schweizer Sportgeschenk - Swigift - BIKAPA - E-Bike Tours Schweiz (VD) %%page%","og_description":"\u00dcberraschen Sie mit einer personalisierten Schweizer Geschenkbox, Geschenkgutschein und Karte \u2013 blitzschnell geliefert. Originelles Schweizer Sportgeschenk","og_url":"https:\/\/swigift.ch\/de\/Produkt\/bikapa-e-bike-tours-schweiz-riviera-originelles-geschenkidee-schweizer-sportgeschenk\/","og_site_name":"Swigift","article_publisher":"https:\/\/www.facebook.com\/people\/Swigift\/61558610159800\/","article_modified_time":"2025-06-02T13:40:59+00:00","og_image":[{"url":"https:\/\/swigift.ch\/wp-content\/uploads\/2024\/05\/4-2-300x300.png","type":"","width":"","height":""}],"twitter_card":"summary_large_image","twitter_misc":{"Gesch\u00e4tzte Lesezeit":"3\u00a0Minuten"},"schema":{"@context":"https:\/\/schema.org","@graph":[{"@type":"WebPage","@id":"https:\/\/swigift.ch\/de\/Produkt\/bikapa-e-bike-tours-schweiz-riviera-originelles-geschenkidee-schweizer-sportgeschenk\/","url":"https:\/\/swigift.ch\/de\/Produkt\/bikapa-e-bike-tours-schweiz-riviera-originelles-geschenkidee-schweizer-sportgeschenk\/","name":"Original Schweizer Sportgeschenk - Swigift - BIKAPA - E-Bike Tours Schweiz (VD) %%page%","isPartOf":{"@id":"https:\/\/swigift.ch\/de\/#website"},"primaryImageOfPage":{"@id":"https:\/\/swigift.ch\/de\/Produkt\/bikapa-e-bike-tours-schweiz-riviera-originelles-geschenkidee-schweizer-sportgeschenk\/#primaryimage"},"image":{"@id":"https:\/\/swigift.ch\/de\/Produkt\/bikapa-e-bike-tours-schweiz-riviera-originelles-geschenkidee-schweizer-sportgeschenk\/#primaryimage"},"thumbnailUrl":"https:\/\/swigift.ch\/wp-content\/uploads\/2024\/05\/14.Bikapa.png","datePublished":"2024-05-15T15:20:18+00:00","dateModified":"2025-06-02T13:40:59+00:00","description":"\u00dcberraschen Sie mit einer personalisierten Schweizer Geschenkbox, Geschenkgutschein und Karte \u2013 blitzschnell geliefert. Originelles Schweizer Sportgeschenk","breadcrumb":{"@id":"https:\/\/swigift.ch\/de\/Produkt\/bikapa-e-bike-tours-schweiz-riviera-originelles-geschenkidee-schweizer-sportgeschenk\/#breadcrumb"},"inLanguage":"de","potentialAction":[{"@type":"ReadAction","target":["https:\/\/swigift.ch\/de\/Produkt\/bikapa-e-bike-tours-schweiz-riviera-originelles-geschenkidee-schweizer-sportgeschenk\/"]}]},{"@type":"ImageObject","inLanguage":"de","@id":"https:\/\/swigift.ch\/de\/Produkt\/bikapa-e-bike-tours-schweiz-riviera-originelles-geschenkidee-schweizer-sportgeschenk\/#primaryimage","url":"https:\/\/swigift.ch\/wp-content\/uploads\/2024\/05\/14.Bikapa.png","contentUrl":"https:\/\/swigift.ch\/wp-content\/uploads\/2024\/05\/14.Bikapa.png","width":1500,"height":1500,"caption":"Swigift- Geschenkgutschein - Bikapa - Mountainbike Touren - schnelle Lieferung Schweiz"},{"@type":"BreadcrumbList","@id":"https:\/\/swigift.ch\/de\/Produkt\/bikapa-e-bike-tours-schweiz-riviera-originelles-geschenkidee-schweizer-sportgeschenk\/#breadcrumb","itemListElement":[{"@type":"ListItem","position":1,"name":"Accueil","item":"https:\/\/swigift.ch\/de\/"},{"@type":"ListItem","position":2,"name":"Shop","item":"https:\/\/swigift.ch\/de\/shop\/"},{"@type":"ListItem","position":3,"name":"BIKAPA &#8211; E-Bike Tours Schweiz (VD)"}]},{"@type":"WebSite","@id":"https:\/\/swigift.ch\/de\/#website","url":"https:\/\/swigift.ch\/de\/","name":"Swigift","description":"personalisierte Geschenke aus der Ferne","publisher":{"@id":"https:\/\/swigift.ch\/de\/#organization"},"potentialAction":[{"@type":"SearchAction","target":{"@type":"EntryPoint","urlTemplate":"https:\/\/swigift.ch\/de\/?s={search_term_string}"},"query-input":{"@type":"PropertyValueSpecification","valueRequired":true,"valueName":"search_term_string"}}],"inLanguage":"de"},{"@type":"Organization","@id":"https:\/\/swigift.ch\/de\/#organization","name":"Id\u00e9e cadeau originale suisse, une boite contenant un bon cadeau local, une carte de voeux personnalis\u00e9e et plus encore","alternateName":"Boites cadeaux personnalis\u00e9es avec bon cadeau commerces Suisse et carte de voeux personnalis\u00e9e, livraison rapide en Suisse.","url":"https:\/\/swigift.ch\/de\/","logo":{"@type":"ImageObject","inLanguage":"de","@id":"https:\/\/swigift.ch\/de\/#\/schema\/logo\/image\/","url":"https:\/\/swigift.ch\/wp-content\/uploads\/2024\/02\/swigift-logo-carte.png","contentUrl":"https:\/\/swigift.ch\/wp-content\/uploads\/2024\/02\/swigift-logo-carte.png","width":300,"height":412,"caption":"Id\u00e9e cadeau originale suisse, une boite contenant un bon cadeau local, une carte de voeux personnalis\u00e9e et plus encore"},"image":{"@id":"https:\/\/swigift.ch\/de\/#\/schema\/logo\/image\/"},"sameAs":["https:\/\/www.facebook.com\/people\/Swigift\/61558610159800\/","https:\/\/www.instagram.com\/swigift.ch\/","https:\/\/www.linkedin.com\/company\/swigift\/"]}]}},"_links":{"self":[{"href":"https:\/\/swigift.ch\/de\/wp-json\/wp\/v2\/product\/30346","targetHints":{"allow":["GET"]}}],"collection":[{"href":"https:\/\/swigift.ch\/de\/wp-json\/wp\/v2\/product"}],"about":[{"href":"https:\/\/swigift.ch\/de\/wp-json\/wp\/v2\/types\/product"}],"replies":[{"embeddable":true,"href":"https:\/\/swigift.ch\/de\/wp-json\/wp\/v2\/comments?post=30346"}],"version-history":[{"count":0,"href":"https:\/\/swigift.ch\/de\/wp-json\/wp\/v2\/product\/30346\/revisions"}],"wp:featuredmedia":[{"embeddable":true,"href":"https:\/\/swigift.ch\/de\/wp-json\/wp\/v2\/media\/32522"}],"wp:attachment":[{"href":"https:\/\/swigift.ch\/de\/wp-json\/wp\/v2\/media?parent=30346"}],"wp:term":[{"taxonomy":"product_brand","embeddable":true,"href":"https:\/\/swigift.ch\/de\/wp-json\/wp\/v2\/product_brand?post=30346"},{"taxonomy":"product_cat","embeddable":true,"href":"https:\/\/swigift.ch\/de\/wp-json\/wp\/v2\/product_cat?post=30346"},{"taxonomy":"product_tag","embeddable":true,"href":"https:\/\/swigift.ch\/de\/wp-json\/wp\/v2\/product_tag?post=30346"}],"curies":[{"name":"wp","href":"https:\/\/api.w.org\/{rel}","templated":true}]}}