{"id":30252,"date":"2024-05-15T14:49:45","date_gmt":"2024-05-15T12:49:45","guid":{"rendered":"https:\/\/swigift.ch\/produit\/lucie-heche-therapie-und-massage\/"},"modified":"2025-07-15T14:47:23","modified_gmt":"2025-07-15T12:47:23","slug":"lucie-heche-therapie-und-massage-geschenkgutschein-schweizer-wellness","status":"publish","type":"product","link":"https:\/\/swigift.ch\/de\/Produkt\/lucie-heche-therapie-und-massage-geschenkgutschein-schweizer-wellness\/","title":{"rendered":"Therapien und Massagen (JU)"},"content":{"rendered":"<h4><strong>Geschenkgutschein bei Th\u00e9rapien et Massagen (Kanton Jura)<\/strong><\/h4>\n<p><span class=\"OYPEnA font-feature-liga-off font-feature-clig-off font-feature-calt-off text-decoration-none text-strikethrough-none\">Sind Sie auf der Suche nach einem sch\u00f6nen Schweizer Geschenkgutschein im Bereich Wellness?<\/span><\/p>\n<p>Lucie bietet Ihnen Behandlungen an, <strong>die auf Ihr Wohlbefinden ausgerichtet<\/strong> sind. Massage, Energiebehandlungen, Therapien und Sitzungen zur Wiederherstellung des k\u00f6rperlichen Gleichgewichts.<\/p>\n<p>Ein perfektes Geschenk, um einen Moment des Wohlbefindens zu verschenken.<\/p>\n<ul>\n<li><strong>Mit einem Geschenkgutschein hat der Empf\u00e4nger die M\u00f6glichkeit, aus folgenden Angeboten zu w\u00e4hlen:<\/strong>\n<ul>\n<li>Verschiedene Energiebehandlungen (40-120 CHF)<\/li>\n<li>Ausgleich von Muskeln und Gelenken (50 CHF)<\/li>\n<li>Massagen (80 CHF)<\/li>\n<\/ul>\n<\/li>\n<li><strong>Die Gutscheine k\u00f6nnen verwendet werden: <\/strong>\n<ul>\n<li>Kontakt per E-Mail oder vor Ort<\/li>\n<\/ul>\n<\/li>\n<li><strong>G\u00fcltigkeitsdauer <\/strong>:\n<ul>\n<li>1 Jahr<\/li>\n<\/ul>\n<\/li>\n<\/ul>\n<p><span style=\"color: #000000;\">\u00a0 \u00a0 \ud83c\udf9e<a style=\"color: #000000;\" href=\"https:\/\/youtube.com\/shorts\/HWJpPoRKS3U?feature=shared\" target=\"_blank\" rel=\"noopener\"><strong> Entdecken im Video<\/strong><\/a><\/span><\/p>\n<p>&nbsp;<\/p>\n<p><a href=\"https:\/\/swigift.ch\/de\/kontakt\/\">Eine spezielle Anfrage? Kontaktieren Sie uns hier <img decoding=\"async\" class=\"emoji\" role=\"img\" draggable=\"false\" src=\"https:\/\/s.w.org\/images\/core\/emoji\/15.0.3\/svg\/1f642.svg\" alt=\"\ud83d\ude42\" \/><\/a><\/p>\n<p>&nbsp;<\/p>\n<p>Therapien und Massagen<br \/>\n2842 Rossemaison<\/p>\n<p><a href=\"https:\/\/www.lucie-heche.ch\/\">Link zur Website<\/a><\/p>\n<p>&nbsp;<\/p>\n<h4><strong>Swigift, das originelle, pers\u00f6nliche, schnelle und massgeschneiderte Geschenk<\/strong><\/h4>\n<p>Swigift bietet Ihnen eine Schweizer Geschenkbox an, die einen <strong>Wertgutschein Ihrer Wahl<\/strong> enth\u00e4lt, z.B. f\u00fcr <strong>Therapie und Massage<\/strong>, aber nicht nur!<\/p>\n<p>Sobald Sie den Schweizer Geschenkgutschein ausgew\u00e4hlt haben, w\u00e4hlen Sie eine <strong>Umschlagfarbe,<\/strong> die f\u00fcr die <strong>Grusskarte,<\/strong> die Sie im n\u00e4chsten Schritt erstellen, verwendet werden soll.<\/p>\n<p>Geben Sie im Warenkorb das Lieferdatum und die Schweizer Versandadresse ein. <strong>Schnelle Lieferung innerhalb von 24 Stunden<\/strong>, wenn Sie von Montag bis Freitag vor 16.00 Uhr bestellen (unter bestimmten Bedingungen).<\/p>\n<p>Der Empf\u00e4nger erh\u00e4lt eine Versand-Geschenkbox mit vielen \u00dcberraschungen, sobald er sie \u00f6ffnet! Die Geschenke, die Sie ausgew\u00e4hlt und gestaltet haben, werden zusammen mit einem Holzst\u00e4nder f\u00fcr die Karte <strong>sorgf\u00e4ltig arrangiert<\/strong>.<\/p>\n<p>Der Beschenkte kann die <strong>Grusskarte<\/strong> vorzeigen und sich \u00fcber den von Ihnen gew\u00e4hlten <strong>tollen Schweizer Geschenkgutschein<\/strong> freuen.<\/p>\n<p>Swigift, das ideale Schweizer Geschenk f\u00fcr alle <strong>Gelegenheiten.<\/strong><\/p>\n<h4><strong>F\u00fcr welche Gelegenheiten<\/strong><\/h4>\n<p>Alle Anl\u00e4sse, ob Sie ein Geburtstagsgeschenk, ein Hochzeitsgeschenk, ein Geschenk zur Geburt, ein Geschenk zum Erfolg, ein Geschenk zur Pensionierung, ein Geschenk zum Jahresende oder einfach nur eine Freude machen wollen!<\/p>\n<p>Es spielt keine Rolle, ob Sie auf Reisen oder unterwegs sind, ob Sie als Schweizer Expatriate auf der Suche nach einer Schweizer Geschenkidee sind oder ob Sie einfach weit weg von einem geliebten Menschen sind,<strong> Swigift wird Ihre Bed\u00fcrfnisse erf\u00fcllen!<\/strong><\/p>\n<p>Modern und intuitiv zeichnet sich Swigift durch sein umfassendes, fantasievolles und emotionales Angebot aus, das unser Leben vereinfacht.<\/p>\n<p>&nbsp;<\/p>\n<p><a href=\"https:\/\/swigift.ch\/faq\/\">Ich m\u00f6chte die FAQ-Seite konsultieren <img decoding=\"async\" class=\"emoji\" role=\"img\" draggable=\"false\" src=\"https:\/\/s.w.org\/images\/core\/emoji\/15.0.3\/svg\/1f642.svg\" alt=\"\ud83d\ude42\" \/><\/a><\/p>\n<p>&nbsp;<\/p>\n<p>Box mit personalisiertem Inhalt \u2013 Schweizer Geschenkgutschein Lucie H\u00eache Th\u00e9rapies et Massages.<\/p>\n<p>Swigift personalisierte Schweizer Geschenkboxen, Geschenkidee f\u00fcr einen Schweizer.<\/p>\n<p>Originelles Schweizer Geschenk, das aus der Ferne verschickt wird.<\/p>\n<p>Die Allgemeinen Gesch\u00e4ftsbedingungen sind verbindlich.<\/p>\n","protected":false},"excerpt":{"rendered":"<p>Ein idealer Geschenkgutschein, um einen Moment des Wohlbefindens zu verschenken.<\/p>\n","protected":false},"featured_media":32558,"comment_status":"open","ping_status":"closed","template":"","meta":[],"product_brand":[],"product_cat":[65,68],"product_tag":[],"class_list":{"0":"post-30252","1":"product","2":"type-product","3":"status-publish","4":"has-post-thumbnail","6":"product_cat-alle","7":"product_cat-beauty-und-wellness","8":"product_shipping_class-swigift-1-boite-complete","10":"first","11":"instock","12":"purchasable","13":"product-type-variable"},"yoast_head":"<!-- This site is optimized with the Yoast SEO plugin v27.4 - https:\/\/yoast.com\/product\/yoast-seo-wordpress\/ -->\n<title>Schweizer Geschenkgutschein Wellness - Swigift Therapien und Massagen (JU) -<\/title>\n<meta name=\"description\" content=\"Eine personalisierte Geschenkbox aus der Schweiz mit Gutschein und Karte, direkt und schnell zu Ihnen geliefert. Geschenkgutschein Schweizer Wellness Geschenkgutschein Schweizer Wellness\" \/>\n<meta name=\"robots\" content=\"index, follow, max-snippet:-1, max-image-preview:large, max-video-preview:-1\" \/>\n<link rel=\"canonical\" href=\"https:\/\/swigift.ch\/de\/Produkt\/lucie-heche-therapie-und-massage-geschenkgutschein-schweizer-wellness\/\" \/>\n<meta property=\"og:locale\" content=\"de_DE\" \/>\n<meta property=\"og:type\" content=\"article\" \/>\n<meta property=\"og:title\" content=\"Schweizer Geschenkgutschein Wellness - Swigift Therapien und Massagen (JU) -\" \/>\n<meta property=\"og:description\" content=\"Eine personalisierte Geschenkbox aus der Schweiz mit Gutschein und Karte, direkt und schnell zu Ihnen geliefert. Geschenkgutschein Schweizer Wellness Geschenkgutschein Schweizer Wellness\" \/>\n<meta property=\"og:url\" content=\"https:\/\/swigift.ch\/de\/Produkt\/lucie-heche-therapie-und-massage-geschenkgutschein-schweizer-wellness\/\" \/>\n<meta property=\"og:site_name\" content=\"Swigift\" \/>\n<meta property=\"article:publisher\" content=\"https:\/\/www.facebook.com\/people\/Swigift\/61558610159800\/\" \/>\n<meta property=\"article:modified_time\" content=\"2025-07-15T12:47:23+00:00\" \/>\n<meta property=\"og:image\" content=\"https:\/\/swigift.ch\/wp-content\/uploads\/2024\/05\/3-300x300.png\" \/>\n<meta name=\"twitter:card\" content=\"summary_large_image\" \/>\n<meta name=\"twitter:label1\" content=\"Gesch\u00e4tzte Lesezeit\" \/>\n\t<meta name=\"twitter:data1\" content=\"3\u00a0Minuten\" \/>\n<script type=\"application\/ld+json\" class=\"yoast-schema-graph\">{\"@context\":\"https:\\\/\\\/schema.org\",\"@graph\":[{\"@type\":\"WebPage\",\"@id\":\"https:\\\/\\\/swigift.ch\\\/de\\\/Produkt\\\/lucie-heche-therapie-und-massage-geschenkgutschein-schweizer-wellness\\\/\",\"url\":\"https:\\\/\\\/swigift.ch\\\/de\\\/Produkt\\\/lucie-heche-therapie-und-massage-geschenkgutschein-schweizer-wellness\\\/\",\"name\":\"Schweizer Geschenkgutschein Wellness - Swigift Therapien und Massagen (JU) -\",\"isPartOf\":{\"@id\":\"https:\\\/\\\/swigift.ch\\\/de\\\/#website\"},\"primaryImageOfPage\":{\"@id\":\"https:\\\/\\\/swigift.ch\\\/de\\\/Produkt\\\/lucie-heche-therapie-und-massage-geschenkgutschein-schweizer-wellness\\\/#primaryimage\"},\"image\":{\"@id\":\"https:\\\/\\\/swigift.ch\\\/de\\\/Produkt\\\/lucie-heche-therapie-und-massage-geschenkgutschein-schweizer-wellness\\\/#primaryimage\"},\"thumbnailUrl\":\"https:\\\/\\\/swigift.ch\\\/wp-content\\\/uploads\\\/2024\\\/05\\\/09.massage-et-therapies.png\",\"datePublished\":\"2024-05-15T12:49:45+00:00\",\"dateModified\":\"2025-07-15T12:47:23+00:00\",\"description\":\"Eine personalisierte Geschenkbox aus der Schweiz mit Gutschein und Karte, direkt und schnell zu Ihnen geliefert. Geschenkgutschein Schweizer Wellness Geschenkgutschein Schweizer Wellness\",\"breadcrumb\":{\"@id\":\"https:\\\/\\\/swigift.ch\\\/de\\\/Produkt\\\/lucie-heche-therapie-und-massage-geschenkgutschein-schweizer-wellness\\\/#breadcrumb\"},\"inLanguage\":\"de\",\"potentialAction\":[{\"@type\":\"ReadAction\",\"target\":[\"https:\\\/\\\/swigift.ch\\\/de\\\/Produkt\\\/lucie-heche-therapie-und-massage-geschenkgutschein-schweizer-wellness\\\/\"]}]},{\"@type\":\"ImageObject\",\"inLanguage\":\"de\",\"@id\":\"https:\\\/\\\/swigift.ch\\\/de\\\/Produkt\\\/lucie-heche-therapie-und-massage-geschenkgutschein-schweizer-wellness\\\/#primaryimage\",\"url\":\"https:\\\/\\\/swigift.ch\\\/wp-content\\\/uploads\\\/2024\\\/05\\\/09.massage-et-therapies.png\",\"contentUrl\":\"https:\\\/\\\/swigift.ch\\\/wp-content\\\/uploads\\\/2024\\\/05\\\/09.massage-et-therapies.png\",\"width\":1500,\"height\":1500,\"caption\":\"Swigift- Geschenkgutschein - Therapien und Massagen - Lieferung - Entspannung\"},{\"@type\":\"BreadcrumbList\",\"@id\":\"https:\\\/\\\/swigift.ch\\\/de\\\/Produkt\\\/lucie-heche-therapie-und-massage-geschenkgutschein-schweizer-wellness\\\/#breadcrumb\",\"itemListElement\":[{\"@type\":\"ListItem\",\"position\":1,\"name\":\"Accueil\",\"item\":\"https:\\\/\\\/swigift.ch\\\/de\\\/\"},{\"@type\":\"ListItem\",\"position\":2,\"name\":\"Shop\",\"item\":\"https:\\\/\\\/swigift.ch\\\/de\\\/shop\\\/\"},{\"@type\":\"ListItem\",\"position\":3,\"name\":\"Therapien und Massagen (JU)\"}]},{\"@type\":\"WebSite\",\"@id\":\"https:\\\/\\\/swigift.ch\\\/de\\\/#website\",\"url\":\"https:\\\/\\\/swigift.ch\\\/de\\\/\",\"name\":\"Swigift\",\"description\":\"personalisierte Geschenke aus der Ferne\",\"publisher\":{\"@id\":\"https:\\\/\\\/swigift.ch\\\/de\\\/#organization\"},\"potentialAction\":[{\"@type\":\"SearchAction\",\"target\":{\"@type\":\"EntryPoint\",\"urlTemplate\":\"https:\\\/\\\/swigift.ch\\\/de\\\/?s={search_term_string}\"},\"query-input\":{\"@type\":\"PropertyValueSpecification\",\"valueRequired\":true,\"valueName\":\"search_term_string\"}}],\"inLanguage\":\"de\"},{\"@type\":\"Organization\",\"@id\":\"https:\\\/\\\/swigift.ch\\\/de\\\/#organization\",\"name\":\"Id\u00e9e cadeau originale suisse, une boite contenant un bon cadeau local, une carte de voeux personnalis\u00e9e et plus encore\",\"alternateName\":\"Boites cadeaux personnalis\u00e9es avec bon cadeau commerces Suisse et carte de voeux personnalis\u00e9e, livraison rapide en Suisse.\",\"url\":\"https:\\\/\\\/swigift.ch\\\/de\\\/\",\"logo\":{\"@type\":\"ImageObject\",\"inLanguage\":\"de\",\"@id\":\"https:\\\/\\\/swigift.ch\\\/de\\\/#\\\/schema\\\/logo\\\/image\\\/\",\"url\":\"https:\\\/\\\/swigift.ch\\\/wp-content\\\/uploads\\\/2024\\\/02\\\/swigift-logo-carte.png\",\"contentUrl\":\"https:\\\/\\\/swigift.ch\\\/wp-content\\\/uploads\\\/2024\\\/02\\\/swigift-logo-carte.png\",\"width\":300,\"height\":412,\"caption\":\"Id\u00e9e cadeau originale suisse, une boite contenant un bon cadeau local, une carte de voeux personnalis\u00e9e et plus encore\"},\"image\":{\"@id\":\"https:\\\/\\\/swigift.ch\\\/de\\\/#\\\/schema\\\/logo\\\/image\\\/\"},\"sameAs\":[\"https:\\\/\\\/www.facebook.com\\\/people\\\/Swigift\\\/61558610159800\\\/\",\"https:\\\/\\\/www.instagram.com\\\/swigift.ch\\\/\",\"https:\\\/\\\/www.linkedin.com\\\/company\\\/swigift\\\/\"]}]}<\/script>\n<!-- \/ Yoast SEO plugin. -->","yoast_head_json":{"title":"Schweizer Geschenkgutschein Wellness - Swigift Therapien und Massagen (JU) -","description":"Eine personalisierte Geschenkbox aus der Schweiz mit Gutschein und Karte, direkt und schnell zu Ihnen geliefert. Geschenkgutschein Schweizer Wellness Geschenkgutschein Schweizer Wellness","robots":{"index":"index","follow":"follow","max-snippet":"max-snippet:-1","max-image-preview":"max-image-preview:large","max-video-preview":"max-video-preview:-1"},"canonical":"https:\/\/swigift.ch\/de\/Produkt\/lucie-heche-therapie-und-massage-geschenkgutschein-schweizer-wellness\/","og_locale":"de_DE","og_type":"article","og_title":"Schweizer Geschenkgutschein Wellness - Swigift Therapien und Massagen (JU) -","og_description":"Eine personalisierte Geschenkbox aus der Schweiz mit Gutschein und Karte, direkt und schnell zu Ihnen geliefert. Geschenkgutschein Schweizer Wellness Geschenkgutschein Schweizer Wellness","og_url":"https:\/\/swigift.ch\/de\/Produkt\/lucie-heche-therapie-und-massage-geschenkgutschein-schweizer-wellness\/","og_site_name":"Swigift","article_publisher":"https:\/\/www.facebook.com\/people\/Swigift\/61558610159800\/","article_modified_time":"2025-07-15T12:47:23+00:00","og_image":[{"url":"https:\/\/swigift.ch\/wp-content\/uploads\/2024\/05\/3-300x300.png","type":"","width":"","height":""}],"twitter_card":"summary_large_image","twitter_misc":{"Gesch\u00e4tzte Lesezeit":"3\u00a0Minuten"},"schema":{"@context":"https:\/\/schema.org","@graph":[{"@type":"WebPage","@id":"https:\/\/swigift.ch\/de\/Produkt\/lucie-heche-therapie-und-massage-geschenkgutschein-schweizer-wellness\/","url":"https:\/\/swigift.ch\/de\/Produkt\/lucie-heche-therapie-und-massage-geschenkgutschein-schweizer-wellness\/","name":"Schweizer Geschenkgutschein Wellness - Swigift Therapien und Massagen (JU) -","isPartOf":{"@id":"https:\/\/swigift.ch\/de\/#website"},"primaryImageOfPage":{"@id":"https:\/\/swigift.ch\/de\/Produkt\/lucie-heche-therapie-und-massage-geschenkgutschein-schweizer-wellness\/#primaryimage"},"image":{"@id":"https:\/\/swigift.ch\/de\/Produkt\/lucie-heche-therapie-und-massage-geschenkgutschein-schweizer-wellness\/#primaryimage"},"thumbnailUrl":"https:\/\/swigift.ch\/wp-content\/uploads\/2024\/05\/09.massage-et-therapies.png","datePublished":"2024-05-15T12:49:45+00:00","dateModified":"2025-07-15T12:47:23+00:00","description":"Eine personalisierte Geschenkbox aus der Schweiz mit Gutschein und Karte, direkt und schnell zu Ihnen geliefert. Geschenkgutschein Schweizer Wellness Geschenkgutschein Schweizer Wellness","breadcrumb":{"@id":"https:\/\/swigift.ch\/de\/Produkt\/lucie-heche-therapie-und-massage-geschenkgutschein-schweizer-wellness\/#breadcrumb"},"inLanguage":"de","potentialAction":[{"@type":"ReadAction","target":["https:\/\/swigift.ch\/de\/Produkt\/lucie-heche-therapie-und-massage-geschenkgutschein-schweizer-wellness\/"]}]},{"@type":"ImageObject","inLanguage":"de","@id":"https:\/\/swigift.ch\/de\/Produkt\/lucie-heche-therapie-und-massage-geschenkgutschein-schweizer-wellness\/#primaryimage","url":"https:\/\/swigift.ch\/wp-content\/uploads\/2024\/05\/09.massage-et-therapies.png","contentUrl":"https:\/\/swigift.ch\/wp-content\/uploads\/2024\/05\/09.massage-et-therapies.png","width":1500,"height":1500,"caption":"Swigift- Geschenkgutschein - Therapien und Massagen - Lieferung - Entspannung"},{"@type":"BreadcrumbList","@id":"https:\/\/swigift.ch\/de\/Produkt\/lucie-heche-therapie-und-massage-geschenkgutschein-schweizer-wellness\/#breadcrumb","itemListElement":[{"@type":"ListItem","position":1,"name":"Accueil","item":"https:\/\/swigift.ch\/de\/"},{"@type":"ListItem","position":2,"name":"Shop","item":"https:\/\/swigift.ch\/de\/shop\/"},{"@type":"ListItem","position":3,"name":"Therapien und Massagen (JU)"}]},{"@type":"WebSite","@id":"https:\/\/swigift.ch\/de\/#website","url":"https:\/\/swigift.ch\/de\/","name":"Swigift","description":"personalisierte Geschenke aus der Ferne","publisher":{"@id":"https:\/\/swigift.ch\/de\/#organization"},"potentialAction":[{"@type":"SearchAction","target":{"@type":"EntryPoint","urlTemplate":"https:\/\/swigift.ch\/de\/?s={search_term_string}"},"query-input":{"@type":"PropertyValueSpecification","valueRequired":true,"valueName":"search_term_string"}}],"inLanguage":"de"},{"@type":"Organization","@id":"https:\/\/swigift.ch\/de\/#organization","name":"Id\u00e9e cadeau originale suisse, une boite contenant un bon cadeau local, une carte de voeux personnalis\u00e9e et plus encore","alternateName":"Boites cadeaux personnalis\u00e9es avec bon cadeau commerces Suisse et carte de voeux personnalis\u00e9e, livraison rapide en Suisse.","url":"https:\/\/swigift.ch\/de\/","logo":{"@type":"ImageObject","inLanguage":"de","@id":"https:\/\/swigift.ch\/de\/#\/schema\/logo\/image\/","url":"https:\/\/swigift.ch\/wp-content\/uploads\/2024\/02\/swigift-logo-carte.png","contentUrl":"https:\/\/swigift.ch\/wp-content\/uploads\/2024\/02\/swigift-logo-carte.png","width":300,"height":412,"caption":"Id\u00e9e cadeau originale suisse, une boite contenant un bon cadeau local, une carte de voeux personnalis\u00e9e et plus encore"},"image":{"@id":"https:\/\/swigift.ch\/de\/#\/schema\/logo\/image\/"},"sameAs":["https:\/\/www.facebook.com\/people\/Swigift\/61558610159800\/","https:\/\/www.instagram.com\/swigift.ch\/","https:\/\/www.linkedin.com\/company\/swigift\/"]}]}},"_links":{"self":[{"href":"https:\/\/swigift.ch\/de\/wp-json\/wp\/v2\/product\/30252","targetHints":{"allow":["GET"]}}],"collection":[{"href":"https:\/\/swigift.ch\/de\/wp-json\/wp\/v2\/product"}],"about":[{"href":"https:\/\/swigift.ch\/de\/wp-json\/wp\/v2\/types\/product"}],"replies":[{"embeddable":true,"href":"https:\/\/swigift.ch\/de\/wp-json\/wp\/v2\/comments?post=30252"}],"version-history":[{"count":0,"href":"https:\/\/swigift.ch\/de\/wp-json\/wp\/v2\/product\/30252\/revisions"}],"wp:featuredmedia":[{"embeddable":true,"href":"https:\/\/swigift.ch\/de\/wp-json\/wp\/v2\/media\/32558"}],"wp:attachment":[{"href":"https:\/\/swigift.ch\/de\/wp-json\/wp\/v2\/media?parent=30252"}],"wp:term":[{"taxonomy":"product_brand","embeddable":true,"href":"https:\/\/swigift.ch\/de\/wp-json\/wp\/v2\/product_brand?post=30252"},{"taxonomy":"product_cat","embeddable":true,"href":"https:\/\/swigift.ch\/de\/wp-json\/wp\/v2\/product_cat?post=30252"},{"taxonomy":"product_tag","embeddable":true,"href":"https:\/\/swigift.ch\/de\/wp-json\/wp\/v2\/product_tag?post=30252"}],"curies":[{"name":"wp","href":"https:\/\/api.w.org\/{rel}","templated":true}]}}