{"id":30059,"date":"2024-05-13T18:53:09","date_gmt":"2024-05-13T16:53:09","guid":{"rendered":"https:\/\/swigift.ch\/produit\/hotel-restaurant-maison-wenger\/"},"modified":"2025-06-02T15:39:40","modified_gmt":"2025-06-02T13:39:40","slug":"hotel-restaurant-maison-wenger-schweizer-gourmet-geschenk","status":"publish","type":"product","link":"https:\/\/swigift.ch\/de\/Produkt\/hotel-restaurant-maison-wenger-schweizer-gourmet-geschenk\/","title":{"rendered":"Hotel-Restaurant Maison Wenger (JU)"},"content":{"rendered":"<h4><strong>Geschenkgutschein f\u00fcr das Hotel &#8211; Restaurant Maison Wenger (Kanton Jura)<\/strong><\/h4>\n<p>Sind Sie auf der Suche nach einer Schweizer Gourmet-Geschenkidee, die <strong>Gastronomie <\/strong>und ein einzigartiges <strong>Erlebnis<\/strong> miteinander verbindet?<\/p>\n<p>J\u00e9r\u00e9my Desbraux und seine Partnerin Ana\u00eblle Roze laden Sie ein, den Charme und die K\u00f6stlichkeiten der Region Jura im <strong>ber\u00fchmten<\/strong> Maison Wenger zu entdecken.<\/p>\n<p>Der Tisch und das Haus werden durch ihre Raffinesse begeistern. Die Region besticht durch ihre friedliche Sch\u00f6nheit, gr\u00fcne Landschaften, Trockensteinmauern, ikonische Tannen und ein sanftes Licht.<\/p>\n<p>J\u00e9r\u00e9my Desbraux bietet eine <strong>innovative<\/strong>, raffinierte und delikate K\u00fcche, die sich an den Jahreszeiten orientiert. Die Auswahl der Produkte, ihre Frische, ihre Struktur und ihre Form werden st\u00e4ndig \u00fcberpr\u00fcft, um die Quintessenz des Geschmacks zu erhalten.<\/p>\n<p><span class=\"OYPEnA text-decoration-none text-strikethrough-none\">Alle Produkte des Maison Wenger sind <strong>hausgemacht<\/strong>, einschliesslich Brot, Geb\u00e4ck, Schokolade, Bonbons und handwerklich hergestellte Butter. Die Fische sind wild und werden mit der Angel gefangen, und das Fleisch stammt aus Schweizer Zuchtbetrieben.<\/span><\/p>\n<p><span class=\"OYPEnA text-decoration-none text-strikethrough-none\">Machen Sie einem lieben Menschen eine Freude mit einem Geschenkgutschein, den Sie im ber\u00fchmten Wenger-Haus im Herzen von Le Noirmont in den Freibergen einl\u00f6sen k\u00f6nnen.<\/span><\/p>\n<p>&nbsp;<\/p>\n<ul>\n<li><strong>Mit einem Geschenkgutschein hat der Empf\u00e4nger die M\u00f6glichkeit, aus folgenden Angeboten zu w\u00e4hlen:<\/strong>\n<ul>\n<li>\u00dcbernachtung im Hotel mit Fr\u00fchst\u00fcck (5 hochwertige Zimmer zur Auswahl, Zimmerpreise zwischen 330 CHF und 420 CHF).<\/li>\n<li>Gourmet-Restaurant (Karte und Men\u00fcs wechseln je nach Saison und Verf\u00fcgbarkeit der Produkte).<\/li>\n<\/ul>\n<\/li>\n<li><strong>Die Gutscheine k\u00f6nnen verwendet werden:<\/strong>\n<ul>\n<li>Kontakt per E-Mail oder vor Ort<\/li>\n<\/ul>\n<\/li>\n<li><strong>G\u00fcltigkeitsdauer<\/strong>:\n<ul>\n<li>5 Jahre<\/li>\n<\/ul>\n<\/li>\n<li><strong>Wichtig<\/strong>:\n<ul>\n<li>Obligatorische Reservierung<\/li>\n<\/ul>\n<\/li>\n<\/ul>\n<p>&nbsp;<\/p>\n<p><a href=\"https:\/\/swigift.ch\/de\/kontakt\/\">Eine spezielle Anfrage? Kontaktieren Sie uns hier <img decoding=\"async\" class=\"emoji\" role=\"img\" draggable=\"false\" src=\"https:\/\/s.w.org\/images\/core\/emoji\/15.0.3\/svg\/1f642.svg\" alt=\"\ud83d\ude42\" \/><\/a><\/p>\n<p>&nbsp;<\/p>\n<p>Maison Wenger<br \/>\nRue de la Gare 2<br \/>\n2340 Le Noirmont<\/p>\n<p><a href=\"https:\/\/maisonwenger.ch\/\" target=\"_blank\" rel=\"noopener\">Link zur Website<\/a><\/p>\n<p>&nbsp;<\/p>\n<h4><strong>Swigift, das originelle, pers\u00f6nliche, schnelle und massgeschneiderte Schweizer Geschenk<\/strong><\/h4>\n<p>Swigift bietet Ihnen eine personalisierte Schweizer Geschenkbox an, die einen <strong>Geschenkgutschein im Wert Ihrer Wahl<\/strong> enth\u00e4lt, zum Beispiel ein <strong>Schweizer Gourmet-Geschenk <\/strong>im <strong>Hotel-Restaurant Maison Wenger<\/strong>, aber nicht nur das!<\/p>\n<p>Sobald Sie den Schweizer Geschenkgutschein ausgew\u00e4hlt haben, w\u00e4hlen Sie eine <strong>Umschlagfarbe<\/strong> f\u00fcr die <strong>Grusskarte<\/strong> aus, die Sie im n\u00e4chsten Schritt erstellen.<\/p>\n<p>Geben Sie im Warenkorb das Lieferdatum und die Schweizer Versandadresse ein. <strong>Schnelle Lieferung innerhalb von 24 Stunden<\/strong>, wenn Sie von Montag bis Freitag vor 16.00 Uhr bestellen (unter bestimmten Bedingungen).<\/p>\n<p>Der Empf\u00e4nger erh\u00e4lt eine Versand-Geschenkbox mit vielen \u00dcberraschungen, sobald er sie \u00f6ffnet! Die Geschenke, die Sie ausgew\u00e4hlt und gestaltet haben, werden zusammen mit einem Holzst\u00e4nder f\u00fcr die Karte <strong>sorgf\u00e4ltig arrangiert<\/strong>.<\/p>\n<p>Der Beschenkte kann die <strong>Grusskarte<\/strong> vorzeigen und sich \u00fcber den von Ihnen gew\u00e4hlten <strong>tollen Schweizer Geschenkgutschein<\/strong> freuen.<\/p>\n<p>Swigift, das ideale Schweizer Geschenk f\u00fcr alle <strong>Gelegenheiten.<\/strong><\/p>\n<p>&nbsp;<\/p>\n<h4><strong>F\u00fcr welche Gelegenheiten<\/strong><\/h4>\n<p>Alle Anl\u00e4sse, ob Sie ein Geburtstagsgeschenk, ein Hochzeitsgeschenk, ein Geschenk zur Geburt, ein Geschenk zum Erfolg, ein Geschenk zur Pensionierung, ein Geschenk zum Jahresende oder einfach nur eine Freude machen wollen!<\/p>\n<p><span class=\"oypena\">Es spielt keine Rolle, ob Sie auf Reisen oder unterwegs sind, ob Sie als Schweizer Expatriate auf der Suche nach einer Schweizer Geschenkidee sind oder ob Sie einfach weit weg von einem geliebten Menschen sind,<strong> Swigift wird Ihre Bed\u00fcrfnisse erf\u00fcllen!<\/strong><\/span><\/p>\n<p>Modern und intuitiv zeichnet sich Swigift durch sein umfassendes, fantasievolles und emotionales Angebot aus, das unser Leben vereinfacht.<\/p>\n<p>&nbsp;<\/p>\n<p><a href=\"https:\/\/swigift.ch\/faq\/\">Ich m\u00f6chte die FAQ-Seite konsultieren <img decoding=\"async\" class=\"emoji\" role=\"img\" draggable=\"false\" src=\"https:\/\/s.w.org\/images\/core\/emoji\/15.0.3\/svg\/1f642.svg\" alt=\"\ud83d\ude42\" \/><\/a><\/p>\n<p>&nbsp;<\/p>\n<p>Personalisierte Geschenkbox \u2013 Schweizer Feinschmeckergeschenk- Schweizer Gourmet-Geschenk Hotel-Restaurant Maison Wenger.<\/p>\n<p>Swigift personalisierte Schweizer Geschenkboxen, Geschenkidee f\u00fcr einen Schweizer.<\/p>\n<p>Originelles Schweizer Geschenk, das aus der Ferne verschickt wird.<\/p>\n<p>Die Allgemeinen Gesch\u00e4ftsbedingungen sind verbindlich.<\/p>\n","protected":false},"excerpt":{"rendered":"<p><span class=\"OYPEnA text-decoration-none text-strikethrough-none\">Ein perfektes Geschenk f\u00fcr Geniesser.<\/span><\/p>\n","protected":false},"featured_media":32567,"comment_status":"open","ping_status":"closed","template":"","meta":[],"product_brand":[],"product_cat":[65,70,72],"product_tag":[],"class_list":{"0":"post-30059","1":"product","2":"type-product","3":"status-publish","4":"has-post-thumbnail","6":"product_cat-alle","7":"product_cat-trinken-und-essen","8":"product_cat-ubernachtung","9":"product_shipping_class-swigift-1-boite-complete","11":"first","12":"instock","13":"purchasable","14":"product-type-variable"},"yoast_head":"<!-- This site is optimized with the Yoast SEO plugin v27.4 - https:\/\/yoast.com\/product\/yoast-seo-wordpress\/ -->\n<title>Schweizer Gourmet-Geschenk - Hotel-Restaurant Maison Wenger (JU)<\/title>\n<meta name=\"description\" content=\"Einzigartige Schweizer Geschenkbox mit personalisiertem Gutschein und Karte, schnell zu Ihnen nach Hause geliefert. Schweizer Gourmet-Geschenk Schweizer Gourmet-Geschenk\" \/>\n<meta name=\"robots\" content=\"index, follow, max-snippet:-1, max-image-preview:large, max-video-preview:-1\" \/>\n<link rel=\"canonical\" href=\"https:\/\/swigift.ch\/de\/Produkt\/hotel-restaurant-maison-wenger-schweizer-gourmet-geschenk\/\" \/>\n<meta property=\"og:locale\" content=\"de_DE\" \/>\n<meta property=\"og:type\" content=\"article\" \/>\n<meta property=\"og:title\" content=\"Schweizer Gourmet-Geschenk - Hotel-Restaurant Maison Wenger (JU)\" \/>\n<meta property=\"og:description\" content=\"Einzigartige Schweizer Geschenkbox mit personalisiertem Gutschein und Karte, schnell zu Ihnen nach Hause geliefert. Schweizer Gourmet-Geschenk Schweizer Gourmet-Geschenk\" \/>\n<meta property=\"og:url\" content=\"https:\/\/swigift.ch\/de\/Produkt\/hotel-restaurant-maison-wenger-schweizer-gourmet-geschenk\/\" \/>\n<meta property=\"og:site_name\" content=\"Swigift\" \/>\n<meta property=\"article:publisher\" content=\"https:\/\/www.facebook.com\/people\/Swigift\/61558610159800\/\" \/>\n<meta property=\"article:modified_time\" content=\"2025-06-02T13:39:40+00:00\" \/>\n<meta property=\"og:image\" content=\"https:\/\/swigift.ch\/wp-content\/uploads\/2024\/05\/3-4-300x300.png\" \/>\n<meta name=\"twitter:card\" content=\"summary_large_image\" \/>\n<meta name=\"twitter:label1\" content=\"Gesch\u00e4tzte Lesezeit\" \/>\n\t<meta name=\"twitter:data1\" content=\"4\u00a0Minuten\" \/>\n<script type=\"application\/ld+json\" class=\"yoast-schema-graph\">{\"@context\":\"https:\\\/\\\/schema.org\",\"@graph\":[{\"@type\":\"WebPage\",\"@id\":\"https:\\\/\\\/swigift.ch\\\/de\\\/Produkt\\\/hotel-restaurant-maison-wenger-schweizer-gourmet-geschenk\\\/\",\"url\":\"https:\\\/\\\/swigift.ch\\\/de\\\/Produkt\\\/hotel-restaurant-maison-wenger-schweizer-gourmet-geschenk\\\/\",\"name\":\"Schweizer Gourmet-Geschenk - Hotel-Restaurant Maison Wenger (JU)\",\"isPartOf\":{\"@id\":\"https:\\\/\\\/swigift.ch\\\/de\\\/#website\"},\"primaryImageOfPage\":{\"@id\":\"https:\\\/\\\/swigift.ch\\\/de\\\/Produkt\\\/hotel-restaurant-maison-wenger-schweizer-gourmet-geschenk\\\/#primaryimage\"},\"image\":{\"@id\":\"https:\\\/\\\/swigift.ch\\\/de\\\/Produkt\\\/hotel-restaurant-maison-wenger-schweizer-gourmet-geschenk\\\/#primaryimage\"},\"thumbnailUrl\":\"https:\\\/\\\/swigift.ch\\\/wp-content\\\/uploads\\\/2024\\\/05\\\/03-maison-wenger.png\",\"datePublished\":\"2024-05-13T16:53:09+00:00\",\"dateModified\":\"2025-06-02T13:39:40+00:00\",\"description\":\"Einzigartige Schweizer Geschenkbox mit personalisiertem Gutschein und Karte, schnell zu Ihnen nach Hause geliefert. Schweizer Gourmet-Geschenk Schweizer Gourmet-Geschenk\",\"breadcrumb\":{\"@id\":\"https:\\\/\\\/swigift.ch\\\/de\\\/Produkt\\\/hotel-restaurant-maison-wenger-schweizer-gourmet-geschenk\\\/#breadcrumb\"},\"inLanguage\":\"de\",\"potentialAction\":[{\"@type\":\"ReadAction\",\"target\":[\"https:\\\/\\\/swigift.ch\\\/de\\\/Produkt\\\/hotel-restaurant-maison-wenger-schweizer-gourmet-geschenk\\\/\"]}]},{\"@type\":\"ImageObject\",\"inLanguage\":\"de\",\"@id\":\"https:\\\/\\\/swigift.ch\\\/de\\\/Produkt\\\/hotel-restaurant-maison-wenger-schweizer-gourmet-geschenk\\\/#primaryimage\",\"url\":\"https:\\\/\\\/swigift.ch\\\/wp-content\\\/uploads\\\/2024\\\/05\\\/03-maison-wenger.png\",\"contentUrl\":\"https:\\\/\\\/swigift.ch\\\/wp-content\\\/uploads\\\/2024\\\/05\\\/03-maison-wenger.png\",\"width\":1500,\"height\":1500,\"caption\":\"Personalisierte Geschenkbox swigift - Hotel-Restaurant Haus Wenger - schnelle Lieferung - Schweizer Gourmet Geschenk\"},{\"@type\":\"BreadcrumbList\",\"@id\":\"https:\\\/\\\/swigift.ch\\\/de\\\/Produkt\\\/hotel-restaurant-maison-wenger-schweizer-gourmet-geschenk\\\/#breadcrumb\",\"itemListElement\":[{\"@type\":\"ListItem\",\"position\":1,\"name\":\"Accueil\",\"item\":\"https:\\\/\\\/swigift.ch\\\/de\\\/\"},{\"@type\":\"ListItem\",\"position\":2,\"name\":\"Shop\",\"item\":\"https:\\\/\\\/swigift.ch\\\/de\\\/shop\\\/\"},{\"@type\":\"ListItem\",\"position\":3,\"name\":\"Hotel-Restaurant Maison Wenger (JU)\"}]},{\"@type\":\"WebSite\",\"@id\":\"https:\\\/\\\/swigift.ch\\\/de\\\/#website\",\"url\":\"https:\\\/\\\/swigift.ch\\\/de\\\/\",\"name\":\"Swigift\",\"description\":\"personalisierte Geschenke aus der Ferne\",\"publisher\":{\"@id\":\"https:\\\/\\\/swigift.ch\\\/de\\\/#organization\"},\"potentialAction\":[{\"@type\":\"SearchAction\",\"target\":{\"@type\":\"EntryPoint\",\"urlTemplate\":\"https:\\\/\\\/swigift.ch\\\/de\\\/?s={search_term_string}\"},\"query-input\":{\"@type\":\"PropertyValueSpecification\",\"valueRequired\":true,\"valueName\":\"search_term_string\"}}],\"inLanguage\":\"de\"},{\"@type\":\"Organization\",\"@id\":\"https:\\\/\\\/swigift.ch\\\/de\\\/#organization\",\"name\":\"Id\u00e9e cadeau originale suisse, une boite contenant un bon cadeau local, une carte de voeux personnalis\u00e9e et plus encore\",\"alternateName\":\"Boites cadeaux personnalis\u00e9es avec bon cadeau commerces Suisse et carte de voeux personnalis\u00e9e, livraison rapide en Suisse.\",\"url\":\"https:\\\/\\\/swigift.ch\\\/de\\\/\",\"logo\":{\"@type\":\"ImageObject\",\"inLanguage\":\"de\",\"@id\":\"https:\\\/\\\/swigift.ch\\\/de\\\/#\\\/schema\\\/logo\\\/image\\\/\",\"url\":\"https:\\\/\\\/swigift.ch\\\/wp-content\\\/uploads\\\/2024\\\/02\\\/swigift-logo-carte.png\",\"contentUrl\":\"https:\\\/\\\/swigift.ch\\\/wp-content\\\/uploads\\\/2024\\\/02\\\/swigift-logo-carte.png\",\"width\":300,\"height\":412,\"caption\":\"Id\u00e9e cadeau originale suisse, une boite contenant un bon cadeau local, une carte de voeux personnalis\u00e9e et plus encore\"},\"image\":{\"@id\":\"https:\\\/\\\/swigift.ch\\\/de\\\/#\\\/schema\\\/logo\\\/image\\\/\"},\"sameAs\":[\"https:\\\/\\\/www.facebook.com\\\/people\\\/Swigift\\\/61558610159800\\\/\",\"https:\\\/\\\/www.instagram.com\\\/swigift.ch\\\/\",\"https:\\\/\\\/www.linkedin.com\\\/company\\\/swigift\\\/\"]}]}<\/script>\n<!-- \/ Yoast SEO plugin. -->","yoast_head_json":{"title":"Schweizer Gourmet-Geschenk - Hotel-Restaurant Maison Wenger (JU)","description":"Einzigartige Schweizer Geschenkbox mit personalisiertem Gutschein und Karte, schnell zu Ihnen nach Hause geliefert. Schweizer Gourmet-Geschenk Schweizer Gourmet-Geschenk","robots":{"index":"index","follow":"follow","max-snippet":"max-snippet:-1","max-image-preview":"max-image-preview:large","max-video-preview":"max-video-preview:-1"},"canonical":"https:\/\/swigift.ch\/de\/Produkt\/hotel-restaurant-maison-wenger-schweizer-gourmet-geschenk\/","og_locale":"de_DE","og_type":"article","og_title":"Schweizer Gourmet-Geschenk - Hotel-Restaurant Maison Wenger (JU)","og_description":"Einzigartige Schweizer Geschenkbox mit personalisiertem Gutschein und Karte, schnell zu Ihnen nach Hause geliefert. Schweizer Gourmet-Geschenk Schweizer Gourmet-Geschenk","og_url":"https:\/\/swigift.ch\/de\/Produkt\/hotel-restaurant-maison-wenger-schweizer-gourmet-geschenk\/","og_site_name":"Swigift","article_publisher":"https:\/\/www.facebook.com\/people\/Swigift\/61558610159800\/","article_modified_time":"2025-06-02T13:39:40+00:00","og_image":[{"url":"https:\/\/swigift.ch\/wp-content\/uploads\/2024\/05\/3-4-300x300.png","type":"","width":"","height":""}],"twitter_card":"summary_large_image","twitter_misc":{"Gesch\u00e4tzte Lesezeit":"4\u00a0Minuten"},"schema":{"@context":"https:\/\/schema.org","@graph":[{"@type":"WebPage","@id":"https:\/\/swigift.ch\/de\/Produkt\/hotel-restaurant-maison-wenger-schweizer-gourmet-geschenk\/","url":"https:\/\/swigift.ch\/de\/Produkt\/hotel-restaurant-maison-wenger-schweizer-gourmet-geschenk\/","name":"Schweizer Gourmet-Geschenk - Hotel-Restaurant Maison Wenger (JU)","isPartOf":{"@id":"https:\/\/swigift.ch\/de\/#website"},"primaryImageOfPage":{"@id":"https:\/\/swigift.ch\/de\/Produkt\/hotel-restaurant-maison-wenger-schweizer-gourmet-geschenk\/#primaryimage"},"image":{"@id":"https:\/\/swigift.ch\/de\/Produkt\/hotel-restaurant-maison-wenger-schweizer-gourmet-geschenk\/#primaryimage"},"thumbnailUrl":"https:\/\/swigift.ch\/wp-content\/uploads\/2024\/05\/03-maison-wenger.png","datePublished":"2024-05-13T16:53:09+00:00","dateModified":"2025-06-02T13:39:40+00:00","description":"Einzigartige Schweizer Geschenkbox mit personalisiertem Gutschein und Karte, schnell zu Ihnen nach Hause geliefert. Schweizer Gourmet-Geschenk Schweizer Gourmet-Geschenk","breadcrumb":{"@id":"https:\/\/swigift.ch\/de\/Produkt\/hotel-restaurant-maison-wenger-schweizer-gourmet-geschenk\/#breadcrumb"},"inLanguage":"de","potentialAction":[{"@type":"ReadAction","target":["https:\/\/swigift.ch\/de\/Produkt\/hotel-restaurant-maison-wenger-schweizer-gourmet-geschenk\/"]}]},{"@type":"ImageObject","inLanguage":"de","@id":"https:\/\/swigift.ch\/de\/Produkt\/hotel-restaurant-maison-wenger-schweizer-gourmet-geschenk\/#primaryimage","url":"https:\/\/swigift.ch\/wp-content\/uploads\/2024\/05\/03-maison-wenger.png","contentUrl":"https:\/\/swigift.ch\/wp-content\/uploads\/2024\/05\/03-maison-wenger.png","width":1500,"height":1500,"caption":"Personalisierte Geschenkbox swigift - Hotel-Restaurant Haus Wenger - schnelle Lieferung - Schweizer Gourmet Geschenk"},{"@type":"BreadcrumbList","@id":"https:\/\/swigift.ch\/de\/Produkt\/hotel-restaurant-maison-wenger-schweizer-gourmet-geschenk\/#breadcrumb","itemListElement":[{"@type":"ListItem","position":1,"name":"Accueil","item":"https:\/\/swigift.ch\/de\/"},{"@type":"ListItem","position":2,"name":"Shop","item":"https:\/\/swigift.ch\/de\/shop\/"},{"@type":"ListItem","position":3,"name":"Hotel-Restaurant Maison Wenger (JU)"}]},{"@type":"WebSite","@id":"https:\/\/swigift.ch\/de\/#website","url":"https:\/\/swigift.ch\/de\/","name":"Swigift","description":"personalisierte Geschenke aus der Ferne","publisher":{"@id":"https:\/\/swigift.ch\/de\/#organization"},"potentialAction":[{"@type":"SearchAction","target":{"@type":"EntryPoint","urlTemplate":"https:\/\/swigift.ch\/de\/?s={search_term_string}"},"query-input":{"@type":"PropertyValueSpecification","valueRequired":true,"valueName":"search_term_string"}}],"inLanguage":"de"},{"@type":"Organization","@id":"https:\/\/swigift.ch\/de\/#organization","name":"Id\u00e9e cadeau originale suisse, une boite contenant un bon cadeau local, une carte de voeux personnalis\u00e9e et plus encore","alternateName":"Boites cadeaux personnalis\u00e9es avec bon cadeau commerces Suisse et carte de voeux personnalis\u00e9e, livraison rapide en Suisse.","url":"https:\/\/swigift.ch\/de\/","logo":{"@type":"ImageObject","inLanguage":"de","@id":"https:\/\/swigift.ch\/de\/#\/schema\/logo\/image\/","url":"https:\/\/swigift.ch\/wp-content\/uploads\/2024\/02\/swigift-logo-carte.png","contentUrl":"https:\/\/swigift.ch\/wp-content\/uploads\/2024\/02\/swigift-logo-carte.png","width":300,"height":412,"caption":"Id\u00e9e cadeau originale suisse, une boite contenant un bon cadeau local, une carte de voeux personnalis\u00e9e et plus encore"},"image":{"@id":"https:\/\/swigift.ch\/de\/#\/schema\/logo\/image\/"},"sameAs":["https:\/\/www.facebook.com\/people\/Swigift\/61558610159800\/","https:\/\/www.instagram.com\/swigift.ch\/","https:\/\/www.linkedin.com\/company\/swigift\/"]}]}},"_links":{"self":[{"href":"https:\/\/swigift.ch\/de\/wp-json\/wp\/v2\/product\/30059","targetHints":{"allow":["GET"]}}],"collection":[{"href":"https:\/\/swigift.ch\/de\/wp-json\/wp\/v2\/product"}],"about":[{"href":"https:\/\/swigift.ch\/de\/wp-json\/wp\/v2\/types\/product"}],"replies":[{"embeddable":true,"href":"https:\/\/swigift.ch\/de\/wp-json\/wp\/v2\/comments?post=30059"}],"version-history":[{"count":0,"href":"https:\/\/swigift.ch\/de\/wp-json\/wp\/v2\/product\/30059\/revisions"}],"wp:featuredmedia":[{"embeddable":true,"href":"https:\/\/swigift.ch\/de\/wp-json\/wp\/v2\/media\/32567"}],"wp:attachment":[{"href":"https:\/\/swigift.ch\/de\/wp-json\/wp\/v2\/media?parent=30059"}],"wp:term":[{"taxonomy":"product_brand","embeddable":true,"href":"https:\/\/swigift.ch\/de\/wp-json\/wp\/v2\/product_brand?post=30059"},{"taxonomy":"product_cat","embeddable":true,"href":"https:\/\/swigift.ch\/de\/wp-json\/wp\/v2\/product_cat?post=30059"},{"taxonomy":"product_tag","embeddable":true,"href":"https:\/\/swigift.ch\/de\/wp-json\/wp\/v2\/product_tag?post=30059"}],"curies":[{"name":"wp","href":"https:\/\/api.w.org\/{rel}","templated":true}]}}